{"id":309,"date":"2025-04-17T00:27:52","date_gmt":"2025-04-17T00:27:52","guid":{"rendered":"http:\/\/www.leadirsalon.com\/?page_id=309"},"modified":"2025-07-11T01:10:23","modified_gmt":"2025-07-11T01:10:23","slug":"shampoo-pedikure-kombi-betten","status":"publish","type":"page","link":"https:\/\/www.salonfurniture88.com\/de\/shampoo-pedikure-kombi-betten\/","title":{"rendered":"Shampoo-Pedik\u00fcre-Kombi-Betten - Luxus-Spa-St\u00fchle mit Fu\u00dfb\u00e4dern | Individuell gestaltbar"},"content":{"rendered":"<div id=\"gap-1272891421\" class=\"gap-element clearfix\" style=\"display:block; height:auto;\">\n\t\t\n<style>\n#gap-1272891421 {\n  padding-top: 140px;\n}\n<\/style>\n\t<\/div>\n\t\n\n<div class=\"row row-full-width\"  id=\"row-1038770130\">\n\n\n\t<div id=\"col-190952379\" class=\"col medium-4 small-12 large-4 col-hover-focus\"  data-animate=\"bounceInUp\">\n\t\t\t\t<div class=\"col-inner\"  >\n\t\t\t\n\t\t\t\n\n\t<div id=\"text-2388304769\" class=\"text\">\n\t\t\n\n<h2><strong>Produkt<\/strong><\/h2>\n<p>\u00a0<\/p>\n<p>\u00a0<\/p>\n\t\t\n<style>\n#text-2388304769 {\n  font-size: 1.5rem;\n  color: rgb(0,0,0);\n}\n#text-2388304769 > * {\n  color: rgb(0,0,0);\n}\n<\/style>\n\t<\/div>\n\t\n\t<div id=\"gap-2086603959\" class=\"gap-element clearfix\" style=\"display:block; height:auto;\">\n\t\t\n<style>\n#gap-2086603959 {\n  padding-top: 50px;\n}\n<\/style>\n\t<\/div>\n\t\n\n<ul class=\"sidebar-wrapper ul-reset\"><aside id=\"woocommerce_product_search-2\" class=\"widget woocommerce widget_product_search\"><form role=\"search\" method=\"get\" class=\"searchform\" action=\"https:\/\/www.salonfurniture88.com\/de\/?page_id=81\" data-trp-original-action=\"https:\/\/www.salonfurniture88.com\/de\/\">\n\t<div class=\"flex-row relative\">\n\t\t\t\t\t\t<div class=\"flex-col flex-grow\">\n\t\t\t<label class=\"screen-reader-text\" for=\"woocommerce-product-search-field-0\" data-no-translation=\"\" data-trp-gettext=\"\">Suche nach:<\/label>\n\t\t\t<input type=\"search\" id=\"woocommerce-product-search-field-0\" class=\"search-field mb-0\" placeholder=\"Suchen\u2026\" value=\"\" name=\"s\" data-no-translation-placeholder=\"\" \/>\n\t\t\t<input type=\"hidden\" name=\"post_type\" value=\"product\" \/>\n\t\t\t\t\t<\/div>\n\t\t<div class=\"flex-col\">\n\t\t\t<button type=\"submit\" value=\"Suchen\" class=\"ux-search-submit submit-button secondary button  icon mb-0\" aria-label=\"Submit\" data-no-translation-value=\"\">\n\t\t\t\t<i class=\"icon-search\" ><\/i>\t\t\t<\/button>\n\t\t<\/div>\n\t<\/div>\n\t<div class=\"live-search-results text-left z-top\"><\/div>\n<input type=\"hidden\" name=\"trp-form-language\" value=\"de\"\/><\/form>\n<\/aside><aside id=\"custom_html-2\" class=\"widget_text widget widget_custom_html\"><div class=\"textwidget custom-html-widget\"><style>\r\n  .menu {\r\n    width: 300px;\r\n    font-family: Arial, sans-serif;\r\n  }\r\n\r\n  .menu input {\r\n    display: none;\r\n  }\r\n\r\n  .menu label {\r\n    display: block;\r\n    font-size: 21px;\r\n    color: black;\r\n    line-height: 60px;\r\n    cursor: pointer;\r\n    text-align: left;\r\n    padding: 10px 0;\r\n  }\r\n\r\n  .menu label:hover {\r\n    color: red;\r\n  }\r\n\r\n  .menu input:checked + label {\r\n    color: red;\r\n  }\r\n\r\n  .submenu {\r\n    display: none;\r\n    margin-left: 2em;\r\n  }\r\n\r\n  .submenu div {\r\n    font-size: 16px;\r\n    color: black;\r\n    line-height: 23px;\r\n    cursor: pointer;\r\n    padding: 5px 0;\r\n  }\r\n\r\n  .submenu div:hover {\r\n    color: red;\r\n  }\r\n\r\n  .menu input:checked + label + .submenu {\r\n    display: block;\r\n  }\r\n<\/style>\r\n\r\n<div class=\"menu\">\r\n  <div>\r\n    <input type=\"radio\" name=\"menu\" id=\"menu1\">\r\n    <label for=\"menu1\">Ausr\u00fcstung f\u00fcr Sch\u00f6nheitsbehandlungen<\/label>\r\n    <div class=\"submenu\">\r\n      <div><a href=\"http:\/\/www.leadirsalon.com\/electric-beauty-beds\/\">Elektrische Kosmetikbetten<\/a><\/div>\r\n    <\/div>\r\n  <\/div>\r\n\r\n  <div>\r\n    <input type=\"radio\" name=\"menu\" id=\"menu2\">\r\n    <label for=\"menu2\">Shampoo &amp; Spa-Ausr\u00fcstung<\/label>\r\n    <div class=\"submenu\">\r\n      <div><a href=\"http:\/\/www.leadirsalon.com\/shampoo-beds\/\">Shampoo-Betten<\/a><\/div>\r\n      <div><a href=\"http:\/\/www.leadirsalon.com\/shampoo-pedicure-combo-beds\/\">Shampoo &amp; Pedik\u00fcre Kombi-Betten<\/a><\/div>\r\n    <\/div>\r\n  <\/div>\r\n\r\n  <div>\r\n    <input type=\"radio\" name=\"menu\" id=\"menu3\">\r\n    <label for=\"menu3\">Nagelstudio-M\u00f6bel<\/label>\r\n    <div class=\"submenu\">\r\n      <div><a href=\"http:\/\/www.leadirsalon.com\/nail-tables\/\">Nageltische<\/a><\/div>\r\n    <\/div>\r\n  <\/div>\r\n\r\n  <div>\r\n    <input type=\"radio\" name=\"menu\" id=\"menu4\">\r\n    <label for=\"menu4\">Pedik\u00fcre Ausr\u00fcstung<\/label>\r\n    <div class=\"submenu\">\r\n      <div><a href=\"http:\/\/www.leadirsalon.com\/pedicure-chairs\/\">Pedik\u00fcre St\u00fchle<\/a><\/div>\r\n    <\/div>\r\n  <\/div>\r\n\r\n  <div>\r\n    <input type=\"radio\" name=\"menu\" id=\"menu5\">\r\n    <label for=\"menu5\">Ausr\u00fcstung f\u00fcr Friseure<\/label>\r\n    <div class=\"submenu\">\r\n      <div><a href=\"http:\/\/www.leadirsalon.com\/barber-chairs\/\">Friseur St\u00fchle<\/a><\/div>\r\n    <\/div>\r\n  <\/div>\r\n\r\n  <div>\r\n    <input type=\"radio\" name=\"menu\" id=\"menu6\">\r\n    <label for=\"menu6\">Salon-Einrichtungen<\/label>\r\n    <div class=\"submenu\">\r\n      <div><a href=\"http:\/\/www.leadirsalon.com\/salon-mirrors\/\">Salon-Spiegel<\/a><\/div>\r\n    <\/div>\r\n  <\/div>\r\n<\/div>\r\n\r\n<script>\r\n  \/\/ \u83b7\u53d6\u5f53\u524d\u7f51\u5740\r\n  const currentUrl = window.location.href;\r\n\r\n  \/\/ \u627e\u51fa\u6240\u6709\u5b50\u83dc\u5355\u7684\u94fe\u63a5\r\n  document.querySelectorAll('.menu a').forEach(link => {\r\n    if (currentUrl.includes(link.getAttribute('href'))) {\r\n      \/\/ \u627e\u5230a\u6807\u7b7e\u540e\uff0c\u5411\u4e0a\u67e5\u627einput\u7684id\r\n      const input = link.closest('.submenu').previousElementSibling.previousElementSibling;\r\n      if (input) {\r\n        input.checked = true; \/\/ \u9009\u4e2d\u5bf9\u5e94\u83dc\u5355\r\n      }\r\n    }\r\n  });\r\n<\/script>\r\n<\/div><\/aside>\t\t<aside id=\"flatsome_recent_posts-2\" class=\"widget flatsome_recent_posts\">\t\t<span class=\"widget-title shop-sidebar\">Neueste Beitr\u00e4ge<\/span><div class=\"is-divider small\"><\/div>\t\t<ul>\t\t\n\t\t\n\t\t<li class=\"recent-blog-posts-li\">\n\t\t\t<div class=\"flex-row recent-blog-posts align-top pt-half pb-half\">\n\t\t\t\t<div class=\"flex-col mr-half\">\n\t\t\t\t\t<div class=\"badge post-date badge-small badge-outline\">\n\t\t\t\t\t\t\t<div class=\"badge-inner bg-fill\" >\n                                \t\t\t\t\t\t\t\t<span class=\"post-date-day\">21<\/span><br>\n\t\t\t\t\t\t\t\t<span class=\"post-date-month is-xsmall\">Aug.<\/span>\n                                \t\t\t\t\t\t\t<\/div>\n\t\t\t\t\t<\/div>\n\t\t\t\t<\/div>\n\t\t\t\t<div class=\"flex-col flex-grow\">\n\t\t\t\t\t  <a href=\"https:\/\/www.salonfurniture88.com\/de\/why-are-high-end-foot-spa-stores-willing-to-pay-for-smart-pedicure-chairs-a-cost-and-return-analysis\/\" title=\"Why Are High-End Foot Spa Stores Willing to Pay for &#8220;Smart Pedicure Chairs&#8221;? A Cost and Return Analysis\">Warum sind High-End-Fu\u00dfpflegegesch\u00e4fte bereit, f\u00fcr \"intelligente Pedik\u00fcrest\u00fchle\" zu zahlen? Eine Analyse von Kosten und Ertrag<\/a>\n\t\t\t\t   \t  <span class=\"post_comments op-7 block is-xsmall\"><a href=\"https:\/\/www.salonfurniture88.com\/de\/why-are-high-end-foot-spa-stores-willing-to-pay-for-smart-pedicure-chairs-a-cost-and-return-analysis\/#respond\"><\/a><\/span>\n\t\t\t\t<\/div>\n\t\t\t<\/div>\n\t\t<\/li>\n\t\t\n\t\t\n\t\t<li class=\"recent-blog-posts-li\">\n\t\t\t<div class=\"flex-row recent-blog-posts align-top pt-half pb-half\">\n\t\t\t\t<div class=\"flex-col mr-half\">\n\t\t\t\t\t<div class=\"badge post-date badge-small badge-outline\">\n\t\t\t\t\t\t\t<div class=\"badge-inner bg-fill\" >\n                                \t\t\t\t\t\t\t\t<span class=\"post-date-day\">20<\/span><br>\n\t\t\t\t\t\t\t\t<span class=\"post-date-month is-xsmall\">Aug.<\/span>\n                                \t\t\t\t\t\t\t<\/div>\n\t\t\t\t\t<\/div>\n\t\t\t\t<\/div>\n\t\t\t\t<div class=\"flex-col flex-grow\">\n\t\t\t\t\t  <a href=\"https:\/\/www.salonfurniture88.com\/de\/normen-fur-die-auswahl-von-friseurstuhlen-modelltypen-und-pflegevorschriften\/\" title=\"Friseurstuhl: Auswahlstandards, Modelltypen und Pflegevorschriften\">Friseurstuhl: Auswahlstandards, Modelltypen und Pflegevorschriften<\/a>\n\t\t\t\t   \t  <span class=\"post_comments op-7 block is-xsmall\"><a href=\"https:\/\/www.salonfurniture88.com\/de\/normen-fur-die-auswahl-von-friseurstuhlen-modelltypen-und-pflegevorschriften\/#respond\"><\/a><\/span>\n\t\t\t\t<\/div>\n\t\t\t<\/div>\n\t\t<\/li>\n\t\t\n\t\t\n\t\t<li class=\"recent-blog-posts-li\">\n\t\t\t<div class=\"flex-row recent-blog-posts align-top pt-half pb-half\">\n\t\t\t\t<div class=\"flex-col mr-half\">\n\t\t\t\t\t<div class=\"badge post-date badge-small badge-outline\">\n\t\t\t\t\t\t\t<div class=\"badge-inner bg-fill\" >\n                                \t\t\t\t\t\t\t\t<span class=\"post-date-day\">18<\/span><br>\n\t\t\t\t\t\t\t\t<span class=\"post-date-month is-xsmall\">Aug.<\/span>\n                                \t\t\t\t\t\t\t<\/div>\n\t\t\t\t\t<\/div>\n\t\t\t\t<\/div>\n\t\t\t\t<div class=\"flex-col flex-grow\">\n\t\t\t\t\t  <a href=\"https:\/\/www.salonfurniture88.com\/de\/normen-fur-die-auswahl-von-shampoobetten-modelltypen-und-pflegevorschriften\/\" title=\"Shampoonierbett: Auswahlstandards, Modelltypen und Pflegevorschriften\">Shampoonierbett: Auswahlstandards, Modelltypen und Pflegevorschriften<\/a>\n\t\t\t\t   \t  <span class=\"post_comments op-7 block is-xsmall\"><a href=\"https:\/\/www.salonfurniture88.com\/de\/normen-fur-die-auswahl-von-shampoobetten-modelltypen-und-pflegevorschriften\/#respond\"><\/a><\/span>\n\t\t\t\t<\/div>\n\t\t\t<\/div>\n\t\t<\/li>\n\t\t\n\t\t\n\t\t<li class=\"recent-blog-posts-li\">\n\t\t\t<div class=\"flex-row recent-blog-posts align-top pt-half pb-half\">\n\t\t\t\t<div class=\"flex-col mr-half\">\n\t\t\t\t\t<div class=\"badge post-date badge-small badge-outline\">\n\t\t\t\t\t\t\t<div class=\"badge-inner bg-fill\" >\n                                \t\t\t\t\t\t\t\t<span class=\"post-date-day\">12<\/span><br>\n\t\t\t\t\t\t\t\t<span class=\"post-date-month is-xsmall\">Aug.<\/span>\n                                \t\t\t\t\t\t\t<\/div>\n\t\t\t\t\t<\/div>\n\t\t\t\t<\/div>\n\t\t\t\t<div class=\"flex-col flex-grow\">\n\t\t\t\t\t  <a href=\"https:\/\/www.salonfurniture88.com\/de\/standards-fur-die-auswahl-von-fuspflegestuhlen-modelltypen-und-pflegetipps\/\" title=\"Fu\u00dfpflegestuhl: Auswahlstandards, Modelltypen und Pflegetipps\">Fu\u00dfpflegestuhl: Auswahlstandards, Modelltypen und Pflegetipps<\/a>\n\t\t\t\t   \t  <span class=\"post_comments op-7 block is-xsmall\"><a href=\"https:\/\/www.salonfurniture88.com\/de\/standards-fur-die-auswahl-von-fuspflegestuhlen-modelltypen-und-pflegetipps\/#respond\"><\/a><\/span>\n\t\t\t\t<\/div>\n\t\t\t<\/div>\n\t\t<\/li>\n\t\t\n\t\t\n\t\t<li class=\"recent-blog-posts-li\">\n\t\t\t<div class=\"flex-row recent-blog-posts align-top pt-half pb-half\">\n\t\t\t\t<div class=\"flex-col mr-half\">\n\t\t\t\t\t<div class=\"badge post-date badge-small badge-outline\">\n\t\t\t\t\t\t\t<div class=\"badge-inner bg-fill\" >\n                                \t\t\t\t\t\t\t\t<span class=\"post-date-day\">06<\/span><br>\n\t\t\t\t\t\t\t\t<span class=\"post-date-month is-xsmall\">Aug.<\/span>\n                                \t\t\t\t\t\t\t<\/div>\n\t\t\t\t\t<\/div>\n\t\t\t\t<\/div>\n\t\t\t\t<div class=\"flex-col flex-grow\">\n\t\t\t\t\t  <a href=\"https:\/\/www.salonfurniture88.com\/de\/wie-sie-das-richtige-shampoonierbett-fur-ihren-salon-auswahlen\/\" title=\"Wie Sie das richtige Shampoonierbett f\u00fcr Ihren Salon ausw\u00e4hlen\">Wie Sie das richtige Shampoonierbett f\u00fcr Ihren Salon ausw\u00e4hlen<\/a>\n\t\t\t\t   \t  <span class=\"post_comments op-7 block is-xsmall\"><a href=\"https:\/\/www.salonfurniture88.com\/de\/wie-sie-das-richtige-shampoonierbett-fur-ihren-salon-auswahlen\/#respond\"><\/a><\/span>\n\t\t\t\t<\/div>\n\t\t\t<\/div>\n\t\t<\/li>\n\t\t\t\t<\/ul>\t\t<\/aside><\/ul>\n\n\t<div id=\"gap-562354538\" class=\"gap-element clearfix\" style=\"display:block; height:auto;\">\n\t\t\n<style>\n#gap-562354538 {\n  padding-top: 50px;\n}\n<\/style>\n\t<\/div>\n\t\n\n\n\t\t<\/div>\n\t\t\t\t\n<style>\n#col-190952379 > .col-inner {\n  padding: 0px 50px 0px 50px;\n}\n<\/style>\n\t<\/div>\n\n\t\n\n\t<div id=\"col-1058296145\" class=\"col medium-8 small-12 large-8\"  data-animate=\"bounceInUp\">\n\t\t\t\t<div class=\"col-inner\"  >\n\t\t\t\n\t\t\t\n\n\t<div id=\"gap-680041446\" class=\"gap-element clearfix\" style=\"display:block; height:auto;\">\n\t\t\n<style>\n#gap-680041446 {\n  padding-top: 30px;\n}\n<\/style>\n\t<\/div>\n\t\n\n\t\n  \n    <div class=\"row large-columns-3 medium-columns- small-columns-2 row-large has-shadow row-box-shadow-1 row-box-shadow-5-hover\" >\n  \n\t     <div class=\"col\" data-animate=\"bounceInUp\">\n\t\t\t\t\t\t<div class=\"col-inner\">\n\t\t\t\t\t\t\n<div class=\"badge-container absolute left top z-1\">\n\n<\/div>\n\t\t\t\t\t\t<div class=\"product-small box has-hover box-normal box-text-bottom\">\n\t\t\t\t\t\t\t<div class=\"box-image\" >\n\t\t\t\t\t\t\t\t<div class=\"\" >\n\t\t\t\t\t\t\t\t\t<a href=\"https:\/\/www.salonfurniture88.com\/de\/produkt\/leadir-h015-multifunktionale-elektrische-schonheit-pedikure-bett\/\" aria-label=\"Leadir H015 Multifunktionales elektrisches Kosmetik- und Pedik\u00fcrebett\">\n\t\t\t\t\t\t\t\t\t\t<img loading=\"lazy\" decoding=\"async\" width=\"300\" height=\"300\" src=\"https:\/\/www.salonfurniture88.com\/wp-content\/uploads\/2025\/06\/02-300x300.webp\" class=\"show-on-hover absolute fill hide-for-small back-image\" alt=\"Kosmetikstuhl und Fu\u00dfmassagebett - H015-02\" srcset=\"https:\/\/www.salonfurniture88.com\/wp-content\/uploads\/2025\/06\/02-300x300.webp 300w, https:\/\/www.salonfurniture88.com\/wp-content\/uploads\/2025\/06\/02-150x150.webp 150w, https:\/\/www.salonfurniture88.com\/wp-content\/uploads\/2025\/06\/02-100x100.webp 100w\" sizes=\"auto, (max-width: 300px) 100vw, 300px\" \/><img loading=\"lazy\" decoding=\"async\" width=\"300\" height=\"300\" src=\"https:\/\/www.salonfurniture88.com\/wp-content\/uploads\/2025\/06\/01-300x300.webp\" class=\"attachment-woocommerce_thumbnail size-woocommerce_thumbnail\" alt=\"Kosmetikstuhl und Fu\u00dfmassagebett - H015-01\" srcset=\"https:\/\/www.salonfurniture88.com\/wp-content\/uploads\/2025\/06\/01-300x300.webp 300w, https:\/\/www.salonfurniture88.com\/wp-content\/uploads\/2025\/06\/01-150x150.webp 150w, https:\/\/www.salonfurniture88.com\/wp-content\/uploads\/2025\/06\/01-100x100.webp 100w\" sizes=\"auto, (max-width: 300px) 100vw, 300px\" \/>\t\t\t\t\t\t\t\t\t<\/a>\n\t\t\t\t\t\t\t\t\t\t\t\t\t\t\t\t\t\t \t\t\t\t\t\t\t\t<\/div>\n\t\t\t\t\t\t\t\t<div class=\"image-tools top right show-on-hover\">\n\t\t\t\t\t\t\t\t\t\t\t\t\t\t\t\t\t<\/div>\n\t\t\t\t\t\t\t\t\t\t\t\t\t\t\t\t\t<div class=\"image-tools grid-tools text-center hide-for-small bottom hover-slide-in show-on-hover\">\n\t\t\t\t\t\t\t\t\t\t  <a class=\"quick-view\" data-prod=\"272\" href=\"#quick-view\">Quick View<\/a>\t\t\t\t\t\t\t\t\t<\/div>\n\t\t\t\t\t\t\t\t\t\t\t\t\t\t\t\t\t\t\t\t\t\t\t<\/div>\n\n\t\t\t\t\t\t\t<div class=\"box-text text-left\" >\n\t\t\t\t\t\t\t\t<div class=\"title-wrapper\"><p class=\"name product-title woocommerce-loop-product__title\"><a href=\"https:\/\/www.salonfurniture88.com\/de\/produkt\/leadir-h015-multifunktionale-elektrische-schonheit-pedikure-bett\/\" class=\"woocommerce-LoopProduct-link woocommerce-loop-product__link\">Leadir H015 Multifunktionales elektrisches Kosmetik- und Pedik\u00fcrebett<\/a><\/p><\/div><div class=\"price-wrapper\"><\/div>\t\t\t\t\t\t\t<\/div>\n\t\t\t\t\t\t<\/div>\n\t\t\t\t\t\t<\/div>\n\t\t\t\t\t<\/div><div class=\"col\" data-animate=\"bounceInUp\">\n\t\t\t\t\t\t<div class=\"col-inner\">\n\t\t\t\t\t\t\n<div class=\"badge-container absolute left top z-1\">\n\n<\/div>\n\t\t\t\t\t\t<div class=\"product-small box has-hover box-normal box-text-bottom\">\n\t\t\t\t\t\t\t<div class=\"box-image\" >\n\t\t\t\t\t\t\t\t<div class=\"\" >\n\t\t\t\t\t\t\t\t\t<a href=\"https:\/\/www.salonfurniture88.com\/de\/produkt\/eyelash-bed-mattress-memory-foam-curved-topper-lash-bed-mattress-%e5%a4%8d%e5%88%b6-2\/\" aria-label=\"SLE003 Multifunktionales elektrisch verstellbares Shampoonierbett\">\n\t\t\t\t\t\t\t\t\t\t<img loading=\"lazy\" decoding=\"async\" width=\"300\" height=\"300\" src=\"https:\/\/www.salonfurniture88.com\/wp-content\/uploads\/2025\/04\/SLE003-Black-300x300.webp\" class=\"show-on-hover absolute fill hide-for-small back-image\" alt=\"\" srcset=\"https:\/\/www.salonfurniture88.com\/wp-content\/uploads\/2025\/04\/SLE003-Black-300x300.webp 300w, https:\/\/www.salonfurniture88.com\/wp-content\/uploads\/2025\/04\/SLE003-Black-150x150.webp 150w, https:\/\/www.salonfurniture88.com\/wp-content\/uploads\/2025\/04\/SLE003-Black-100x100.webp 100w\" sizes=\"auto, (max-width: 300px) 100vw, 300px\" \/><img loading=\"lazy\" decoding=\"async\" width=\"300\" height=\"300\" src=\"https:\/\/www.salonfurniture88.com\/wp-content\/uploads\/2025\/06\/06_41-300x300.webp\" class=\"attachment-woocommerce_thumbnail size-woocommerce_thumbnail\" alt=\"SLE003 Multifunktionales elektrisch verstellbares Shampoonierbett\" srcset=\"https:\/\/www.salonfurniture88.com\/wp-content\/uploads\/2025\/06\/06_41-300x300.webp 300w, https:\/\/www.salonfurniture88.com\/wp-content\/uploads\/2025\/06\/06_41-150x150.webp 150w, https:\/\/www.salonfurniture88.com\/wp-content\/uploads\/2025\/06\/06_41-100x100.webp 100w\" sizes=\"auto, (max-width: 300px) 100vw, 300px\" \/>\t\t\t\t\t\t\t\t\t<\/a>\n\t\t\t\t\t\t\t\t\t\t\t\t\t\t\t\t\t\t \t\t\t\t\t\t\t\t<\/div>\n\t\t\t\t\t\t\t\t<div class=\"image-tools top right show-on-hover\">\n\t\t\t\t\t\t\t\t\t\t\t\t\t\t\t\t\t<\/div>\n\t\t\t\t\t\t\t\t\t\t\t\t\t\t\t\t\t<div class=\"image-tools grid-tools text-center hide-for-small bottom hover-slide-in show-on-hover\">\n\t\t\t\t\t\t\t\t\t\t  <a class=\"quick-view\" data-prod=\"177\" href=\"#quick-view\">Quick View<\/a>\t\t\t\t\t\t\t\t\t<\/div>\n\t\t\t\t\t\t\t\t\t\t\t\t\t\t\t\t\t\t\t\t\t\t\t<\/div>\n\n\t\t\t\t\t\t\t<div class=\"box-text text-left\" >\n\t\t\t\t\t\t\t\t<div class=\"title-wrapper\"><p class=\"name product-title woocommerce-loop-product__title\"><a href=\"https:\/\/www.salonfurniture88.com\/de\/produkt\/eyelash-bed-mattress-memory-foam-curved-topper-lash-bed-mattress-%e5%a4%8d%e5%88%b6-2\/\" class=\"woocommerce-LoopProduct-link woocommerce-loop-product__link\">SLE003 Multifunktionales elektrisch verstellbares Shampoonierbett<\/a><\/p><\/div><div class=\"price-wrapper\"><\/div>\t\t\t\t\t\t\t<\/div>\n\t\t\t\t\t\t<\/div>\n\t\t\t\t\t\t<\/div>\n\t\t\t\t\t<\/div><div class=\"col\" data-animate=\"bounceInUp\">\n\t\t\t\t\t\t<div class=\"col-inner\">\n\t\t\t\t\t\t\n<div class=\"badge-container absolute left top z-1\">\n\n<\/div>\n\t\t\t\t\t\t<div class=\"product-small box has-hover box-normal box-text-bottom\">\n\t\t\t\t\t\t\t<div class=\"box-image\" >\n\t\t\t\t\t\t\t\t<div class=\"\" >\n\t\t\t\t\t\t\t\t\t<a href=\"https:\/\/www.salonfurniture88.com\/de\/produkt\/wimpernbettmatratze-memory-foam-gewolbter-topper-wimpernbettmatratze\/\" aria-label=\"SLE002 All-in-One Shampoonierstuhl mit passender Sch\u00fcssel, ausziehbarer Fu\u00dfst\u00fctze\">\n\t\t\t\t\t\t\t\t\t\t<img loading=\"lazy\" decoding=\"async\" width=\"300\" height=\"300\" src=\"https:\/\/www.salonfurniture88.com\/wp-content\/uploads\/2025\/04\/\u573a\u666f-4_1-300x300.webp\" class=\"show-on-hover absolute fill hide-for-small back-image\" alt=\"\" srcset=\"https:\/\/www.salonfurniture88.com\/wp-content\/uploads\/2025\/04\/\u573a\u666f-4_1-300x300.webp 300w, https:\/\/www.salonfurniture88.com\/wp-content\/uploads\/2025\/04\/\u573a\u666f-4_1-150x150.webp 150w, https:\/\/www.salonfurniture88.com\/wp-content\/uploads\/2025\/04\/\u573a\u666f-4_1-100x100.webp 100w\" sizes=\"auto, (max-width: 300px) 100vw, 300px\" \/><img loading=\"lazy\" decoding=\"async\" width=\"300\" height=\"300\" src=\"https:\/\/www.salonfurniture88.com\/wp-content\/uploads\/2025\/04\/08_39-300x300.webp\" class=\"attachment-woocommerce_thumbnail size-woocommerce_thumbnail\" alt=\"SLE002 All-in-One Shampoonierstuhl mit passender Sch\u00fcssel, ausziehbarer Fu\u00dfst\u00fctze\" srcset=\"https:\/\/www.salonfurniture88.com\/wp-content\/uploads\/2025\/04\/08_39-300x300.webp 300w, https:\/\/www.salonfurniture88.com\/wp-content\/uploads\/2025\/04\/08_39-150x150.webp 150w, https:\/\/www.salonfurniture88.com\/wp-content\/uploads\/2025\/04\/08_39-100x100.webp 100w\" sizes=\"auto, (max-width: 300px) 100vw, 300px\" \/>\t\t\t\t\t\t\t\t\t<\/a>\n\t\t\t\t\t\t\t\t\t\t\t\t\t\t\t\t\t\t \t\t\t\t\t\t\t\t<\/div>\n\t\t\t\t\t\t\t\t<div class=\"image-tools top right show-on-hover\">\n\t\t\t\t\t\t\t\t\t\t\t\t\t\t\t\t\t<\/div>\n\t\t\t\t\t\t\t\t\t\t\t\t\t\t\t\t\t<div class=\"image-tools grid-tools text-center hide-for-small bottom hover-slide-in show-on-hover\">\n\t\t\t\t\t\t\t\t\t\t  <a class=\"quick-view\" data-prod=\"134\" href=\"#quick-view\">Quick View<\/a>\t\t\t\t\t\t\t\t\t<\/div>\n\t\t\t\t\t\t\t\t\t\t\t\t\t\t\t\t\t\t\t\t\t\t\t<\/div>\n\n\t\t\t\t\t\t\t<div class=\"box-text text-left\" >\n\t\t\t\t\t\t\t\t<div class=\"title-wrapper\"><p class=\"name product-title woocommerce-loop-product__title\"><a href=\"https:\/\/www.salonfurniture88.com\/de\/produkt\/wimpernbettmatratze-memory-foam-gewolbter-topper-wimpernbettmatratze\/\" class=\"woocommerce-LoopProduct-link woocommerce-loop-product__link\">SLE002 All-in-One Shampoonierstuhl mit passender Sch\u00fcssel, ausziehbarer Fu\u00dfst\u00fctze<\/a><\/p><\/div><div class=\"price-wrapper\"><\/div>\t\t\t\t\t\t\t<\/div>\n\t\t\t\t\t\t<\/div>\n\t\t\t\t\t\t<\/div>\n\t\t\t\t\t<\/div><\/div>\n\n\n\t\t<\/div>\n\t\t\t\t\n<style>\n#col-1058296145 > .col-inner {\n  padding: 0px 50px 0px 30px;\n}\n<\/style>\n\t<\/div>\n\n\t\n\n<\/div>","protected":false},"excerpt":{"rendered":"","protected":false},"author":1,"featured_media":0,"parent":0,"menu_order":0,"comment_status":"closed","ping_status":"closed","template":"page-blank.php","meta":{"footnotes":""},"class_list":["post-309","page","type-page","status-publish","hentry"],"_links":{"self":[{"href":"https:\/\/www.salonfurniture88.com\/de\/wp-json\/wp\/v2\/pages\/309","targetHints":{"allow":["GET"]}}],"collection":[{"href":"https:\/\/www.salonfurniture88.com\/de\/wp-json\/wp\/v2\/pages"}],"about":[{"href":"https:\/\/www.salonfurniture88.com\/de\/wp-json\/wp\/v2\/types\/page"}],"author":[{"embeddable":true,"href":"https:\/\/www.salonfurniture88.com\/de\/wp-json\/wp\/v2\/users\/1"}],"replies":[{"embeddable":true,"href":"https:\/\/www.salonfurniture88.com\/de\/wp-json\/wp\/v2\/comments?post=309"}],"version-history":[{"count":3,"href":"https:\/\/www.salonfurniture88.com\/de\/wp-json\/wp\/v2\/pages\/309\/revisions"}],"predecessor-version":[{"id":833,"href":"https:\/\/www.salonfurniture88.com\/de\/wp-json\/wp\/v2\/pages\/309\/revisions\/833"}],"wp:attachment":[{"href":"https:\/\/www.salonfurniture88.com\/de\/wp-json\/wp\/v2\/media?parent=309"}],"curies":[{"name":"wp","href":"https:\/\/api.w.org\/{rel}","templated":true}]}}