{"id":391,"date":"2025-04-21T09:10:37","date_gmt":"2025-04-21T09:10:37","guid":{"rendered":"http:\/\/www.leadirsalon.com\/?page_id=391"},"modified":"2025-07-21T07:22:56","modified_gmt":"2025-07-21T07:22:56","slug":"masgeschneiderte-dienstleistung","status":"publish","type":"page","link":"https:\/\/www.salonfurniture88.com\/de\/masgeschneiderte-dienstleistung\/","title":{"rendered":"Kundenspezifischer Service - OEM\/ODM-Salonm\u00f6bel nach Ma\u00df f\u00fcr Ihre Marke"},"content":{"rendered":"<div id=\"gap-1379487584\" class=\"gap-element clearfix\" style=\"display:block; height:auto;\">\n\t\t\n<style>\n#gap-1379487584 {\n  padding-top: 188px;\n}\n<\/style>\n\t<\/div>\n\t\n\n<div class=\"row row-full-width\"  id=\"row-1832026262\">\n\n\n\t<div id=\"col-598204656\" class=\"col small-12 large-12\"  >\n\t\t\t\t<div class=\"col-inner\"  >\n\t\t\t\n\t\t\t\n\n\t<div id=\"text-3172630455\" class=\"text\">\n\t\t\n\n<h1 class=\"title\"><strong>Kundenspezifischer Service<\/strong><\/h1>\n\t\t\n<style>\n#text-3172630455 {\n  font-size: 1.5rem;\n  color: rgb(0,0,0);\n}\n#text-3172630455 > * {\n  color: rgb(0,0,0);\n}\n<\/style>\n\t<\/div>\n\t\n\n\t\t<\/div>\n\t\t\t\t\n<style>\n#col-598204656 > .col-inner {\n  padding: 0px 0px 0px 50px;\n}\n<\/style>\n\t<\/div>\n\n\t\n\n<\/div>\n<div class=\"is-divider divider clearfix\" style=\"max-width:100%;height:1px;\"><\/div>\n\n\t<div id=\"gap-1016021425\" class=\"gap-element clearfix\" style=\"display:block; height:auto;\">\n\t\t\n<style>\n#gap-1016021425 {\n  padding-top: 90px;\n}\n<\/style>\n\t<\/div>\n\t\n\n<div class=\"row row-full-width align-middle\"  id=\"row-1546654698\">\n\n\n\t<div id=\"col-2077455177\" class=\"col medium-4 small-12 large-4\"  >\n\t\t\t\t<div class=\"col-inner\"  >\n\t\t\t\n\t\t\t\n\n\t<div id=\"text-3944664491\" class=\"text\">\n\t\t\n\n<h2><strong>Einf\u00fchrung in unsere OEM\/ODM-Salonm\u00f6bel-Dienstleistungen<\/strong><\/h2>\n<div class=\"desc\">\n<p>\u00a0<\/p>\n<div>In der dynamischen Welt der Sch\u00f6nheit und des Wohlbefindens ist eine Saloneinrichtung, die die Identit\u00e4t Ihrer Marke widerspiegelt, von entscheidender Bedeutung. Unsere OEM\/ODM-Salonm\u00f6bel sind so konzipiert, dass sie ma\u00dfgeschneiderte L\u00f6sungen bieten, die sich an Ihren einzigartigen Vorstellungen orientieren.<\/div>\n<\/div>\n\t\t\n<style>\n#text-3944664491 {\n  color: rgb(0,0,0);\n}\n#text-3944664491 > * {\n  color: rgb(0,0,0);\n}\n<\/style>\n\t<\/div>\n\t\n\n\t\t<\/div>\n\t\t\t\t\n<style>\n#col-2077455177 > .col-inner {\n  padding: 0px 0px 0px 50px;\n}\n<\/style>\n\t<\/div>\n\n\t\n\n\t<div id=\"col-866419088\" class=\"col medium-8 small-12 large-8\"  >\n\t\t\t\t<div class=\"col-inner\"  >\n\t\t\t\n\t\t\t\n\n\t<div class=\"img has-hover x md-x lg-x y md-y lg-y\" id=\"image_1621258659\">\n\t\t\t\t\t\t\t\t<div class=\"img-inner dark\" style=\"margin:0px 0px 0px 0px;\">\n\t\t\t<img loading=\"lazy\" decoding=\"async\" width=\"1020\" height=\"425\" src=\"https:\/\/www.salonfurniture88.com\/wp-content\/uploads\/2025\/07\/003-1024x427.webp\" class=\"attachment-large size-large\" alt=\"\" srcset=\"https:\/\/www.salonfurniture88.com\/wp-content\/uploads\/2025\/07\/003-1024x427.webp 1024w, https:\/\/www.salonfurniture88.com\/wp-content\/uploads\/2025\/07\/003-300x125.webp 300w, https:\/\/www.salonfurniture88.com\/wp-content\/uploads\/2025\/07\/003-768x320.webp 768w, https:\/\/www.salonfurniture88.com\/wp-content\/uploads\/2025\/07\/003-1536x640.webp 1536w, https:\/\/www.salonfurniture88.com\/wp-content\/uploads\/2025\/07\/003-18x8.webp 18w, https:\/\/www.salonfurniture88.com\/wp-content\/uploads\/2025\/07\/003-600x250.webp 600w, https:\/\/www.salonfurniture88.com\/wp-content\/uploads\/2025\/07\/003.webp 1920w\" sizes=\"auto, (max-width: 1020px) 100vw, 1020px\" \/>\t\t\t\t\t\t\n\t\t\t\t\t<\/div>\n\t\t\t\t\t\t\t\t\n<style>\n#image_1621258659 {\n  width: 100%;\n}\n<\/style>\n\t<\/div>\n\t\n\n\n\t\t<\/div>\n\t\t\t\t\t<\/div>\n\n\t\n\n<\/div>\n\t<div id=\"gap-1756039247\" class=\"gap-element clearfix\" style=\"display:block; height:auto;\">\n\t\t\n<style>\n#gap-1756039247 {\n  padding-top: 90px;\n}\n<\/style>\n\t<\/div>\n\t\n\n<div class=\"row row-full-width\"  id=\"row-623804346\">\n\n\n\t<div id=\"col-1540085530\" class=\"col small-12 large-12\"  >\n\t\t\t\t<div class=\"col-inner\"  >\n\t\t\t\n\t\t\t\n\n\t<div id=\"text-2324849136\" class=\"text\">\n\t\t\n\n<h2 class=\"title\"><strong>Unser OEM\/ODM-Prozess wird erkl\u00e4rt<\/strong><\/h2>\n\t\t\n<style>\n#text-2324849136 {\n  font-size: 1.5rem;\n  color: rgb(0,0,0);\n}\n#text-2324849136 > * {\n  color: rgb(0,0,0);\n}\n<\/style>\n\t<\/div>\n\t\n\n\t\t<\/div>\n\t\t\t\t\n<style>\n#col-1540085530 > .col-inner {\n  padding: 0px 0px 0px 50px;\n}\n<\/style>\n\t<\/div>\n\n\t\n\n<\/div>\n<div class=\"is-divider divider clearfix\" style=\"max-width:100%;height:1px;\"><\/div>\n\n<div class=\"row row-full-width hide-for-small\"  id=\"row-251213781\">\n\n\n\t<div id=\"col-1301687153\" class=\"col medium-4 small-12 large-4\"  >\n\t\t\t\t<div class=\"col-inner\"  >\n\t\t\t\n\t\t\t\n\n\t<div id=\"text-313360010\" class=\"text\">\n\t\t\n\n<h3><i>01<\/i> <strong data-start=\"1035\" data-end=\"1051\">Konsultation<\/strong>:<\/h3>\n\t\t\n<style>\n#text-313360010 {\n  color: rgb(0,0,0);\n}\n#text-313360010 > * {\n  color: rgb(0,0,0);\n}\n<\/style>\n\t<\/div>\n\t\n\n\t\t<\/div>\n\t\t\t\t\n<style>\n#col-1301687153 > .col-inner {\n  padding: 0px 0px 0px 50px;\n}\n<\/style>\n\t<\/div>\n\n\t\n\n\t<div id=\"col-436261779\" class=\"col medium-8 small-12 large-8\"  >\n\t\t\t\t<div class=\"col-inner\"  >\n\t\t\t\n\t\t\t\n\n\t<div id=\"text-3372223746\" class=\"text\">\n\t\t\n\n<p>Verst\u00e4ndnis f\u00fcr die Bed\u00fcrfnisse und \u00e4sthetischen Vorlieben Ihrer Marke.<\/p>\n\t\t\n<style>\n#text-3372223746 {\n  color: rgb(0,0,0);\n}\n#text-3372223746 > * {\n  color: rgb(0,0,0);\n}\n<\/style>\n\t<\/div>\n\t\n\n\t\t<\/div>\n\t\t\t\t\n<style>\n#col-436261779 > .col-inner {\n  padding: 0px 50px 0px 300px;\n}\n<\/style>\n\t<\/div>\n\n\t\n\n<\/div>\n<div class=\"row row-full-width show-for-small\"  id=\"row-1983724854\">\n\n\n\t<div id=\"col-895803\" class=\"col medium-4 small-12 large-4\"  >\n\t\t\t\t<div class=\"col-inner\"  >\n\t\t\t\n\t\t\t\n\n\t<div id=\"text-1237204654\" class=\"text\">\n\t\t\n\n<h3><i>01<\/i> <strong data-start=\"1035\" data-end=\"1051\">Konsultation<\/strong><\/h3>\n\t\t\n<style>\n#text-1237204654 {\n  color: rgb(0,0,0);\n}\n#text-1237204654 > * {\n  color: rgb(0,0,0);\n}\n<\/style>\n\t<\/div>\n\t\n\n\t\t<\/div>\n\t\t\t\t\n<style>\n#col-895803 > .col-inner {\n  padding: 0px 0px 0px 50px;\n}\n<\/style>\n\t<\/div>\n\n\t\n\n\t<div id=\"col-749271050\" class=\"col medium-8 small-12 large-8\"  >\n\t\t\t\t<div class=\"col-inner\"  >\n\t\t\t\n\t\t\t\n\n\t<div id=\"text-470843039\" class=\"text\">\n\t\t\n\n<p>Verst\u00e4ndnis f\u00fcr die Bed\u00fcrfnisse und \u00e4sthetischen Vorlieben Ihrer Marke.<\/p>\n\t\t\n<style>\n#text-470843039 {\n  color: rgb(0,0,0);\n}\n#text-470843039 > * {\n  color: rgb(0,0,0);\n}\n<\/style>\n\t<\/div>\n\t\n\n\t\t<\/div>\n\t\t\t\t\n<style>\n#col-749271050 > .col-inner {\n  padding: 0px 0px 0px 0px;\n}\n<\/style>\n\t<\/div>\n\n\t\n\n<\/div>\n<div class=\"is-divider divider clearfix\" style=\"max-width:100%;height:1px;\"><\/div>\n\n<div class=\"row row-full-width hide-for-small\"  id=\"row-206063449\">\n\n\n\t<div id=\"col-841970716\" class=\"col medium-4 small-12 large-4\"  >\n\t\t\t\t<div class=\"col-inner\"  >\n\t\t\t\n\t\t\t\n\n\t<div id=\"text-1950037242\" class=\"text\">\n\t\t\n\n<h3><i>02<\/i>\u00a0Entwurf &amp; Prototyping<\/h3>\n\t\t\n<style>\n#text-1950037242 {\n  color: rgb(0,0,0);\n}\n#text-1950037242 > * {\n  color: rgb(0,0,0);\n}\n<\/style>\n\t<\/div>\n\t\n\n\t\t<\/div>\n\t\t\t\t\n<style>\n#col-841970716 > .col-inner {\n  padding: 0px 0px 0px 50px;\n}\n<\/style>\n\t<\/div>\n\n\t\n\n\t<div id=\"col-1051928550\" class=\"col medium-8 small-12 large-8\"  >\n\t\t\t\t<div class=\"col-inner\"  >\n\t\t\t\n\t\t\t\n\n\t<div id=\"text-3549898362\" class=\"text\">\n\t\t\n\n<p>Erstellung detaillierter Entw\u00fcrfe und Prototypen zur Genehmigung.<\/p>\n\t\t\n<style>\n#text-3549898362 {\n  color: rgb(0,0,0);\n}\n#text-3549898362 > * {\n  color: rgb(0,0,0);\n}\n<\/style>\n\t<\/div>\n\t\n\n\t\t<\/div>\n\t\t\t\t\n<style>\n#col-1051928550 > .col-inner {\n  padding: 0px 50px 0px 300px;\n}\n<\/style>\n\t<\/div>\n\n\t\n\n<\/div>\n<div class=\"row row-full-width show-for-small\"  id=\"row-1223018288\">\n\n\n\t<div id=\"col-1557546871\" class=\"col medium-4 small-12 large-4\"  >\n\t\t\t\t<div class=\"col-inner\"  >\n\t\t\t\n\t\t\t\n\n\t<div id=\"text-2479880865\" class=\"text\">\n\t\t\n\n<h3><i>02<\/i> Entwurf &amp; Prototyping<\/h3>\n\t\t\n<style>\n#text-2479880865 {\n  color: rgb(0,0,0);\n}\n#text-2479880865 > * {\n  color: rgb(0,0,0);\n}\n<\/style>\n\t<\/div>\n\t\n\n\t\t<\/div>\n\t\t\t\t\n<style>\n#col-1557546871 > .col-inner {\n  padding: 0px 0px 0px 50px;\n}\n<\/style>\n\t<\/div>\n\n\t\n\n\t<div id=\"col-1861637181\" class=\"col medium-8 small-12 large-8\"  >\n\t\t\t\t<div class=\"col-inner\"  >\n\t\t\t\n\t\t\t\n\n\t<div id=\"text-1812538232\" class=\"text\">\n\t\t\n\n<p>Erstellung detaillierter Entw\u00fcrfe und Prototypen zur Genehmigung.<\/p>\n\t\t\n<style>\n#text-1812538232 {\n  color: rgb(0,0,0);\n}\n#text-1812538232 > * {\n  color: rgb(0,0,0);\n}\n<\/style>\n\t<\/div>\n\t\n\n\t\t<\/div>\n\t\t\t\t\n<style>\n#col-1861637181 > .col-inner {\n  padding: 0px 0px 0px 0px;\n}\n<\/style>\n\t<\/div>\n\n\t\n\n<\/div>\n<div class=\"is-divider divider clearfix\" style=\"max-width:100%;height:1px;\"><\/div>\n\n<div class=\"row row-full-width hide-for-small\"  id=\"row-124484318\">\n\n\n\t<div id=\"col-1489852890\" class=\"col medium-4 small-12 large-4\"  >\n\t\t\t\t<div class=\"col-inner\"  >\n\t\t\t\n\t\t\t\n\n\t<div id=\"text-1660144584\" class=\"text\">\n\t\t\n\n<h3><i>03<\/i> <strong>Herstellung<\/strong><\/h3>\n\t\t\n<style>\n#text-1660144584 {\n  color: rgb(0,0,0);\n}\n#text-1660144584 > * {\n  color: rgb(0,0,0);\n}\n<\/style>\n\t<\/div>\n\t\n\n\t\t<\/div>\n\t\t\t\t\n<style>\n#col-1489852890 > .col-inner {\n  padding: 0px 0px 0px 50px;\n}\n<\/style>\n\t<\/div>\n\n\t\n\n\t<div id=\"col-1124228218\" class=\"col medium-8 small-12 large-8\"  >\n\t\t\t\t<div class=\"col-inner\"  >\n\t\t\t\n\t\t\t\n\n\t<div id=\"text-2133985353\" class=\"text\">\n\t\t\n\n<p>Einsatz von fortschrittlichen Maschinen zur Herstellung von hochwertigen Salonm\u00f6beln.<\/p>\n\t\t\n<style>\n#text-2133985353 {\n  color: rgb(0,0,0);\n}\n#text-2133985353 > * {\n  color: rgb(0,0,0);\n}\n<\/style>\n\t<\/div>\n\t\n\n\t\t<\/div>\n\t\t\t\t\n<style>\n#col-1124228218 > .col-inner {\n  padding: 0px 50px 0px 300px;\n}\n<\/style>\n\t<\/div>\n\n\t\n\n<\/div>\n<div class=\"row row-full-width show-for-small\"  id=\"row-2048331317\">\n\n\n\t<div id=\"col-472907185\" class=\"col medium-4 small-12 large-4\"  >\n\t\t\t\t<div class=\"col-inner\"  >\n\t\t\t\n\t\t\t\n\n\t<div id=\"text-1261327836\" class=\"text\">\n\t\t\n\n<h3><i>03<\/i> Herstellung<\/h3>\n\t\t\n<style>\n#text-1261327836 {\n  color: rgb(0,0,0);\n}\n#text-1261327836 > * {\n  color: rgb(0,0,0);\n}\n<\/style>\n\t<\/div>\n\t\n\n\t\t<\/div>\n\t\t\t\t\n<style>\n#col-472907185 > .col-inner {\n  padding: 0px 0px 0px 50px;\n}\n<\/style>\n\t<\/div>\n\n\t\n\n\t<div id=\"col-1185137873\" class=\"col medium-8 small-12 large-8\"  >\n\t\t\t\t<div class=\"col-inner\"  >\n\t\t\t\n\t\t\t\n\n\t<div id=\"text-1616239815\" class=\"text\">\n\t\t\n\n<p>Einsatz von fortschrittlichen Maschinen zur Herstellung von hochwertigen Salonm\u00f6beln.<\/p>\n\t\t\n<style>\n#text-1616239815 {\n  color: rgb(0,0,0);\n}\n#text-1616239815 > * {\n  color: rgb(0,0,0);\n}\n<\/style>\n\t<\/div>\n\t\n\n\t\t<\/div>\n\t\t\t\t\n<style>\n#col-1185137873 > .col-inner {\n  padding: 0px 0px 0px 0px;\n}\n<\/style>\n\t<\/div>\n\n\t\n\n<\/div>\n<div class=\"is-divider divider clearfix\" style=\"max-width:100%;height:1px;\"><\/div>\n\n<div class=\"row row-full-width hide-for-small\"  id=\"row-603127798\">\n\n\n\t<div id=\"col-1852586842\" class=\"col medium-4 small-12 large-4\"  >\n\t\t\t\t<div class=\"col-inner\"  >\n\t\t\t\n\t\t\t\n\n\t<div id=\"text-2467637927\" class=\"text\">\n\t\t\n\n<h3><i>04<\/i> <strong data-start=\"1227\" data-end=\"1248\">Qualit\u00e4tssicherung<\/strong>:<\/h3>\n\t\t\n<style>\n#text-2467637927 {\n  color: rgb(0,0,0);\n}\n#text-2467637927 > * {\n  color: rgb(0,0,0);\n}\n<\/style>\n\t<\/div>\n\t\n\n\t\t<\/div>\n\t\t\t\t\n<style>\n#col-1852586842 > .col-inner {\n  padding: 0px 0px 0px 50px;\n}\n<\/style>\n\t<\/div>\n\n\t\n\n\t<div id=\"col-1729552667\" class=\"col medium-8 small-12 large-8\"  >\n\t\t\t\t<div class=\"col-inner\"  >\n\t\t\t\n\t\t\t\n\n\t<div id=\"text-1996022744\" class=\"text\">\n\t\t\n\n<p>Durchf\u00fchrung strenger Qualit\u00e4tskontrollen zur Gew\u00e4hrleistung eines hervorragenden Produkts.<\/p>\n\t\t\n<style>\n#text-1996022744 {\n  color: rgb(0,0,0);\n}\n#text-1996022744 > * {\n  color: rgb(0,0,0);\n}\n<\/style>\n\t<\/div>\n\t\n\n\t\t<\/div>\n\t\t\t\t\n<style>\n#col-1729552667 > .col-inner {\n  padding: 0px 50px 0px 300px;\n}\n<\/style>\n\t<\/div>\n\n\t\n\n<\/div>\n<div class=\"row row-full-width show-for-small\"  id=\"row-1039929676\">\n\n\n\t<div id=\"col-263336446\" class=\"col medium-4 small-12 large-4\"  >\n\t\t\t\t<div class=\"col-inner\"  >\n\t\t\t\n\t\t\t\n\n\t<div id=\"text-902577836\" class=\"text\">\n\t\t\n\n<h3><i>04<\/i> Qualit\u00e4tssicherung<\/h3>\n\t\t\n<style>\n#text-902577836 {\n  color: rgb(0,0,0);\n}\n#text-902577836 > * {\n  color: rgb(0,0,0);\n}\n<\/style>\n\t<\/div>\n\t\n\n\t\t<\/div>\n\t\t\t\t\n<style>\n#col-263336446 > .col-inner {\n  padding: 0px 0px 0px 50px;\n}\n<\/style>\n\t<\/div>\n\n\t\n\n\t<div id=\"col-1683889458\" class=\"col medium-8 small-12 large-8\"  >\n\t\t\t\t<div class=\"col-inner\"  >\n\t\t\t\n\t\t\t\n\n\t<div id=\"text-1828165828\" class=\"text\">\n\t\t\n\n<p>Durchf\u00fchrung strenger Qualit\u00e4tskontrollen zur Gew\u00e4hrleistung eines hervorragenden Produkts.<\/p>\n\t\t\n<style>\n#text-1828165828 {\n  color: rgb(0,0,0);\n}\n#text-1828165828 > * {\n  color: rgb(0,0,0);\n}\n<\/style>\n\t<\/div>\n\t\n\n\t\t<\/div>\n\t\t\t\t\n<style>\n#col-1683889458 > .col-inner {\n  padding: 0px 0px 0px 0px;\n}\n<\/style>\n\t<\/div>\n\n\t\n\n<\/div>\n<div class=\"is-divider divider clearfix\" style=\"max-width:100%;height:1px;\"><\/div>\n\n<div class=\"row row-full-width hide-for-small\"  id=\"row-1919898786\">\n\n\n\t<div id=\"col-1335523121\" class=\"col medium-4 small-12 large-4\"  >\n\t\t\t\t<div class=\"col-inner\"  >\n\t\t\t\n\t\t\t\n\n\t<div id=\"text-1752932\" class=\"text\">\n\t\t\n\n<h3><i>05<\/i> <strong data-start=\"1293\" data-end=\"1315\">Lieferung &amp; Unterst\u00fctzung<\/strong>:<\/h3>\n\t\t\n<style>\n#text-1752932 {\n  color: rgb(0,0,0);\n}\n#text-1752932 > * {\n  color: rgb(0,0,0);\n}\n<\/style>\n\t<\/div>\n\t\n\n\t\t<\/div>\n\t\t\t\t\n<style>\n#col-1335523121 > .col-inner {\n  padding: 0px 0px 0px 50px;\n}\n<\/style>\n\t<\/div>\n\n\t\n\n\t<div id=\"col-178513487\" class=\"col medium-8 small-12 large-8\"  >\n\t\t\t\t<div class=\"col-inner\"  >\n\t\t\t\n\t\t\t\n\n\t<div id=\"text-3213460150\" class=\"text\">\n\t\t\n\n<p>Gew\u00e4hrleistung der rechtzeitigen Lieferung und Unterst\u00fctzung nach dem Verkauf.<\/p>\n\t\t\n<style>\n#text-3213460150 {\n  color: rgb(0,0,0);\n}\n#text-3213460150 > * {\n  color: rgb(0,0,0);\n}\n<\/style>\n\t<\/div>\n\t\n\n\t\t<\/div>\n\t\t\t\t\n<style>\n#col-178513487 > .col-inner {\n  padding: 0px 50px 0px 300px;\n}\n<\/style>\n\t<\/div>\n\n\t\n\n<\/div>\n<div class=\"row row-full-width show-for-small\"  id=\"row-845328402\">\n\n\n\t<div id=\"col-674486877\" class=\"col medium-4 small-12 large-4\"  >\n\t\t\t\t<div class=\"col-inner\"  >\n\t\t\t\n\t\t\t\n\n\t<div id=\"text-3659044055\" class=\"text\">\n\t\t\n\n<h3><i>05<\/i> Lieferung &amp; Unterst\u00fctzung<\/h3>\n\t\t\n<style>\n#text-3659044055 {\n  color: rgb(0,0,0);\n}\n#text-3659044055 > * {\n  color: rgb(0,0,0);\n}\n<\/style>\n\t<\/div>\n\t\n\n\t\t<\/div>\n\t\t\t\t\n<style>\n#col-674486877 > .col-inner {\n  padding: 0px 0px 0px 50px;\n}\n<\/style>\n\t<\/div>\n\n\t\n\n\t<div id=\"col-814291652\" class=\"col medium-8 small-12 large-8\"  >\n\t\t\t\t<div class=\"col-inner\"  >\n\t\t\t\n\t\t\t\n\n\t<div id=\"text-2618241989\" class=\"text\">\n\t\t\n\n<p>Gew\u00e4hrleistung der rechtzeitigen Lieferung und Unterst\u00fctzung nach dem Verkauf.<\/p>\n\t\t\n<style>\n#text-2618241989 {\n  color: rgb(0,0,0);\n}\n#text-2618241989 > * {\n  color: rgb(0,0,0);\n}\n<\/style>\n\t<\/div>\n\t\n\n\t\t<\/div>\n\t\t\t\t\n<style>\n#col-814291652 > .col-inner {\n  padding: 0px 0px 0px 0px;\n}\n<\/style>\n\t<\/div>\n\n\t\n\n<\/div>\n<div class=\"is-divider divider clearfix\" style=\"max-width:100%;height:1px;\"><\/div>\n\n<div class=\"row row-full-width hide-for-small\"  id=\"row-788029129\">\n\n\n\t<div id=\"col-107028585\" class=\"col medium-4 small-12 large-4\"  >\n\t\t\t\t<div class=\"col-inner\"  >\n\t\t\t\n\t\t\t\n\n\t<div id=\"text-1920451830\" class=\"text\">\n\t\t\n\n\n\t\t\n<style>\n#text-1920451830 {\n  color: rgb(0,0,0);\n}\n#text-1920451830 > * {\n  color: rgb(0,0,0);\n}\n<\/style>\n\t<\/div>\n\t\n\n\t\t<\/div>\n\t\t\t\t\n<style>\n#col-107028585 > .col-inner {\n  padding: 0px 0px 0px 50px;\n}\n<\/style>\n\t<\/div>\n\n\t\n\n\t<div id=\"col-1396199212\" class=\"col medium-8 small-12 large-8\"  >\n\t\t\t\t<div class=\"col-inner\"  >\n\t\t\t\n\t\t\t\n\n\t<div id=\"text-779890364\" class=\"text\">\n\t\t\n\n\n\t\t\n<style>\n#text-779890364 {\n  color: rgb(0,0,0);\n}\n#text-779890364 > * {\n  color: rgb(0,0,0);\n}\n<\/style>\n\t<\/div>\n\t\n\n\t\t<\/div>\n\t\t\t\t\n<style>\n#col-1396199212 > .col-inner {\n  padding: 0px 50px 0px 300px;\n}\n<\/style>\n\t<\/div>\n\n\t\n\n<\/div>\n<div class=\"row row-full-width show-for-small\"  id=\"row-311288787\">\n\n\n\t<div id=\"col-253804437\" class=\"col medium-4 small-12 large-4\"  >\n\t\t\t\t<div class=\"col-inner\"  >\n\t\t\t\n\t\t\t\n\n\t<div id=\"text-2253343873\" class=\"text\">\n\t\t\n\n\n\t\t\n<style>\n#text-2253343873 {\n  color: rgb(0,0,0);\n}\n#text-2253343873 > * {\n  color: rgb(0,0,0);\n}\n<\/style>\n\t<\/div>\n\t\n\n\t\t<\/div>\n\t\t\t\t\n<style>\n#col-253804437 > .col-inner {\n  padding: 0px 0px 0px 50px;\n}\n<\/style>\n\t<\/div>\n\n\t\n\n\t<div id=\"col-1565815865\" class=\"col medium-8 small-12 large-8\"  >\n\t\t\t\t<div class=\"col-inner\"  >\n\t\t\t\n\t\t\t\n\n\t<div id=\"text-3962274305\" class=\"text\">\n\t\t\n\n\n\t\t\n<style>\n#text-3962274305 {\n  color: rgb(0,0,0);\n}\n#text-3962274305 > * {\n  color: rgb(0,0,0);\n}\n<\/style>\n\t<\/div>\n\t\n\n\t\t<\/div>\n\t\t\t\t\n<style>\n#col-1565815865 > .col-inner {\n  padding: 0px 0px 0px 0px;\n}\n<\/style>\n\t<\/div>\n\n\t\n\n<\/div>\n<div class=\"is-divider divider clearfix\" style=\"max-width:100%;height:1px;\"><\/div>\n\n\t<div id=\"gap-2014111681\" class=\"gap-element clearfix\" style=\"display:block; height:auto;\">\n\t\t\n<style>\n#gap-2014111681 {\n  padding-top: 150px;\n}\n<\/style>\n\t<\/div>\n\t\n\n<div class=\"row row-full-width\"  id=\"row-1191715906\">\n\n\n\t<div id=\"col-1655440787\" class=\"col small-12 large-12\"  >\n\t\t\t\t<div class=\"col-inner\"  >\n\t\t\t\n\t\t\t\n\n\t<div id=\"text-2916731749\" class=\"text\">\n\t\t\n\n<h2><strong>Anpassungsoptionen verf\u00fcgbar<\/strong><\/h2>\n\t\t\n<style>\n#text-2916731749 {\n  font-size: 1.5rem;\n  color: rgb(0,0,0);\n}\n#text-2916731749 > * {\n  color: rgb(0,0,0);\n}\n<\/style>\n\t<\/div>\n\t\n\n\t\t<\/div>\n\t\t\t\t\n<style>\n#col-1655440787 > .col-inner {\n  padding: 0px 0px 0px 50px;\n}\n<\/style>\n\t<\/div>\n\n\t\n\n<\/div>\n<div class=\"is-divider divider clearfix\" style=\"max-width:100%;height:1px;\"><\/div>\n\n<div class=\"row row-full-width\"  id=\"row-1112582683\">\n\n\n\t<div id=\"col-879811602\" class=\"col small-12 large-12\"  >\n\t\t\t\t<div class=\"col-inner\"  >\n\t\t\t\n\t\t\t\n\n\t<div id=\"text-1354286424\" class=\"text\">\n\t\t\n\n<h2><strong>\ud83d\udd34Erwecken Sie Ihre Anpassungen mit Pr\u00e4zision zum Leben<\/strong><\/h2>\n\t\t\n<style>\n#text-1354286424 {\n  font-size: 0.75rem;\n  color: rgb(0,0,0);\n}\n#text-1354286424 > * {\n  color: rgb(0,0,0);\n}\n<\/style>\n\t<\/div>\n\t\n\n\t\t<\/div>\n\t\t\t\t\n<style>\n#col-879811602 > .col-inner {\n  padding: 0px 0px 0px 50px;\n}\n<\/style>\n\t<\/div>\n\n\t\n\n<\/div>\n<div class=\"row row-full-width align-middle\"  id=\"row-1784232011\">\n\n\n\t<div id=\"col-332673399\" class=\"col medium-6 small-12 large-6\"  >\n\t\t\t\t<div class=\"col-inner\"  >\n\t\t\t\n\t\t\t\n\n\t<div id=\"text-1934011735\" class=\"text hide-for-small\">\n\t\t\n\n<p class=\"\" data-start=\"1443\" data-end=\"1497\"><strong data-start=\"1443\" data-end=\"1456\">Materialien<\/strong>: <span class=\"relative -mx-px my-&#091;-0.2rem&#093; rounded px-px py-&#091;0.2rem&#093; transition-colors duration-100 ease-in-out\">W\u00e4hlen Sie aus hochwertigen H\u00f6lzern, Metallen und Bezugsstoffen.<\/span><\/p>\n<p class=\"\" data-start=\"1500\" data-end=\"1552\"><strong data-start=\"1500\" data-end=\"1511\">Entw\u00fcrfe<\/strong>: <span class=\"relative -mx-px my-&#091;-0.2rem&#093; rounded px-px py-&#091;0.2rem&#093; transition-colors duration-100 ease-in-out\">Ma\u00dfgeschneiderte Designs, die zum Thema Ihres Salons passen.<\/span><\/p>\n<p class=\"\" data-start=\"1555\" data-end=\"1613\"><strong data-start=\"1555\" data-end=\"1572\">Funktionsweise<\/strong>: <span class=\"relative -mx-px my-&#091;-0.2rem&#093; rounded px-px py-&#091;0.2rem&#093; transition-colors duration-100 ease-in-out\">Optionen f\u00fcr einstellbare Funktionen, Aufbewahrungsl\u00f6sungen und mehr.<\/span><\/p>\n<p class=\"\" data-start=\"1616\" data-end=\"1708\"><strong data-start=\"1616\" data-end=\"1628\">Branding<\/strong>: <span class=\"relative -mx-px my-&#091;-0.2rem&#093; rounded px-px py-&#091;0.2rem&#093; transition-colors duration-100 ease-in-out\">F\u00fcgen Sie Ihr Logo und Ihre Markenfarben nahtlos ein.<\/span><\/p>\n\t\t\n<style>\n#text-1934011735 {\n  color: rgb(0,0,0);\n}\n#text-1934011735 > * {\n  color: rgb(0,0,0);\n}\n<\/style>\n\t<\/div>\n\t\n\t<div id=\"text-4293191850\" class=\"text show-for-small\">\n\t\t\n\n<p class=\"\" style=\"text-align: left;\" data-start=\"1443\" data-end=\"1497\"><strong data-start=\"1443\" data-end=\"1456\">Materialien<\/strong>: <span class=\"relative -mx-px my-&#091;-0.2rem&#093; rounded px-px py-&#091;0.2rem&#093; transition-colors duration-100 ease-in-out\">W\u00e4hlen Sie aus hochwertigen H\u00f6lzern, Metallen und Bezugsstoffen.<\/span><\/p>\n<p class=\"\" style=\"text-align: left;\" data-start=\"1500\" data-end=\"1552\"><strong data-start=\"1500\" data-end=\"1511\">Entw\u00fcrfe<\/strong>: <span class=\"relative -mx-px my-&#091;-0.2rem&#093; rounded px-px py-&#091;0.2rem&#093; transition-colors duration-100 ease-in-out\">Ma\u00dfgeschneiderte Designs, die zum Thema Ihres Salons passen.<\/span><\/p>\n<p class=\"\" style=\"text-align: left;\" data-start=\"1555\" data-end=\"1613\"><strong data-start=\"1555\" data-end=\"1572\">Funktionsweise<\/strong>: <span class=\"relative -mx-px my-&#091;-0.2rem&#093; rounded px-px py-&#091;0.2rem&#093; transition-colors duration-100 ease-in-out\">Optionen f\u00fcr einstellbare Funktionen, Aufbewahrungsl\u00f6sungen und mehr.<\/span><\/p>\n<p class=\"\" style=\"text-align: left;\" data-start=\"1616\" data-end=\"1708\"><strong data-start=\"1616\" data-end=\"1628\">Branding<\/strong>: <span class=\"relative -mx-px my-&#091;-0.2rem&#093; rounded px-px py-&#091;0.2rem&#093; transition-colors duration-100 ease-in-out\">F\u00fcgen Sie Ihr Logo und Ihre Markenfarben nahtlos ein.<\/span><\/p>\n\t\t\n<style>\n#text-4293191850 {\n  color: rgb(0,0,0);\n}\n#text-4293191850 > * {\n  color: rgb(0,0,0);\n}\n<\/style>\n\t<\/div>\n\t\n\n\t\t<\/div>\n\t\t\t\t\n<style>\n#col-332673399 > .col-inner {\n  padding: 0px 0px 0px 0px;\n}\n@media (min-width:550px) {\n  #col-332673399 > .col-inner {\n    padding: 0px 80px 0px 50px;\n  }\n}\n<\/style>\n\t<\/div>\n\n\t\n\n\t<div id=\"col-1023657440\" class=\"col medium-6 small-12 large-6\"  >\n\t\t\t\t<div class=\"col-inner\"  >\n\t\t\t\n\t\t\t\n\n\t<div class=\"img has-hover x md-x lg-x y md-y lg-y\" id=\"image_1085877341\">\n\t\t\t\t\t\t\t\t<div class=\"img-inner dark\" >\n\t\t\t<img loading=\"lazy\" decoding=\"async\" width=\"880\" height=\"600\" src=\"https:\/\/www.salonfurniture88.com\/wp-content\/uploads\/2025\/04\/2-194.webp\" class=\"attachment-large size-large\" alt=\"\" srcset=\"https:\/\/www.salonfurniture88.com\/wp-content\/uploads\/2025\/04\/2-194.webp 880w, https:\/\/www.salonfurniture88.com\/wp-content\/uploads\/2025\/04\/2-194-600x409.webp 600w, https:\/\/www.salonfurniture88.com\/wp-content\/uploads\/2025\/04\/2-194-300x205.webp 300w, https:\/\/www.salonfurniture88.com\/wp-content\/uploads\/2025\/04\/2-194-768x524.webp 768w\" sizes=\"auto, (max-width: 880px) 100vw, 880px\" \/>\t\t\t\t\t\t\n\t\t\t\t\t<\/div>\n\t\t\t\t\t\t\t\t\n<style>\n#image_1085877341 {\n  width: 100%;\n}\n<\/style>\n\t<\/div>\n\t\n\n\n\t\t<\/div>\n\t\t\t\t\t<\/div>\n\n\t\n\n<\/div>","protected":false},"excerpt":{"rendered":"","protected":false},"author":1,"featured_media":0,"parent":0,"menu_order":0,"comment_status":"closed","ping_status":"closed","template":"page-blank.php","meta":{"footnotes":""},"class_list":["post-391","page","type-page","status-publish","hentry"],"_links":{"self":[{"href":"https:\/\/www.salonfurniture88.com\/de\/wp-json\/wp\/v2\/pages\/391","targetHints":{"allow":["GET"]}}],"collection":[{"href":"https:\/\/www.salonfurniture88.com\/de\/wp-json\/wp\/v2\/pages"}],"about":[{"href":"https:\/\/www.salonfurniture88.com\/de\/wp-json\/wp\/v2\/types\/page"}],"author":[{"embeddable":true,"href":"https:\/\/www.salonfurniture88.com\/de\/wp-json\/wp\/v2\/users\/1"}],"replies":[{"embeddable":true,"href":"https:\/\/www.salonfurniture88.com\/de\/wp-json\/wp\/v2\/comments?post=391"}],"version-history":[{"count":11,"href":"https:\/\/www.salonfurniture88.com\/de\/wp-json\/wp\/v2\/pages\/391\/revisions"}],"predecessor-version":[{"id":954,"href":"https:\/\/www.salonfurniture88.com\/de\/wp-json\/wp\/v2\/pages\/391\/revisions\/954"}],"wp:attachment":[{"href":"https:\/\/www.salonfurniture88.com\/de\/wp-json\/wp\/v2\/media?parent=391"}],"curies":[{"name":"wp","href":"https:\/\/api.w.org\/{rel}","templated":true}]}}