{"id":410,"date":"2025-04-22T01:06:51","date_gmt":"2025-04-22T01:06:51","guid":{"rendered":"http:\/\/www.leadirsalon.com\/?page_id=410"},"modified":"2025-05-04T10:01:10","modified_gmt":"2025-05-04T10:01:10","slug":"fqa","status":"publish","type":"page","link":"https:\/\/www.salonfurniture88.com\/de\/fqa\/","title":{"rendered":"FAQ - Antworten auf Ihre Fragen zu Salonm\u00f6beln | Versand, OEM, Garantie"},"content":{"rendered":"<div id=\"gap-599625183\" class=\"gap-element clearfix\" style=\"display:block; height:auto;\">\n\t\t\n<style>\n#gap-599625183 {\n  padding-top: 200px;\n}\n<\/style>\n\t<\/div>\n\t\n\n<div class=\"row row-full-width\"  id=\"row-1324714597\">\n\n\n\t<div id=\"col-824262102\" class=\"col small-12 large-12\"  >\n\t\t\t\t<div class=\"col-inner\"  >\n\t\t\t\n\t\t\t\n\n\t<div id=\"text-3267505873\" class=\"text\">\n\t\t\n\n<h2 class=\"title\"><strong>FAQ<\/strong><\/h2>\n\t\t\n<style>\n#text-3267505873 {\n  font-size: 1.5rem;\n  color: rgb(0,0,0);\n}\n#text-3267505873 > * {\n  color: rgb(0,0,0);\n}\n<\/style>\n\t<\/div>\n\t\n\n\t\t<\/div>\n\t\t\t\t\n<style>\n#col-824262102 > .col-inner {\n  padding: 0px 0px 0px 50px;\n}\n<\/style>\n\t<\/div>\n\n\t\n\n<\/div>\n<div class=\"is-divider divider clearfix\" style=\"max-width:100%;\"><\/div>\n\n<div class=\"row row-full-width align-middle hide-for-small\"  id=\"row-1275930412\">\n\n\n\t<div id=\"col-524492574\" class=\"col medium-4 small-12 large-4\"  >\n\t\t\t\t<div class=\"col-inner\"  >\n\t\t\t\n\t\t\t\n\n\t<div id=\"text-3830790501\" class=\"text\">\n\t\t\n\n<h2><i><strong>\ud83d\udd34<\/strong><\/i><strong>Vollst\u00e4ndige Antwort<\/strong><\/h2>\n\t\t\n<style>\n#text-3830790501 {\n  font-size: 0.75rem;\n  color: rgb(0, 0, 0);\n}\n#text-3830790501 > * {\n  color: rgb(0, 0, 0);\n}\n<\/style>\n\t<\/div>\n\t\n\n\t\t<\/div>\n\t\t\t\t\n<style>\n#col-524492574 > .col-inner {\n  padding: 0px 0px 0px 50px;\n}\n<\/style>\n\t<\/div>\n\n\t\n\n\t<div id=\"col-573005168\" class=\"col medium-8 small-12 large-8\"  >\n\t\t\t\t<div class=\"col-inner\"  >\n\t\t\t\n\t\t\t\n\n\t<div id=\"text-558802099\" class=\"text\">\n\t\t\n\n<p>Hier finden Sie unsere vollst\u00e4ndigen Produktbeschreibungen, Herstellergarantien, Installationsanweisungen sowie Wartungs- und Pflegeanleitungen.<\/p>\n\t\t\n<style>\n#text-558802099 {\n  color: rgb(0,0,0);\n}\n#text-558802099 > * {\n  color: rgb(0,0,0);\n}\n<\/style>\n\t<\/div>\n\t\n\n\t\t<\/div>\n\t\t\t\t\n<style>\n#col-573005168 > .col-inner {\n  padding: 0px 50px 0px 200px;\n}\n<\/style>\n\t<\/div>\n\n\t\n\n<\/div>\n<div class=\"row row-full-width align-middle show-for-small\"  id=\"row-1261955165\">\n\n\n\t<div id=\"col-1042512239\" class=\"col medium-4 small-12 large-4\"  >\n\t\t\t\t<div class=\"col-inner\"  >\n\t\t\t\n\t\t\t\n\n\t<div id=\"text-500303008\" class=\"text\">\n\t\t\n\n<h2><i><strong>\ud83d\udd34<\/strong><\/i><strong>Vollst\u00e4ndige Antwort<\/strong><\/h2>\n\t\t\n<style>\n#text-500303008 {\n  font-size: 0.75rem;\n  color: rgb(0, 0, 0);\n}\n#text-500303008 > * {\n  color: rgb(0, 0, 0);\n}\n<\/style>\n\t<\/div>\n\t\n\n\t\t<\/div>\n\t\t\t\t\n<style>\n#col-1042512239 > .col-inner {\n  padding: 0px 0px 0px 0px;\n}\n<\/style>\n\t<\/div>\n\n\t\n\n\t<div id=\"col-794851490\" class=\"col medium-8 small-12 large-8\"  >\n\t\t\t\t<div class=\"col-inner\"  >\n\t\t\t\n\t\t\t\n\n\t<div id=\"text-3064771328\" class=\"text\">\n\t\t\n\n<p>Hier finden Sie unsere vollst\u00e4ndigen Produktbeschreibungen, Herstellergarantien, Installationsanweisungen sowie Wartungs- und Pflegeanleitungen.<\/p>\n\t\t\n<style>\n#text-3064771328 {\n  color: rgb(0,0,0);\n}\n#text-3064771328 > * {\n  color: rgb(0,0,0);\n}\n<\/style>\n\t<\/div>\n\t\n\n\t\t<\/div>\n\t\t\t\t\n<style>\n#col-794851490 > .col-inner {\n  padding: 0px 0px 0px 0px;\n}\n<\/style>\n\t<\/div>\n\n\t\n\n<\/div>\n\t<div id=\"gap-113381663\" class=\"gap-element clearfix\" style=\"display:block; height:auto;\">\n\t\t\n<style>\n#gap-113381663 {\n  padding-top: 100px;\n}\n<\/style>\n\t<\/div>\n\t\n\n<div class=\"accordion\">\n\n\t<div id=\"accordion-2555945802\" class=\"accordion-item\">\n\t\t<a id=\"accordion-2555945802-label\" class=\"accordion-title plain\" href=\"#accordion-item-do-you-offer-oem\/odm-salon-furniture-customization?\" aria-expanded=\"false\" aria-controls=\"accordion-2555945802-content\" >\n\t\t\t<button class=\"toggle\" aria-label=\"Toggle\"><i class=\"icon-angle-down\"><\/i><\/button>\n\t\t\t<span>Bieten Sie OEM\/ODM-Salonm\u00f6bel nach Ma\u00df an?<\/span>\n\t\t<\/a>\n\t\t<div id=\"accordion-2555945802-content\" class=\"accordion-inner\" aria-labelledby=\"accordion-2555945802-label\" >\n\t\t\t\n\n<p>Ja, wir haben uns auf OEM- und ODM-Dienstleistungen f\u00fcr Salonm\u00f6bel spezialisiert, einschlie\u00dflich kundenspezifischer Markenkennzeichnung, Designanpassungen und Funktionskonfigurationen, die Ihren Marktanforderungen entsprechen.<\/p>\n\n\t\t<\/div>\n\t<\/div>\n\t\n\t<div id=\"accordion-3696885539\" class=\"accordion-item\">\n\t\t<a id=\"accordion-3696885539-label\" class=\"accordion-title plain\" href=\"#accordion-item-can-i-choose-the-color-and-material-for-the-shampoo-beds-or-pedicure-chairs?\" aria-expanded=\"false\" aria-controls=\"accordion-3696885539-content\" >\n\t\t\t<button class=\"toggle\" aria-label=\"Toggle\"><i class=\"icon-angle-down\"><\/i><\/button>\n\t\t\t<span>Kann ich die Farbe und das Material f\u00fcr die Shampoobetten oder Pedik\u00fcrest\u00fchle ausw\u00e4hlen?<\/span>\n\t\t<\/a>\n\t\t<div id=\"accordion-3696885539-content\" class=\"accordion-inner\" aria-labelledby=\"accordion-3696885539-label\" >\n\t\t\t\n\n<p>Unbedingt. Wir bieten eine gro\u00dfe Auswahl an Farben, PU-Ledertexturen und Rahmenoberfl\u00e4chen, damit Ihre Salonm\u00f6bel zu Ihrer Markenidentit\u00e4t passen.<\/p>\n\n\t\t<\/div>\n\t<\/div>\n\t\n\t<div id=\"accordion-3040170755\" class=\"accordion-item\">\n\t\t<a id=\"accordion-3040170755-label\" class=\"accordion-title plain\" href=\"#accordion-item-what-certificates-do-your-products-hold?\" aria-expanded=\"false\" aria-controls=\"accordion-3040170755-content\" >\n\t\t\t<button class=\"toggle\" aria-label=\"Toggle\"><i class=\"icon-angle-down\"><\/i><\/button>\n\t\t\t<span>\u00dcber welche Zertifikate verf\u00fcgen Ihre Produkte?<\/span>\n\t\t<\/a>\n\t\t<div id=\"accordion-3040170755-content\" class=\"accordion-inner\" aria-labelledby=\"accordion-3040170755-label\" >\n\t\t\t\n\n<p>Unsere Produkte sind CE-zertifiziert und erf\u00fcllen strenge internationale Sicherheits- und Qualit\u00e4tsstandards, so dass sie f\u00fcr den weltweiten Vertrieb geeignet sind.<\/p>\n\n\t\t<\/div>\n\t<\/div>\n\t\n\t<div id=\"accordion-3805956181\" class=\"accordion-item\">\n\t\t<a id=\"accordion-3805956181-label\" class=\"accordion-title plain\" href=\"#accordion-item-how-long-does-it-take-to-manufacture-custom-salon-furniture?\" aria-expanded=\"false\" aria-controls=\"accordion-3805956181-content\" >\n\t\t\t<button class=\"toggle\" aria-label=\"Toggle\"><i class=\"icon-angle-down\"><\/i><\/button>\n\t\t\t<span>Wie lange dauert es, Salonm\u00f6bel nach Ma\u00df herzustellen?<\/span>\n\t\t<\/a>\n\t\t<div id=\"accordion-3805956181-content\" class=\"accordion-inner\" aria-labelledby=\"accordion-3805956181-label\" >\n\t\t\t\n\n<p>Die Produktion dauert in der Regel 15-30 Tage, je nach Auftragsgr\u00f6\u00dfe und individuellen Details. Wir bem\u00fchen uns stets, p\u00fcnktlich zu liefern, ohne Kompromisse bei der Qualit\u00e4t einzugehen.<\/p>\n\n\t\t<\/div>\n\t<\/div>\n\t\n\t<div id=\"accordion-1210142126\" class=\"accordion-item\">\n\t\t<a id=\"accordion-1210142126-label\" class=\"accordion-title plain\" href=\"#accordion-item-do-your-electric-beauty-beds-use-certified-motors?\" aria-expanded=\"false\" aria-controls=\"accordion-1210142126-content\" >\n\t\t\t<button class=\"toggle\" aria-label=\"Toggle\"><i class=\"icon-angle-down\"><\/i><\/button>\n\t\t\t<span>Verwenden Ihre elektrischen Kosmetikbetten zertifizierte Motoren?<\/span>\n\t\t<\/a>\n\t\t<div id=\"accordion-1210142126-content\" class=\"accordion-inner\" aria-labelledby=\"accordion-1210142126-label\" >\n\t\t\t\n\n<p>Ja, wir verwenden CE-zertifizierte, ger\u00e4uscharme Motoren, um Komfort, Haltbarkeit und Sicherheit f\u00fcr den professionellen Einsatz in Spas und Kliniken zu gew\u00e4hrleisten.<\/p>\n\n\t\t<\/div>\n\t<\/div>\n\t\n\t<div id=\"accordion-49359530\" class=\"accordion-item\">\n\t\t<a id=\"accordion-49359530-label\" class=\"accordion-title plain\" href=\"#accordion-item-can-you-send-product-samples-before-bulk-orders?\" aria-expanded=\"false\" aria-controls=\"accordion-49359530-content\" >\n\t\t\t<button class=\"toggle\" aria-label=\"Toggle\"><i class=\"icon-angle-down\"><\/i><\/button>\n\t\t\t<span>K\u00f6nnen Sie vor einer Gro\u00dfbestellung Produktmuster versenden?<\/span>\n\t\t<\/a>\n\t\t<div id=\"accordion-49359530-content\" class=\"accordion-inner\" aria-labelledby=\"accordion-49359530-label\" >\n\t\t\t\n\n<p>Ja, wir k\u00f6nnen auf Anfrage Muster zur Verf\u00fcgung stellen. Die Kosten f\u00fcr Muster k\u00f6nnen bei Best\u00e4tigung auf Ihre Gro\u00dfbestellung angerechnet werden.<\/p>\n\n\t\t<\/div>\n\t<\/div>\n\t\n\t<div id=\"accordion-2216466090\" class=\"accordion-item\">\n\t\t<a id=\"accordion-2216466090-label\" class=\"accordion-title plain\" href=\"#accordion-item-what-is-your-moq-(minimum-order-quantity)?\" aria-expanded=\"false\" aria-controls=\"accordion-2216466090-content\" >\n\t\t\t<button class=\"toggle\" aria-label=\"Toggle\"><i class=\"icon-angle-down\"><\/i><\/button>\n\t\t\t<span>Wie hoch ist Ihre MOQ (Mindestbestellmenge)?<\/span>\n\t\t<\/a>\n\t\t<div id=\"accordion-2216466090-content\" class=\"accordion-inner\" aria-labelledby=\"accordion-2216466090-label\" >\n\t\t\t\n\n<p>Unsere Standard-MOQ ist 5 St\u00fcck pro Modell, aber wir bieten Flexibilit\u00e4t f\u00fcr neue Kunden oder kundenspezifische Projekte. Bitte kontaktieren Sie unser Team f\u00fcr Details.<\/p>\n\n\t\t<\/div>\n\t<\/div>\n\t\n\t<div id=\"accordion-526436703\" class=\"accordion-item\">\n\t\t<a id=\"accordion-526436703-label\" class=\"accordion-title plain\" href=\"#accordion-item-do-you-provide-after-sales-support-or-spare-parts?\" aria-expanded=\"false\" aria-controls=\"accordion-526436703-content\" >\n\t\t\t<button class=\"toggle\" aria-label=\"Toggle\"><i class=\"icon-angle-down\"><\/i><\/button>\n\t\t\t<span>Bieten Sie Kundendienst oder Ersatzteile an?<\/span>\n\t\t<\/a>\n\t\t<div id=\"accordion-526436703-content\" class=\"accordion-inner\" aria-labelledby=\"accordion-526436703-label\" >\n\t\t\t\n\n<p>Ja, wir bieten eine 1-Jahres-Garantie und stellen Ersatzteile und technischen Support zur Verf\u00fcgung, damit Ihre Produkte \u00fcber einen l\u00e4ngeren Zeitraum zuverl\u00e4ssig funktionieren.<\/p>\n\n\t\t<\/div>\n\t<\/div>\n\t\n\t<div id=\"accordion-2900438294\" class=\"accordion-item\">\n\t\t<a id=\"accordion-2900438294-label\" class=\"accordion-title plain\" href=\"#accordion-item-how-can-i-download-product-catalogs-or-technical-sheets?\" aria-expanded=\"false\" aria-controls=\"accordion-2900438294-content\" >\n\t\t\t<button class=\"toggle\" aria-label=\"Toggle\"><i class=\"icon-angle-down\"><\/i><\/button>\n\t\t\t<span>Wie kann ich Produktkataloge oder technische Datenbl\u00e4tter herunterladen?<\/span>\n\t\t<\/a>\n\t\t<div id=\"accordion-2900438294-content\" class=\"accordion-inner\" aria-labelledby=\"accordion-2900438294-label\" >\n\t\t\t\n\n<p>Sie k\u00f6nnen unser <a href=\"http:\/\/www.leadirsalon.com\/download-area\/\">Download-Bereich<\/a> um Zugang zu aktualisierten Produktbrosch\u00fcren, Handb\u00fcchern und Katalogen im PDF-Format zu erhalten.<\/p>\n\n\t\t<\/div>\n\t<\/div>\n\t\n\t<div id=\"accordion-162699507\" class=\"accordion-item\">\n\t\t<a id=\"accordion-162699507-label\" class=\"accordion-title plain\" href=\"#accordion-item-where-is-your-factory-located,-and-can-i-visit-it?\" aria-expanded=\"false\" aria-controls=\"accordion-162699507-content\" >\n\t\t\t<button class=\"toggle\" aria-label=\"Toggle\"><i class=\"icon-angle-down\"><\/i><\/button>\n\t\t\t<span>Wo befindet sich Ihr Werk, und kann ich es besichtigen?<\/span>\n\t\t<\/a>\n\t\t<div id=\"accordion-162699507-content\" class=\"accordion-inner\" aria-labelledby=\"accordion-162699507-label\" >\n\t\t\t\n\n<p>Unser Werk befindet sich in China. Wir hei\u00dfen internationale Kunden willkommen, uns zu besuchen. Bitte kontaktieren Sie unser Verkaufsteam, um eine Werksbesichtigung zu vereinbaren.<\/p>\n\n\t\t<\/div>\n\t<\/div>\n\t\n\n<\/div>\n\t<div id=\"gap-1121551140\" class=\"gap-element clearfix\" style=\"display:block; height:auto;\">\n\t\t\n<style>\n#gap-1121551140 {\n  padding-top: 100px;\n}\n<\/style>\n\t<\/div>","protected":false},"excerpt":{"rendered":"","protected":false},"author":1,"featured_media":0,"parent":0,"menu_order":0,"comment_status":"closed","ping_status":"closed","template":"page-blank.php","meta":{"footnotes":""},"class_list":["post-410","page","type-page","status-publish","hentry"],"_links":{"self":[{"href":"https:\/\/www.salonfurniture88.com\/de\/wp-json\/wp\/v2\/pages\/410","targetHints":{"allow":["GET"]}}],"collection":[{"href":"https:\/\/www.salonfurniture88.com\/de\/wp-json\/wp\/v2\/pages"}],"about":[{"href":"https:\/\/www.salonfurniture88.com\/de\/wp-json\/wp\/v2\/types\/page"}],"author":[{"embeddable":true,"href":"https:\/\/www.salonfurniture88.com\/de\/wp-json\/wp\/v2\/users\/1"}],"replies":[{"embeddable":true,"href":"https:\/\/www.salonfurniture88.com\/de\/wp-json\/wp\/v2\/comments?post=410"}],"version-history":[{"count":8,"href":"https:\/\/www.salonfurniture88.com\/de\/wp-json\/wp\/v2\/pages\/410\/revisions"}],"predecessor-version":[{"id":569,"href":"https:\/\/www.salonfurniture88.com\/de\/wp-json\/wp\/v2\/pages\/410\/revisions\/569"}],"wp:attachment":[{"href":"https:\/\/www.salonfurniture88.com\/de\/wp-json\/wp\/v2\/media?parent=410"}],"curies":[{"name":"wp","href":"https:\/\/api.w.org\/{rel}","templated":true}]}}