{"id":522,"date":"2025-05-03T07:17:30","date_gmt":"2025-05-03T07:17:30","guid":{"rendered":"http:\/\/www.leadirsalon.com\/?page_id=522"},"modified":"2025-07-15T06:22:09","modified_gmt":"2025-07-15T06:22:09","slug":"shampoonierung-bedoem-odm","status":"publish","type":"page","link":"https:\/\/www.salonfurniture88.com\/de\/shampoonierung-bedoem-odm\/","title":{"rendered":"Shampoonierbett OEM - Kundenspezifische Spa-Shampoonierst\u00fchle mit CE-Motoren"},"content":{"rendered":"<div id=\"gap-2119472496\" class=\"gap-element clearfix\" style=\"display:block; height:auto;\">\n\t\t\n<style>\n#gap-2119472496 {\n  padding-top: 150px;\n}\n<\/style>\n\t<\/div>\n\t\n\n<div class=\"row row-large row-full-width\"  id=\"row-1839002379\">\n\n\n\t<div id=\"col-1301124206\" class=\"col small-12 large-12\"  >\n\t\t\t\t<div class=\"col-inner\"  >\n\t\t\t\n\t\t\t\n\n\t<div id=\"text-145878711\" class=\"text\">\n\t\t\n\n<h1><strong>OEM\/ODM<\/strong><\/h1>\n\n\t\t\n<style>\n#text-145878711 {\n  font-size: 1.5rem;\n  color: rgb(0,0,0);\n}\n#text-145878711 > * {\n  color: rgb(0,0,0);\n}\n<\/style>\n\t<\/div>\n\t\n\n\t\t<\/div>\n\t\t\t\t\n<style>\n#col-1301124206 > .col-inner {\n  padding: 0px 0px 0px 50px;\n}\n<\/style>\n\t<\/div>\n\n\t\n\n<\/div>\n<div class=\"is-divider divider clearfix\" style=\"margin-top:2px;margin-bottom:2px;max-width:100%;\"><\/div>\n\n\t<div id=\"gap-1080847736\" class=\"gap-element clearfix\" style=\"display:block; height:auto;\">\n\t\t\n<style>\n#gap-1080847736 {\n  padding-top: 50px;\n}\n<\/style>\n\t<\/div>\n\t\n\n<div class=\"row row-full-width align-middle\"  id=\"row-1276366444\">\n\n\n\t<div id=\"col-1372064808\" class=\"col hide-for-small medium-5 small-12 large-5\"  >\n\t\t\t\t<div class=\"col-inner\"  >\n\t\t\t\n\t\t\t\n\n\t<div id=\"text-1215310250\" class=\"text\">\n\t\t\n\n<h2>Fachm\u00e4nnische Handwerkskunst<\/h2>\n<div class=\"desc\">\n<div>Wir sind seit \u00fcber 15 Jahren in der Branche t\u00e4tig und haben uns auf die Entwicklung und Herstellung hochwertiger Salonm\u00f6bel spezialisiert.<\/div>\n<div>\u00a0<\/div>\n<\/div>\n\t\t\n<style>\n#text-1215310250 {\n  color: rgb(0,0,0);\n}\n#text-1215310250 > * {\n  color: rgb(0,0,0);\n}\n<\/style>\n\t<\/div>\n\t\n<a class=\"button alert is-outline is-larger\"  style=\"border-radius:99px;\">\n\t\t<span>Hier anfragen<\/span>\n\t<i class=\"icon-angle-right\" aria-hidden=\"true\" ><\/i><\/a>\n\n\n\n\t\t<\/div>\n\t\t\t\t\n<style>\n#col-1372064808 > .col-inner {\n  padding: 0px 0px 0px 50px;\n}\n<\/style>\n\t<\/div>\n\n\t\n\n\t<div id=\"col-2143514060\" class=\"col show-for-small medium-5 small-12 large-5\"  >\n\t\t\t\t<div class=\"col-inner\"  >\n\t\t\t\n\t\t\t\n\n\t<div id=\"text-2738882838\" class=\"text\">\n\t\t\n\n<h2>Fachm\u00e4nnische Handwerkskunst<\/h2>\n<div class=\"desc\">\n<div>Wir sind seit \u00fcber 15 Jahren in der Branche t\u00e4tig und haben uns auf die Entwicklung und Herstellung hochwertiger Salonm\u00f6bel spezialisiert.<\/div>\n<div>\u00a0<\/div>\n<\/div>\n\t\t\n<style>\n#text-2738882838 {\n  color: rgb(0,0,0);\n}\n#text-2738882838 > * {\n  color: rgb(0,0,0);\n}\n<\/style>\n\t<\/div>\n\t\n<a class=\"button alert is-outline is-larger\"  style=\"border-radius:99px;\">\n\t\t<span>Hier anfragen<\/span>\n\t<i class=\"icon-angle-right\" aria-hidden=\"true\" ><\/i><\/a>\n\n\n\n\t\t<\/div>\n\t\t\t\t\n<style>\n#col-2143514060 > .col-inner {\n  padding: 0px 0px 0px 0px;\n}\n@media (min-width:550px) {\n  #col-2143514060 > .col-inner {\n    padding: 0px 0px 0px 50px;\n  }\n}\n<\/style>\n\t<\/div>\n\n\t\n\n\t<div id=\"col-964985698\" class=\"col medium-7 small-12 large-7\"  >\n\t\t\t\t<div class=\"col-inner\"  >\n\t\t\t\n\t\t\t\n\n\n  <div class=\"banner has-hover bg-zoom-long\" id=\"banner-586286061\">\n          <div class=\"banner-inner fill\">\n        <div class=\"banner-bg fill\" >\n            <img loading=\"lazy\" decoding=\"async\" width=\"1020\" height=\"574\" src=\"https:\/\/www.salonfurniture88.com\/wp-content\/uploads\/2025\/07\/\u5fae\u4fe1\u56fe\u7247_20250715141542-1024x576.png\" class=\"bg attachment-large size-large\" alt=\"\" \/>                                    \n                    <\/div>\n\t\t\n        <div class=\"banner-layers container\">\n            <div class=\"fill banner-link\"><\/div>            \n\n   <div id=\"text-box-824195610\" class=\"text-box banner-layer x50 md-x50 lg-x50 y50 md-y50 lg-y50 res-text\">\n                                <div class=\"text-box-content text dark\">\n              \n              <div class=\"text-inner text-center\">\n                  \n\n\n              <\/div>\n           <\/div>\n                            \n<style>\n#text-box-824195610 {\n  width: 60%;\n}\n#text-box-824195610 .text-box-content {\n  font-size: 100%;\n}\n@media (min-width:550px) {\n  #text-box-824195610 {\n    width: 60%;\n  }\n}\n<\/style>\n    <\/div>\n \n\n        <\/div>\n      <\/div>\n\n            \n<style>\n#banner-586286061 {\n  padding-top: 500px;\n}\n<\/style>\n  <\/div>\n\n\n\n\t\t<\/div>\n\t\t\t\t\t<\/div>\n\n\t\n\n<\/div>\n<div class=\"is-divider divider clearfix\" style=\"margin-top:2px;margin-bottom:2px;max-width:100%;\"><\/div>\n\n\t<div id=\"gap-1032327882\" class=\"gap-element clearfix\" style=\"display:block; height:auto;\">\n\t\t\n<style>\n#gap-1032327882 {\n  padding-top: 50px;\n}\n<\/style>\n\t<\/div>\n\t\n\n<div class=\"row row-full-width align-middle\"  id=\"row-290302390\">\n\n\n\t<div id=\"col-1222101865\" class=\"col hide-for-small medium-5 small-12 large-5\"  >\n\t\t\t\t<div class=\"col-inner\"  >\n\t\t\t\n\t\t\t\n\n\t<div id=\"text-3658947198\" class=\"text\">\n\t\t\n\n<h2>CE-zertifizierte Motoren<\/h2>\n<div class=\"desc\">\n<div>Unsere St\u00fchle sind mit CE-zertifizierten Motoren ausgestattet, die Sicherheit und Zuverl\u00e4ssigkeit garantieren.<\/div>\n<div>\u00a0<\/div>\n<\/div>\n\t\t\n<style>\n#text-3658947198 {\n  color: rgb(0,0,0);\n}\n#text-3658947198 > * {\n  color: rgb(0,0,0);\n}\n<\/style>\n\t<\/div>\n\t\n<a class=\"button alert is-outline is-larger\"  style=\"border-radius:99px;\">\n\t\t<span>Hier anfragen<\/span>\n\t<i class=\"icon-angle-right\" aria-hidden=\"true\" ><\/i><\/a>\n\n\n\n\t\t<\/div>\n\t\t\t\t\n<style>\n#col-1222101865 > .col-inner {\n  padding: 0px 0px 0px 50px;\n}\n<\/style>\n\t<\/div>\n\n\t\n\n\t<div id=\"col-1440714710\" class=\"col show-for-small medium-5 small-12 large-5\"  >\n\t\t\t\t<div class=\"col-inner\"  >\n\t\t\t\n\t\t\t\n\n\t<div id=\"text-381965847\" class=\"text\">\n\t\t\n\n<h2>CE-zertifizierte Motoren<\/h2>\n<div class=\"desc\">\n<div>Unsere St\u00fchle sind mit CE-zertifizierten Motoren ausgestattet, die Sicherheit und Zuverl\u00e4ssigkeit garantieren.<\/div>\n<div>\u00a0<\/div>\n<\/div>\n\t\t\n<style>\n#text-381965847 {\n  color: rgb(0,0,0);\n}\n#text-381965847 > * {\n  color: rgb(0,0,0);\n}\n<\/style>\n\t<\/div>\n\t\n<a class=\"button alert is-outline is-larger\"  style=\"border-radius:99px;\">\n\t\t<span>Hier anfragen<\/span>\n\t<i class=\"icon-angle-right\" aria-hidden=\"true\" ><\/i><\/a>\n\n\n\n\t\t<\/div>\n\t\t\t\t\n<style>\n#col-1440714710 > .col-inner {\n  padding: 0px 0px 0px 0px;\n}\n@media (min-width:550px) {\n  #col-1440714710 > .col-inner {\n    padding: 0px 0px 0px 50px;\n  }\n}\n<\/style>\n\t<\/div>\n\n\t\n\n\t<div id=\"col-1838776580\" class=\"col medium-7 small-12 large-7\"  >\n\t\t\t\t<div class=\"col-inner\"  >\n\t\t\t\n\t\t\t\n\n\n  <div class=\"banner has-hover bg-zoom-long\" id=\"banner-1076279711\">\n          <div class=\"banner-inner fill\">\n        <div class=\"banner-bg fill\" >\n            <img loading=\"lazy\" decoding=\"async\" width=\"800\" height=\"450\" src=\"https:\/\/www.salonfurniture88.com\/wp-content\/uploads\/2025\/07\/Se3550e26331948229eeb22f94f7e4c13e.png\" class=\"bg attachment-large size-large\" alt=\"\" \/>                                    \n                    <\/div>\n\t\t\n        <div class=\"banner-layers container\">\n            <div class=\"fill banner-link\"><\/div>            \n\n   <div id=\"text-box-895969889\" class=\"text-box banner-layer x50 md-x50 lg-x50 y50 md-y50 lg-y50 res-text\">\n                                <div class=\"text-box-content text dark\">\n              \n              <div class=\"text-inner text-center\">\n                  \n\n\n              <\/div>\n           <\/div>\n                            \n<style>\n#text-box-895969889 {\n  width: 60%;\n}\n#text-box-895969889 .text-box-content {\n  font-size: 100%;\n}\n@media (min-width:550px) {\n  #text-box-895969889 {\n    width: 60%;\n  }\n}\n<\/style>\n    <\/div>\n \n\n        <\/div>\n      <\/div>\n\n            \n<style>\n#banner-1076279711 {\n  padding-top: 500px;\n}\n<\/style>\n  <\/div>\n\n\n\n\t\t<\/div>\n\t\t\t\t\t<\/div>\n\n\t\n\n<\/div>\n<div class=\"is-divider divider clearfix\" style=\"margin-top:2px;margin-bottom:2px;max-width:100%;\"><\/div>\n\n\t<div id=\"gap-371169103\" class=\"gap-element clearfix\" style=\"display:block; height:auto;\">\n\t\t\n<style>\n#gap-371169103 {\n  padding-top: 50px;\n}\n<\/style>\n\t<\/div>\n\t\n\n<div class=\"row row-full-width align-middle\"  id=\"row-1621132411\">\n\n\n\t<div id=\"col-63897365\" class=\"col hide-for-small medium-5 small-12 large-5\"  >\n\t\t\t\t<div class=\"col-inner\"  >\n\t\t\t\n\t\t\t\n\n\t<div id=\"text-641704556\" class=\"text\">\n\t\t\n\n<h2>Ergonomisches Design<\/h2>\n<div class=\"desc\">\n<div>Unsere St\u00fchle wurden mit Blick auf den Kunden und den Friseur entwickelt und bieten optimalen Komfort und Funktionalit\u00e4t.<\/div>\n<div>\u00a0<\/div>\n<\/div>\n\t\t\n<style>\n#text-641704556 {\n  color: rgb(0,0,0);\n}\n#text-641704556 > * {\n  color: rgb(0,0,0);\n}\n<\/style>\n\t<\/div>\n\t\n<a class=\"button alert is-outline is-larger\"  style=\"border-radius:99px;\">\n\t\t<span>Hier anfragen<\/span>\n\t<i class=\"icon-angle-right\" aria-hidden=\"true\" ><\/i><\/a>\n\n\n\n\t\t<\/div>\n\t\t\t\t\n<style>\n#col-63897365 > .col-inner {\n  padding: 0px 0px 0px 50px;\n}\n<\/style>\n\t<\/div>\n\n\t\n\n\t<div id=\"col-2036932034\" class=\"col show-for-small medium-5 small-12 large-5\"  >\n\t\t\t\t<div class=\"col-inner\"  >\n\t\t\t\n\t\t\t\n\n\t<div id=\"text-1588427061\" class=\"text\">\n\t\t\n\n<h2>Ergonomisches Design<\/h2>\n<div class=\"desc\">\n<div>Unsere St\u00fchle wurden mit Blick auf den Kunden und den Friseur entwickelt und bieten optimalen Komfort und Funktionalit\u00e4t.<\/div>\n<div>\u00a0<\/div>\n<\/div>\n\t\t\n<style>\n#text-1588427061 {\n  color: rgb(0,0,0);\n}\n#text-1588427061 > * {\n  color: rgb(0,0,0);\n}\n<\/style>\n\t<\/div>\n\t\n<a class=\"button alert is-outline is-larger\"  style=\"border-radius:99px;\">\n\t\t<span>Hier anfragen<\/span>\n\t<i class=\"icon-angle-right\" aria-hidden=\"true\" ><\/i><\/a>\n\n\n\n\t\t<\/div>\n\t\t\t\t\n<style>\n#col-2036932034 > .col-inner {\n  padding: 0px 0px 0px 0px;\n}\n@media (min-width:550px) {\n  #col-2036932034 > .col-inner {\n    padding: 0px 0px 0px 50px;\n  }\n}\n<\/style>\n\t<\/div>\n\n\t\n\n\t<div id=\"col-1868035731\" class=\"col medium-7 small-12 large-7\"  >\n\t\t\t\t<div class=\"col-inner\"  >\n\t\t\t\n\t\t\t\n\n\n  <div class=\"banner has-hover bg-zoom-long\" id=\"banner-1734074076\">\n          <div class=\"banner-inner fill\">\n        <div class=\"banner-bg fill\" >\n            <img loading=\"lazy\" decoding=\"async\" width=\"1020\" height=\"574\" src=\"https:\/\/www.salonfurniture88.com\/wp-content\/uploads\/2025\/07\/\u5fae\u4fe1\u56fe\u7247_20250715142039-1024x576.png\" class=\"bg attachment-large size-large\" alt=\"\" \/>                                    \n                    <\/div>\n\t\t\n        <div class=\"banner-layers container\">\n            <div class=\"fill banner-link\"><\/div>            \n\n   <div id=\"text-box-907065829\" class=\"text-box banner-layer x50 md-x50 lg-x50 y50 md-y50 lg-y50 res-text\">\n                                <div class=\"text-box-content text dark\">\n              \n              <div class=\"text-inner text-center\">\n                  \n\n\n              <\/div>\n           <\/div>\n                            \n<style>\n#text-box-907065829 {\n  width: 60%;\n}\n#text-box-907065829 .text-box-content {\n  font-size: 100%;\n}\n@media (min-width:550px) {\n  #text-box-907065829 {\n    width: 60%;\n  }\n}\n<\/style>\n    <\/div>\n \n\n        <\/div>\n      <\/div>\n\n            \n<style>\n#banner-1734074076 {\n  padding-top: 500px;\n}\n<\/style>\n  <\/div>\n\n\n\n\t\t<\/div>\n\t\t\t\t\t<\/div>\n\n\t\n\n<\/div>\n<div class=\"is-divider divider clearfix\" style=\"margin-top:2px;margin-bottom:2px;max-width:100%;\"><\/div>\n\n\t<div id=\"gap-167742828\" class=\"gap-element clearfix\" style=\"display:block; height:auto;\">\n\t\t\n<style>\n#gap-167742828 {\n  padding-top: 100px;\n}\n<\/style>\n\t<\/div>\n\t\n\n<div class=\"row row-full-width\"  id=\"row-1869420035\">\n\n\n\t<div id=\"col-1498825625\" class=\"col small-12 large-12\"  >\n\t\t\t\t<div class=\"col-inner\"  >\n\t\t\t\n\t\t\t\n\n\t<div id=\"text-415141434\" class=\"text\">\n\t\t\n\n<h2 class=\"title\"><strong>Vielleicht m\u00f6chten Sie wissen<\/strong><\/h2>\n\t\t\n<style>\n#text-415141434 {\n  font-size: 1.5rem;\n  color: rgb(0,0,0);\n}\n#text-415141434 > * {\n  color: rgb(0,0,0);\n}\n<\/style>\n\t<\/div>\n\t\n\n\t\t<\/div>\n\t\t\t\t\n<style>\n#col-1498825625 > .col-inner {\n  padding: 0px 0px 0px 50px;\n}\n<\/style>\n\t<\/div>\n\n\t\n\n\t<div id=\"col-381396232\" class=\"col small-12 large-12\"  >\n\t\t\t\t<div class=\"col-inner\"  >\n\t\t\t\n\t\t\t\n\n<div class=\"accordion\">\n\n\t<div id=\"accordion-4263841544\" class=\"accordion-item\">\n\t\t<a id=\"accordion-4263841544-label\" class=\"accordion-title plain\" href=\"#accordion-item-what-is-the-lead-time-for-custom-shampoo-bed-orders?\" aria-expanded=\"false\" aria-controls=\"accordion-4263841544-content\" >\n\t\t\t<button class=\"toggle\" aria-label=\"Toggle\"><i class=\"icon-angle-down\"><\/i><\/button>\n\t\t\t<span>Wie lange ist die Vorlaufzeit f\u00fcr Bestellungen von Shampoobetten nach Ma\u00df?<\/span>\n\t\t<\/a>\n\t\t<div id=\"accordion-4263841544-content\" class=\"accordion-inner\" aria-labelledby=\"accordion-4263841544-label\" >\n\t\t\t\n\n<p>In der Regel betr\u00e4gt unsere Vorlaufzeit zwischen 5 und 10 Tagen, je nach Bestellmenge und Anpassungsanforderungen.<\/p>\n\n\t\t<\/div>\n\t<\/div>\n\t\n\t<div id=\"accordion-3863078099\" class=\"accordion-item\">\n\t\t<a id=\"accordion-3863078099-label\" class=\"accordion-title plain\" href=\"#accordion-item-do-you-offer-international-shipping?\" aria-expanded=\"false\" aria-controls=\"accordion-3863078099-content\" >\n\t\t\t<button class=\"toggle\" aria-label=\"Toggle\"><i class=\"icon-angle-down\"><\/i><\/button>\n\t\t\t<span>Bieten Sie internationalen Versand an?<\/span>\n\t\t<\/a>\n\t\t<div id=\"accordion-3863078099-content\" class=\"accordion-inner\" aria-labelledby=\"accordion-3863078099-label\" >\n\t\t\t\n\n<p>Ja, wir versenden weltweit und bieten verschiedene Versandarten an, um Ihren Bed\u00fcrfnissen gerecht zu werden.<\/p>\n\n\t\t<\/div>\n\t<\/div>\n\t\n\t<div id=\"accordion-3969852814\" class=\"accordion-item\">\n\t\t<a id=\"accordion-3969852814-label\" class=\"accordion-title plain\" href=\"#accordion-item-can-i-request-a-sample-before-placing-a-bulk-order?\" aria-expanded=\"false\" aria-controls=\"accordion-3969852814-content\" >\n\t\t\t<button class=\"toggle\" aria-label=\"Toggle\"><i class=\"icon-angle-down\"><\/i><\/button>\n\t\t\t<span>Kann ich ein Muster anfordern, bevor ich eine Gro\u00dfbestellung aufgebe?<\/span>\n\t\t<\/a>\n\t\t<div id=\"accordion-3969852814-content\" class=\"accordion-inner\" aria-labelledby=\"accordion-3969852814-label\" >\n\t\t\t\n\n<p>Nat\u00fcrlich k\u00f6nnen wir Ihnen Muster zur Verf\u00fcgung stellen, um sicherzustellen, dass unsere Produkte Ihren Erwartungen entsprechen.<\/p>\n\n\t\t<\/div>\n\t<\/div>\n\t\n\t<div id=\"accordion-3958031030\" class=\"accordion-item\">\n\t\t<a id=\"accordion-3958031030-label\" class=\"accordion-title plain\" href=\"#accordion-item-what-warranty-do-you-offer-on-your-shampoo-beds?\" aria-expanded=\"false\" aria-controls=\"accordion-3958031030-content\" >\n\t\t\t<button class=\"toggle\" aria-label=\"Toggle\"><i class=\"icon-angle-down\"><\/i><\/button>\n\t\t\t<span>Welche Garantie bieten Sie auf Ihre Shampoobetten?<\/span>\n\t\t<\/a>\n\t\t<div id=\"accordion-3958031030-content\" class=\"accordion-inner\" aria-labelledby=\"accordion-3958031030-label\" >\n\t\t\t\n\n<p>Wir bieten eine 1-Jahres-Garantie auf Herstellungsfehler und die Funktionsf\u00e4higkeit des Motors.<\/p>\n\n\t\t<\/div>\n\t<\/div>\n\t\n\t<div id=\"accordion-2773010535\" class=\"accordion-item\">\n\t\t<a id=\"accordion-2773010535-label\" class=\"accordion-title plain\" href=\"#accordion-item-are-there-options-for-branding-on-the-shampoo-beds?\" aria-expanded=\"false\" aria-controls=\"accordion-2773010535-content\" >\n\t\t\t<button class=\"toggle\" aria-label=\"Toggle\"><i class=\"icon-angle-down\"><\/i><\/button>\n\t\t\t<span>Gibt es M\u00f6glichkeiten f\u00fcr ein Branding auf den Shampoobetten?<\/span>\n\t\t<\/a>\n\t\t<div id=\"accordion-2773010535-content\" class=\"accordion-inner\" aria-labelledby=\"accordion-2773010535-label\" >\n\t\t\t\n\n<p>Ja, wir bieten Anpassungsm\u00f6glichkeiten, einschlie\u00dflich der Platzierung des Logos und der Farbgestaltung, die zu Ihrer Markenidentit\u00e4t passen.<\/p>\n\n\t\t<\/div>\n\t<\/div>\n\t\n\n<\/div>\n\n\t\t<\/div>\n\t\t\t\t\t<\/div>\n\n\t\n\n<\/div>","protected":false},"excerpt":{"rendered":"","protected":false},"author":1,"featured_media":0,"parent":0,"menu_order":0,"comment_status":"closed","ping_status":"closed","template":"page-blank.php","meta":{"footnotes":""},"class_list":["post-522","page","type-page","status-publish","hentry"],"_links":{"self":[{"href":"https:\/\/www.salonfurniture88.com\/de\/wp-json\/wp\/v2\/pages\/522","targetHints":{"allow":["GET"]}}],"collection":[{"href":"https:\/\/www.salonfurniture88.com\/de\/wp-json\/wp\/v2\/pages"}],"about":[{"href":"https:\/\/www.salonfurniture88.com\/de\/wp-json\/wp\/v2\/types\/page"}],"author":[{"embeddable":true,"href":"https:\/\/www.salonfurniture88.com\/de\/wp-json\/wp\/v2\/users\/1"}],"replies":[{"embeddable":true,"href":"https:\/\/www.salonfurniture88.com\/de\/wp-json\/wp\/v2\/comments?post=522"}],"version-history":[{"count":5,"href":"https:\/\/www.salonfurniture88.com\/de\/wp-json\/wp\/v2\/pages\/522\/revisions"}],"predecessor-version":[{"id":857,"href":"https:\/\/www.salonfurniture88.com\/de\/wp-json\/wp\/v2\/pages\/522\/revisions\/857"}],"wp:attachment":[{"href":"https:\/\/www.salonfurniture88.com\/de\/wp-json\/wp\/v2\/media?parent=522"}],"curies":[{"name":"wp","href":"https:\/\/api.w.org\/{rel}","templated":true}]}}