{"id":158,"date":"2025-04-16T00:51:49","date_gmt":"2025-04-16T00:51:49","guid":{"rendered":"http:\/\/www.leadirsalon.com\/?post_type=product&#038;p=158"},"modified":"2025-07-10T08:19:08","modified_gmt":"2025-07-10T08:19:08","slug":"eyelash-bed-mattress-memory-foam-curved-topper-lash-bed-mattress-%e5%a4%8d%e5%88%b6","status":"publish","type":"product","link":"https:\/\/www.salonfurniture88.com\/de\/produkt\/eyelash-bed-mattress-memory-foam-curved-topper-lash-bed-mattress-%e5%a4%8d%e5%88%b6\/","title":{"rendered":"MLE001 Modernes elektrisches Sch\u00f6nheitsbett mit Fu\u00dfschalter"},"content":{"rendered":"<div class=\"desc aos-init aos-animate\" data-aos=\"fadeInUp\" data-aos-duration=\"2000\">\n<h2 data-start=\"679\" data-end=\"698\"><strong>Wesentliche Merkmale<\/strong><\/h2>\n<h3 data-start=\"700\" data-end=\"755\">\u00a0Hybrid-Einstellsystem (hydraulisch + manuell)<\/h3>\n<p data-start=\"756\" data-end=\"977\">Die <strong data-start=\"760\" data-end=\"781\">MLE001 facial bed<\/strong> bietet eine <strong data-start=\"793\" data-end=\"811\">Hydraulikpumpe<\/strong> f\u00fcr m\u00fchelose H\u00f6henverstellung und <strong data-start=\"850\" data-end=\"869\">manuelle Kontrollen<\/strong> f\u00fcr die <strong data-start=\"878\" data-end=\"926\">R\u00fcckenlehne, Beinauflage, Kopfst\u00fctze und Neigungswinkel<\/strong>und erm\u00f6glicht eine pr\u00e4zise Positionierung bei jeder Behandlung.<\/p>\n<h3 data-start=\"979\" data-end=\"1013\">\u00a0One-Touch-Reset-Funktion<\/h3>\n<p data-start=\"1014\" data-end=\"1187\">Bringen Sie das Bett nach der Sitzung schnell auf die niedrigste H\u00f6he mit einem <strong data-start=\"1084\" data-end=\"1110\">One-Touch-Reset-Taste<\/strong>Dadurch wird es f\u00fcr die Kunden leichter zug\u00e4nglich und spart Zeit zwischen den Terminen.<\/p>\n<h3 data-start=\"1189\" data-end=\"1234\">\u00a0Kopfst\u00fctze mit Gesichtsloch f\u00fcr mehr Komfort<\/h3>\n<p data-start=\"1235\" data-end=\"1403\">Die <strong data-start=\"1239\" data-end=\"1262\">abnehmbare Kopfst\u00fctze<\/strong> bietet eine <strong data-start=\"1274\" data-end=\"1296\">eingebautes Stirnloch<\/strong>f\u00fcr optimalen Komfort und richtige Atmung w\u00e4hrend der <strong data-start=\"1355\" data-end=\"1402\">Gesichtsbehandlungen oder Massagen in Bauchlage<\/strong>.<\/p>\n<h3 data-start=\"1405\" data-end=\"1453\">\u00a0Individuell anpassbare, leicht zu reinigende Polsterm\u00f6bel<\/h3>\n<p data-start=\"1454\" data-end=\"1673\">Die Matratze ist bedeckt mit <strong data-start=\"1483\" data-end=\"1526\">haltbares, anpassbares Kunstleder<\/strong>Die in verschiedenen Farben und Texturen erh\u00e4ltlichen Tafeln passen sich der \u00c4sthetik Ihrer Marke oder Ihres Studios an. Es ist <strong data-start=\"1616\" data-end=\"1650\">wasserbest\u00e4ndig, \u00f6lbest\u00e4ndig<\/strong>und leicht zu pflegen.<\/p>\n<h3 data-start=\"1675\" data-end=\"1710\">\u00a0Solide &amp; stilvolle Struktur<\/h3>\n<p data-start=\"1711\" data-end=\"1982\">Der starke <strong data-start=\"1722\" data-end=\"1757\">Rahmen aus Stahl und Mehrschichtholz<\/strong> gew\u00e4hrleistet eine <strong data-start=\"1768\" data-end=\"1790\">hohe Tragf\u00e4higkeit<\/strong> w\u00e4hrend die <strong data-start=\"1801\" data-end=\"1839\">Sockel aus galvanisiertem Edelstahl<\/strong> sorgt f\u00fcr Korrosionsbest\u00e4ndigkeit und ein elegantes, modernes Finish. Die <strong data-start=\"1897\" data-end=\"1910\">ABS-Abdeckung<\/strong> verbirgt alle elektrischen Komponenten f\u00fcr ein sauberes, minimalistisches Aussehen.<\/p>\n<\/div>\n<h2 data-start=\"1989\" data-end=\"2006\"><strong>Ideal f\u00fcr:<\/strong><\/h2>\n<ul data-start=\"2008\" data-end=\"2147\">\n<li data-start=\"2008\" data-end=\"2039\">\n<p data-start=\"2010\" data-end=\"2039\">Professionelle Gesichtskliniken<\/p>\n<\/li>\n<li data-start=\"2040\" data-end=\"2066\">\n<p data-start=\"2042\" data-end=\"2066\">Medizinische Sch\u00f6nheitszentren<\/p>\n<\/li>\n<li data-start=\"2067\" data-end=\"2099\">\n<p data-start=\"2069\" data-end=\"2099\">Day Spas &amp; Wellness-Retreats<\/p>\n<\/li>\n<li data-start=\"2100\" data-end=\"2121\">\n<p data-start=\"2102\" data-end=\"2121\">\u00c4sthetische Studios<\/p>\n<\/li>\n<li data-start=\"2122\" data-end=\"2147\">\n<p data-start=\"2124\" data-end=\"2147\">R\u00e4ume f\u00fcr Massagetherapie<\/p>\n<\/li>\n<\/ul>\n<p data-start=\"2149\" data-end=\"2341\">Ob Sie nun tiefenreinigende Gesichtsbehandlungen oder entspannende Spa-Behandlungen anbieten, die <strong data-start=\"2228\" data-end=\"2249\">MLE001 beauty bed<\/strong> ist eine multifunktionale L\u00f6sung f\u00fcr mehr Komfort, Pr\u00e4zision und eine bessere Kundenbetreuung.<\/p>\n<h2 data-start=\"2348\" data-end=\"2377\"><strong>Produktspezifikationen<\/strong><\/h2>\n<div class=\"_tableContainer_16hzy_1\">\n<div class=\"_tableWrapper_16hzy_14 group flex w-fit flex-col-reverse\" tabindex=\"-1\">\n<table class=\"w-fit min-w-(--thread-content-width)\" data-start=\"2379\" data-end=\"2896\">\n<thead data-start=\"2379\" data-end=\"2402\">\n<tr data-start=\"2379\" data-end=\"2402\">\n<th data-start=\"2379\" data-end=\"2391\" data-col-size=\"sm\">Attribut<\/th>\n<th data-start=\"2391\" data-end=\"2402\" data-col-size=\"md\">Einzelheiten<\/th>\n<\/tr>\n<\/thead>\n<tbody data-start=\"2426\" data-end=\"2896\">\n<tr data-start=\"2426\" data-end=\"2448\">\n<td data-start=\"2426\" data-end=\"2438\" data-col-size=\"sm\"><strong data-start=\"2428\" data-end=\"2437\">Modell<\/strong><\/td>\n<td data-start=\"2438\" data-end=\"2448\" data-col-size=\"md\">MLE001<\/td>\n<\/tr>\n<tr data-start=\"2449\" data-end=\"2472\">\n<td data-start=\"2449\" data-end=\"2462\" data-col-size=\"sm\"><strong data-start=\"2451\" data-end=\"2461\">L\u00e4nge<\/strong><\/td>\n<td data-col-size=\"md\" data-start=\"2462\" data-end=\"2472\">192 cm<\/td>\n<\/tr>\n<tr data-start=\"2473\" data-end=\"2494\">\n<td data-start=\"2473\" data-end=\"2485\" data-col-size=\"sm\"><strong data-start=\"2475\" data-end=\"2484\">Breite<\/strong><\/td>\n<td data-col-size=\"md\" data-start=\"2485\" data-end=\"2494\">72 cm<\/td>\n<\/tr>\n<tr data-start=\"2495\" data-end=\"2528\">\n<td data-start=\"2495\" data-end=\"2514\" data-col-size=\"sm\"><strong data-start=\"2497\" data-end=\"2513\">H\u00f6he Bereich<\/strong><\/td>\n<td data-col-size=\"md\" data-start=\"2514\" data-end=\"2528\">62 - 82 cm<\/td>\n<\/tr>\n<tr data-start=\"2529\" data-end=\"2560\">\n<td data-start=\"2529\" data-end=\"2545\" data-col-size=\"sm\"><strong data-start=\"2531\" data-end=\"2544\">Basisgr\u00f6\u00dfe<\/strong><\/td>\n<td data-col-size=\"md\" data-start=\"2545\" data-end=\"2560\">137 \u00d7 64 cm<\/td>\n<\/tr>\n<tr data-start=\"2561\" data-end=\"2632\">\n<td data-start=\"2561\" data-end=\"2576\" data-col-size=\"sm\"><strong data-start=\"2563\" data-end=\"2575\">Material<\/strong><\/td>\n<td data-col-size=\"md\" data-start=\"2576\" data-end=\"2632\">Rostfreier Stahl, Kunstleder, Mehrschichtholz<\/td>\n<\/tr>\n<tr data-start=\"2633\" data-end=\"2708\">\n<td data-start=\"2633\" data-end=\"2650\" data-col-size=\"sm\"><strong data-start=\"2635\" data-end=\"2649\">Polsterm\u00f6bel<\/strong><\/td>\n<td data-col-size=\"md\" data-start=\"2650\" data-end=\"2708\">Wasserdichtes, \u00f6lbest\u00e4ndiges, anpassbares Leder\/Gewebe<\/td>\n<\/tr>\n<tr data-start=\"2709\" data-end=\"2781\">\n<td data-start=\"2709\" data-end=\"2727\" data-col-size=\"sm\"><strong data-start=\"2711\" data-end=\"2726\">Anpassungen<\/strong><\/td>\n<td data-col-size=\"md\" data-start=\"2727\" data-end=\"2781\">Hydraulisch (H\u00f6he) + Manuell (R\u00fccken, Beine, Kopfst\u00fctze)<\/td>\n<\/tr>\n<tr data-start=\"2782\" data-end=\"2825\">\n<td data-start=\"2782\" data-end=\"2804\" data-col-size=\"sm\"><strong data-start=\"2784\" data-end=\"2803\">Gewichtskapazit\u00e4t<\/strong><\/td>\n<td data-col-size=\"md\" data-start=\"2804\" data-end=\"2825\">Hohe Tragf\u00e4higkeit<\/td>\n<\/tr>\n<tr data-start=\"2826\" data-end=\"2847\">\n<td data-start=\"2826\" data-end=\"2840\" data-col-size=\"sm\"><strong data-start=\"2828\" data-end=\"2839\">OEM\/ODM<\/strong><\/td>\n<td data-col-size=\"md\" data-start=\"2840\" data-end=\"2847\">Ja<\/td>\n<\/tr>\n<tr data-start=\"2848\" data-end=\"2896\">\n<td data-start=\"2848\" data-end=\"2874\" data-col-size=\"sm\"><strong data-start=\"2850\" data-end=\"2873\">Produktionskapazit\u00e4t<\/strong><\/td>\n<td data-col-size=\"md\" data-start=\"2874\" data-end=\"2896\">50.000 Einheiten\/Monat<\/td>\n<\/tr>\n<\/tbody>\n<\/table>\n<h3 data-start=\"2903\" data-end=\"2956\"><strong>Why Choose the MLE001 Electric Cosmetic Chair?<\/strong><\/h3>\n<blockquote data-start=\"2958\" data-end=\"3209\">\n<p data-start=\"2960\" data-end=\"3209\">The MLE001 is more than a <strong data-start=\"2986\" data-end=\"3010\">Gesichtsbehandlungsliege<\/strong>-Es ist ein <strong data-start=\"3018\" data-end=\"3039\">Therapieraum<\/strong>. Es wurde entwickelt, um sowohl die Arbeitsabl\u00e4ufe des Therapeuten als auch die Entspannung des Kunden zu verbessern und bietet eine harmonische Mischung aus <strong data-start=\"3140\" data-end=\"3208\">industrielles Design, klinische Funktionalit\u00e4t und luxuri\u00f6ser Komfort<\/strong>.<\/p>\n<\/blockquote>\n<p data-start=\"3211\" data-end=\"3296\"><a href=\"http:\/\/www.leadirsalon.com\/contact-us\/\"><strong data-start=\"3214\" data-end=\"3228\">Kontakt<\/strong> um die neuesten FOB-Preise, Farbmuster und MOQ-Details anzufordern!<\/a><\/p>\n<\/div>\n<h2 data-start=\"3211\" data-end=\"3296\"><strong>H\u00e4ufig gestellte Fragen (FAQ)<\/strong><\/h2>\n<p data-start=\"178\" data-end=\"242\">Q1: What treatments is the MLE001 facial bed suitable for?<\/p>\n<p><strong data-start=\"243\" data-end=\"249\">A:<\/strong> The MLE001 is ideal for a wide range of professional treatments, including facials, cosmetic procedures, massages, waxing, and body therapies. Its adjustable features support both prone and seated positions, making it extremely versatile.<\/p>\n<hr data-start=\"490\" data-end=\"493\" \/>\n<p data-start=\"495\" data-end=\"541\">F2: Ist die H\u00f6he des Bettes verstellbar?<\/p>\n<p data-start=\"542\" data-end=\"733\"><strong data-start=\"542\" data-end=\"548\">A:<\/strong> Yes. The height of the MLE001 facial bed is easily adjustable using a <strong data-start=\"619\" data-end=\"637\">Hydraulikpumpe<\/strong>So k\u00f6nnen Sie die Liege je nach Behandlung und Kundenkomfort stufenlos anheben oder absenken.<\/p>\n<hr data-start=\"735\" data-end=\"738\" \/>\n<p data-start=\"740\" data-end=\"814\">F3: K\u00f6nnen die R\u00fcckenlehne, die Beinauflage und die Kopfst\u00fctze separat eingestellt werden?<\/p>\n<p data-start=\"815\" data-end=\"1000\"><strong data-start=\"815\" data-end=\"821\">A:<\/strong> Ganz genau. Die <strong data-start=\"838\" data-end=\"886\">R\u00fcckenlehne, Beinauflage, Neigungswinkel und Kopfst\u00fctze<\/strong> sind alle <strong data-start=\"895\" data-end=\"918\">manuell einstellbar<\/strong>Dadurch k\u00f6nnen Sie die Einrichtung an die Behandlung und die K\u00f6rperhaltung jedes einzelnen Kunden anpassen.<\/p>\n<hr data-start=\"1002\" data-end=\"1005\" \/>\n<p data-start=\"1007\" data-end=\"1077\">F4: Aus welchem Material besteht die Polsterung? Ist es leicht zu reinigen?<\/p>\n<p data-start=\"1078\" data-end=\"1247\"><strong data-start=\"1078\" data-end=\"1084\">A:<\/strong> Das Bett ist gepolstert mit <strong data-start=\"1113\" data-end=\"1147\">anpassbares Kunstleder<\/strong>das ist <strong data-start=\"1158\" data-end=\"1187\">wasserdicht, \u00f6lbest\u00e4ndig<\/strong>und leicht zu desinfizieren - perfekt f\u00fcr Sch\u00f6nheitskliniken und Spas.<\/p>\n<hr data-start=\"1249\" data-end=\"1252\" \/>\n<p data-start=\"1254\" data-end=\"1310\">F5: Verf\u00fcgt das Bett \u00fcber ein Gesichtsloch f\u00fcr Massagen?<\/p>\n<p data-start=\"1311\" data-end=\"1480\"><strong data-start=\"1311\" data-end=\"1317\">A:<\/strong> Ja. Die Kopfst\u00fctze enth\u00e4lt eine <strong data-start=\"1347\" data-end=\"1360\">Stirnloch<\/strong>Dadurch eignet sie sich f\u00fcr Behandlungen in Bauchlage wie Massagen oder Gesichtstherapien und bietet dem Kunden maximalen Komfort.<\/p>\n<hr data-start=\"1482\" data-end=\"1485\" \/>\n<p data-start=\"1487\" data-end=\"1547\">F6: Kann ich die Farbe oder das Material des Bettes individuell gestalten?<\/p>\n<p data-start=\"1548\" data-end=\"1721\"><strong data-start=\"1548\" data-end=\"1554\">A:<\/strong> Ja, wir bieten <strong data-start=\"1569\" data-end=\"1589\">OEM\/ODM-Dienstleistungen<\/strong> und Unterst\u00fctzung <strong data-start=\"1602\" data-end=\"1648\">individuelle Gestaltung der Leder-\/Stoffoberfl\u00e4che<\/strong>, Farbe und einige Designelemente, die zum Branding Ihres Salons oder Ihrer Klinik passen.<\/p>\n<hr data-start=\"1723\" data-end=\"1726\" \/>\n<p data-start=\"1728\" data-end=\"1778\">F7: Wie wird das Produkt verpackt und versandt?<\/p>\n<p data-start=\"1779\" data-end=\"1991\"><strong data-start=\"1779\" data-end=\"1785\">A:<\/strong> Each MLE001 bed is securely packaged with <strong data-start=\"1828\" data-end=\"1863\">verst\u00e4rkte Schutzmaterialien<\/strong>. Die Abmessungen f\u00fcr den Versand sind <strong data-start=\"1893\" data-end=\"1913\">210 \u00d7 90 \u00d7 75 cm<\/strong>mit einem Packvolumen von <strong data-start=\"1940\" data-end=\"1958\">ca. 1,2 m\u00b3<\/strong> und einem Gesamtgewicht von <strong data-start=\"1981\" data-end=\"1990\">95 kg<\/strong>.<\/p>\n<hr data-start=\"1993\" data-end=\"1996\" \/>\n<p data-start=\"1998\" data-end=\"2053\">Q8: Wie hoch ist die Produktionskapazit\u00e4t und die Vorlaufzeit?<\/p>\n<p data-start=\"2054\" data-end=\"2244\"><strong data-start=\"2054\" data-end=\"2060\">A:<\/strong> Wir haben eine <strong data-start=\"2071\" data-end=\"2118\">monatliche Produktionskapazit\u00e4t von 50.000 Einheiten<\/strong>. Bei Gro\u00dfbestellungen kontaktieren Sie uns bitte, um die voraussichtliche Lieferzeit zu erfahren, da diese je nach Auftragsgr\u00f6\u00dfe und Kundenwunsch variieren kann.<\/p>\n<\/div>","protected":false},"excerpt":{"rendered":"<p><em>FOB-Preis:<\/em>\u00a0<span class=\"item-val\">E-Mail, um den neuesten Preis zu erhalten<\/span><\/p>\n<p><em>MOQ:<\/em>\u00a0<span class=\"item-val\">E-Mail, um das neueste MOQ zu erhalten<\/span><\/p>\n<p><em>Produktionskapazit\u00e4t:<\/em>\u00a0<span class=\"item-val\">50000 St\u00fcck pro Monat<\/span><\/p>\n<p><em>ODM\/OEM:<\/em>\u00a0<span class=\"item-val\">Ja<\/span><\/p>\n<p><em>Zahlungsbedingungen:<\/em>\u00a0<span class=\"item-val\">P\/P, T\/T<\/span><\/p>","protected":false},"featured_media":816,"comment_status":"open","ping_status":"closed","template":"","meta":[],"product_brand":[],"product_cat":[18,57],"product_tag":[],"class_list":{"0":"post-158","1":"product","2":"type-product","3":"status-publish","4":"has-post-thumbnail","6":"product_cat-new-products","7":"product_cat-electric-beauty-beds","9":"first","10":"instock","11":"shipping-taxable","12":"product-type-variable"},"_links":{"self":[{"href":"https:\/\/www.salonfurniture88.com\/de\/wp-json\/wp\/v2\/product\/158","targetHints":{"allow":["GET"]}}],"collection":[{"href":"https:\/\/www.salonfurniture88.com\/de\/wp-json\/wp\/v2\/product"}],"about":[{"href":"https:\/\/www.salonfurniture88.com\/de\/wp-json\/wp\/v2\/types\/product"}],"replies":[{"embeddable":true,"href":"https:\/\/www.salonfurniture88.com\/de\/wp-json\/wp\/v2\/comments?post=158"}],"wp:featuredmedia":[{"embeddable":true,"href":"https:\/\/www.salonfurniture88.com\/de\/wp-json\/wp\/v2\/media\/816"}],"wp:attachment":[{"href":"https:\/\/www.salonfurniture88.com\/de\/wp-json\/wp\/v2\/media?parent=158"}],"wp:term":[{"taxonomy":"product_brand","embeddable":true,"href":"https:\/\/www.salonfurniture88.com\/de\/wp-json\/wp\/v2\/product_brand?post=158"},{"taxonomy":"product_cat","embeddable":true,"href":"https:\/\/www.salonfurniture88.com\/de\/wp-json\/wp\/v2\/product_cat?post=158"},{"taxonomy":"product_tag","embeddable":true,"href":"https:\/\/www.salonfurniture88.com\/de\/wp-json\/wp\/v2\/product_tag?post=158"}],"curies":[{"name":"wp","href":"https:\/\/api.w.org\/{rel}","templated":true}]}}