{"id":253,"date":"2025-04-16T00:53:09","date_gmt":"2025-04-16T00:53:09","guid":{"rendered":"http:\/\/www.leadirsalon.com\/?post_type=product&#038;p=253"},"modified":"2025-07-10T07:51:08","modified_gmt":"2025-07-10T07:51:08","slug":"elektrische-behandlungsliege-massagebett-schonheitsbett-leadir-b136","status":"publish","type":"product","link":"https:\/\/www.salonfurniture88.com\/de\/produkt\/elektrische-behandlungsliege-massagebett-schonheitsbett-leadir-b136\/","title":{"rendered":"Elektrische Behandlungsliege | Massageliege | Kosmetikliege - Leadir B136"},"content":{"rendered":"<div class=\"desc aos-init aos-animate\" data-aos=\"fadeInUp\" data-aos-duration=\"2000\">\n<div class=\"desc aos-init aos-animate\" data-aos=\"fadeInUp\" data-aos-duration=\"2000\">\n<h2 data-start=\"757\" data-end=\"779\"><strong data-start=\"763\" data-end=\"779\">Wesentliche Merkmale<\/strong><\/h2>\n<ul data-start=\"781\" data-end=\"2129\">\n<li data-start=\"781\" data-end=\"1060\">\n<p data-start=\"783\" data-end=\"1060\"><strong data-start=\"783\" data-end=\"807\">\u00a04 Elektromotoren<\/strong><br \/>\nDie B136 ist ausgestattet mit <strong data-start=\"836\" data-end=\"863\">vier elektrische Stellantriebe<\/strong> die unabh\u00e4ngig voneinander die <strong data-start=\"895\" data-end=\"942\">H\u00f6he, Neigung der R\u00fcckenlehne und Sitzneigung<\/strong>. Die Einstellung erfolgt sanft und pr\u00e4zise \u00fcber <strong data-start=\"983\" data-end=\"1018\">Fu\u00dfschalter oder Handfernbedienung<\/strong>zur Verbesserung der Arbeitsabl\u00e4ufe und des Kundenkomforts.<\/p>\n<\/li>\n<li data-start=\"1062\" data-end=\"1297\">\n<p data-start=\"1064\" data-end=\"1297\"><strong data-start=\"1064\" data-end=\"1092\">\u00a0Umweltfreundlicher Komfort<\/strong><br \/>\nGepolstert mit <strong data-start=\"1112\" data-end=\"1158\">wasserdichtes, umweltfreundliches Kunstleder<\/strong>und gef\u00fcllt mit <strong data-start=\"1176\" data-end=\"1197\">hochdichter Schaumstoff<\/strong>Diese Liege bietet ein luxuri\u00f6ses Gef\u00fchl und eine au\u00dfergew\u00f6hnliche Haltbarkeit - perfekt f\u00fcr lange Behandlungssitzungen.<\/p>\n<\/li>\n<li data-start=\"1299\" data-end=\"1578\">\n<p data-start=\"1301\" data-end=\"1578\"><strong data-start=\"1301\" data-end=\"1330\">\u00a0Starker &amp; stilvoller Rahmen<\/strong><br \/>\nDer Grundrahmen ist aus folgenden Materialien gefertigt <strong data-start=\"1364\" data-end=\"1410\">mehrschichtiges Massivholz und rostfreier Stahl<\/strong>und gew\u00e4hrleistet eine <strong data-start=\"1423\" data-end=\"1445\">hohe Tragf\u00e4higkeit<\/strong> und verl\u00e4ngerte Lebensdauer. Die Oberfl\u00e4che hat eine <strong data-start=\"1487\" data-end=\"1533\">feuchtigkeitsbest\u00e4ndige, korrosionssch\u00fctzende Beschichtung<\/strong>und beh\u00e4lt auch bei starker Beanspruchung ein elegantes Aussehen.<\/p>\n<\/li>\n<li data-start=\"1580\" data-end=\"1758\">\n<p data-start=\"1582\" data-end=\"1758\"><strong data-start=\"1582\" data-end=\"1610\">\u00a0Ambientale Basisbeleuchtung<\/strong><br \/>\nEinzigartig <strong data-start=\"1622\" data-end=\"1641\">Lichteffekt<\/strong> an der Basis sorgt f\u00fcr ein modernes, stimmungsvolles Licht, das Ihren Behandlungsraum aufwertet und das Gesamterlebnis f\u00fcr den Kunden verbessert.<\/p>\n<\/li>\n<li data-start=\"1760\" data-end=\"1936\">\n<p data-start=\"1762\" data-end=\"1936\"><strong data-start=\"1762\" data-end=\"1787\">\u00a0Abnehmbare Armlehnen<\/strong><br \/>\nArmlehnen sind <strong data-start=\"1803\" data-end=\"1824\">leicht abnehmbar<\/strong>Sie sind so konzipiert, dass sie zur Farbe des Bettes passen und eine gr\u00f6\u00dfere Flexibilit\u00e4t f\u00fcr verschiedene Verfahren oder K\u00f6rpertypen des Kunden bieten.<\/p>\n<\/li>\n<li data-start=\"1938\" data-end=\"2129\">\n<p data-start=\"1940\" data-end=\"2129\"><strong data-start=\"1940\" data-end=\"1976\">\u00a0Kompaktes und vielseitiges Design<\/strong><br \/>\nMit einem platzsparenden Fu\u00dfabdruck von <strong data-start=\"2015\" data-end=\"2030\">195 \u00d7 75 cm<\/strong>Der B136 f\u00fcgt sich nahtlos in die meisten Behandlungsr\u00e4ume ein, ohne dabei Kompromisse bei Funktionalit\u00e4t und Komfort einzugehen.<\/p>\n<\/li>\n<\/ul>\n<h3 data-start=\"2136\" data-end=\"2161\"><strong data-start=\"2143\" data-end=\"2161\">Spezifikationen<\/strong><\/h3>\n<div class=\"_tableContainer_16hzy_1\">\n<div class=\"_tableWrapper_16hzy_14 group flex w-fit flex-col-reverse\" tabindex=\"-1\">\n<table class=\"w-fit min-w-(--thread-content-width)\" data-start=\"2162\" data-end=\"2610\">\n<thead data-start=\"2162\" data-end=\"2180\">\n<tr data-start=\"2162\" data-end=\"2180\">\n<th data-start=\"2162\" data-end=\"2169\" data-col-size=\"sm\">Artikel<\/th>\n<th data-start=\"2169\" data-end=\"2180\" data-col-size=\"sm\">Einzelheiten<\/th>\n<\/tr>\n<\/thead>\n<tbody data-start=\"2200\" data-end=\"2610\">\n<tr data-start=\"2200\" data-end=\"2220\">\n<td data-start=\"2200\" data-end=\"2212\" data-col-size=\"sm\"><strong data-start=\"2202\" data-end=\"2211\">Modell<\/strong><\/td>\n<td data-col-size=\"sm\" data-start=\"2212\" data-end=\"2220\">B136<\/td>\n<\/tr>\n<tr data-start=\"2221\" data-end=\"2261\">\n<td data-start=\"2221\" data-end=\"2238\" data-col-size=\"sm\"><strong data-start=\"2223\" data-end=\"2237\">Abmessungen<\/strong><\/td>\n<td data-col-size=\"sm\" data-start=\"2238\" data-end=\"2261\">195 \u00d7 75 \u00d7 67-91 cm<\/td>\n<\/tr>\n<tr data-start=\"2262\" data-end=\"2312\">\n<td data-start=\"2262\" data-end=\"2286\" data-col-size=\"sm\"><strong data-start=\"2264\" data-end=\"2285\">H\u00f6henverstellung<\/strong><\/td>\n<td data-col-size=\"sm\" data-start=\"2286\" data-end=\"2312\">Elektrisch (4 Antriebe)<\/td>\n<\/tr>\n<tr data-start=\"2313\" data-end=\"2356\">\n<td data-start=\"2313\" data-end=\"2328\" data-col-size=\"sm\"><strong data-start=\"2315\" data-end=\"2327\">Material<\/strong><\/td>\n<td data-col-size=\"sm\" data-start=\"2328\" data-end=\"2356\">Metall, Kunstleder<\/td>\n<\/tr>\n<tr data-start=\"2357\" data-end=\"2407\">\n<td data-start=\"2357\" data-end=\"2369\" data-col-size=\"sm\"><strong data-start=\"2359\" data-end=\"2368\">Rahmen<\/strong><\/td>\n<td data-col-size=\"sm\" data-start=\"2369\" data-end=\"2407\">Mehrschichtiges Holz + rostfreier Stahl<\/td>\n<\/tr>\n<tr data-start=\"2408\" data-end=\"2446\">\n<td data-start=\"2408\" data-end=\"2422\" data-col-size=\"sm\"><strong data-start=\"2410\" data-end=\"2421\">Kontrolle<\/strong><\/td>\n<td data-col-size=\"sm\" data-start=\"2422\" data-end=\"2446\">Fernbedienung + Fu\u00dfschalter<\/td>\n<\/tr>\n<tr data-start=\"2447\" data-end=\"2469\">\n<td data-start=\"2447\" data-end=\"2460\" data-col-size=\"sm\"><strong data-start=\"2449\" data-end=\"2459\">Gewicht<\/strong><\/td>\n<td data-col-size=\"sm\" data-start=\"2460\" data-end=\"2469\">130kg<\/td>\n<\/tr>\n<tr data-start=\"2470\" data-end=\"2509\">\n<td data-start=\"2470\" data-end=\"2489\" data-col-size=\"sm\"><strong data-start=\"2472\" data-end=\"2488\">Packungsgr\u00f6\u00dfe<\/strong><\/td>\n<td data-col-size=\"sm\" data-start=\"2489\" data-end=\"2509\">210 \u00d7 88 \u00d7 85 cm<\/td>\n<\/tr>\n<tr data-start=\"2510\" data-end=\"2533\">\n<td data-start=\"2510\" data-end=\"2523\" data-col-size=\"sm\"><strong data-start=\"2512\" data-end=\"2522\">Band<\/strong><\/td>\n<td data-col-size=\"sm\" data-start=\"2523\" data-end=\"2533\">1.5 m\u00b3<\/td>\n<\/tr>\n<tr data-start=\"2534\" data-end=\"2561\">\n<td data-start=\"2534\" data-end=\"2548\" data-col-size=\"sm\"><strong data-start=\"2536\" data-end=\"2547\">OEM\/ODM<\/strong><\/td>\n<td data-col-size=\"sm\" data-start=\"2548\" data-end=\"2561\">Verf\u00fcgbar<\/td>\n<\/tr>\n<tr data-start=\"2562\" data-end=\"2610\">\n<td data-start=\"2562\" data-end=\"2588\" data-col-size=\"sm\"><strong data-start=\"2564\" data-end=\"2587\">Produktionskapazit\u00e4t<\/strong><\/td>\n<td data-col-size=\"sm\" data-start=\"2588\" data-end=\"2610\">50.000 Einheiten\/Monat<\/td>\n<\/tr>\n<\/tbody>\n<\/table>\n<\/div>\n<h3 data-start=\"2617\" data-end=\"2652\"><strong data-start=\"2624\" data-end=\"2652\">Bestellung &amp; Anpassung<\/strong><\/h3>\n<ul data-start=\"2654\" data-end=\"2910\">\n<li data-start=\"2654\" data-end=\"2722\">\n<p data-start=\"2656\" data-end=\"2722\"><strong data-start=\"2656\" data-end=\"2671\">MOQ \/ Preis<\/strong>: Bitte mailen Sie uns f\u00fcr aktuelle MOQ und FOB Preise<\/p>\n<\/li>\n<li data-start=\"2723\" data-end=\"2796\">\n<p data-start=\"2725\" data-end=\"2796\"><strong data-start=\"2725\" data-end=\"2742\">Farboptionen<\/strong>: Kundenspezifische Leder und Oberfl\u00e4chen auf Anfrage erh\u00e4ltlich<\/p>\n<\/li>\n<li data-start=\"2797\" data-end=\"2828\">\n<p data-start=\"2799\" data-end=\"2828\"><strong data-start=\"2799\" data-end=\"2816\">Zahlungsbedingungen<\/strong>: P\/P, T\/T<\/p>\n<\/li>\n<li data-start=\"2829\" data-end=\"2910\">\n<p data-start=\"2831\" data-end=\"2910\"><strong data-start=\"2831\" data-end=\"2844\">Vorlaufzeit<\/strong>: Kurze Vorlaufzeit f\u00fcr Gro\u00dfbestellungen; kontaktieren Sie uns f\u00fcr Versandoptionen<\/p>\n<\/li>\n<\/ul>\n<h2 data-start=\"2917\" data-end=\"2965\"><strong>Warum sollten Sie sich f\u00fcr die elektrische Massageliege B136 entscheiden?<\/strong><\/h2>\n<blockquote data-start=\"2967\" data-end=\"3281\">\n<p data-start=\"2969\" data-end=\"3281\">Ob Sie nun eine luxuri\u00f6se Gesichtsbehandlung, eine Ganzk\u00f6rpermassage oder eine intensive Spa-Behandlung anbieten, die <strong data-start=\"3064\" data-end=\"3079\">Leadir B136<\/strong> bietet <strong data-start=\"3089\" data-end=\"3114\">Pr\u00e4zisionspositionierung<\/strong>, <strong data-start=\"3116\" data-end=\"3137\">Entspannung des Kunden<\/strong>und <strong data-start=\"3143\" data-end=\"3163\">\u00e4sthetischer Anklang<\/strong> - alles in einem intelligenten Design. Es ist mehr als nur ein Bett; es ist ein unverzichtbares Werkzeug f\u00fcr moderne Wellness-Profis.<\/p>\n<\/blockquote>\n<h2 data-start=\"2969\" data-end=\"3281\"><strong>H\u00e4ufig gestellte Fragen (FAQ)<\/strong><\/h2>\n<\/div>\n<p data-start=\"578\" data-end=\"821\"><strong data-start=\"578\" data-end=\"653\">Q1: Welche elektrischen Einstellm\u00f6glichkeiten bietet die Behandlungsliege Leadir B136?<\/strong><br data-start=\"653\" data-end=\"656\" \/>A1: Die B136 hat <strong data-start=\"673\" data-end=\"700\">vier elektrische Stellantriebe<\/strong> die die H\u00f6he, den Winkel der R\u00fcckenlehne und die Neigung des Sitzes verstellen und \u00fcber eine Fernbedienung oder einen Fu\u00dfschalter gesteuert werden, um eine sanfte und pr\u00e4zise Positionierung zu erm\u00f6glichen.<\/p>\n<p data-start=\"823\" data-end=\"1020\"><strong data-start=\"823\" data-end=\"889\">Q2: F\u00fcr welche Behandlungen ist diese elektrische Massageliege geeignet?<\/strong><br data-start=\"889\" data-end=\"892\" \/>A2: Es ist ideal f\u00fcr <strong data-start=\"911\" data-end=\"985\">Massagen, Gesichtsbehandlungen, Spa-Behandlungen, Sch\u00f6nheitsanwendungen und K\u00f6rpertherapie<\/strong> in Salons, Spas und Heimstudios.<\/p>\n<p data-start=\"1022\" data-end=\"1215\"><strong data-start=\"1022\" data-end=\"1077\">F3: Ist die Polsterung wasserdicht und leicht zu reinigen?<\/strong><br data-start=\"1077\" data-end=\"1080\" \/>A3: Ja, das Bett verwendet <strong data-start=\"1102\" data-end=\"1148\">wasserdichtes, umweltfreundliches Kunstleder<\/strong> das langlebig und in professionellen Umgebungen leicht zu pflegen ist.<\/p>\n<p data-start=\"1217\" data-end=\"1394\"><strong data-start=\"1217\" data-end=\"1272\">F4: Wie hoch ist die maximale Belastbarkeit des Bettes?<\/strong><br data-start=\"1272\" data-end=\"1275\" \/>A4: Die B136 unterst\u00fctzt bis zu <strong data-start=\"1303\" data-end=\"1337\">200 kg (ungef\u00e4hr 440 lbs)<\/strong> durch seinen stabilen Metallrahmen und den mehrschichtigen Holzsockel.<\/p>\n<p data-start=\"1396\" data-end=\"1562\"><strong data-start=\"1396\" data-end=\"1431\">F5: Sind die Armlehnen abnehmbar?<\/strong><br data-start=\"1431\" data-end=\"1434\" \/>A5: Ja, die Armlehnen sind <strong data-start=\"1460\" data-end=\"1506\">abnehmbar und passend zum Bett gepolstert<\/strong>und erm\u00f6glicht so Flexibilit\u00e4t je nach Behandlungsbedarf.<\/p>\n<p data-start=\"1564\" data-end=\"1741\"><strong data-start=\"1564\" data-end=\"1613\">F6: Passt das Bett in kleine Behandlungsr\u00e4ume?<\/strong><br data-start=\"1613\" data-end=\"1616\" \/>A6: Mit kompakten Abmessungen von <strong data-start=\"1647\" data-end=\"1680\">195cm (L\u00e4nge) x 75cm (Breite)<\/strong>Es passt gut in die meisten professionellen oder privaten Behandlungsr\u00e4ume.<\/p>\n<p data-start=\"1743\" data-end=\"1939\"><strong data-start=\"1743\" data-end=\"1801\">F7: Welche Bedienelemente gibt es f\u00fcr die Verstellung des Bettes?<\/strong><br data-start=\"1801\" data-end=\"1804\" \/>A7: Anpassungen k\u00f6nnen mit einem <strong data-start=\"1840\" data-end=\"1867\">Handfernbedienung<\/strong> oder eine <strong data-start=\"1873\" data-end=\"1888\">Fu\u00dfschalter<\/strong>und bietet Komfort und Bequemlichkeit bei der Behandlung.<\/p>\n<p data-start=\"1941\" data-end=\"2088\"><strong data-start=\"1941\" data-end=\"1987\">F8: Ist eine OEM- oder ODM-Anpassung m\u00f6glich?<\/strong><br data-start=\"1987\" data-end=\"1990\" \/>A8: Ja, wir bieten <strong data-start=\"2008\" data-end=\"2032\">OEM- und ODM-Dienstleistungen<\/strong>einschlie\u00dflich anpassbarer Polsterfarben und -ausf\u00fchrungen.<\/p>\n<\/div>\n<\/div>","protected":false},"excerpt":{"rendered":"<h3 data-start=\"197\" data-end=\"260\">Komfort trifft auf Innovation - konzipiert f\u00fcr professionelle R\u00e4ume<\/h3>\n<p data-start=\"262\" data-end=\"750\">Die <strong data-start=\"266\" data-end=\"281\">Leadir B136<\/strong> elektrische Behandlungsliege ist die perfekte Verschmelzung von <strong data-start=\"330\" data-end=\"362\">elegantes Design, Benutzerkomfort<\/strong>und <strong data-start=\"368\" data-end=\"394\">erweiterte Anpassungsf\u00e4higkeit<\/strong>und damit ideal f\u00fcr <strong data-start=\"416\" data-end=\"468\">Sch\u00f6nheitssalons, Massagezentren, Wellness-Kliniken<\/strong>und sogar <strong data-start=\"479\" data-end=\"495\">Heimstudios<\/strong>. Gebaut mit einer robusten Struktur und angetrieben durch <strong data-start=\"542\" data-end=\"569\">vier elektrische Stellantriebe<\/strong>Er bietet eine m\u00fchelose Steuerung der H\u00f6he, der R\u00fcckenlehne und der Sitzneigung, so dass jeder Kunde ein individuelles Erlebnis hat und Profis optimale Arbeitsbedingungen genie\u00dfen k\u00f6nnen.<\/p>","protected":false},"featured_media":603,"comment_status":"open","ping_status":"closed","template":"","meta":[],"product_brand":[],"product_cat":[18,57],"product_tag":[],"class_list":{"0":"post-253","1":"product","2":"type-product","3":"status-publish","4":"has-post-thumbnail","6":"product_cat-new-products","7":"product_cat-electric-beauty-beds","9":"first","10":"instock","11":"shipping-taxable","12":"product-type-variable"},"_links":{"self":[{"href":"https:\/\/www.salonfurniture88.com\/de\/wp-json\/wp\/v2\/product\/253","targetHints":{"allow":["GET"]}}],"collection":[{"href":"https:\/\/www.salonfurniture88.com\/de\/wp-json\/wp\/v2\/product"}],"about":[{"href":"https:\/\/www.salonfurniture88.com\/de\/wp-json\/wp\/v2\/types\/product"}],"replies":[{"embeddable":true,"href":"https:\/\/www.salonfurniture88.com\/de\/wp-json\/wp\/v2\/comments?post=253"}],"wp:featuredmedia":[{"embeddable":true,"href":"https:\/\/www.salonfurniture88.com\/de\/wp-json\/wp\/v2\/media\/603"}],"wp:attachment":[{"href":"https:\/\/www.salonfurniture88.com\/de\/wp-json\/wp\/v2\/media?parent=253"}],"wp:term":[{"taxonomy":"product_brand","embeddable":true,"href":"https:\/\/www.salonfurniture88.com\/de\/wp-json\/wp\/v2\/product_brand?post=253"},{"taxonomy":"product_cat","embeddable":true,"href":"https:\/\/www.salonfurniture88.com\/de\/wp-json\/wp\/v2\/product_cat?post=253"},{"taxonomy":"product_tag","embeddable":true,"href":"https:\/\/www.salonfurniture88.com\/de\/wp-json\/wp\/v2\/product_tag?post=253"}],"curies":[{"name":"wp","href":"https:\/\/api.w.org\/{rel}","templated":true}]}}