{"id":342,"date":"2025-04-17T02:36:42","date_gmt":"2025-04-17T02:36:42","guid":{"rendered":"http:\/\/www.leadirsalon.com\/?page_id=342"},"modified":"2025-07-15T08:01:31","modified_gmt":"2025-07-15T08:01:31","slug":"team","status":"publish","type":"page","link":"https:\/\/www.salonfurniture88.com\/de_de_formal\/team\/","title":{"rendered":"Unser Team - erfahrene Experten hinter der Salonm\u00f6bel-Innovation"},"content":{"rendered":"<div id=\"gap-603718876\" class=\"gap-element clearfix\" style=\"display:block; height:auto;\">\n\t\t\n<style>\n#gap-603718876 {\n  padding-top: 200px;\n}\n<\/style>\n\t<\/div>\n\t\n\n<div class=\"row row-full-width\"  id=\"row-2132787961\">\n\n\n\t<div id=\"col-772120378\" class=\"col medium-4 small-12 large-4\"  >\n\t\t\t\t<div class=\"col-inner\"  >\n\t\t\t\n\t\t\t\n\n\t<div id=\"text-2493200091\" class=\"text\">\n\t\t\n\n<h1 class=\"title\"><strong>Unser Team<\/strong><\/h1>\n\t\t\n<style>\n#text-2493200091 {\n  font-size: 1.5rem;\n  color: rgb(0,0,0);\n}\n#text-2493200091 > * {\n  color: rgb(0,0,0);\n}\n<\/style>\n\t<\/div>\n\t\n\n\t\t<\/div>\n\t\t\t\t\n<style>\n#col-772120378 > .col-inner {\n  padding: 0px 0px 0px 50px;\n}\n<\/style>\n\t<\/div>\n\n\t\n\n<\/div>\n<div class=\"is-divider divider clearfix\" style=\"max-width:100%;height:1px;\"><\/div>\n\n<div class=\"row row-full-width hide-for-small\"  id=\"row-739824825\">\n\n\n\t<div id=\"col-946553270\" class=\"col medium-3 small-12 large-3\"  >\n\t\t\t\t<div class=\"col-inner\"  >\n\t\t\t\n\t\t\t\n\n\t<div id=\"text-1690944391\" class=\"text\">\n\t\t\n\n<h2><i><strong>\ud83d\udd34<\/strong><\/i><strong>Es dreht sich alles um Menschen<\/strong><\/h2>\n\t\t\n<style>\n#text-1690944391 {\n  font-size: 0.75rem;\n  color: rgb(0,0,0);\n}\n#text-1690944391 > * {\n  color: rgb(0,0,0);\n}\n<\/style>\n\t<\/div>\n\t\n\n\t\t<\/div>\n\t\t\t\t\n<style>\n#col-946553270 > .col-inner {\n  padding: 0px 0px 0px 50px;\n}\n<\/style>\n\t<\/div>\n\n\t\n\n\t<div id=\"col-2037309112\" class=\"col medium-9 small-12 large-9\"  data-animate=\"bounceInUp\">\n\t\t\t\t<div class=\"col-inner text-left\"  >\n\t\t\t\n\t\t\t\n\n\t<div id=\"text-490514531\" class=\"text\">\n\t\t\n\n<p>Wir verstehen unser Team und sind bestrebt, ein Umfeld zu schaffen, in dem es sein volles Potenzial entfalten kann. Unser Team kann Ihnen dabei helfen, die richtige L\u00f6sung f\u00fcr Ihre Projektanforderungen zu finden. Ganz gleich, ob Sie Beratung, einen Kostenvoranschlag oder ein Gespr\u00e4ch ben\u00f6tigen, unser Team ist f\u00fcr Sie da.<\/p>\n\t\t\n<style>\n#text-490514531 {\n  color: rgb(0,0,0);\n}\n#text-490514531 > * {\n  color: rgb(0,0,0);\n}\n<\/style>\n\t<\/div>\n\t\n\n\t\t<\/div>\n\t\t\t\t\n<style>\n#col-2037309112 > .col-inner {\n  padding: 0px 50px 0px 230px;\n}\n<\/style>\n\t<\/div>\n\n\t\n\n<\/div>\n<div class=\"row row-full-width show-for-small\"  id=\"row-72999676\">\n\n\n\t<div id=\"col-1535497243\" class=\"col medium-3 small-12 large-3\"  >\n\t\t\t\t<div class=\"col-inner\"  >\n\t\t\t\n\t\t\t\n\n\t<div id=\"text-3645447455\" class=\"text\">\n\t\t\n\n<h2><i><strong>\ud83d\udd34<\/strong><\/i><strong>Es dreht sich alles um Menschen<\/strong><\/h2>\n\t\t\n<style>\n#text-3645447455 {\n  font-size: 0.75rem;\n  color: rgb(0,0,0);\n}\n#text-3645447455 > * {\n  color: rgb(0,0,0);\n}\n<\/style>\n\t<\/div>\n\t\n\n\t\t<\/div>\n\t\t\t\t\n<style>\n#col-1535497243 > .col-inner {\n  padding: 0px 0px 0px 50px;\n}\n<\/style>\n\t<\/div>\n\n\t\n\n\t<div id=\"col-547443792\" class=\"col medium-9 small-12 large-9\"  data-animate=\"bounceInUp\">\n\t\t\t\t<div class=\"col-inner text-left\"  >\n\t\t\t\n\t\t\t\n\n\t<div id=\"text-121807383\" class=\"text\">\n\t\t\n\n<p>Wir verstehen unser Team und sind bestrebt, ein Umfeld zu schaffen, in dem es sein volles Potenzial entfalten kann. Unser Team kann Ihnen dabei helfen, die richtige L\u00f6sung f\u00fcr Ihre Projektanforderungen zu finden. Ganz gleich, ob Sie Beratung, einen Kostenvoranschlag oder ein Gespr\u00e4ch ben\u00f6tigen, unser Team ist f\u00fcr Sie da.<\/p>\n\t\t\n<style>\n#text-121807383 {\n  color: rgb(0,0,0);\n}\n#text-121807383 > * {\n  color: rgb(0,0,0);\n}\n<\/style>\n\t<\/div>\n\t\n\n\t\t<\/div>\n\t\t\t\t\n<style>\n#col-547443792 > .col-inner {\n  padding: 0px 0px 0px 0px;\n}\n<\/style>\n\t<\/div>\n\n\t\n\n<\/div>\n<div class=\"row row-full-width\"  id=\"row-314672753\">\n\n\n\t<div id=\"col-354335276\" class=\"col medium-3 small-12 large-3\"  >\n\t\t\t\t<div class=\"col-inner\"  >\n\t\t\t\n\t\t\t\n\n\n\t\t<\/div>\n\t\t\t\t\t<\/div>\n\n\t\n\n\t<div id=\"col-136707776\" class=\"col medium-9 small-12 large-9\"  >\n\t\t\t\t<div class=\"col-inner\"  >\n\t\t\t\n\t\t\t\n\n<div class=\"row row-full-width\"  id=\"row-850749302\">\n\n\n\t<div id=\"col-1912546518\" class=\"col medium-4 small-12 large-4\"  data-animate=\"bounceInUp\">\n\t\t\t\t<div class=\"col-inner\"  >\n\t\t\t\n\t\t\t\n\n\t<div class=\"box has-hover   has-hover box-text-bottom\" >\n\n\t\t<div class=\"box-image\" >\n\t\t\t\t\t\t<div class=\"\" >\n\t\t\t\t<img loading=\"lazy\" decoding=\"async\" width=\"1080\" height=\"1376\" src=\"https:\/\/www.salonfurniture88.com\/wp-content\/uploads\/2025\/07\/\u5fae\u4fe1\u56fe\u7247_20250715144246.webp\" class=\"attachment- size-\" alt=\"\" srcset=\"https:\/\/www.salonfurniture88.com\/wp-content\/uploads\/2025\/07\/\u5fae\u4fe1\u56fe\u7247_20250715144246.webp 1080w, https:\/\/www.salonfurniture88.com\/wp-content\/uploads\/2025\/07\/\u5fae\u4fe1\u56fe\u7247_20250715144246-235x300.webp 235w, https:\/\/www.salonfurniture88.com\/wp-content\/uploads\/2025\/07\/\u5fae\u4fe1\u56fe\u7247_20250715144246-804x1024.webp 804w, https:\/\/www.salonfurniture88.com\/wp-content\/uploads\/2025\/07\/\u5fae\u4fe1\u56fe\u7247_20250715144246-768x978.webp 768w, https:\/\/www.salonfurniture88.com\/wp-content\/uploads\/2025\/07\/\u5fae\u4fe1\u56fe\u7247_20250715144246-9x12.webp 9w, https:\/\/www.salonfurniture88.com\/wp-content\/uploads\/2025\/07\/\u5fae\u4fe1\u56fe\u7247_20250715144246-600x764.webp 600w\" sizes=\"auto, (max-width: 1080px) 100vw, 1080px\" \/>\t\t\t\t\t\t\t\t\t\t\t<\/div>\n\t\t\t\t\t<\/div>\n\n\t\t<div class=\"box-text text-center\" >\n\t\t\t<div class=\"box-text-inner\">\n\t\t\t\t\n\n<h4>Anby Wang<\/h4>\n<p>Kundenbetreuer<\/p>\n\n\t\t\t<\/div>\n\t\t<\/div>\n\t<\/div>\n\t\n\t<div class=\"box has-hover   has-hover box-text-bottom\" >\n\n\t\t<div class=\"box-image\" >\n\t\t\t\t\t\t<div class=\"\" >\n\t\t\t\t<img loading=\"lazy\" decoding=\"async\" width=\"1080\" height=\"1376\" src=\"https:\/\/www.salonfurniture88.com\/wp-content\/uploads\/2025\/07\/\u5fae\u4fe1\u56fe\u7247_20250715143526.webp\" class=\"attachment- size-\" alt=\"\" srcset=\"https:\/\/www.salonfurniture88.com\/wp-content\/uploads\/2025\/07\/\u5fae\u4fe1\u56fe\u7247_20250715143526.webp 1080w, https:\/\/www.salonfurniture88.com\/wp-content\/uploads\/2025\/07\/\u5fae\u4fe1\u56fe\u7247_20250715143526-235x300.webp 235w, https:\/\/www.salonfurniture88.com\/wp-content\/uploads\/2025\/07\/\u5fae\u4fe1\u56fe\u7247_20250715143526-804x1024.webp 804w, https:\/\/www.salonfurniture88.com\/wp-content\/uploads\/2025\/07\/\u5fae\u4fe1\u56fe\u7247_20250715143526-768x978.webp 768w, https:\/\/www.salonfurniture88.com\/wp-content\/uploads\/2025\/07\/\u5fae\u4fe1\u56fe\u7247_20250715143526-9x12.webp 9w, https:\/\/www.salonfurniture88.com\/wp-content\/uploads\/2025\/07\/\u5fae\u4fe1\u56fe\u7247_20250715143526-600x764.webp 600w\" sizes=\"auto, (max-width: 1080px) 100vw, 1080px\" \/>\t\t\t\t\t\t\t\t\t\t\t<\/div>\n\t\t\t\t\t<\/div>\n\n\t\t<div class=\"box-text text-center\" >\n\t\t\t<div class=\"box-text-inner\">\n\t\t\t\t\n\n<h4>Stella Yang<\/h4>\n<p>Kundenbetreuer<\/p>\n\n\t\t\t<\/div>\n\t\t<\/div>\n\t<\/div>\n\t\n\t<div class=\"box has-hover   has-hover box-text-bottom\" >\n\n\t\t<div class=\"box-image\" >\n\t\t\t\t\t\t<div class=\"\" >\n\t\t\t\t<img loading=\"lazy\" decoding=\"async\" width=\"1080\" height=\"1376\" src=\"https:\/\/www.salonfurniture88.com\/wp-content\/uploads\/2025\/07\/6df22ce8031d054cb0fc4d6ebb4d489.webp\" class=\"attachment- size-\" alt=\"\" srcset=\"https:\/\/www.salonfurniture88.com\/wp-content\/uploads\/2025\/07\/6df22ce8031d054cb0fc4d6ebb4d489.webp 1080w, https:\/\/www.salonfurniture88.com\/wp-content\/uploads\/2025\/07\/6df22ce8031d054cb0fc4d6ebb4d489-235x300.webp 235w, https:\/\/www.salonfurniture88.com\/wp-content\/uploads\/2025\/07\/6df22ce8031d054cb0fc4d6ebb4d489-804x1024.webp 804w, https:\/\/www.salonfurniture88.com\/wp-content\/uploads\/2025\/07\/6df22ce8031d054cb0fc4d6ebb4d489-768x978.webp 768w, https:\/\/www.salonfurniture88.com\/wp-content\/uploads\/2025\/07\/6df22ce8031d054cb0fc4d6ebb4d489-9x12.webp 9w, https:\/\/www.salonfurniture88.com\/wp-content\/uploads\/2025\/07\/6df22ce8031d054cb0fc4d6ebb4d489-600x764.webp 600w\" sizes=\"auto, (max-width: 1080px) 100vw, 1080px\" \/>\t\t\t\t\t\t\t\t\t\t\t<\/div>\n\t\t\t\t\t<\/div>\n\n\t\t<div class=\"box-text text-center\" >\n\t\t\t<div class=\"box-text-inner\">\n\t\t\t\t\n\n<h4>Akikwan<\/h4>\n<p>Kundenbetreuer<\/p>\n\n\t\t\t<\/div>\n\t\t<\/div>\n\t<\/div>\n\t\n\n\t\t<\/div>\n\t\t\t\t\t<\/div>\n\n\t\n\n\t<div id=\"col-932376563\" class=\"col medium-4 small-12 large-4\"  >\n\t\t\t\t<div class=\"col-inner\"  >\n\t\t\t\n\t\t\t\n\n\t<div class=\"box has-hover   has-hover box-text-bottom\" >\n\n\t\t<div class=\"box-image\" >\n\t\t\t\t\t\t<div class=\"\" >\n\t\t\t\t<img loading=\"lazy\" decoding=\"async\" width=\"1080\" height=\"1376\" src=\"https:\/\/www.salonfurniture88.com\/wp-content\/uploads\/2025\/07\/\u5fae\u4fe1\u56fe\u7247_20250715144142.webp\" class=\"attachment- size-\" alt=\"\" srcset=\"https:\/\/www.salonfurniture88.com\/wp-content\/uploads\/2025\/07\/\u5fae\u4fe1\u56fe\u7247_20250715144142.webp 1080w, https:\/\/www.salonfurniture88.com\/wp-content\/uploads\/2025\/07\/\u5fae\u4fe1\u56fe\u7247_20250715144142-235x300.webp 235w, https:\/\/www.salonfurniture88.com\/wp-content\/uploads\/2025\/07\/\u5fae\u4fe1\u56fe\u7247_20250715144142-804x1024.webp 804w, https:\/\/www.salonfurniture88.com\/wp-content\/uploads\/2025\/07\/\u5fae\u4fe1\u56fe\u7247_20250715144142-768x978.webp 768w, https:\/\/www.salonfurniture88.com\/wp-content\/uploads\/2025\/07\/\u5fae\u4fe1\u56fe\u7247_20250715144142-9x12.webp 9w, https:\/\/www.salonfurniture88.com\/wp-content\/uploads\/2025\/07\/\u5fae\u4fe1\u56fe\u7247_20250715144142-600x764.webp 600w\" sizes=\"auto, (max-width: 1080px) 100vw, 1080px\" \/>\t\t\t\t\t\t\t\t\t\t\t<\/div>\n\t\t\t\t\t<\/div>\n\n\t\t<div class=\"box-text text-center\" >\n\t\t\t<div class=\"box-text-inner\">\n\t\t\t\t\n\n<h4>Amy Zhang<\/h4>\n<p>Kundenbetreuer<\/p>\n\n\t\t\t<\/div>\n\t\t<\/div>\n\t<\/div>\n\t\n\t<div class=\"box has-hover   has-hover box-text-bottom\" >\n\n\t\t<div class=\"box-image\" >\n\t\t\t\t\t\t<div class=\"\" >\n\t\t\t\t<img loading=\"lazy\" decoding=\"async\" width=\"1080\" height=\"1376\" src=\"https:\/\/www.salonfurniture88.com\/wp-content\/uploads\/2025\/07\/\u5fae\u4fe1\u56fe\u7247_20250715144157.webp\" class=\"attachment- size-\" alt=\"\" srcset=\"https:\/\/www.salonfurniture88.com\/wp-content\/uploads\/2025\/07\/\u5fae\u4fe1\u56fe\u7247_20250715144157.webp 1080w, https:\/\/www.salonfurniture88.com\/wp-content\/uploads\/2025\/07\/\u5fae\u4fe1\u56fe\u7247_20250715144157-235x300.webp 235w, https:\/\/www.salonfurniture88.com\/wp-content\/uploads\/2025\/07\/\u5fae\u4fe1\u56fe\u7247_20250715144157-804x1024.webp 804w, https:\/\/www.salonfurniture88.com\/wp-content\/uploads\/2025\/07\/\u5fae\u4fe1\u56fe\u7247_20250715144157-768x978.webp 768w, https:\/\/www.salonfurniture88.com\/wp-content\/uploads\/2025\/07\/\u5fae\u4fe1\u56fe\u7247_20250715144157-9x12.webp 9w, https:\/\/www.salonfurniture88.com\/wp-content\/uploads\/2025\/07\/\u5fae\u4fe1\u56fe\u7247_20250715144157-600x764.webp 600w\" sizes=\"auto, (max-width: 1080px) 100vw, 1080px\" \/>\t\t\t\t\t\t\t\t\t\t\t<\/div>\n\t\t\t\t\t<\/div>\n\n\t\t<div class=\"box-text text-center\" >\n\t\t\t<div class=\"box-text-inner\">\n\t\t\t\t\n\n<h4>Sandy Wu<\/h4>\n<p>Kundenbetreuer<\/p>\n\n\t\t\t<\/div>\n\t\t<\/div>\n\t<\/div>\n\t\n\n\t\t<\/div>\n\t\t\t\t\t<\/div>\n\n\t\n\n\t<div id=\"col-550807045\" class=\"col medium-4 small-12 large-4\"  >\n\t\t\t\t<div class=\"col-inner\"  >\n\t\t\t\n\t\t\t\n\n\t<div class=\"box has-hover   has-hover box-text-bottom\" >\n\n\t\t<div class=\"box-image\" >\n\t\t\t\t\t\t<div class=\"\" >\n\t\t\t\t<img loading=\"lazy\" decoding=\"async\" width=\"1080\" height=\"1376\" src=\"https:\/\/www.salonfurniture88.com\/wp-content\/uploads\/2025\/07\/acb2110e09970961791a7ccea82e5312_1.webp\" class=\"attachment- size-\" alt=\"\" srcset=\"https:\/\/www.salonfurniture88.com\/wp-content\/uploads\/2025\/07\/acb2110e09970961791a7ccea82e5312_1.webp 1080w, https:\/\/www.salonfurniture88.com\/wp-content\/uploads\/2025\/07\/acb2110e09970961791a7ccea82e5312_1-235x300.webp 235w, https:\/\/www.salonfurniture88.com\/wp-content\/uploads\/2025\/07\/acb2110e09970961791a7ccea82e5312_1-804x1024.webp 804w, https:\/\/www.salonfurniture88.com\/wp-content\/uploads\/2025\/07\/acb2110e09970961791a7ccea82e5312_1-768x978.webp 768w, https:\/\/www.salonfurniture88.com\/wp-content\/uploads\/2025\/07\/acb2110e09970961791a7ccea82e5312_1-9x12.webp 9w, https:\/\/www.salonfurniture88.com\/wp-content\/uploads\/2025\/07\/acb2110e09970961791a7ccea82e5312_1-600x764.webp 600w\" sizes=\"auto, (max-width: 1080px) 100vw, 1080px\" \/>\t\t\t\t\t\t\t\t\t\t\t<\/div>\n\t\t\t\t\t<\/div>\n\n\t\t<div class=\"box-text text-center\" >\n\t\t\t<div class=\"box-text-inner\">\n\t\t\t\t\n\n<h4>Sylvia Ho<\/h4>\n<p>Kundenbetreuer<\/p>\n\n\t\t\t<\/div>\n\t\t<\/div>\n\t<\/div>\n\t\n\t<div class=\"box has-hover   has-hover box-text-bottom\" >\n\n\t\t<div class=\"box-image\" >\n\t\t\t\t\t\t<div class=\"\" >\n\t\t\t\t<img loading=\"lazy\" decoding=\"async\" width=\"1080\" height=\"1376\" src=\"https:\/\/www.salonfurniture88.com\/wp-content\/uploads\/2025\/07\/\u5fae\u4fe1\u56fe\u7247_20250715144322.webp\" class=\"attachment- size-\" alt=\"\" srcset=\"https:\/\/www.salonfurniture88.com\/wp-content\/uploads\/2025\/07\/\u5fae\u4fe1\u56fe\u7247_20250715144322.webp 1080w, https:\/\/www.salonfurniture88.com\/wp-content\/uploads\/2025\/07\/\u5fae\u4fe1\u56fe\u7247_20250715144322-235x300.webp 235w, https:\/\/www.salonfurniture88.com\/wp-content\/uploads\/2025\/07\/\u5fae\u4fe1\u56fe\u7247_20250715144322-804x1024.webp 804w, https:\/\/www.salonfurniture88.com\/wp-content\/uploads\/2025\/07\/\u5fae\u4fe1\u56fe\u7247_20250715144322-768x978.webp 768w, https:\/\/www.salonfurniture88.com\/wp-content\/uploads\/2025\/07\/\u5fae\u4fe1\u56fe\u7247_20250715144322-9x12.webp 9w, https:\/\/www.salonfurniture88.com\/wp-content\/uploads\/2025\/07\/\u5fae\u4fe1\u56fe\u7247_20250715144322-600x764.webp 600w\" sizes=\"auto, (max-width: 1080px) 100vw, 1080px\" \/>\t\t\t\t\t\t\t\t\t\t\t<\/div>\n\t\t\t\t\t<\/div>\n\n\t\t<div class=\"box-text text-center\" >\n\t\t\t<div class=\"box-text-inner\">\n\t\t\t\t\n\n<h4>Dawn Li<\/h4>\n<p>Kundenbetreuer<\/p>\n\n\t\t\t<\/div>\n\t\t<\/div>\n\t<\/div>\n\t\n\n\t\t<\/div>\n\t\t\t\t\t<\/div>\n\n\t\n\n<\/div>\n\n\t\t<\/div>\n\t\t\t\t\t<\/div>\n\n\t\n\n<\/div>","protected":false},"excerpt":{"rendered":"","protected":false},"author":1,"featured_media":0,"parent":0,"menu_order":0,"comment_status":"closed","ping_status":"closed","template":"page-blank.php","meta":{"footnotes":""},"class_list":["post-342","page","type-page","status-publish","hentry"],"_links":{"self":[{"href":"https:\/\/www.salonfurniture88.com\/de_de_formal\/wp-json\/wp\/v2\/pages\/342","targetHints":{"allow":["GET"]}}],"collection":[{"href":"https:\/\/www.salonfurniture88.com\/de_de_formal\/wp-json\/wp\/v2\/pages"}],"about":[{"href":"https:\/\/www.salonfurniture88.com\/de_de_formal\/wp-json\/wp\/v2\/types\/page"}],"author":[{"embeddable":true,"href":"https:\/\/www.salonfurniture88.com\/de_de_formal\/wp-json\/wp\/v2\/users\/1"}],"replies":[{"embeddable":true,"href":"https:\/\/www.salonfurniture88.com\/de_de_formal\/wp-json\/wp\/v2\/comments?post=342"}],"version-history":[{"count":6,"href":"https:\/\/www.salonfurniture88.com\/de_de_formal\/wp-json\/wp\/v2\/pages\/342\/revisions"}],"predecessor-version":[{"id":884,"href":"https:\/\/www.salonfurniture88.com\/de_de_formal\/wp-json\/wp\/v2\/pages\/342\/revisions\/884"}],"wp:attachment":[{"href":"https:\/\/www.salonfurniture88.com\/de_de_formal\/wp-json\/wp\/v2\/media?parent=342"}],"curies":[{"name":"wp","href":"https:\/\/api.w.org\/{rel}","templated":true}]}}