{"id":353,"date":"2025-04-17T03:01:00","date_gmt":"2025-04-17T03:01:00","guid":{"rendered":"http:\/\/www.leadirsalon.com\/?page_id=353"},"modified":"2025-07-15T07:39:44","modified_gmt":"2025-07-15T07:39:44","slug":"zertifikate","status":"publish","type":"page","link":"https:\/\/www.salonfurniture88.com\/de_de_formal\/zertifikate\/","title":{"rendered":"Produktzertifikate - Konformit\u00e4t der OEM-Salonausr\u00fcstung gew\u00e4hrleistet"},"content":{"rendered":"<div id=\"gap-1857333438\" class=\"gap-element clearfix\" style=\"display:block; height:auto;\">\n\t\t\n<style>\n#gap-1857333438 {\n  padding-top: 186px;\n}\n<\/style>\n\t<\/div>\n\t\n\n<div class=\"row row-full-width\"  id=\"row-960186677\">\n\n\n\t<div id=\"col-882962409\" class=\"col medium-4 small-12 large-4\"  data-animate=\"bounceInUp\">\n\t\t\t\t<div class=\"col-inner\"  >\n\t\t\t\n\t\t\t\n\n\t<div id=\"text-2873298790\" class=\"text\">\n\t\t\n\n<h1 class=\"title\"><strong>Zertifikate<\/strong><\/h1>\n\t\t\n<style>\n#text-2873298790 {\n  font-size: 1.5rem;\n  color: rgb(0,0,0);\n}\n#text-2873298790 > * {\n  color: rgb(0,0,0);\n}\n<\/style>\n\t<\/div>\n\t\n\n\t\t<\/div>\n\t\t\t\t\n<style>\n#col-882962409 > .col-inner {\n  padding: 0px 0px 0px 50px;\n}\n<\/style>\n\t<\/div>\n\n\t\n\n<\/div>\n<div class=\"is-divider divider clearfix\" style=\"max-width:100%;height:1px;\"><\/div>\n\n<div class=\"row row-full-width\"  id=\"row-389598050\">\n\n\n\t<div id=\"col-650357887\" class=\"col small-12 large-12\"  data-animate=\"bounceInUp\">\n\t\t\t\t<div class=\"col-inner\"  >\n\t\t\t\n\t\t\t\n\n\n\t<section class=\"section\" id=\"section_1790505716\">\n\t\t<div class=\"section-bg fill\" >\n\t\t\t\t\t\t\t\t\t\n\t\t\t\n\n\t\t<\/div>\n\n\t\t\n\n\t\t<div class=\"section-content relative\">\n\t\t\t\n\n<div class=\"slider-wrapper relative\" id=\"slider-467358754\" >\n    <div class=\"slider slider-nav-circle slider-nav-large slider-nav-dark slider-nav-outside slider-style-focus slider-show-nav\"\n        data-flickity-options='{            \"cellAlign\": \"center\",            \"imagesLoaded\": true,            \"lazyLoad\": 1,            \"freeScroll\": true,            \"wrapAround\": true,            \"autoPlay\": 4000,            \"pauseAutoPlayOnHover\" : true,            \"prevNextButtons\": true,            \"contain\" : true,            \"adaptiveHeight\" : true,            \"dragThreshold\" : 10,            \"percentPosition\": true,            \"pageDots\": true,            \"rightToLeft\": false,            \"draggable\": true,            \"selectedAttraction\": 0.1,            \"parallax\" : 0,            \"friction\": 0.6        }'\n        >\n        \n\n<div class=\"row\" style=\"max-width:382px\" id=\"row-1460539048\">\n\n\n\t<div id=\"col-1902284391\" class=\"col small-12 large-12\"  >\n\t\t\t\t<div class=\"col-inner\"  >\n\t\t\t\n\t\t\t\n\n\t<div class=\"box has-hover   has-hover box-text-bottom\" >\n\n\t\t<div class=\"box-image\" >\n\t\t\t\t\t\t<div class=\"\" >\n\t\t\t\t<img loading=\"lazy\" decoding=\"async\" width=\"336\" height=\"442\" src=\"https:\/\/www.salonfurniture88.com\/wp-content\/uploads\/2025\/07\/202330610576X\u7f8e\u5bb9\u6905\uff08B116\uff09\u5916\u89c2\u8bbe\u8ba1\u4e13\u5229\u8bc1\u4e66-\u4f5b\u5c71\u5b8f\u521a\u5bb6\u5177\u6709\u9650\u516c\u53f8-1.webp\" class=\"attachment- size-\" alt=\"\" srcset=\"https:\/\/www.salonfurniture88.com\/wp-content\/uploads\/2025\/07\/202330610576X\u7f8e\u5bb9\u6905\uff08B116\uff09\u5916\u89c2\u8bbe\u8ba1\u4e13\u5229\u8bc1\u4e66-\u4f5b\u5c71\u5b8f\u521a\u5bb6\u5177\u6709\u9650\u516c\u53f8-1.webp 336w, https:\/\/www.salonfurniture88.com\/wp-content\/uploads\/2025\/07\/202330610576X\u7f8e\u5bb9\u6905\uff08B116\uff09\u5916\u89c2\u8bbe\u8ba1\u4e13\u5229\u8bc1\u4e66-\u4f5b\u5c71\u5b8f\u521a\u5bb6\u5177\u6709\u9650\u516c\u53f8-1-228x300.webp 228w, https:\/\/www.salonfurniture88.com\/wp-content\/uploads\/2025\/07\/202330610576X\u7f8e\u5bb9\u6905\uff08B116\uff09\u5916\u89c2\u8bbe\u8ba1\u4e13\u5229\u8bc1\u4e66-\u4f5b\u5c71\u5b8f\u521a\u5bb6\u5177\u6709\u9650\u516c\u53f8-1-9x12.webp 9w\" sizes=\"auto, (max-width: 336px) 100vw, 336px\" \/>\t\t\t\t\t\t\t\t\t\t\t<\/div>\n\t\t\t\t\t<\/div>\n\n\t\t<div class=\"box-text text-center\" >\n\t\t\t<div class=\"box-text-inner\">\n\t\t\t\t\n\n<h4>Ein Titel<\/h4>\n<p>Bild Box Text<\/p>\n\n\t\t\t<\/div>\n\t\t<\/div>\n\t<\/div>\n\t\n\n\t\t<\/div>\n\t\t\t\t\t<\/div>\n\n\t\n\n<\/div>\n<div class=\"row\" style=\"max-width:382px\" id=\"row-2090581863\">\n\n\n\t<div id=\"col-169461319\" class=\"col small-12 large-12\"  >\n\t\t\t\t<div class=\"col-inner\"  >\n\t\t\t\n\t\t\t\n\n\t<div class=\"box has-hover   has-hover box-text-bottom\" >\n\n\t\t<div class=\"box-image\" >\n\t\t\t\t\t\t<div class=\"\" >\n\t\t\t\t<img loading=\"lazy\" decoding=\"async\" width=\"336\" height=\"442\" src=\"https:\/\/www.salonfurniture88.com\/wp-content\/uploads\/2025\/07\/2023306105789\u7f8e\u5bb9\u6905\uff08B103\uff09\u5916\u89c2\u8bbe\u8ba1\u4e13\u5229\u8bc1\u4e66-\u4f5b\u5c71\u5b8f\u521a\u5bb6\u5177\u6709\u9650\u516c\u53f81-1.webp\" class=\"attachment- size-\" alt=\"\" srcset=\"https:\/\/www.salonfurniture88.com\/wp-content\/uploads\/2025\/07\/2023306105789\u7f8e\u5bb9\u6905\uff08B103\uff09\u5916\u89c2\u8bbe\u8ba1\u4e13\u5229\u8bc1\u4e66-\u4f5b\u5c71\u5b8f\u521a\u5bb6\u5177\u6709\u9650\u516c\u53f81-1.webp 336w, https:\/\/www.salonfurniture88.com\/wp-content\/uploads\/2025\/07\/2023306105789\u7f8e\u5bb9\u6905\uff08B103\uff09\u5916\u89c2\u8bbe\u8ba1\u4e13\u5229\u8bc1\u4e66-\u4f5b\u5c71\u5b8f\u521a\u5bb6\u5177\u6709\u9650\u516c\u53f81-1-228x300.webp 228w, https:\/\/www.salonfurniture88.com\/wp-content\/uploads\/2025\/07\/2023306105789\u7f8e\u5bb9\u6905\uff08B103\uff09\u5916\u89c2\u8bbe\u8ba1\u4e13\u5229\u8bc1\u4e66-\u4f5b\u5c71\u5b8f\u521a\u5bb6\u5177\u6709\u9650\u516c\u53f81-1-9x12.webp 9w\" sizes=\"auto, (max-width: 336px) 100vw, 336px\" \/>\t\t\t\t\t\t\t\t\t\t\t<\/div>\n\t\t\t\t\t<\/div>\n\n\t\t<div class=\"box-text text-center\" >\n\t\t\t<div class=\"box-text-inner\">\n\t\t\t\t\n\n<h4>Ein Titel<\/h4>\n<p>Bild Box Text<\/p>\n\n\t\t\t<\/div>\n\t\t<\/div>\n\t<\/div>\n\t\n\n\t\t<\/div>\n\t\t\t\t\t<\/div>\n\n\t\n\n<\/div>\n<div class=\"row\" style=\"max-width:382px\" id=\"row-1508324048\">\n\n\n\t<div id=\"col-322481882\" class=\"col small-12 large-12\"  >\n\t\t\t\t<div class=\"col-inner\"  >\n\t\t\t\n\t\t\t\n\n\t<div class=\"box has-hover   has-hover box-text-bottom\" >\n\n\t\t<div class=\"box-image\" >\n\t\t\t\t\t\t<div class=\"\" >\n\t\t\t\t<img loading=\"lazy\" decoding=\"async\" width=\"336\" height=\"442\" src=\"https:\/\/www.salonfurniture88.com\/wp-content\/uploads\/2025\/07\/2023306105789\u7f8e\u5bb9\u6905\uff08B103\uff09\u5916\u89c2\u8bbe\u8ba1\u4e13\u5229\u8bc1\u4e66-\u4f5b\u5c71\u5b8f\u521a\u5bb6\u5177\u6709\u9650\u516c\u53f8-1.webp\" class=\"attachment- size-\" alt=\"\" srcset=\"https:\/\/www.salonfurniture88.com\/wp-content\/uploads\/2025\/07\/2023306105789\u7f8e\u5bb9\u6905\uff08B103\uff09\u5916\u89c2\u8bbe\u8ba1\u4e13\u5229\u8bc1\u4e66-\u4f5b\u5c71\u5b8f\u521a\u5bb6\u5177\u6709\u9650\u516c\u53f8-1.webp 336w, https:\/\/www.salonfurniture88.com\/wp-content\/uploads\/2025\/07\/2023306105789\u7f8e\u5bb9\u6905\uff08B103\uff09\u5916\u89c2\u8bbe\u8ba1\u4e13\u5229\u8bc1\u4e66-\u4f5b\u5c71\u5b8f\u521a\u5bb6\u5177\u6709\u9650\u516c\u53f8-1-228x300.webp 228w, https:\/\/www.salonfurniture88.com\/wp-content\/uploads\/2025\/07\/2023306105789\u7f8e\u5bb9\u6905\uff08B103\uff09\u5916\u89c2\u8bbe\u8ba1\u4e13\u5229\u8bc1\u4e66-\u4f5b\u5c71\u5b8f\u521a\u5bb6\u5177\u6709\u9650\u516c\u53f8-1-9x12.webp 9w\" sizes=\"auto, (max-width: 336px) 100vw, 336px\" \/>\t\t\t\t\t\t\t\t\t\t\t<\/div>\n\t\t\t\t\t<\/div>\n\n\t\t<div class=\"box-text text-center\" >\n\t\t\t<div class=\"box-text-inner\">\n\t\t\t\t\n\n<h4>Ein Titel<\/h4>\n<p>Bild Box Text<\/p>\n\n\t\t\t<\/div>\n\t\t<\/div>\n\t<\/div>\n\t\n\n\t\t<\/div>\n\t\t\t\t\t<\/div>\n\n\t\n\n<\/div>\n<div class=\"row\" style=\"max-width:382px\" id=\"row-1201756077\">\n\n\n\t<div id=\"col-233540625\" class=\"col small-12 large-12\"  >\n\t\t\t\t<div class=\"col-inner\"  >\n\t\t\t\n\t\t\t\n\n\t<div class=\"box has-hover   has-hover box-text-bottom\" >\n\n\t\t<div class=\"box-image\" >\n\t\t\t\t\t\t<div class=\"\" >\n\t\t\t\t<img loading=\"lazy\" decoding=\"async\" width=\"336\" height=\"442\" src=\"https:\/\/www.salonfurniture88.com\/wp-content\/uploads\/2025\/07\/2024304675528-\u5916\u89c2\u8bbe\u8ba1\u4e13\u5229\u8bc1\u4e66-\u6d17\u5934\u5e8a\uff080723\uff09-\u4f5b\u5c71\u5e02\u4e91\u9886\u5bb6\u5177\u6709\u9650\u516c\u53f8.webp\" class=\"attachment- size-\" alt=\"\" srcset=\"https:\/\/www.salonfurniture88.com\/wp-content\/uploads\/2025\/07\/2024304675528-\u5916\u89c2\u8bbe\u8ba1\u4e13\u5229\u8bc1\u4e66-\u6d17\u5934\u5e8a\uff080723\uff09-\u4f5b\u5c71\u5e02\u4e91\u9886\u5bb6\u5177\u6709\u9650\u516c\u53f8.webp 336w, https:\/\/www.salonfurniture88.com\/wp-content\/uploads\/2025\/07\/2024304675528-\u5916\u89c2\u8bbe\u8ba1\u4e13\u5229\u8bc1\u4e66-\u6d17\u5934\u5e8a\uff080723\uff09-\u4f5b\u5c71\u5e02\u4e91\u9886\u5bb6\u5177\u6709\u9650\u516c\u53f8-228x300.webp 228w, https:\/\/www.salonfurniture88.com\/wp-content\/uploads\/2025\/07\/2024304675528-\u5916\u89c2\u8bbe\u8ba1\u4e13\u5229\u8bc1\u4e66-\u6d17\u5934\u5e8a\uff080723\uff09-\u4f5b\u5c71\u5e02\u4e91\u9886\u5bb6\u5177\u6709\u9650\u516c\u53f8-9x12.webp 9w\" sizes=\"auto, (max-width: 336px) 100vw, 336px\" \/>\t\t\t\t\t\t\t\t\t\t\t<\/div>\n\t\t\t\t\t<\/div>\n\n\t\t<div class=\"box-text text-center\" >\n\t\t\t<div class=\"box-text-inner\">\n\t\t\t\t\n\n<h4>Ein Titel<\/h4>\n<p>Bild Box Text<\/p>\n\n\t\t\t<\/div>\n\t\t<\/div>\n\t<\/div>\n\t\n\n\t\t<\/div>\n\t\t\t\t\t<\/div>\n\n\t\n\n<\/div>\n<div class=\"row\" style=\"max-width:382px\" id=\"row-1412673640\">\n\n\n\t<div id=\"col-767382156\" class=\"col small-12 large-12\"  >\n\t\t\t\t<div class=\"col-inner\"  >\n\t\t\t\n\t\t\t\n\n\t<div class=\"box has-hover   has-hover box-text-bottom\" >\n\n\t\t<div class=\"box-image\" >\n\t\t\t\t\t\t<div class=\"\" >\n\t\t\t\t<img loading=\"lazy\" decoding=\"async\" width=\"336\" height=\"442\" src=\"https:\/\/www.salonfurniture88.com\/wp-content\/uploads\/2025\/07\/202330610576X\u7f8e\u5bb9\u6905\uff08B116\uff09\u5916\u89c2\u8bbe\u8ba1\u4e13\u5229\u8bc1\u4e66-\u4f5b\u5c71\u5b8f\u521a\u5bb6\u5177\u6709\u9650\u516c\u53f81-1.webp\" class=\"attachment- size-\" alt=\"\" srcset=\"https:\/\/www.salonfurniture88.com\/wp-content\/uploads\/2025\/07\/202330610576X\u7f8e\u5bb9\u6905\uff08B116\uff09\u5916\u89c2\u8bbe\u8ba1\u4e13\u5229\u8bc1\u4e66-\u4f5b\u5c71\u5b8f\u521a\u5bb6\u5177\u6709\u9650\u516c\u53f81-1.webp 336w, https:\/\/www.salonfurniture88.com\/wp-content\/uploads\/2025\/07\/202330610576X\u7f8e\u5bb9\u6905\uff08B116\uff09\u5916\u89c2\u8bbe\u8ba1\u4e13\u5229\u8bc1\u4e66-\u4f5b\u5c71\u5b8f\u521a\u5bb6\u5177\u6709\u9650\u516c\u53f81-1-228x300.webp 228w, https:\/\/www.salonfurniture88.com\/wp-content\/uploads\/2025\/07\/202330610576X\u7f8e\u5bb9\u6905\uff08B116\uff09\u5916\u89c2\u8bbe\u8ba1\u4e13\u5229\u8bc1\u4e66-\u4f5b\u5c71\u5b8f\u521a\u5bb6\u5177\u6709\u9650\u516c\u53f81-1-9x12.webp 9w\" sizes=\"auto, (max-width: 336px) 100vw, 336px\" \/>\t\t\t\t\t\t\t\t\t\t\t<\/div>\n\t\t\t\t\t<\/div>\n\n\t\t<div class=\"box-text text-center\" >\n\t\t\t<div class=\"box-text-inner\">\n\t\t\t\t\n\n<h4>Ein Titel<\/h4>\n<p>Bild Box Text<\/p>\n\n\t\t\t<\/div>\n\t\t<\/div>\n\t<\/div>\n\t\n\n\t\t<\/div>\n\t\t\t\t\t<\/div>\n\n\t\n\n<\/div>\n\n     <\/div>\n\n     <div class=\"loading-spin dark large centered\"><\/div>\n\n\t<\/div>\n\n\n\n\t\t<\/div>\n\n\t\t\n<style>\n#section_1790505716 {\n  padding-top: 30px;\n  padding-bottom: 30px;\n}\n<\/style>\n\t<\/section>\n\t\n\n\t\t<\/div>\n\t\t\t\t\t<\/div>\n\n\t\n\n<\/div>","protected":false},"excerpt":{"rendered":"","protected":false},"author":1,"featured_media":0,"parent":0,"menu_order":0,"comment_status":"closed","ping_status":"closed","template":"page-blank.php","meta":{"footnotes":""},"class_list":["post-353","page","type-page","status-publish","hentry"],"_links":{"self":[{"href":"https:\/\/www.salonfurniture88.com\/de_de_formal\/wp-json\/wp\/v2\/pages\/353","targetHints":{"allow":["GET"]}}],"collection":[{"href":"https:\/\/www.salonfurniture88.com\/de_de_formal\/wp-json\/wp\/v2\/pages"}],"about":[{"href":"https:\/\/www.salonfurniture88.com\/de_de_formal\/wp-json\/wp\/v2\/types\/page"}],"author":[{"embeddable":true,"href":"https:\/\/www.salonfurniture88.com\/de_de_formal\/wp-json\/wp\/v2\/users\/1"}],"replies":[{"embeddable":true,"href":"https:\/\/www.salonfurniture88.com\/de_de_formal\/wp-json\/wp\/v2\/comments?post=353"}],"version-history":[{"count":6,"href":"https:\/\/www.salonfurniture88.com\/de_de_formal\/wp-json\/wp\/v2\/pages\/353\/revisions"}],"predecessor-version":[{"id":876,"href":"https:\/\/www.salonfurniture88.com\/de_de_formal\/wp-json\/wp\/v2\/pages\/353\/revisions\/876"}],"wp:attachment":[{"href":"https:\/\/www.salonfurniture88.com\/de_de_formal\/wp-json\/wp\/v2\/media?parent=353"}],"curies":[{"name":"wp","href":"https:\/\/api.w.org\/{rel}","templated":true}]}}