{"id":391,"date":"2025-04-21T09:10:37","date_gmt":"2025-04-21T09:10:37","guid":{"rendered":"http:\/\/www.leadirsalon.com\/?page_id=391"},"modified":"2025-07-21T07:22:56","modified_gmt":"2025-07-21T07:22:56","slug":"masgeschneiderter-service","status":"publish","type":"page","link":"https:\/\/www.salonfurniture88.com\/de_de_formal\/masgeschneiderter-service\/","title":{"rendered":"Ma\u00dfgeschneiderter Service - OEM\/ODM Salonm\u00f6bel nach Ma\u00df f\u00fcr Ihre Marke"},"content":{"rendered":"<div id=\"gap-295416061\" class=\"gap-element clearfix\" style=\"display:block; height:auto;\">\n\t\t\n<style>\n#gap-295416061 {\n  padding-top: 188px;\n}\n<\/style>\n\t<\/div>\n\t\n\n<div class=\"row row-full-width\"  id=\"row-321206513\">\n\n\n\t<div id=\"col-231344075\" class=\"col small-12 large-12\"  >\n\t\t\t\t<div class=\"col-inner\"  >\n\t\t\t\n\t\t\t\n\n\t<div id=\"text-1393410333\" class=\"text\">\n\t\t\n\n<h1 class=\"title\"><strong>Kundenspezifischer Service<\/strong><\/h1>\n\t\t\n<style>\n#text-1393410333 {\n  font-size: 1.5rem;\n  color: rgb(0,0,0);\n}\n#text-1393410333 > * {\n  color: rgb(0,0,0);\n}\n<\/style>\n\t<\/div>\n\t\n\n\t\t<\/div>\n\t\t\t\t\n<style>\n#col-231344075 > .col-inner {\n  padding: 0px 0px 0px 50px;\n}\n<\/style>\n\t<\/div>\n\n\t\n\n<\/div>\n<div class=\"is-divider divider clearfix\" style=\"max-width:100%;height:1px;\"><\/div>\n\n\t<div id=\"gap-2120239539\" class=\"gap-element clearfix\" style=\"display:block; height:auto;\">\n\t\t\n<style>\n#gap-2120239539 {\n  padding-top: 90px;\n}\n<\/style>\n\t<\/div>\n\t\n\n<div class=\"row row-full-width align-middle\"  id=\"row-338716556\">\n\n\n\t<div id=\"col-1171327571\" class=\"col medium-4 small-12 large-4\"  >\n\t\t\t\t<div class=\"col-inner\"  >\n\t\t\t\n\t\t\t\n\n\t<div id=\"text-746509749\" class=\"text\">\n\t\t\n\n<h2><strong>Einf\u00fchrung in unsere OEM\/ODM-Salonm\u00f6bel-Dienstleistungen<\/strong><\/h2>\n<div class=\"desc\">\n<p>\u00a0<\/p>\n<div>In der dynamischen Welt von Sch\u00f6nheit und Wellness sind Salonm\u00f6bel, die die Identit\u00e4t Ihrer Marke widerspiegeln, von entscheidender Bedeutung. Mit unseren OEM\/ODM-Salonm\u00f6beln bieten wir Ihnen ma\u00dfgeschneiderte L\u00f6sungen, die sich an Ihrer einzigartigen Vision orientieren.<\/div>\n<\/div>\n\t\t\n<style>\n#text-746509749 {\n  color: rgb(0,0,0);\n}\n#text-746509749 > * {\n  color: rgb(0,0,0);\n}\n<\/style>\n\t<\/div>\n\t\n\n\t\t<\/div>\n\t\t\t\t\n<style>\n#col-1171327571 > .col-inner {\n  padding: 0px 0px 0px 50px;\n}\n<\/style>\n\t<\/div>\n\n\t\n\n\t<div id=\"col-1649190550\" class=\"col medium-8 small-12 large-8\"  >\n\t\t\t\t<div class=\"col-inner\"  >\n\t\t\t\n\t\t\t\n\n\t<div class=\"img has-hover x md-x lg-x y md-y lg-y\" id=\"image_321847426\">\n\t\t\t\t\t\t\t\t<div class=\"img-inner dark\" style=\"margin:0px 0px 0px 0px;\">\n\t\t\t<img loading=\"lazy\" decoding=\"async\" width=\"1020\" height=\"425\" src=\"https:\/\/www.salonfurniture88.com\/wp-content\/uploads\/2025\/07\/003-1024x427.webp\" class=\"attachment-large size-large\" alt=\"\" srcset=\"https:\/\/www.salonfurniture88.com\/wp-content\/uploads\/2025\/07\/003-1024x427.webp 1024w, https:\/\/www.salonfurniture88.com\/wp-content\/uploads\/2025\/07\/003-300x125.webp 300w, https:\/\/www.salonfurniture88.com\/wp-content\/uploads\/2025\/07\/003-768x320.webp 768w, https:\/\/www.salonfurniture88.com\/wp-content\/uploads\/2025\/07\/003-1536x640.webp 1536w, https:\/\/www.salonfurniture88.com\/wp-content\/uploads\/2025\/07\/003-18x8.webp 18w, https:\/\/www.salonfurniture88.com\/wp-content\/uploads\/2025\/07\/003-600x250.webp 600w, https:\/\/www.salonfurniture88.com\/wp-content\/uploads\/2025\/07\/003.webp 1920w\" sizes=\"auto, (max-width: 1020px) 100vw, 1020px\" \/>\t\t\t\t\t\t\n\t\t\t\t\t<\/div>\n\t\t\t\t\t\t\t\t\n<style>\n#image_321847426 {\n  width: 100%;\n}\n<\/style>\n\t<\/div>\n\t\n\n\n\t\t<\/div>\n\t\t\t\t\t<\/div>\n\n\t\n\n<\/div>\n\t<div id=\"gap-137351027\" class=\"gap-element clearfix\" style=\"display:block; height:auto;\">\n\t\t\n<style>\n#gap-137351027 {\n  padding-top: 90px;\n}\n<\/style>\n\t<\/div>\n\t\n\n<div class=\"row row-full-width\"  id=\"row-1379742953\">\n\n\n\t<div id=\"col-160479184\" class=\"col small-12 large-12\"  >\n\t\t\t\t<div class=\"col-inner\"  >\n\t\t\t\n\t\t\t\n\n\t<div id=\"text-3066109644\" class=\"text\">\n\t\t\n\n<h2 class=\"title\"><strong>Unser OEM\/ODM-Prozess erkl\u00e4rt<\/strong><\/h2>\n\t\t\n<style>\n#text-3066109644 {\n  font-size: 1.5rem;\n  color: rgb(0,0,0);\n}\n#text-3066109644 > * {\n  color: rgb(0,0,0);\n}\n<\/style>\n\t<\/div>\n\t\n\n\t\t<\/div>\n\t\t\t\t\n<style>\n#col-160479184 > .col-inner {\n  padding: 0px 0px 0px 50px;\n}\n<\/style>\n\t<\/div>\n\n\t\n\n<\/div>\n<div class=\"is-divider divider clearfix\" style=\"max-width:100%;height:1px;\"><\/div>\n\n<div class=\"row row-full-width hide-for-small\"  id=\"row-2005738018\">\n\n\n\t<div id=\"col-368088871\" class=\"col medium-4 small-12 large-4\"  >\n\t\t\t\t<div class=\"col-inner\"  >\n\t\t\t\n\t\t\t\n\n\t<div id=\"text-529767319\" class=\"text\">\n\t\t\n\n<h3><i>01<\/i> <strong data-start=\"1035\" data-end=\"1051\">Konsultation<\/strong>:<\/h3>\n\t\t\n<style>\n#text-529767319 {\n  color: rgb(0,0,0);\n}\n#text-529767319 > * {\n  color: rgb(0,0,0);\n}\n<\/style>\n\t<\/div>\n\t\n\n\t\t<\/div>\n\t\t\t\t\n<style>\n#col-368088871 > .col-inner {\n  padding: 0px 0px 0px 50px;\n}\n<\/style>\n\t<\/div>\n\n\t\n\n\t<div id=\"col-1965790882\" class=\"col medium-8 small-12 large-8\"  >\n\t\t\t\t<div class=\"col-inner\"  >\n\t\t\t\n\t\t\t\n\n\t<div id=\"text-986010663\" class=\"text\">\n\t\t\n\n<p>Wir verstehen die Bed\u00fcrfnisse und \u00e4sthetischen Vorlieben Ihrer Marke.<\/p>\n\t\t\n<style>\n#text-986010663 {\n  color: rgb(0,0,0);\n}\n#text-986010663 > * {\n  color: rgb(0,0,0);\n}\n<\/style>\n\t<\/div>\n\t\n\n\t\t<\/div>\n\t\t\t\t\n<style>\n#col-1965790882 > .col-inner {\n  padding: 0px 50px 0px 300px;\n}\n<\/style>\n\t<\/div>\n\n\t\n\n<\/div>\n<div class=\"row row-full-width show-for-small\"  id=\"row-1320211523\">\n\n\n\t<div id=\"col-971416509\" class=\"col medium-4 small-12 large-4\"  >\n\t\t\t\t<div class=\"col-inner\"  >\n\t\t\t\n\t\t\t\n\n\t<div id=\"text-180084217\" class=\"text\">\n\t\t\n\n<h3><i>01<\/i> <strong data-start=\"1035\" data-end=\"1051\">Konsultation<\/strong><\/h3>\n\t\t\n<style>\n#text-180084217 {\n  color: rgb(0,0,0);\n}\n#text-180084217 > * {\n  color: rgb(0,0,0);\n}\n<\/style>\n\t<\/div>\n\t\n\n\t\t<\/div>\n\t\t\t\t\n<style>\n#col-971416509 > .col-inner {\n  padding: 0px 0px 0px 50px;\n}\n<\/style>\n\t<\/div>\n\n\t\n\n\t<div id=\"col-1296513702\" class=\"col medium-8 small-12 large-8\"  >\n\t\t\t\t<div class=\"col-inner\"  >\n\t\t\t\n\t\t\t\n\n\t<div id=\"text-5552646\" class=\"text\">\n\t\t\n\n<p>Wir verstehen die Bed\u00fcrfnisse und \u00e4sthetischen Vorlieben Ihrer Marke.<\/p>\n\t\t\n<style>\n#text-5552646 {\n  color: rgb(0,0,0);\n}\n#text-5552646 > * {\n  color: rgb(0,0,0);\n}\n<\/style>\n\t<\/div>\n\t\n\n\t\t<\/div>\n\t\t\t\t\n<style>\n#col-1296513702 > .col-inner {\n  padding: 0px 0px 0px 0px;\n}\n<\/style>\n\t<\/div>\n\n\t\n\n<\/div>\n<div class=\"is-divider divider clearfix\" style=\"max-width:100%;height:1px;\"><\/div>\n\n<div class=\"row row-full-width hide-for-small\"  id=\"row-302082179\">\n\n\n\t<div id=\"col-1302678370\" class=\"col medium-4 small-12 large-4\"  >\n\t\t\t\t<div class=\"col-inner\"  >\n\t\t\t\n\t\t\t\n\n\t<div id=\"text-3641221080\" class=\"text\">\n\t\t\n\n<h3><i>02<\/i>\u00a0Entwurf &amp; Prototyping<\/h3>\n\t\t\n<style>\n#text-3641221080 {\n  color: rgb(0,0,0);\n}\n#text-3641221080 > * {\n  color: rgb(0,0,0);\n}\n<\/style>\n\t<\/div>\n\t\n\n\t\t<\/div>\n\t\t\t\t\n<style>\n#col-1302678370 > .col-inner {\n  padding: 0px 0px 0px 50px;\n}\n<\/style>\n\t<\/div>\n\n\t\n\n\t<div id=\"col-672645682\" class=\"col medium-8 small-12 large-8\"  >\n\t\t\t\t<div class=\"col-inner\"  >\n\t\t\t\n\t\t\t\n\n\t<div id=\"text-630148350\" class=\"text\">\n\t\t\n\n<p>Erstellung detaillierter Entw\u00fcrfe und Prototypen zur Genehmigung.<\/p>\n\t\t\n<style>\n#text-630148350 {\n  color: rgb(0,0,0);\n}\n#text-630148350 > * {\n  color: rgb(0,0,0);\n}\n<\/style>\n\t<\/div>\n\t\n\n\t\t<\/div>\n\t\t\t\t\n<style>\n#col-672645682 > .col-inner {\n  padding: 0px 50px 0px 300px;\n}\n<\/style>\n\t<\/div>\n\n\t\n\n<\/div>\n<div class=\"row row-full-width show-for-small\"  id=\"row-37470114\">\n\n\n\t<div id=\"col-636607388\" class=\"col medium-4 small-12 large-4\"  >\n\t\t\t\t<div class=\"col-inner\"  >\n\t\t\t\n\t\t\t\n\n\t<div id=\"text-2452124367\" class=\"text\">\n\t\t\n\n<h3><i>02<\/i> Entwurf &amp; Prototyping<\/h3>\n\t\t\n<style>\n#text-2452124367 {\n  color: rgb(0,0,0);\n}\n#text-2452124367 > * {\n  color: rgb(0,0,0);\n}\n<\/style>\n\t<\/div>\n\t\n\n\t\t<\/div>\n\t\t\t\t\n<style>\n#col-636607388 > .col-inner {\n  padding: 0px 0px 0px 50px;\n}\n<\/style>\n\t<\/div>\n\n\t\n\n\t<div id=\"col-253265997\" class=\"col medium-8 small-12 large-8\"  >\n\t\t\t\t<div class=\"col-inner\"  >\n\t\t\t\n\t\t\t\n\n\t<div id=\"text-2336669736\" class=\"text\">\n\t\t\n\n<p>Erstellung detaillierter Entw\u00fcrfe und Prototypen zur Genehmigung.<\/p>\n\t\t\n<style>\n#text-2336669736 {\n  color: rgb(0,0,0);\n}\n#text-2336669736 > * {\n  color: rgb(0,0,0);\n}\n<\/style>\n\t<\/div>\n\t\n\n\t\t<\/div>\n\t\t\t\t\n<style>\n#col-253265997 > .col-inner {\n  padding: 0px 0px 0px 0px;\n}\n<\/style>\n\t<\/div>\n\n\t\n\n<\/div>\n<div class=\"is-divider divider clearfix\" style=\"max-width:100%;height:1px;\"><\/div>\n\n<div class=\"row row-full-width hide-for-small\"  id=\"row-1994298646\">\n\n\n\t<div id=\"col-1012425719\" class=\"col medium-4 small-12 large-4\"  >\n\t\t\t\t<div class=\"col-inner\"  >\n\t\t\t\n\t\t\t\n\n\t<div id=\"text-1498125400\" class=\"text\">\n\t\t\n\n<h3><i>03<\/i> <strong>Herstellung<\/strong><\/h3>\n\t\t\n<style>\n#text-1498125400 {\n  color: rgb(0,0,0);\n}\n#text-1498125400 > * {\n  color: rgb(0,0,0);\n}\n<\/style>\n\t<\/div>\n\t\n\n\t\t<\/div>\n\t\t\t\t\n<style>\n#col-1012425719 > .col-inner {\n  padding: 0px 0px 0px 50px;\n}\n<\/style>\n\t<\/div>\n\n\t\n\n\t<div id=\"col-164634002\" class=\"col medium-8 small-12 large-8\"  >\n\t\t\t\t<div class=\"col-inner\"  >\n\t\t\t\n\t\t\t\n\n\t<div id=\"text-1569578308\" class=\"text\">\n\t\t\n\n<p>Wir setzen fortschrittliche Maschinen ein, um hochwertige Salonm\u00f6bel herzustellen.<\/p>\n\t\t\n<style>\n#text-1569578308 {\n  color: rgb(0,0,0);\n}\n#text-1569578308 > * {\n  color: rgb(0,0,0);\n}\n<\/style>\n\t<\/div>\n\t\n\n\t\t<\/div>\n\t\t\t\t\n<style>\n#col-164634002 > .col-inner {\n  padding: 0px 50px 0px 300px;\n}\n<\/style>\n\t<\/div>\n\n\t\n\n<\/div>\n<div class=\"row row-full-width show-for-small\"  id=\"row-287963892\">\n\n\n\t<div id=\"col-946909777\" class=\"col medium-4 small-12 large-4\"  >\n\t\t\t\t<div class=\"col-inner\"  >\n\t\t\t\n\t\t\t\n\n\t<div id=\"text-3053434159\" class=\"text\">\n\t\t\n\n<h3><i>03<\/i> Herstellung<\/h3>\n\t\t\n<style>\n#text-3053434159 {\n  color: rgb(0,0,0);\n}\n#text-3053434159 > * {\n  color: rgb(0,0,0);\n}\n<\/style>\n\t<\/div>\n\t\n\n\t\t<\/div>\n\t\t\t\t\n<style>\n#col-946909777 > .col-inner {\n  padding: 0px 0px 0px 50px;\n}\n<\/style>\n\t<\/div>\n\n\t\n\n\t<div id=\"col-1757134507\" class=\"col medium-8 small-12 large-8\"  >\n\t\t\t\t<div class=\"col-inner\"  >\n\t\t\t\n\t\t\t\n\n\t<div id=\"text-238226114\" class=\"text\">\n\t\t\n\n<p>Wir setzen fortschrittliche Maschinen ein, um hochwertige Salonm\u00f6bel herzustellen.<\/p>\n\t\t\n<style>\n#text-238226114 {\n  color: rgb(0,0,0);\n}\n#text-238226114 > * {\n  color: rgb(0,0,0);\n}\n<\/style>\n\t<\/div>\n\t\n\n\t\t<\/div>\n\t\t\t\t\n<style>\n#col-1757134507 > .col-inner {\n  padding: 0px 0px 0px 0px;\n}\n<\/style>\n\t<\/div>\n\n\t\n\n<\/div>\n<div class=\"is-divider divider clearfix\" style=\"max-width:100%;height:1px;\"><\/div>\n\n<div class=\"row row-full-width hide-for-small\"  id=\"row-1268854776\">\n\n\n\t<div id=\"col-1601408016\" class=\"col medium-4 small-12 large-4\"  >\n\t\t\t\t<div class=\"col-inner\"  >\n\t\t\t\n\t\t\t\n\n\t<div id=\"text-3717585192\" class=\"text\">\n\t\t\n\n<h3><i>04<\/i> <strong data-start=\"1227\" data-end=\"1248\">Qualit\u00e4tssicherung<\/strong>:<\/h3>\n\t\t\n<style>\n#text-3717585192 {\n  color: rgb(0,0,0);\n}\n#text-3717585192 > * {\n  color: rgb(0,0,0);\n}\n<\/style>\n\t<\/div>\n\t\n\n\t\t<\/div>\n\t\t\t\t\n<style>\n#col-1601408016 > .col-inner {\n  padding: 0px 0px 0px 50px;\n}\n<\/style>\n\t<\/div>\n\n\t\n\n\t<div id=\"col-1014456233\" class=\"col medium-8 small-12 large-8\"  >\n\t\t\t\t<div class=\"col-inner\"  >\n\t\t\t\n\t\t\t\n\n\t<div id=\"text-684759336\" class=\"text\">\n\t\t\n\n<p>Durchf\u00fchrung strenger Qualit\u00e4tskontrollen, um ein hervorragendes Produkt zu gew\u00e4hrleisten.<\/p>\n\t\t\n<style>\n#text-684759336 {\n  color: rgb(0,0,0);\n}\n#text-684759336 > * {\n  color: rgb(0,0,0);\n}\n<\/style>\n\t<\/div>\n\t\n\n\t\t<\/div>\n\t\t\t\t\n<style>\n#col-1014456233 > .col-inner {\n  padding: 0px 50px 0px 300px;\n}\n<\/style>\n\t<\/div>\n\n\t\n\n<\/div>\n<div class=\"row row-full-width show-for-small\"  id=\"row-1730565798\">\n\n\n\t<div id=\"col-925348472\" class=\"col medium-4 small-12 large-4\"  >\n\t\t\t\t<div class=\"col-inner\"  >\n\t\t\t\n\t\t\t\n\n\t<div id=\"text-3587469442\" class=\"text\">\n\t\t\n\n<h3><i>04<\/i> Qualit\u00e4tssicherung<\/h3>\n\t\t\n<style>\n#text-3587469442 {\n  color: rgb(0,0,0);\n}\n#text-3587469442 > * {\n  color: rgb(0,0,0);\n}\n<\/style>\n\t<\/div>\n\t\n\n\t\t<\/div>\n\t\t\t\t\n<style>\n#col-925348472 > .col-inner {\n  padding: 0px 0px 0px 50px;\n}\n<\/style>\n\t<\/div>\n\n\t\n\n\t<div id=\"col-323599362\" class=\"col medium-8 small-12 large-8\"  >\n\t\t\t\t<div class=\"col-inner\"  >\n\t\t\t\n\t\t\t\n\n\t<div id=\"text-1210569497\" class=\"text\">\n\t\t\n\n<p>Durchf\u00fchrung strenger Qualit\u00e4tskontrollen, um ein hervorragendes Produkt zu gew\u00e4hrleisten.<\/p>\n\t\t\n<style>\n#text-1210569497 {\n  color: rgb(0,0,0);\n}\n#text-1210569497 > * {\n  color: rgb(0,0,0);\n}\n<\/style>\n\t<\/div>\n\t\n\n\t\t<\/div>\n\t\t\t\t\n<style>\n#col-323599362 > .col-inner {\n  padding: 0px 0px 0px 0px;\n}\n<\/style>\n\t<\/div>\n\n\t\n\n<\/div>\n<div class=\"is-divider divider clearfix\" style=\"max-width:100%;height:1px;\"><\/div>\n\n<div class=\"row row-full-width hide-for-small\"  id=\"row-1434538639\">\n\n\n\t<div id=\"col-134008714\" class=\"col medium-4 small-12 large-4\"  >\n\t\t\t\t<div class=\"col-inner\"  >\n\t\t\t\n\t\t\t\n\n\t<div id=\"text-108547077\" class=\"text\">\n\t\t\n\n<h3><i>05<\/i> <strong data-start=\"1293\" data-end=\"1315\">Lieferung &amp; Unterst\u00fctzung<\/strong>:<\/h3>\n\t\t\n<style>\n#text-108547077 {\n  color: rgb(0,0,0);\n}\n#text-108547077 > * {\n  color: rgb(0,0,0);\n}\n<\/style>\n\t<\/div>\n\t\n\n\t\t<\/div>\n\t\t\t\t\n<style>\n#col-134008714 > .col-inner {\n  padding: 0px 0px 0px 50px;\n}\n<\/style>\n\t<\/div>\n\n\t\n\n\t<div id=\"col-1816570604\" class=\"col medium-8 small-12 large-8\"  >\n\t\t\t\t<div class=\"col-inner\"  >\n\t\t\t\n\t\t\t\n\n\t<div id=\"text-238998414\" class=\"text\">\n\t\t\n\n<p>Sicherstellung der rechtzeitigen Lieferung und Unterst\u00fctzung nach dem Verkauf.<\/p>\n\t\t\n<style>\n#text-238998414 {\n  color: rgb(0,0,0);\n}\n#text-238998414 > * {\n  color: rgb(0,0,0);\n}\n<\/style>\n\t<\/div>\n\t\n\n\t\t<\/div>\n\t\t\t\t\n<style>\n#col-1816570604 > .col-inner {\n  padding: 0px 50px 0px 300px;\n}\n<\/style>\n\t<\/div>\n\n\t\n\n<\/div>\n<div class=\"row row-full-width show-for-small\"  id=\"row-809085321\">\n\n\n\t<div id=\"col-1840754499\" class=\"col medium-4 small-12 large-4\"  >\n\t\t\t\t<div class=\"col-inner\"  >\n\t\t\t\n\t\t\t\n\n\t<div id=\"text-1485805712\" class=\"text\">\n\t\t\n\n<h3><i>05<\/i> Lieferung &amp; Unterst\u00fctzung<\/h3>\n\t\t\n<style>\n#text-1485805712 {\n  color: rgb(0,0,0);\n}\n#text-1485805712 > * {\n  color: rgb(0,0,0);\n}\n<\/style>\n\t<\/div>\n\t\n\n\t\t<\/div>\n\t\t\t\t\n<style>\n#col-1840754499 > .col-inner {\n  padding: 0px 0px 0px 50px;\n}\n<\/style>\n\t<\/div>\n\n\t\n\n\t<div id=\"col-1269653573\" class=\"col medium-8 small-12 large-8\"  >\n\t\t\t\t<div class=\"col-inner\"  >\n\t\t\t\n\t\t\t\n\n\t<div id=\"text-2097319559\" class=\"text\">\n\t\t\n\n<p>Sicherstellung der rechtzeitigen Lieferung und Unterst\u00fctzung nach dem Verkauf.<\/p>\n\t\t\n<style>\n#text-2097319559 {\n  color: rgb(0,0,0);\n}\n#text-2097319559 > * {\n  color: rgb(0,0,0);\n}\n<\/style>\n\t<\/div>\n\t\n\n\t\t<\/div>\n\t\t\t\t\n<style>\n#col-1269653573 > .col-inner {\n  padding: 0px 0px 0px 0px;\n}\n<\/style>\n\t<\/div>\n\n\t\n\n<\/div>\n<div class=\"is-divider divider clearfix\" style=\"max-width:100%;height:1px;\"><\/div>\n\n<div class=\"row row-full-width hide-for-small\"  id=\"row-878040764\">\n\n\n\t<div id=\"col-1349509314\" class=\"col medium-4 small-12 large-4\"  >\n\t\t\t\t<div class=\"col-inner\"  >\n\t\t\t\n\t\t\t\n\n\t<div id=\"text-2764202757\" class=\"text\">\n\t\t\n\n\n\t\t\n<style>\n#text-2764202757 {\n  color: rgb(0,0,0);\n}\n#text-2764202757 > * {\n  color: rgb(0,0,0);\n}\n<\/style>\n\t<\/div>\n\t\n\n\t\t<\/div>\n\t\t\t\t\n<style>\n#col-1349509314 > .col-inner {\n  padding: 0px 0px 0px 50px;\n}\n<\/style>\n\t<\/div>\n\n\t\n\n\t<div id=\"col-2132720792\" class=\"col medium-8 small-12 large-8\"  >\n\t\t\t\t<div class=\"col-inner\"  >\n\t\t\t\n\t\t\t\n\n\t<div id=\"text-3465516197\" class=\"text\">\n\t\t\n\n\n\t\t\n<style>\n#text-3465516197 {\n  color: rgb(0,0,0);\n}\n#text-3465516197 > * {\n  color: rgb(0,0,0);\n}\n<\/style>\n\t<\/div>\n\t\n\n\t\t<\/div>\n\t\t\t\t\n<style>\n#col-2132720792 > .col-inner {\n  padding: 0px 50px 0px 300px;\n}\n<\/style>\n\t<\/div>\n\n\t\n\n<\/div>\n<div class=\"row row-full-width show-for-small\"  id=\"row-1460486374\">\n\n\n\t<div id=\"col-1490160922\" class=\"col medium-4 small-12 large-4\"  >\n\t\t\t\t<div class=\"col-inner\"  >\n\t\t\t\n\t\t\t\n\n\t<div id=\"text-1651155674\" class=\"text\">\n\t\t\n\n\n\t\t\n<style>\n#text-1651155674 {\n  color: rgb(0,0,0);\n}\n#text-1651155674 > * {\n  color: rgb(0,0,0);\n}\n<\/style>\n\t<\/div>\n\t\n\n\t\t<\/div>\n\t\t\t\t\n<style>\n#col-1490160922 > .col-inner {\n  padding: 0px 0px 0px 50px;\n}\n<\/style>\n\t<\/div>\n\n\t\n\n\t<div id=\"col-877659552\" class=\"col medium-8 small-12 large-8\"  >\n\t\t\t\t<div class=\"col-inner\"  >\n\t\t\t\n\t\t\t\n\n\t<div id=\"text-1144400842\" class=\"text\">\n\t\t\n\n\n\t\t\n<style>\n#text-1144400842 {\n  color: rgb(0,0,0);\n}\n#text-1144400842 > * {\n  color: rgb(0,0,0);\n}\n<\/style>\n\t<\/div>\n\t\n\n\t\t<\/div>\n\t\t\t\t\n<style>\n#col-877659552 > .col-inner {\n  padding: 0px 0px 0px 0px;\n}\n<\/style>\n\t<\/div>\n\n\t\n\n<\/div>\n<div class=\"is-divider divider clearfix\" style=\"max-width:100%;height:1px;\"><\/div>\n\n\t<div id=\"gap-1834539154\" class=\"gap-element clearfix\" style=\"display:block; height:auto;\">\n\t\t\n<style>\n#gap-1834539154 {\n  padding-top: 150px;\n}\n<\/style>\n\t<\/div>\n\t\n\n<div class=\"row row-full-width\"  id=\"row-690200227\">\n\n\n\t<div id=\"col-1882486587\" class=\"col small-12 large-12\"  >\n\t\t\t\t<div class=\"col-inner\"  >\n\t\t\t\n\t\t\t\n\n\t<div id=\"text-2147823366\" class=\"text\">\n\t\t\n\n<h2><strong>Anpassungsoptionen verf\u00fcgbar<\/strong><\/h2>\n\t\t\n<style>\n#text-2147823366 {\n  font-size: 1.5rem;\n  color: rgb(0,0,0);\n}\n#text-2147823366 > * {\n  color: rgb(0,0,0);\n}\n<\/style>\n\t<\/div>\n\t\n\n\t\t<\/div>\n\t\t\t\t\n<style>\n#col-1882486587 > .col-inner {\n  padding: 0px 0px 0px 50px;\n}\n<\/style>\n\t<\/div>\n\n\t\n\n<\/div>\n<div class=\"is-divider divider clearfix\" style=\"max-width:100%;height:1px;\"><\/div>\n\n<div class=\"row row-full-width\"  id=\"row-1113316\">\n\n\n\t<div id=\"col-1356876345\" class=\"col small-12 large-12\"  >\n\t\t\t\t<div class=\"col-inner\"  >\n\t\t\t\n\t\t\t\n\n\t<div id=\"text-197877276\" class=\"text\">\n\t\t\n\n<h2><strong>\ud83d\udd34Erwecken Sie Ihre Anpassungen mit Pr\u00e4zision zum Leben<\/strong><\/h2>\n\t\t\n<style>\n#text-197877276 {\n  font-size: 0.75rem;\n  color: rgb(0,0,0);\n}\n#text-197877276 > * {\n  color: rgb(0,0,0);\n}\n<\/style>\n\t<\/div>\n\t\n\n\t\t<\/div>\n\t\t\t\t\n<style>\n#col-1356876345 > .col-inner {\n  padding: 0px 0px 0px 50px;\n}\n<\/style>\n\t<\/div>\n\n\t\n\n<\/div>\n<div class=\"row row-full-width align-middle\"  id=\"row-1470706678\">\n\n\n\t<div id=\"col-1376031941\" class=\"col medium-6 small-12 large-6\"  >\n\t\t\t\t<div class=\"col-inner\"  >\n\t\t\t\n\t\t\t\n\n\t<div id=\"text-3472478973\" class=\"text hide-for-small\">\n\t\t\n\n<p class=\"\" data-start=\"1443\" data-end=\"1497\"><strong data-start=\"1443\" data-end=\"1456\">Materialien<\/strong>: <span class=\"relative -mx-px my-&#091;-0.2rem&#093; rounded px-px py-&#091;0.2rem&#093; transition-colors duration-100 ease-in-out\">W\u00e4hlen Sie aus hochwertigen H\u00f6lzern, Metallen und Bezugsstoffen.<\/span><\/p>\n<p class=\"\" data-start=\"1500\" data-end=\"1552\"><strong data-start=\"1500\" data-end=\"1511\">Entw\u00fcrfe<\/strong>: <span class=\"relative -mx-px my-&#091;-0.2rem&#093; rounded px-px py-&#091;0.2rem&#093; transition-colors duration-100 ease-in-out\">Ma\u00dfgeschneiderte Designs, die zum Thema Ihres Salons passen.<\/span><\/p>\n<p class=\"\" data-start=\"1555\" data-end=\"1613\"><strong data-start=\"1555\" data-end=\"1572\">Funktionsweise<\/strong>: <span class=\"relative -mx-px my-&#091;-0.2rem&#093; rounded px-px py-&#091;0.2rem&#093; transition-colors duration-100 ease-in-out\">Optionen f\u00fcr einstellbare Funktionen, Aufbewahrungsl\u00f6sungen und mehr.<\/span><\/p>\n<p class=\"\" data-start=\"1616\" data-end=\"1708\"><strong data-start=\"1616\" data-end=\"1628\">Branding<\/strong>: <span class=\"relative -mx-px my-&#091;-0.2rem&#093; rounded px-px py-&#091;0.2rem&#093; transition-colors duration-100 ease-in-out\">F\u00fcgen Sie Ihr Logo und Ihre Markenfarben nahtlos ein.<\/span><\/p>\n\t\t\n<style>\n#text-3472478973 {\n  color: rgb(0,0,0);\n}\n#text-3472478973 > * {\n  color: rgb(0,0,0);\n}\n<\/style>\n\t<\/div>\n\t\n\t<div id=\"text-636105988\" class=\"text show-for-small\">\n\t\t\n\n<p class=\"\" style=\"text-align: left;\" data-start=\"1443\" data-end=\"1497\"><strong data-start=\"1443\" data-end=\"1456\">Materialien<\/strong>: <span class=\"relative -mx-px my-&#091;-0.2rem&#093; rounded px-px py-&#091;0.2rem&#093; transition-colors duration-100 ease-in-out\">W\u00e4hlen Sie aus hochwertigen H\u00f6lzern, Metallen und Bezugsstoffen.<\/span><\/p>\n<p class=\"\" style=\"text-align: left;\" data-start=\"1500\" data-end=\"1552\"><strong data-start=\"1500\" data-end=\"1511\">Entw\u00fcrfe<\/strong>: <span class=\"relative -mx-px my-&#091;-0.2rem&#093; rounded px-px py-&#091;0.2rem&#093; transition-colors duration-100 ease-in-out\">Ma\u00dfgeschneiderte Designs, die zum Thema Ihres Salons passen.<\/span><\/p>\n<p class=\"\" style=\"text-align: left;\" data-start=\"1555\" data-end=\"1613\"><strong data-start=\"1555\" data-end=\"1572\">Funktionsweise<\/strong>: <span class=\"relative -mx-px my-&#091;-0.2rem&#093; rounded px-px py-&#091;0.2rem&#093; transition-colors duration-100 ease-in-out\">Optionen f\u00fcr einstellbare Funktionen, Aufbewahrungsl\u00f6sungen und mehr.<\/span><\/p>\n<p class=\"\" style=\"text-align: left;\" data-start=\"1616\" data-end=\"1708\"><strong data-start=\"1616\" data-end=\"1628\">Branding<\/strong>: <span class=\"relative -mx-px my-&#091;-0.2rem&#093; rounded px-px py-&#091;0.2rem&#093; transition-colors duration-100 ease-in-out\">F\u00fcgen Sie Ihr Logo und Ihre Markenfarben nahtlos ein.<\/span><\/p>\n\t\t\n<style>\n#text-636105988 {\n  color: rgb(0,0,0);\n}\n#text-636105988 > * {\n  color: rgb(0,0,0);\n}\n<\/style>\n\t<\/div>\n\t\n\n\t\t<\/div>\n\t\t\t\t\n<style>\n#col-1376031941 > .col-inner {\n  padding: 0px 0px 0px 0px;\n}\n@media (min-width:550px) {\n  #col-1376031941 > .col-inner {\n    padding: 0px 80px 0px 50px;\n  }\n}\n<\/style>\n\t<\/div>\n\n\t\n\n\t<div id=\"col-1525841117\" class=\"col medium-6 small-12 large-6\"  >\n\t\t\t\t<div class=\"col-inner\"  >\n\t\t\t\n\t\t\t\n\n\t<div class=\"img has-hover x md-x lg-x y md-y lg-y\" id=\"image_410252706\">\n\t\t\t\t\t\t\t\t<div class=\"img-inner dark\" >\n\t\t\t<img loading=\"lazy\" decoding=\"async\" width=\"880\" height=\"600\" src=\"https:\/\/www.salonfurniture88.com\/wp-content\/uploads\/2025\/04\/2-194.webp\" class=\"attachment-large size-large\" alt=\"\" srcset=\"https:\/\/www.salonfurniture88.com\/wp-content\/uploads\/2025\/04\/2-194.webp 880w, https:\/\/www.salonfurniture88.com\/wp-content\/uploads\/2025\/04\/2-194-600x409.webp 600w, https:\/\/www.salonfurniture88.com\/wp-content\/uploads\/2025\/04\/2-194-300x205.webp 300w, https:\/\/www.salonfurniture88.com\/wp-content\/uploads\/2025\/04\/2-194-768x524.webp 768w\" sizes=\"auto, (max-width: 880px) 100vw, 880px\" \/>\t\t\t\t\t\t\n\t\t\t\t\t<\/div>\n\t\t\t\t\t\t\t\t\n<style>\n#image_410252706 {\n  width: 100%;\n}\n<\/style>\n\t<\/div>\n\t\n\n\n\t\t<\/div>\n\t\t\t\t\t<\/div>\n\n\t\n\n<\/div>","protected":false},"excerpt":{"rendered":"","protected":false},"author":1,"featured_media":0,"parent":0,"menu_order":0,"comment_status":"closed","ping_status":"closed","template":"page-blank.php","meta":{"footnotes":""},"class_list":["post-391","page","type-page","status-publish","hentry"],"_links":{"self":[{"href":"https:\/\/www.salonfurniture88.com\/de_de_formal\/wp-json\/wp\/v2\/pages\/391","targetHints":{"allow":["GET"]}}],"collection":[{"href":"https:\/\/www.salonfurniture88.com\/de_de_formal\/wp-json\/wp\/v2\/pages"}],"about":[{"href":"https:\/\/www.salonfurniture88.com\/de_de_formal\/wp-json\/wp\/v2\/types\/page"}],"author":[{"embeddable":true,"href":"https:\/\/www.salonfurniture88.com\/de_de_formal\/wp-json\/wp\/v2\/users\/1"}],"replies":[{"embeddable":true,"href":"https:\/\/www.salonfurniture88.com\/de_de_formal\/wp-json\/wp\/v2\/comments?post=391"}],"version-history":[{"count":11,"href":"https:\/\/www.salonfurniture88.com\/de_de_formal\/wp-json\/wp\/v2\/pages\/391\/revisions"}],"predecessor-version":[{"id":954,"href":"https:\/\/www.salonfurniture88.com\/de_de_formal\/wp-json\/wp\/v2\/pages\/391\/revisions\/954"}],"wp:attachment":[{"href":"https:\/\/www.salonfurniture88.com\/de_de_formal\/wp-json\/wp\/v2\/media?parent=391"}],"curies":[{"name":"wp","href":"https:\/\/api.w.org\/{rel}","templated":true}]}}