{"id":410,"date":"2025-04-22T01:06:51","date_gmt":"2025-04-22T01:06:51","guid":{"rendered":"http:\/\/www.leadirsalon.com\/?page_id=410"},"modified":"2025-05-04T10:01:10","modified_gmt":"2025-05-04T10:01:10","slug":"fqa","status":"publish","type":"page","link":"https:\/\/www.salonfurniture88.com\/de_de_formal\/fqa\/","title":{"rendered":"FAQ - Antworten auf Ihre Fragen zu Salonm\u00f6beln | Versand, OEM, Garantie"},"content":{"rendered":"<div id=\"gap-1168690991\" class=\"gap-element clearfix\" style=\"display:block; height:auto;\">\n\t\t\n<style>\n#gap-1168690991 {\n  padding-top: 200px;\n}\n<\/style>\n\t<\/div>\n\t\n\n<div class=\"row row-full-width\"  id=\"row-828162266\">\n\n\n\t<div id=\"col-1526274123\" class=\"col small-12 large-12\"  >\n\t\t\t\t<div class=\"col-inner\"  >\n\t\t\t\n\t\t\t\n\n\t<div id=\"text-2262791893\" class=\"text\">\n\t\t\n\n<h2 class=\"title\"><strong>FAQ<\/strong><\/h2>\n\t\t\n<style>\n#text-2262791893 {\n  font-size: 1.5rem;\n  color: rgb(0,0,0);\n}\n#text-2262791893 > * {\n  color: rgb(0,0,0);\n}\n<\/style>\n\t<\/div>\n\t\n\n\t\t<\/div>\n\t\t\t\t\n<style>\n#col-1526274123 > .col-inner {\n  padding: 0px 0px 0px 50px;\n}\n<\/style>\n\t<\/div>\n\n\t\n\n<\/div>\n<div class=\"is-divider divider clearfix\" style=\"max-width:100%;\"><\/div>\n\n<div class=\"row row-full-width align-middle hide-for-small\"  id=\"row-411892798\">\n\n\n\t<div id=\"col-1365421942\" class=\"col medium-4 small-12 large-4\"  >\n\t\t\t\t<div class=\"col-inner\"  >\n\t\t\t\n\t\t\t\n\n\t<div id=\"text-3246908504\" class=\"text\">\n\t\t\n\n<h2><i><strong>\ud83d\udd34<\/strong><\/i><strong>Vollst\u00e4ndige Antwort<\/strong><\/h2>\n\t\t\n<style>\n#text-3246908504 {\n  font-size: 0.75rem;\n  color: rgb(0, 0, 0);\n}\n#text-3246908504 > * {\n  color: rgb(0, 0, 0);\n}\n<\/style>\n\t<\/div>\n\t\n\n\t\t<\/div>\n\t\t\t\t\n<style>\n#col-1365421942 > .col-inner {\n  padding: 0px 0px 0px 50px;\n}\n<\/style>\n\t<\/div>\n\n\t\n\n\t<div id=\"col-500853095\" class=\"col medium-8 small-12 large-8\"  >\n\t\t\t\t<div class=\"col-inner\"  >\n\t\t\t\n\t\t\t\n\n\t<div id=\"text-547840331\" class=\"text\">\n\t\t\n\n<p>Hier finden Sie unsere vollst\u00e4ndigen Produktbeschreibungen, Herstellergarantien, Installationsanweisungen sowie Wartungs- und Pflegeanleitungen.<\/p>\n\t\t\n<style>\n#text-547840331 {\n  color: rgb(0,0,0);\n}\n#text-547840331 > * {\n  color: rgb(0,0,0);\n}\n<\/style>\n\t<\/div>\n\t\n\n\t\t<\/div>\n\t\t\t\t\n<style>\n#col-500853095 > .col-inner {\n  padding: 0px 50px 0px 200px;\n}\n<\/style>\n\t<\/div>\n\n\t\n\n<\/div>\n<div class=\"row row-full-width align-middle show-for-small\"  id=\"row-1809708338\">\n\n\n\t<div id=\"col-1376780152\" class=\"col medium-4 small-12 large-4\"  >\n\t\t\t\t<div class=\"col-inner\"  >\n\t\t\t\n\t\t\t\n\n\t<div id=\"text-3164996191\" class=\"text\">\n\t\t\n\n<h2><i><strong>\ud83d\udd34<\/strong><\/i><strong>Vollst\u00e4ndige Antwort<\/strong><\/h2>\n\t\t\n<style>\n#text-3164996191 {\n  font-size: 0.75rem;\n  color: rgb(0, 0, 0);\n}\n#text-3164996191 > * {\n  color: rgb(0, 0, 0);\n}\n<\/style>\n\t<\/div>\n\t\n\n\t\t<\/div>\n\t\t\t\t\n<style>\n#col-1376780152 > .col-inner {\n  padding: 0px 0px 0px 0px;\n}\n<\/style>\n\t<\/div>\n\n\t\n\n\t<div id=\"col-2111615658\" class=\"col medium-8 small-12 large-8\"  >\n\t\t\t\t<div class=\"col-inner\"  >\n\t\t\t\n\t\t\t\n\n\t<div id=\"text-3754204716\" class=\"text\">\n\t\t\n\n<p>Hier finden Sie unsere vollst\u00e4ndigen Produktbeschreibungen, Herstellergarantien, Installationsanweisungen sowie Wartungs- und Pflegeanleitungen.<\/p>\n\t\t\n<style>\n#text-3754204716 {\n  color: rgb(0,0,0);\n}\n#text-3754204716 > * {\n  color: rgb(0,0,0);\n}\n<\/style>\n\t<\/div>\n\t\n\n\t\t<\/div>\n\t\t\t\t\n<style>\n#col-2111615658 > .col-inner {\n  padding: 0px 0px 0px 0px;\n}\n<\/style>\n\t<\/div>\n\n\t\n\n<\/div>\n\t<div id=\"gap-160489169\" class=\"gap-element clearfix\" style=\"display:block; height:auto;\">\n\t\t\n<style>\n#gap-160489169 {\n  padding-top: 100px;\n}\n<\/style>\n\t<\/div>\n\t\n\n<div class=\"accordion\">\n\n\t<div id=\"accordion-1026689462\" class=\"accordion-item\">\n\t\t<a id=\"accordion-1026689462-label\" class=\"accordion-title plain\" href=\"#accordion-item-do-you-offer-oem\/odm-salon-furniture-customization?\" aria-expanded=\"false\" aria-controls=\"accordion-1026689462-content\" >\n\t\t\t<button class=\"toggle\" aria-label=\"Umschalten\"><i class=\"icon-angle-down\"><\/i><\/button>\n\t\t\t<span>Bieten Sie OEM\/ODM-Salonm\u00f6bel nach Ma\u00df an?<\/span>\n\t\t<\/a>\n\t\t<div id=\"accordion-1026689462-content\" class=\"accordion-inner\" aria-labelledby=\"accordion-1026689462-label\" >\n\t\t\t\n\n<p>Ja, wir haben uns auf OEM- und ODM-Services f\u00fcr Salonm\u00f6bel spezialisiert, einschlie\u00dflich kundenspezifischer Markenkennzeichnung, Designanpassungen und funktionaler Konfigurationen, die Ihren Marktanforderungen entsprechen.<\/p>\n\n\t\t<\/div>\n\t<\/div>\n\t\n\t<div id=\"accordion-4060862227\" class=\"accordion-item\">\n\t\t<a id=\"accordion-4060862227-label\" class=\"accordion-title plain\" href=\"#accordion-item-can-i-choose-the-color-and-material-for-the-shampoo-beds-or-pedicure-chairs?\" aria-expanded=\"false\" aria-controls=\"accordion-4060862227-content\" >\n\t\t\t<button class=\"toggle\" aria-label=\"Umschalten\"><i class=\"icon-angle-down\"><\/i><\/button>\n\t\t\t<span>Kann ich die Farbe und das Material f\u00fcr die Shampoobetten oder Pedik\u00fcrest\u00fchle ausw\u00e4hlen?<\/span>\n\t\t<\/a>\n\t\t<div id=\"accordion-4060862227-content\" class=\"accordion-inner\" aria-labelledby=\"accordion-4060862227-label\" >\n\t\t\t\n\n<p>Unbedingt. Wir bieten eine gro\u00dfe Auswahl an Farben, PU-Ledertexturen und Gestelloberfl\u00e4chen, damit Ihre Salonm\u00f6bel zu Ihrer Markenidentit\u00e4t passen.<\/p>\n\n\t\t<\/div>\n\t<\/div>\n\t\n\t<div id=\"accordion-2968629748\" class=\"accordion-item\">\n\t\t<a id=\"accordion-2968629748-label\" class=\"accordion-title plain\" href=\"#accordion-item-what-certificates-do-your-products-hold?\" aria-expanded=\"false\" aria-controls=\"accordion-2968629748-content\" >\n\t\t\t<button class=\"toggle\" aria-label=\"Umschalten\"><i class=\"icon-angle-down\"><\/i><\/button>\n\t\t\t<span>Welche Zertifikate besitzen Ihre Produkte?<\/span>\n\t\t<\/a>\n\t\t<div id=\"accordion-2968629748-content\" class=\"accordion-inner\" aria-labelledby=\"accordion-2968629748-label\" >\n\t\t\t\n\n<p>Unsere Produkte sind CE-zertifiziert und erf\u00fcllen strenge internationale Standards f\u00fcr Sicherheit und Qualit\u00e4t, so dass sie f\u00fcr den weltweiten Vertrieb geeignet sind.<\/p>\n\n\t\t<\/div>\n\t<\/div>\n\t\n\t<div id=\"accordion-1712661247\" class=\"accordion-item\">\n\t\t<a id=\"accordion-1712661247-label\" class=\"accordion-title plain\" href=\"#accordion-item-how-long-does-it-take-to-manufacture-custom-salon-furniture?\" aria-expanded=\"false\" aria-controls=\"accordion-1712661247-content\" >\n\t\t\t<button class=\"toggle\" aria-label=\"Umschalten\"><i class=\"icon-angle-down\"><\/i><\/button>\n\t\t\t<span>Wie lange dauert es, Salonm\u00f6bel nach Ma\u00df anzufertigen?<\/span>\n\t\t<\/a>\n\t\t<div id=\"accordion-1712661247-content\" class=\"accordion-inner\" aria-labelledby=\"accordion-1712661247-label\" >\n\t\t\t\n\n<p>Die Produktion dauert in der Regel 15-30 Tage, abh\u00e4ngig von der Gr\u00f6\u00dfe der Bestellung und den Details der individuellen Gestaltung. Wir bem\u00fchen uns stets, p\u00fcnktlich zu liefern, ohne Kompromisse bei der Qualit\u00e4t einzugehen.<\/p>\n\n\t\t<\/div>\n\t<\/div>\n\t\n\t<div id=\"accordion-2380919892\" class=\"accordion-item\">\n\t\t<a id=\"accordion-2380919892-label\" class=\"accordion-title plain\" href=\"#accordion-item-do-your-electric-beauty-beds-use-certified-motors?\" aria-expanded=\"false\" aria-controls=\"accordion-2380919892-content\" >\n\t\t\t<button class=\"toggle\" aria-label=\"Umschalten\"><i class=\"icon-angle-down\"><\/i><\/button>\n\t\t\t<span>Verwenden Ihre elektrischen Kosmetikbetten zertifizierte Motoren?<\/span>\n\t\t<\/a>\n\t\t<div id=\"accordion-2380919892-content\" class=\"accordion-inner\" aria-labelledby=\"accordion-2380919892-label\" >\n\t\t\t\n\n<p>Ja, wir verwenden CE-zertifizierte, ger\u00e4uscharme Motoren, um Komfort, Haltbarkeit und Sicherheit f\u00fcr den professionellen Einsatz in Spas und Kliniken zu gew\u00e4hrleisten.<\/p>\n\n\t\t<\/div>\n\t<\/div>\n\t\n\t<div id=\"accordion-1805169042\" class=\"accordion-item\">\n\t\t<a id=\"accordion-1805169042-label\" class=\"accordion-title plain\" href=\"#accordion-item-can-you-send-product-samples-before-bulk-orders?\" aria-expanded=\"false\" aria-controls=\"accordion-1805169042-content\" >\n\t\t\t<button class=\"toggle\" aria-label=\"Umschalten\"><i class=\"icon-angle-down\"><\/i><\/button>\n\t\t\t<span>K\u00f6nnen Sie vor einer Gro\u00dfbestellung Produktmuster versenden?<\/span>\n\t\t<\/a>\n\t\t<div id=\"accordion-1805169042-content\" class=\"accordion-inner\" aria-labelledby=\"accordion-1805169042-label\" >\n\t\t\t\n\n<p>Ja, wir k\u00f6nnen auf Anfrage Muster zur Verf\u00fcgung stellen. Die Kosten f\u00fcr Muster k\u00f6nnen auf Ihre Gro\u00dfbestellung angerechnet werden, wenn sie best\u00e4tigt werden.<\/p>\n\n\t\t<\/div>\n\t<\/div>\n\t\n\t<div id=\"accordion-1130240213\" class=\"accordion-item\">\n\t\t<a id=\"accordion-1130240213-label\" class=\"accordion-title plain\" href=\"#accordion-item-what-is-your-moq-(minimum-order-quantity)?\" aria-expanded=\"false\" aria-controls=\"accordion-1130240213-content\" >\n\t\t\t<button class=\"toggle\" aria-label=\"Umschalten\"><i class=\"icon-angle-down\"><\/i><\/button>\n\t\t\t<span>Wie hoch ist Ihre MOQ (Mindestbestellmenge)?<\/span>\n\t\t<\/a>\n\t\t<div id=\"accordion-1130240213-content\" class=\"accordion-inner\" aria-labelledby=\"accordion-1130240213-label\" >\n\t\t\t\n\n<p>Unsere Standard-MOQ ist 5 St\u00fcck pro Modell, aber wir bieten Flexibilit\u00e4t f\u00fcr neue Kunden oder individuelle Projekte. Bitte kontaktieren Sie unser Team f\u00fcr Details.<\/p>\n\n\t\t<\/div>\n\t<\/div>\n\t\n\t<div id=\"accordion-3627966201\" class=\"accordion-item\">\n\t\t<a id=\"accordion-3627966201-label\" class=\"accordion-title plain\" href=\"#accordion-item-do-you-provide-after-sales-support-or-spare-parts?\" aria-expanded=\"false\" aria-controls=\"accordion-3627966201-content\" >\n\t\t\t<button class=\"toggle\" aria-label=\"Umschalten\"><i class=\"icon-angle-down\"><\/i><\/button>\n\t\t\t<span>Bieten Sie Kundendienst oder Ersatzteile an?<\/span>\n\t\t<\/a>\n\t\t<div id=\"accordion-3627966201-content\" class=\"accordion-inner\" aria-labelledby=\"accordion-3627966201-label\" >\n\t\t\t\n\n<p>Ja, wir bieten eine 1-Jahres-Garantie und stellen Ersatzteile und technischen Support zur Verf\u00fcgung, damit Ihre Produkte \u00fcber einen l\u00e4ngeren Zeitraum zuverl\u00e4ssig funktionieren.<\/p>\n\n\t\t<\/div>\n\t<\/div>\n\t\n\t<div id=\"accordion-1751282243\" class=\"accordion-item\">\n\t\t<a id=\"accordion-1751282243-label\" class=\"accordion-title plain\" href=\"#accordion-item-how-can-i-download-product-catalogs-or-technical-sheets?\" aria-expanded=\"false\" aria-controls=\"accordion-1751282243-content\" >\n\t\t\t<button class=\"toggle\" aria-label=\"Umschalten\"><i class=\"icon-angle-down\"><\/i><\/button>\n\t\t\t<span>Wie kann ich Produktkataloge oder technische Datenbl\u00e4tter herunterladen?<\/span>\n\t\t<\/a>\n\t\t<div id=\"accordion-1751282243-content\" class=\"accordion-inner\" aria-labelledby=\"accordion-1751282243-label\" >\n\t\t\t\n\n<p>Sie k\u00f6nnen unser <a href=\"http:\/\/www.leadirsalon.com\/download-area\/\">Download-Bereich<\/a> um auf aktualisierte Produktbrosch\u00fcren, Handb\u00fccher und Kataloge im PDF-Format zuzugreifen.<\/p>\n\n\t\t<\/div>\n\t<\/div>\n\t\n\t<div id=\"accordion-3379425623\" class=\"accordion-item\">\n\t\t<a id=\"accordion-3379425623-label\" class=\"accordion-title plain\" href=\"#accordion-item-where-is-your-factory-located,-and-can-i-visit-it?\" aria-expanded=\"false\" aria-controls=\"accordion-3379425623-content\" >\n\t\t\t<button class=\"toggle\" aria-label=\"Umschalten\"><i class=\"icon-angle-down\"><\/i><\/button>\n\t\t\t<span>Wo befindet sich Ihr Werk und kann ich es besichtigen?<\/span>\n\t\t<\/a>\n\t\t<div id=\"accordion-3379425623-content\" class=\"accordion-inner\" aria-labelledby=\"accordion-3379425623-label\" >\n\t\t\t\n\n<p>Unsere Fabrik befindet sich in China. Internationale Kunden sind bei uns herzlich willkommen. Bitte kontaktieren Sie unser Verkaufsteam, um eine Werksbesichtigung zu vereinbaren.<\/p>\n\n\t\t<\/div>\n\t<\/div>\n\t\n\n<\/div>\n\t<div id=\"gap-1571359488\" class=\"gap-element clearfix\" style=\"display:block; height:auto;\">\n\t\t\n<style>\n#gap-1571359488 {\n  padding-top: 100px;\n}\n<\/style>\n\t<\/div>","protected":false},"excerpt":{"rendered":"","protected":false},"author":1,"featured_media":0,"parent":0,"menu_order":0,"comment_status":"closed","ping_status":"closed","template":"page-blank.php","meta":{"footnotes":""},"class_list":["post-410","page","type-page","status-publish","hentry"],"_links":{"self":[{"href":"https:\/\/www.salonfurniture88.com\/de_de_formal\/wp-json\/wp\/v2\/pages\/410","targetHints":{"allow":["GET"]}}],"collection":[{"href":"https:\/\/www.salonfurniture88.com\/de_de_formal\/wp-json\/wp\/v2\/pages"}],"about":[{"href":"https:\/\/www.salonfurniture88.com\/de_de_formal\/wp-json\/wp\/v2\/types\/page"}],"author":[{"embeddable":true,"href":"https:\/\/www.salonfurniture88.com\/de_de_formal\/wp-json\/wp\/v2\/users\/1"}],"replies":[{"embeddable":true,"href":"https:\/\/www.salonfurniture88.com\/de_de_formal\/wp-json\/wp\/v2\/comments?post=410"}],"version-history":[{"count":8,"href":"https:\/\/www.salonfurniture88.com\/de_de_formal\/wp-json\/wp\/v2\/pages\/410\/revisions"}],"predecessor-version":[{"id":569,"href":"https:\/\/www.salonfurniture88.com\/de_de_formal\/wp-json\/wp\/v2\/pages\/410\/revisions\/569"}],"wp:attachment":[{"href":"https:\/\/www.salonfurniture88.com\/de_de_formal\/wp-json\/wp\/v2\/media?parent=410"}],"curies":[{"name":"wp","href":"https:\/\/api.w.org\/{rel}","templated":true}]}}