{"id":134,"date":"2025-04-16T00:26:07","date_gmt":"2025-04-16T00:26:07","guid":{"rendered":"http:\/\/www.leadirsalon.com\/?post_type=product&#038;p=134"},"modified":"2025-07-10T07:51:44","modified_gmt":"2025-07-10T07:51:44","slug":"wimpernbettmatratze-memory-foam-gewolbter-topper-wimpernbettmatratze","status":"publish","type":"product","link":"https:\/\/www.salonfurniture88.com\/de_de_formal\/produkt\/wimpernbettmatratze-memory-foam-gewolbter-topper-wimpernbettmatratze\/","title":{"rendered":"SLE002 All-in-One Shampoonierstuhl mit passender Sch\u00fcssel, ausziehbarer Fu\u00dfst\u00fctze"},"content":{"rendered":"<div class=\"desc aos-init aos-animate\" data-aos=\"fadeInUp\" data-aos-duration=\"2000\">\n<div class=\"desc aos-init aos-animate\" data-aos=\"fadeInUp\" data-aos-duration=\"2000\">\n<div class=\"desc aos-init aos-animate\" data-aos=\"fadeInUp\" data-aos-duration=\"2000\">\n<div class=\"desc aos-init aos-animate\" data-aos=\"fadeInUp\" data-aos-duration=\"2000\">\n<h2 data-start=\"628\" data-end=\"650\"><strong data-start=\"634\" data-end=\"650\">Hauptmerkmale<\/strong><\/h2>\n<ul data-start=\"652\" data-end=\"2011\">\n<li data-start=\"1582\" data-end=\"1794\">\n<p data-start=\"1584\" data-end=\"1794\"><strong data-start=\"1584\" data-end=\"1609\">Ergonomic Design: Streamlined body structure with perfectly curved armrests for ultimate relaxation.<\/p>\n<p><\/strong><\/p>\n<\/li>\n<li data-start=\"1582\" data-end=\"1794\">\n<p data-start=\"1584\" data-end=\"1794\"><strong data-start=\"1584\" data-end=\"1609\"> Premium Quality Materials: A solid wood frame, highly-elastic sponge, and enhanced PVC leather for durability and comfort.<\/p>\n<p><\/strong><\/p>\n<\/li>\n<li data-start=\"1582\" data-end=\"1794\">\n<p data-start=\"1584\" data-end=\"1794\"><strong data-start=\"1584\" data-end=\"1609\"> Adjustable Comfort: Features an adjustable tilt-bowl to cater to your client\u2019s comfort needs, with a super thick seat cushion for added luxury.<\/p>\n<p><\/strong><\/p>\n<\/li>\n<li data-start=\"1582\" data-end=\"1794\">\n<p data-start=\"1584\" data-end=\"1794\"><strong data-start=\"1584\" data-end=\"1609\"> Various leather colors can be customized.this chair combines functionality with sleek, minimalist styling for a modern salon aesthetic.<br \/>\n<\/strong><\/p>\n<\/li>\n<\/ul>\n<h2 data-start=\"2018\" data-end=\"2043\"><strong data-start=\"2025\" data-end=\"2043\">Spezifikationen<\/strong><\/h2>\n<div class=\"_tableContainer_16hzy_1\">\n<div class=\"_tableWrapper_16hzy_14 group flex w-fit flex-col-reverse\" tabindex=\"-1\">\n<table class=\"w-fit min-w-(--thread-content-width)\" data-start=\"2044\" data-end=\"2489\">\n<thead data-start=\"2044\" data-end=\"2062\">\n<tr data-start=\"2044\" data-end=\"2062\">\n<th data-start=\"2044\" data-end=\"2051\" data-col-size=\"sm\">Artikel<\/th>\n<th data-start=\"2051\" data-end=\"2062\" data-col-size=\"sm\">Details<\/th>\n<\/tr>\n<\/thead>\n<tbody data-start=\"2082\" data-end=\"2489\">\n<tr data-start=\"2082\" data-end=\"2102\">\n<td data-start=\"2082\" data-end=\"2094\" data-col-size=\"sm\"><strong data-start=\"2084\" data-end=\"2093\">Modell<\/strong><\/td>\n<td data-col-size=\"sm\" data-start=\"2094\" data-end=\"2102\">SLE002<\/td>\n<\/tr>\n<tr data-start=\"2103\" data-end=\"2143\">\n<td data-start=\"2103\" data-end=\"2120\" data-col-size=\"sm\"><strong data-start=\"2105\" data-end=\"2119\">Abmessungen<\/strong><\/td>\n<td data-col-size=\"sm\" data-start=\"2120\" data-end=\"2143\">\u00a0L172*W80*H102\uff08cm\uff09<\/td>\n<\/tr>\n<tr data-start=\"2144\" data-end=\"2175\">\n<td data-start=\"2144\" data-end=\"2166\" data-col-size=\"sm\"><strong data-start=\"2146\" data-end=\"2165\">Gewicht Kapazit\u00e4t<\/strong><\/td>\n<td data-col-size=\"sm\" data-start=\"2166\" data-end=\"2175\">160kg<\/td>\n<\/tr>\n<tr data-start=\"2176\" data-end=\"2202\">\n<td data-start=\"2176\" data-end=\"2193\" data-col-size=\"sm\"><strong data-start=\"2178\" data-end=\"2192\">Nettogewicht<\/strong><\/td>\n<td data-col-size=\"sm\" data-start=\"2193\" data-end=\"2202\">60kg<\/td>\n<\/tr>\n<tr data-start=\"2203\" data-end=\"2262\">\n<td data-start=\"2203\" data-end=\"2220\" data-col-size=\"sm\"><strong data-start=\"2205\" data-end=\"2219\">Polsterm\u00f6bel<\/strong><\/td>\n<td data-col-size=\"sm\" data-start=\"2220\" data-end=\"2262\">Flammenhemmendes, \u00f6lbest\u00e4ndiges Leder<\/td>\n<\/tr>\n<tr data-start=\"2263\" data-end=\"2316\">\n<td data-start=\"2263\" data-end=\"2283\" data-col-size=\"sm\"><strong data-start=\"2265\" data-end=\"2282\">Basis Material<\/strong><\/td>\n<td data-col-size=\"sm\" data-start=\"2283\" data-end=\"2316\">Galvanisierter rostfreier Stahl<\/td>\n<\/tr>\n<tr data-start=\"2317\" data-end=\"2362\">\n<td data-start=\"2317\" data-end=\"2329\" data-col-size=\"sm\"><strong data-start=\"2319\" data-end=\"2328\">Rahmen<\/strong><\/td>\n<td data-col-size=\"sm\" data-start=\"2329\" data-end=\"2362\">Stahl + massives Mehrschichtholz<\/td>\n<\/tr>\n<tr data-start=\"2363\" data-end=\"2410\">\n<td data-start=\"2363\" data-end=\"2374\" data-col-size=\"sm\"><strong data-start=\"2365\" data-end=\"2373\">Schaumstoff<\/strong><\/td>\n<td data-start=\"2374\" data-end=\"2410\" data-col-size=\"sm\">Hochdichter Schaumstoff mit schneller R\u00fcckstellkraft<\/td>\n<\/tr>\n<tr data-start=\"2411\" data-end=\"2440\">\n<td data-start=\"2411\" data-end=\"2427\" data-col-size=\"sm\"><strong data-start=\"2413\" data-end=\"2426\">OEM \/ ODM<\/strong><\/td>\n<td data-col-size=\"sm\" data-start=\"2427\" data-end=\"2440\">Verf\u00fcgbar<\/td>\n<\/tr>\n<tr data-start=\"2441\" data-end=\"2489\">\n<td data-start=\"2441\" data-end=\"2467\" data-col-size=\"sm\"><strong data-start=\"2443\" data-end=\"2466\">Produktionskapazit\u00e4t<\/strong><\/td>\n<td data-col-size=\"sm\" data-start=\"2467\" data-end=\"2489\">50.000 Einheiten\/Monat<\/td>\n<\/tr>\n<\/tbody>\n<\/table>\n<p>&nbsp;<\/p>\n<\/div>\n<h3 data-start=\"2496\" data-end=\"2531\"><strong data-start=\"2503\" data-end=\"2531\">Bestellen &amp; Anpassen<\/strong><\/h3>\n<ul data-start=\"2533\" data-end=\"2711\">\n<li data-start=\"2533\" data-end=\"2578\">\n<p data-start=\"2535\" data-end=\"2578\"><strong data-start=\"2535\" data-end=\"2542\">MOQ<\/strong>: Bitte mailen Sie uns f\u00fcr das aktuelle MOQ<\/p>\n<\/li>\n<li data-start=\"2579\" data-end=\"2622\">\n<p data-start=\"2581\" data-end=\"2622\"><strong data-start=\"2581\" data-end=\"2594\">FOB-Preis<\/strong>: Kontakt f\u00fcr das beste Angebot<\/p>\n<\/li>\n<li data-start=\"2623\" data-end=\"2681\">\n<p data-start=\"2625\" data-end=\"2681\"><strong data-start=\"2625\" data-end=\"2643\">Farbe &amp; Ausf\u00fchrung<\/strong>: Leder- und Stoffoptionen verf\u00fcgbar<\/p>\n<\/li>\n<li data-start=\"2682\" data-end=\"2711\">\n<p data-start=\"2684\" data-end=\"2711\"><strong data-start=\"2684\" data-end=\"2701\">Zahlungsbedingungen<\/strong>: P\/P, T\/T<\/p>\n<\/li>\n<\/ul>\n<figure id=\"attachment_585\" aria-describedby=\"caption-attachment-585\" style=\"width: 157px\" class=\"wp-caption alignnone\"><img loading=\"lazy\" decoding=\"async\" class=\"size-medium wp-image-585\" src=\"http:\/\/www.leadirsalon.com\/wp-content\/uploads\/2025\/04\/\u56fe\u72471-157x300.png\" alt=\"Farbe\" width=\"157\" height=\"300\" srcset=\"https:\/\/www.salonfurniture88.com\/wp-content\/uploads\/2025\/04\/\u56fe\u72471-157x300.png 157w, https:\/\/www.salonfurniture88.com\/wp-content\/uploads\/2025\/04\/\u56fe\u72471-537x1024.png 537w, https:\/\/www.salonfurniture88.com\/wp-content\/uploads\/2025\/04\/\u56fe\u72471-768x1464.png 768w, https:\/\/www.salonfurniture88.com\/wp-content\/uploads\/2025\/04\/\u56fe\u72471-806x1536.png 806w, https:\/\/www.salonfurniture88.com\/wp-content\/uploads\/2025\/04\/\u56fe\u72471-1074x2048.png 1074w, https:\/\/www.salonfurniture88.com\/wp-content\/uploads\/2025\/04\/\u56fe\u72471-6x12.png 6w, https:\/\/www.salonfurniture88.com\/wp-content\/uploads\/2025\/04\/\u56fe\u72471-600x1144.png 600w, https:\/\/www.salonfurniture88.com\/wp-content\/uploads\/2025\/04\/\u56fe\u72471-scaled.png 1343w\" sizes=\"auto, (max-width: 157px) 100vw, 157px\" \/><figcaption id=\"caption-attachment-585\" class=\"wp-caption-text\">Farbe<\/figcaption><\/figure>\n<h2 data-start=\"2718\" data-end=\"2752\"><strong>Why Choose the Leadir SLE002?<\/strong><\/h2>\n<blockquote data-start=\"2754\" data-end=\"3011\">\n<p data-start=\"2756\" data-end=\"3011\">SLE002 is dedicated to providing comprehensive care including facial, hair services, creating a high-end and sought-after environment. Each treatment room is adorned with exquisite materials and opulent decor, reflecting unparalleled craftsmanship. SLE002 is the perfect choice for complete beauty services, specifically designed for clients seeking exclusive and holistic services.<\/p>\n<\/blockquote>\n<\/div>\n<h2 data-start=\"2756\" data-end=\"3011\"><strong>H\u00e4ufig gestellte Fragen (FAQ)<\/strong><\/h2>\n<p>1. <strong data-start=\"140\" data-end=\"182\">Is the Leadir SLE002 bed fully electric?<\/strong><\/p>\n<p data-start=\"183\" data-end=\"424\">Yes, the SLE002 is equipped with <strong data-start=\"214\" data-end=\"242\">ein elektrischer Aktuator<\/strong> die die Steuerung der<strong data-start=\"260\" data-end=\"296\"> Winkel der R\u00fcckenlehne<\/strong>. Alle Einstellungen werden \u00fcber eine benutzerfreundliche Fernbedienung vorgenommen, so dass es f\u00fcr Fachleute einfach ist, die Kunden bequem zu positionieren.<\/p>\n<hr data-start=\"426\" data-end=\"429\" \/>\n<p>2. <strong data-start=\"438\" data-end=\"483\">F\u00fcr welche Behandlungen kann dieses Bett verwendet werden?<\/strong><\/p>\n<p data-start=\"484\" data-end=\"565\">The SLE002 is designed for a wide range of beauty and wellness services, including:<\/p>\n<ul data-start=\"566\" data-end=\"725\">\n<li data-start=\"566\" data-end=\"575\">\n<p data-start=\"568\" data-end=\"575\">Gesichtsbehandlungen<\/p>\n<\/li>\n<li data-start=\"653\" data-end=\"677\">\n<p data-start=\"655\" data-end=\"677\">Behandlung von Kopfhaut und Kopf<\/p>\n<\/li>\n<li data-start=\"678\" data-end=\"725\">\n<p data-start=\"680\" data-end=\"725\">Haarstyling (kompatibel mit Saloneinstellungen)<\/p>\n<\/li>\n<\/ul>\n<hr data-start=\"727\" data-end=\"730\" \/>\n<p>3. <strong data-start=\"739\" data-end=\"792\">Ist die Polsterung des Bettes leicht zu reinigen und zu pflegen?<\/strong><\/p>\n<p data-start=\"793\" data-end=\"994\">Unbedingt. Die Oberfl\u00e4che ist bedeckt mit <strong data-start=\"833\" data-end=\"878\">flammhemmendes und \u00f6lbest\u00e4ndiges Leder<\/strong>, die lautet <strong data-start=\"889\" data-end=\"924\">leicht abzuwischen und zu desinfizieren<\/strong>. Dies gew\u00e4hrleistet Hygiene und Haltbarkeit in stark frequentierten Salons und Spas.<\/p>\n<hr data-start=\"1218\" data-end=\"1221\" \/>\n<p>4. <strong data-start=\"1230\" data-end=\"1289\">Verf\u00fcgt das Bett \u00fcber ein Gesichtsloch f\u00fcr die Bauchlage?<\/strong><\/p>\n<p data-start=\"1290\" data-end=\"1461\">Ja, die <strong data-start=\"1299\" data-end=\"1338\">R\u00fcckenlehne mit Gesichtsausschnitt<\/strong> (Gesichtsloch), wodurch es sich f\u00fcr Behandlungen eignet, bei denen der Kunde mit dem Gesicht nach unten liegt, wie z.B. Gesichtsbehandlungen oder K\u00f6rpermassagen.<\/p>\n<hr data-start=\"1463\" data-end=\"1466\" \/>\n<p>5. <strong data-start=\"1669\" data-end=\"1717\">Kann ich die Farbe oder das Finish des Leders individuell gestalten?<\/strong><\/p>\n<p data-start=\"1718\" data-end=\"1852\">Ja, wir bieten <strong data-start=\"1732\" data-end=\"1776\">Anpassbare Leder- und Stoffoberfl\u00e4chen<\/strong>. Bitte kontaktieren Sie uns, um die verf\u00fcgbaren Optionen zu besprechen und eine OEM\/ODM-Bestellung aufzugeben.<\/p>\n<hr data-start=\"1854\" data-end=\"1857\" \/>\n<p>6. <strong data-start=\"1866\" data-end=\"1912\">Wie lange ist die Lieferzeit und die Versandart?<\/strong><\/p>\n<p data-start=\"1913\" data-end=\"2109\">Die Produktionskapazit\u00e4t betr\u00e4gt <strong data-start=\"1936\" data-end=\"1962\">50.000 Einheiten pro Monat<\/strong>. Die Lieferzeit h\u00e4ngt von der Bestellmenge und der individuellen Gestaltung ab. Wir bieten internationalen Versand mit FOB-Preisen an - kontaktieren Sie uns f\u00fcr spezifische Fristen.<\/p>\n<hr data-start=\"2111\" data-end=\"2114\" \/>\n<p>7. <strong data-start=\"2123\" data-end=\"2147\">Gibt es eine Garantie?<\/strong><\/p>\n<p data-start=\"2148\" data-end=\"2299\">Ja, wir bieten eine <strong data-start=\"2164\" data-end=\"2192\">Standard 1 Jahr Garantie<\/strong> f\u00fcr die elektrischen Antriebe und die strukturellen Komponenten. Erweiterte Garantien sind auf Anfrage erh\u00e4ltlich.<\/p>\n<\/div>\n<\/div>\n<\/div>\n<\/div>","protected":false},"excerpt":{"rendered":"<p><em>FOB-Preis:<\/em>\u00a0<span class=\"item-val\">E-Mail, um den neuesten Preis zu erhalten<\/span><\/p>\n<p><em>MOQ:<\/em>\u00a0<span class=\"item-val\">E-Mail, um das neueste MOQ zu erhalten<\/span><\/p>\n<p><em>Produktionskapazit\u00e4t:<\/em>\u00a0<span class=\"item-val\">50000 St\u00fcck pro Monat<\/span><\/p>\n<p><em>ODM\/OEM:<\/em>\u00a0<span class=\"item-val\">Ja<\/span><\/p>\n<p><em>Zahlungsbedingungen:<\/em>\u00a0<span class=\"item-val\">P\/P, T\/T<\/span><\/p>","protected":false},"featured_media":802,"comment_status":"open","ping_status":"closed","template":"","meta":[],"product_brand":[],"product_cat":[18,55],"product_tag":[],"class_list":{"0":"post-134","1":"product","2":"type-product","3":"status-publish","4":"has-post-thumbnail","6":"product_cat-new-products","7":"product_cat-shampoo-beds","9":"first","10":"instock","11":"shipping-taxable","12":"product-type-variable"},"_links":{"self":[{"href":"https:\/\/www.salonfurniture88.com\/de_de_formal\/wp-json\/wp\/v2\/product\/134","targetHints":{"allow":["GET"]}}],"collection":[{"href":"https:\/\/www.salonfurniture88.com\/de_de_formal\/wp-json\/wp\/v2\/product"}],"about":[{"href":"https:\/\/www.salonfurniture88.com\/de_de_formal\/wp-json\/wp\/v2\/types\/product"}],"replies":[{"embeddable":true,"href":"https:\/\/www.salonfurniture88.com\/de_de_formal\/wp-json\/wp\/v2\/comments?post=134"}],"wp:featuredmedia":[{"embeddable":true,"href":"https:\/\/www.salonfurniture88.com\/de_de_formal\/wp-json\/wp\/v2\/media\/802"}],"wp:attachment":[{"href":"https:\/\/www.salonfurniture88.com\/de_de_formal\/wp-json\/wp\/v2\/media?parent=134"}],"wp:term":[{"taxonomy":"product_brand","embeddable":true,"href":"https:\/\/www.salonfurniture88.com\/de_de_formal\/wp-json\/wp\/v2\/product_brand?post=134"},{"taxonomy":"product_cat","embeddable":true,"href":"https:\/\/www.salonfurniture88.com\/de_de_formal\/wp-json\/wp\/v2\/product_cat?post=134"},{"taxonomy":"product_tag","embeddable":true,"href":"https:\/\/www.salonfurniture88.com\/de_de_formal\/wp-json\/wp\/v2\/product_tag?post=134"}],"curies":[{"name":"wp","href":"https:\/\/api.w.org\/{rel}","templated":true}]}}