{"id":234,"date":"2025-04-16T00:53:05","date_gmt":"2025-04-16T00:53:05","guid":{"rendered":"http:\/\/www.leadirsalon.com\/?post_type=product&#038;p=234"},"modified":"2025-07-10T07:50:49","modified_gmt":"2025-07-10T07:50:49","slug":"elektrische-behandlungsliege-b133-massage-schonheitsliege-mit-lagerung-3-motorisch-verstellbar","status":"publish","type":"product","link":"https:\/\/www.salonfurniture88.com\/de_de_formal\/produkt\/elektrische-behandlungsliege-b133-massage-schonheitsliege-mit-lagerung-3-motorisch-verstellbar\/","title":{"rendered":"Elektrische Behandlungsliege B133 | Massage- &amp; Kosmetikliege mit Stauraum | 3 Motoren verstellbar"},"content":{"rendered":"<div class=\"desc aos-init aos-animate\" data-aos=\"fadeInUp\" data-aos-duration=\"2000\">\n<div class=\"desc aos-init aos-animate\" data-aos=\"fadeInUp\" data-aos-duration=\"2000\">\n<h2 data-start=\"616\" data-end=\"635\"><strong>Hauptmerkmale<\/strong><\/h2>\n<h3 data-start=\"637\" data-end=\"684\">3 Elektromotoren f\u00fcr volle Anpassung<\/h3>\n<p data-start=\"685\" data-end=\"988\">Die <strong data-start=\"689\" data-end=\"720\">B133 Elektrische Behandlungsliege<\/strong> wird angetrieben von <strong data-start=\"735\" data-end=\"772\">drei extrem leise Elektromotoren<\/strong>, die eine nahtlose Anpassung der <strong data-start=\"810\" data-end=\"820\">H\u00f6he<\/strong>, <strong data-start=\"822\" data-end=\"840\">Winkel der R\u00fcckenlehne<\/strong>, und <strong data-start=\"846\" data-end=\"859\">Sitzneigung<\/strong>. Fachleute k\u00f6nnen die Position des Bettes an jede Behandlung anpassen, um sowohl den Komfort des Patienten als auch eine ergonomische Arbeitshaltung zu gew\u00e4hrleisten.<\/p>\n<h3 data-start=\"990\" data-end=\"1024\">Funktion zum Zur\u00fccksetzen mit einem Tastendruck<\/h3>\n<p data-start=\"1025\" data-end=\"1180\">Nach jeder Sitzung wird ein <strong data-start=\"1047\" data-end=\"1063\">Reset-Taste<\/strong> senkt das Bett mit einem Tastendruck auf die Mindesth\u00f6he ab, so dass der Kunde sicher und bequem aussteigen kann.<\/p>\n<h3 data-start=\"1182\" data-end=\"1228\">\u00a0HBS-System mit Gesichtsloch und Armlehnen<\/h3>\n<p data-start=\"1229\" data-end=\"1457\">Diese <strong data-start=\"1234\" data-end=\"1245\">Wellness-Bett<\/strong> umfasst das innovative <strong data-start=\"1270\" data-end=\"1284\">HBS-System<\/strong>, integrierend <strong data-start=\"1298\" data-end=\"1321\">verstellbare Armlehnen<\/strong> und eine <strong data-start=\"1328\" data-end=\"1355\">Kopfst\u00fctze mit Gesichtsloch<\/strong>, ideal f\u00fcr <strong data-start=\"1367\" data-end=\"1420\">Gesichtsbehandlungen, Massagen und Wellness-Therapie<\/strong> wenn eine liegende Position erforderlich ist.<\/p>\n<h3 data-start=\"1459\" data-end=\"1502\">\u00a0Extrabreite &amp; komfortable Matratze<\/h3>\n<p data-start=\"1503\" data-end=\"1758\">Messen Sie <strong data-start=\"1513\" data-end=\"1527\">77 cm breit<\/strong> und <strong data-start=\"1532\" data-end=\"1547\">15 cm dick<\/strong>Die Matratze aus hochdichtem Schaumstoff ist mit einer H\u00fclle aus <strong data-start=\"1594\" data-end=\"1623\">strapazierf\u00e4higes Kunstleder<\/strong>und bietet au\u00dfergew\u00f6hnlichen Komfort und einfache Pflege. Es ist die perfekte Oberfl\u00e4che f\u00fcr ausgedehnte Behandlungen, ohne Kompromisse bei der Unterst\u00fctzung einzugehen.<\/p>\n<h3 data-start=\"1760\" data-end=\"1798\">\u00a0Eingebauter h\u00f6lzerner Aufbewahrungsboden<\/h3>\n<p data-start=\"1799\" data-end=\"2043\">Im Gegensatz zu den meisten elektrischen Betten, ist das <strong data-start=\"1830\" data-end=\"1878\">B133 hat einen eleganten Sockel mit Holzstruktur<\/strong> mit <strong data-start=\"1884\" data-end=\"1910\">zwei integrierte Schubladen<\/strong> zur praktischen Aufbewahrung von Werkzeugen, Handt\u00fcchern und Zubeh\u00f6r. Eine clevere L\u00f6sung f\u00fcr Platzersparnis und Organisation in gesch\u00e4ftigen Salons oder Spas.<\/p>\n<h3 data-start=\"2045\" data-end=\"2082\">\u00a0Leise, stabil und stilvoll<\/h3>\n<p data-start=\"2083\" data-end=\"2304\">Die solide <strong data-start=\"2093\" data-end=\"2122\">Konstruktion aus Metall und Holz<\/strong> bietet eine hervorragende Lastaufnahme und Langlebigkeit. Das leise Motorsystem und das saubere Design machen ihn ideal f\u00fcr <strong data-start=\"2229\" data-end=\"2303\">Luxus-Wellness-Kliniken, \u00e4sthetische Zentren und Boutique-Sch\u00f6nheitssalons<\/strong>.<\/p>\n<\/div>\n<\/div>\n<h2 data-start=\"2311\" data-end=\"2340\"><strong>Produkt Spezifikationen<\/strong><\/h2>\n<div class=\"_tableContainer_16hzy_1\">\n<div class=\"_tableWrapper_16hzy_14 group flex w-fit flex-col-reverse\" tabindex=\"-1\">\n<table class=\"w-fit min-w-(--thread-content-width)\" data-start=\"2342\" data-end=\"2898\">\n<thead data-start=\"2342\" data-end=\"2364\">\n<tr data-start=\"2342\" data-end=\"2364\">\n<th data-start=\"2342\" data-end=\"2354\" data-col-size=\"sm\">Attribut<\/th>\n<th data-start=\"2354\" data-end=\"2364\" data-col-size=\"md\">Detail<\/th>\n<\/tr>\n<\/thead>\n<tbody data-start=\"2387\" data-end=\"2898\">\n<tr data-start=\"2387\" data-end=\"2407\">\n<td data-start=\"2387\" data-end=\"2399\" data-col-size=\"sm\"><strong data-start=\"2389\" data-end=\"2398\">Modell<\/strong><\/td>\n<td data-col-size=\"md\" data-start=\"2399\" data-end=\"2407\">B133<\/td>\n<\/tr>\n<tr data-start=\"2408\" data-end=\"2431\">\n<td data-start=\"2408\" data-end=\"2421\" data-col-size=\"sm\"><strong data-start=\"2410\" data-end=\"2420\">L\u00e4nge<\/strong><\/td>\n<td data-col-size=\"md\" data-start=\"2421\" data-end=\"2431\">198 cm<\/td>\n<\/tr>\n<tr data-start=\"2432\" data-end=\"2453\">\n<td data-start=\"2432\" data-end=\"2444\" data-col-size=\"sm\"><strong data-start=\"2434\" data-end=\"2443\">Breite<\/strong><\/td>\n<td data-col-size=\"md\" data-start=\"2444\" data-end=\"2453\">77 cm<\/td>\n<\/tr>\n<tr data-start=\"2454\" data-end=\"2487\">\n<td data-start=\"2454\" data-end=\"2473\" data-col-size=\"sm\"><strong data-start=\"2456\" data-end=\"2472\">H\u00f6he Bereich<\/strong><\/td>\n<td data-col-size=\"md\" data-start=\"2473\" data-end=\"2487\">63 - 76 cm<\/td>\n<\/tr>\n<tr data-start=\"2488\" data-end=\"2522\">\n<td data-start=\"2488\" data-end=\"2513\" data-col-size=\"sm\"><strong data-start=\"2490\" data-end=\"2512\">Dicke der Matratze<\/strong><\/td>\n<td data-col-size=\"md\" data-start=\"2513\" data-end=\"2522\">15 cm<\/td>\n<\/tr>\n<tr data-start=\"2523\" data-end=\"2549\">\n<td data-start=\"2523\" data-end=\"2540\" data-col-size=\"sm\"><strong data-start=\"2525\" data-end=\"2539\">Beinh\u00f6he<\/strong><\/td>\n<td data-col-size=\"md\" data-start=\"2540\" data-end=\"2549\">60 cm<\/td>\n<\/tr>\n<tr data-start=\"2550\" data-end=\"2610\">\n<td data-start=\"2550\" data-end=\"2565\" data-col-size=\"sm\"><strong data-start=\"2552\" data-end=\"2564\">Material<\/strong><\/td>\n<td data-col-size=\"md\" data-start=\"2565\" data-end=\"2610\">Metallgestell, Holzsockel, Kunstleder<\/td>\n<\/tr>\n<tr data-start=\"2611\" data-end=\"2662\">\n<td data-start=\"2611\" data-end=\"2626\" data-col-size=\"sm\"><strong data-start=\"2613\" data-end=\"2625\">Kontrolliert<\/strong><\/td>\n<td data-col-size=\"md\" data-start=\"2626\" data-end=\"2662\">Elektrisch (Fernbedienung + Reset-Taste)<\/td>\n<\/tr>\n<tr data-start=\"2663\" data-end=\"2727\">\n<td data-start=\"2663\" data-end=\"2680\" data-col-size=\"sm\"><strong data-start=\"2665\" data-end=\"2679\">Polsterm\u00f6bel<\/strong><\/td>\n<td data-col-size=\"md\" data-start=\"2680\" data-end=\"2727\">Wasserdichtes, leicht zu reinigendes Kunstleder<\/td>\n<\/tr>\n<tr data-start=\"2728\" data-end=\"2767\">\n<td data-start=\"2728\" data-end=\"2747\" data-col-size=\"sm\"><strong data-start=\"2730\" data-end=\"2746\">Paket Gr\u00f6\u00dfe<\/strong><\/td>\n<td data-col-size=\"md\" data-start=\"2747\" data-end=\"2767\">210 \u00d7 90 \u00d7 75 cm<\/td>\n<\/tr>\n<tr data-start=\"2768\" data-end=\"2800\">\n<td data-start=\"2768\" data-end=\"2790\" data-col-size=\"sm\"><strong data-start=\"2770\" data-end=\"2789\">Versandvolumen<\/strong><\/td>\n<td data-col-size=\"md\" data-start=\"2790\" data-end=\"2800\">1.2 m\u00b3<\/td>\n<\/tr>\n<tr data-start=\"2801\" data-end=\"2823\">\n<td data-start=\"2801\" data-end=\"2814\" data-col-size=\"sm\"><strong data-start=\"2803\" data-end=\"2813\">Gewicht<\/strong><\/td>\n<td data-col-size=\"md\" data-start=\"2814\" data-end=\"2823\">95 kg<\/td>\n<\/tr>\n<tr data-start=\"2824\" data-end=\"2851\">\n<td data-start=\"2824\" data-end=\"2838\" data-col-size=\"sm\"><strong data-start=\"2826\" data-end=\"2837\">OEM\/ODM<\/strong><\/td>\n<td data-col-size=\"md\" data-start=\"2838\" data-end=\"2851\">Unterst\u00fctzt<\/td>\n<\/tr>\n<tr data-start=\"2852\" data-end=\"2898\">\n<td data-start=\"2852\" data-end=\"2878\" data-col-size=\"sm\"><strong data-start=\"2854\" data-end=\"2877\">Produktionskapazit\u00e4t<\/strong><\/td>\n<td data-col-size=\"md\" data-start=\"2878\" data-end=\"2898\">50.000 St\u00fcck\/Monat<\/td>\n<\/tr>\n<\/tbody>\n<\/table>\n<\/div>\n<\/div>\n<h3 data-start=\"2905\" data-end=\"2962\">Warum sollten Sie sich f\u00fcr die elektrische Behandlungsliege Leadir B133 entscheiden?<\/h3>\n<blockquote data-start=\"2964\" data-end=\"3241\">\n<p data-start=\"2966\" data-end=\"3241\">Ganz gleich, ob Sie ein High-End-Spa aufr\u00fcsten oder ein Boutique-Gesichtsbehandlungsstudio er\u00f6ffnen m\u00f6chten, die <strong data-start=\"3049\" data-end=\"3064\">Leadir B133<\/strong> bietet eine perfekte Mischung aus <strong data-start=\"3089\" data-end=\"3132\">Luxus, Anpassungsf\u00e4higkeit und Zweckm\u00e4\u00dfigkeit<\/strong>. Von der elektrischen Komfortsteuerung bis hin zum integrierten Stauraum ist es so gebaut, dass es sowohl Profis als auch Kunden beeindruckt.<\/p>\n<\/blockquote>\n<p data-start=\"3243\" data-end=\"3318\"><a href=\"http:\/\/www.leadirsalon.com\/contact-us\/\"><strong data-start=\"3246\" data-end=\"3260\">Kontaktieren Sie uns<\/strong> jetzt f\u00fcr die neuesten FOB-Preise und Anpassungsm\u00f6glichkeiten!<\/a><\/p>\n<h3 data-start=\"3243\" data-end=\"3318\">H\u00e4ufig gestellte Fragen (FAQ)<\/h3>\n<p data-start=\"507\" data-end=\"801\"><strong data-start=\"507\" data-end=\"586\">Q1: Wodurch unterscheidet sich die elektrische Behandlungsliege B133 von anderen Modellen?<\/strong><br data-start=\"586\" data-end=\"589\" \/>A1: Die B133 verf\u00fcgt \u00fcber ein <strong data-start=\"613\" data-end=\"658\">Holzsockel mit zwei Ablagef\u00e4chern<\/strong>Damit k\u00f6nnen Profis ihre Werkzeuge bequem aufbewahren. Au\u00dferdem enth\u00e4lt er <strong data-start=\"729\" data-end=\"754\">drei Elektromotoren<\/strong> zum Einstellen von H\u00f6he, R\u00fcckenlehne und Sitzneigung.<\/p>\n<p data-start=\"803\" data-end=\"1026\"><strong data-start=\"803\" data-end=\"834\">F2: Was ist das HBS-System?<\/strong><br data-start=\"834\" data-end=\"837\" \/>A2: Die <strong data-start=\"845\" data-end=\"859\">HBS-System<\/strong> enth\u00e4lt <strong data-start=\"869\" data-end=\"924\">verstellbare Armlehnen und eine Kopfst\u00fctze mit Gesichtsloch<\/strong>und bietet hervorragenden Halt und Komfort - besonders n\u00fctzlich bei Gesichtsbehandlungen und Massagen.<\/p>\n<p data-start=\"1028\" data-end=\"1248\"><strong data-start=\"1028\" data-end=\"1062\">F3: Ist das Bett leicht zu verstellen?<\/strong><br data-start=\"1062\" data-end=\"1065\" \/>A3: Ja. Mit <strong data-start=\"1079\" data-end=\"1104\">drei Elektromotoren<\/strong> und eine <strong data-start=\"1111\" data-end=\"1139\">One-Touch-Reset-Funktion<\/strong>k\u00f6nnen Sie das Bett schnell auf die Mindesth\u00f6he absenken, so dass es f\u00fcr die Patienten nach der Behandlung besser zug\u00e4nglich ist.<\/p>\n<p data-start=\"1250\" data-end=\"1464\"><strong data-start=\"1250\" data-end=\"1295\">F4: Wie lauten die Spezifikationen der Matratze?<\/strong><br data-start=\"1295\" data-end=\"1298\" \/>A4: Die Matratze ist <strong data-start=\"1318\" data-end=\"1332\">77 cm breit<\/strong> und <strong data-start=\"1337\" data-end=\"1352\">15 cm dick<\/strong>, gef\u00fcllt mit hochwertigem Schwamm und bedeckt mit <strong data-start=\"1401\" data-end=\"1422\">Kunstleder<\/strong>die sowohl Komfort als auch eine einfache Reinigung gew\u00e4hrleisten.<\/p>\n<p data-start=\"1466\" data-end=\"1625\"><strong data-start=\"1466\" data-end=\"1501\">F5: Kann die B133 individuell angepasst werden?<\/strong><br data-start=\"1501\" data-end=\"1504\" \/>A5: Ja, <strong data-start=\"1513\" data-end=\"1537\">OEM und ODM Dienstleistungen<\/strong> sind erh\u00e4ltlich, einschlie\u00dflich individueller Lederfarben und Materialien, die zum Stil Ihres Spas passen.<\/p>\n<p data-start=\"1627\" data-end=\"1802\"><strong data-start=\"1627\" data-end=\"1670\">F6: Wie viel Platz nimmt das Bett ein?<\/strong><br data-start=\"1670\" data-end=\"1673\" \/>A6: Das Versandpaket misst <strong data-start=\"1707\" data-end=\"1722\">210\u00d790\u00d775cm<\/strong> mit einem Gesamtvolumen von <strong data-start=\"1746\" data-end=\"1756\">1.2 m\u00b3<\/strong>Dadurch ist es f\u00fcr die meisten Behandlungsr\u00e4ume geeignet.<\/p>\n<p data-start=\"1804\" data-end=\"1965\"><strong data-start=\"1804\" data-end=\"1838\">F7: Aus welchem Material besteht der Rahmen?<\/strong><br data-start=\"1838\" data-end=\"1841\" \/>A7: Der Rahmen kombiniert <strong data-start=\"1864\" data-end=\"1873\">Metall<\/strong> und eine <strong data-start=\"1880\" data-end=\"1901\">Sockel aus Naturholz<\/strong>, ausgleichend <strong data-start=\"1913\" data-end=\"1927\">Haltbarkeit<\/strong> mit einer <strong data-start=\"1935\" data-end=\"1964\">Modernes, wellnessfreundliches Aussehen<\/strong>.<\/p>","protected":false},"excerpt":{"rendered":"<p>Verbessern Sie Ihr Spa oder Ihre Wellness-Klinik mit dem <strong data-start=\"296\" data-end=\"334\">Leadir B133 Elektrische Behandlungsliege<\/strong>-eine Premium-Qualit\u00e4t <strong data-start=\"351\" data-end=\"366\">Massagebett<\/strong> und <strong data-start=\"371\" data-end=\"385\">Sch\u00f6nheitsbett<\/strong> Gebrauch: F\u00fcr Profis, die Wert auf Komfort, Effizienz und Eleganz legen. Dieses <strong data-start=\"463\" data-end=\"483\">Elektrisches Sprudelbett<\/strong> bietet ein perfektes Gleichgewicht zwischen Funktionalit\u00e4t und \u00c4sthetik und ist damit die erste Wahl f\u00fcr <strong data-start=\"560\" data-end=\"608\">Gesichtsbehandlungen, K\u00f6rperbehandlungen, Massagen und mehr<\/strong>.<\/p>","protected":false},"featured_media":612,"comment_status":"open","ping_status":"closed","template":"","meta":[],"product_brand":[],"product_cat":[18,57],"product_tag":[],"class_list":{"0":"post-234","1":"product","2":"type-product","3":"status-publish","4":"has-post-thumbnail","6":"product_cat-new-products","7":"product_cat-electric-beauty-beds","9":"first","10":"instock","11":"shipping-taxable","12":"product-type-variable"},"_links":{"self":[{"href":"https:\/\/www.salonfurniture88.com\/de_de_formal\/wp-json\/wp\/v2\/product\/234","targetHints":{"allow":["GET"]}}],"collection":[{"href":"https:\/\/www.salonfurniture88.com\/de_de_formal\/wp-json\/wp\/v2\/product"}],"about":[{"href":"https:\/\/www.salonfurniture88.com\/de_de_formal\/wp-json\/wp\/v2\/types\/product"}],"replies":[{"embeddable":true,"href":"https:\/\/www.salonfurniture88.com\/de_de_formal\/wp-json\/wp\/v2\/comments?post=234"}],"wp:featuredmedia":[{"embeddable":true,"href":"https:\/\/www.salonfurniture88.com\/de_de_formal\/wp-json\/wp\/v2\/media\/612"}],"wp:attachment":[{"href":"https:\/\/www.salonfurniture88.com\/de_de_formal\/wp-json\/wp\/v2\/media?parent=234"}],"wp:term":[{"taxonomy":"product_brand","embeddable":true,"href":"https:\/\/www.salonfurniture88.com\/de_de_formal\/wp-json\/wp\/v2\/product_brand?post=234"},{"taxonomy":"product_cat","embeddable":true,"href":"https:\/\/www.salonfurniture88.com\/de_de_formal\/wp-json\/wp\/v2\/product_cat?post=234"},{"taxonomy":"product_tag","embeddable":true,"href":"https:\/\/www.salonfurniture88.com\/de_de_formal\/wp-json\/wp\/v2\/product_tag?post=234"}],"curies":[{"name":"wp","href":"https:\/\/api.w.org\/{rel}","templated":true}]}}