{"id":775,"date":"2025-07-10T02:04:17","date_gmt":"2025-07-10T02:04:17","guid":{"rendered":"http:\/\/www.leadirsalon.com\/?post_type=product&#038;p=775"},"modified":"2025-07-10T07:50:00","modified_gmt":"2025-07-10T07:50:00","slug":"ble004-friseurstuhl-mit-fusstutze","status":"publish","type":"product","link":"https:\/\/www.salonfurniture88.com\/de_de_formal\/produkt\/ble004-friseurstuhl-mit-fusstutze\/","title":{"rendered":"BLE004 Kosmetischer Friseurstuhl mit Fu\u00dfst\u00fctze"},"content":{"rendered":"<div class=\"desc aos-init aos-animate\" data-aos=\"fadeInUp\" data-aos-duration=\"2000\">\n<div class=\"desc aos-init aos-animate\" data-aos=\"fadeInUp\" data-aos-duration=\"2000\">\n<div class=\"desc aos-init aos-animate\" data-aos=\"fadeInUp\" data-aos-duration=\"2000\">\n<div class=\"desc aos-init aos-animate\" data-aos=\"fadeInUp\" data-aos-duration=\"2000\">\n<h2 data-start=\"628\" data-end=\"650\"><strong data-start=\"634\" data-end=\"650\">Hauptmerkmale<\/strong><\/h2>\n<\/div>\n<\/div>\n<\/div>\n<div class=\"desc aos-init aos-animate\" data-aos=\"fadeInUp\" data-aos-duration=\"2000\">\n<div class=\"desc aos-init aos-animate\" data-aos=\"fadeInUp\" data-aos-duration=\"2000\">\n<div class=\"desc aos-init aos-animate\" data-aos=\"fadeInUp\" data-aos-duration=\"2000\">\n<ul data-start=\"652\" data-end=\"2011\">\n<li data-start=\"1582\" data-end=\"1794\">\n<p data-start=\"1584\" data-end=\"1794\"><strong data-start=\"1584\" data-end=\"1609\">Hochwertiges Leder: Die PVC-Lederoberfl\u00e4che ist nicht nur \u00e4sthetisch ansprechend, sondern auch sehr pflegeleicht.<br \/>\n<\/strong><\/p>\n<\/li>\n<li data-start=\"1582\" data-end=\"1794\">\n<p data-start=\"1584\" data-end=\"1794\"><strong data-start=\"1584\" data-end=\"1609\">\u00a0Einstellbare H\u00f6he: Ausgestattet mit einem modernen hydraulischen System, l\u00e4sst sich die H\u00f6he des Stuhls leicht verstellen, um ihn an Benutzer mit unterschiedlicher K\u00f6rpergr\u00f6\u00dfe anzupassen.<br \/>\n<\/strong><\/p>\n<\/li>\n<li data-start=\"1582\" data-end=\"1794\">\n<p data-start=\"1584\" data-end=\"1794\"><strong data-start=\"1584\" data-end=\"1609\">\u00a0Rotations- und Liegefunktionen: Der Stuhl kann um 360 Grad gedreht werden, um verschiedene Friseur- und Sch\u00f6nheitsbehandlungen zu erm\u00f6glichen.<br \/>\n<\/strong><\/p>\n<\/li>\n<li data-start=\"1582\" data-end=\"1794\">\n<p data-start=\"1584\" data-end=\"1794\"><strong data-start=\"1584\" data-end=\"1609\">\u00a0Stabiles Design: Das hochbelastbare Chromgestell sorgt daf\u00fcr, dass der Stuhl stabil steht und nicht wackelt oder verrutscht, f\u00fcr zuverl\u00e4ssige Sicherheit.<br \/>\n<\/strong><\/p>\n<\/li>\n<li data-start=\"1582\" data-end=\"1794\">\n<p data-start=\"1584\" data-end=\"1794\"><strong data-start=\"1584\" data-end=\"1609\">\u00a0Vielseitig einsetzbar: Dieser Stuhl ist ideal f\u00fcr professionelle Friseursalons, kann aber auch in Sch\u00f6nheitssalons und Tattoo-Shops verwendet werden.<br \/>\n<\/strong><\/p>\n<\/li>\n<\/ul>\n<h2 data-start=\"2018\" data-end=\"2043\"><strong data-start=\"2025\" data-end=\"2043\">Spezifikationen<\/strong><\/h2>\n<div class=\"_tableContainer_16hzy_1\">\n<div class=\"_tableWrapper_16hzy_14 group flex w-fit flex-col-reverse\" tabindex=\"-1\">\n<table class=\"w-fit min-w-(--thread-content-width)\" data-start=\"2044\" data-end=\"2489\">\n<thead data-start=\"2044\" data-end=\"2062\">\n<tr data-start=\"2044\" data-end=\"2062\">\n<th data-start=\"2044\" data-end=\"2051\" data-col-size=\"sm\">Artikel<\/th>\n<th data-start=\"2051\" data-end=\"2062\" data-col-size=\"sm\">Details<\/th>\n<\/tr>\n<\/thead>\n<tbody data-start=\"2082\" data-end=\"2489\">\n<tr data-start=\"2082\" data-end=\"2102\">\n<td data-start=\"2082\" data-end=\"2094\" data-col-size=\"sm\"><strong data-start=\"2084\" data-end=\"2093\">Modell<\/strong><\/td>\n<td data-col-size=\"sm\" data-start=\"2094\" data-end=\"2102\">BLE004<\/td>\n<\/tr>\n<tr data-start=\"2103\" data-end=\"2143\">\n<td data-start=\"2103\" data-end=\"2120\" data-col-size=\"sm\"><strong data-start=\"2105\" data-end=\"2119\">Abmessungen<\/strong><\/td>\n<td data-col-size=\"sm\" data-start=\"2120\" data-end=\"2143\">L82*B63*H83-94\uff08cm\uff09<\/td>\n<\/tr>\n<tr data-start=\"2144\" data-end=\"2175\">\n<td data-start=\"2144\" data-end=\"2166\" data-col-size=\"sm\"><strong data-start=\"2146\" data-end=\"2165\">Gewicht Kapazit\u00e4t<\/strong><\/td>\n<td data-col-size=\"sm\" data-start=\"2166\" data-end=\"2175\">80kg<\/td>\n<\/tr>\n<tr data-start=\"2176\" data-end=\"2202\">\n<td data-start=\"2176\" data-end=\"2193\" data-col-size=\"sm\"><strong data-start=\"2178\" data-end=\"2192\">Nettogewicht<\/strong><\/td>\n<td data-col-size=\"sm\" data-start=\"2193\" data-end=\"2202\">40kg<\/td>\n<\/tr>\n<tr data-start=\"2203\" data-end=\"2262\">\n<td data-start=\"2203\" data-end=\"2220\" data-col-size=\"sm\"><strong data-start=\"2205\" data-end=\"2219\">Polsterm\u00f6bel<\/strong><\/td>\n<td data-col-size=\"sm\" data-start=\"2220\" data-end=\"2262\">Flammenhemmendes, \u00f6lbest\u00e4ndiges Leder<\/td>\n<\/tr>\n<tr data-start=\"2263\" data-end=\"2316\">\n<td data-start=\"2263\" data-end=\"2283\" data-col-size=\"sm\"><strong data-start=\"2265\" data-end=\"2282\">Basis Material<\/strong><\/td>\n<td data-col-size=\"sm\" data-start=\"2283\" data-end=\"2316\">Galvanisierter rostfreier Stahl<\/td>\n<\/tr>\n<tr data-start=\"2317\" data-end=\"2362\">\n<td data-start=\"2317\" data-end=\"2329\" data-col-size=\"sm\"><strong data-start=\"2319\" data-end=\"2328\">Rahmen<\/strong><\/td>\n<td data-col-size=\"sm\" data-start=\"2329\" data-end=\"2362\">Stahl + massives Mehrschichtholz<\/td>\n<\/tr>\n<tr data-start=\"2363\" data-end=\"2410\">\n<td data-start=\"2363\" data-end=\"2374\" data-col-size=\"sm\"><strong data-start=\"2365\" data-end=\"2373\">Schaumstoff<\/strong><\/td>\n<td data-start=\"2374\" data-end=\"2410\" data-col-size=\"sm\">Hochdichter Schaumstoff mit schneller R\u00fcckstellkraft<\/td>\n<\/tr>\n<tr data-start=\"2411\" data-end=\"2440\">\n<td data-start=\"2411\" data-end=\"2427\" data-col-size=\"sm\"><strong data-start=\"2413\" data-end=\"2426\">OEM \/ ODM<\/strong><\/td>\n<td data-col-size=\"sm\" data-start=\"2427\" data-end=\"2440\">Verf\u00fcgbar<\/td>\n<\/tr>\n<tr data-start=\"2441\" data-end=\"2489\">\n<td data-start=\"2441\" data-end=\"2467\" data-col-size=\"sm\"><strong data-start=\"2443\" data-end=\"2466\">Produktionskapazit\u00e4t<\/strong><\/td>\n<td data-col-size=\"sm\" data-start=\"2467\" data-end=\"2489\">50.000 Einheiten\/Monat<\/td>\n<\/tr>\n<\/tbody>\n<\/table>\n<p>&nbsp;<\/p>\n<\/div>\n<h3 data-start=\"2496\" data-end=\"2531\"><strong data-start=\"2503\" data-end=\"2531\">Bestellen &amp; Anpassen<\/strong><\/h3>\n<ul data-start=\"2533\" data-end=\"2711\">\n<li data-start=\"2533\" data-end=\"2578\">\n<p data-start=\"2535\" data-end=\"2578\"><strong data-start=\"2535\" data-end=\"2542\">MOQ<\/strong>: Bitte mailen Sie uns f\u00fcr das aktuelle MOQ<\/p>\n<\/li>\n<li data-start=\"2579\" data-end=\"2622\">\n<p data-start=\"2581\" data-end=\"2622\"><strong data-start=\"2581\" data-end=\"2594\">FOB-Preis<\/strong>: Kontakt f\u00fcr das beste Angebot<\/p>\n<\/li>\n<li data-start=\"2623\" data-end=\"2681\">\n<p data-start=\"2625\" data-end=\"2681\"><strong data-start=\"2625\" data-end=\"2643\">Farbe &amp; Ausf\u00fchrung<\/strong>: Leder- und Stoffoptionen verf\u00fcgbar<\/p>\n<\/li>\n<li data-start=\"2682\" data-end=\"2711\">\n<p data-start=\"2684\" data-end=\"2711\"><strong data-start=\"2684\" data-end=\"2701\">Zahlungsbedingungen<\/strong>: P\/P, T\/T<\/p>\n<\/li>\n<\/ul>\n<figure id=\"attachment_585\" aria-describedby=\"caption-attachment-585\" style=\"width: 157px\" class=\"wp-caption alignnone\"><img loading=\"lazy\" decoding=\"async\" class=\"size-medium wp-image-585\" src=\"http:\/\/www.leadirsalon.com\/wp-content\/uploads\/2025\/04\/\u56fe\u72471-157x300.png\" alt=\"Farbe\" width=\"157\" height=\"300\" srcset=\"https:\/\/www.salonfurniture88.com\/wp-content\/uploads\/2025\/04\/\u56fe\u72471-157x300.png 157w, https:\/\/www.salonfurniture88.com\/wp-content\/uploads\/2025\/04\/\u56fe\u72471-537x1024.png 537w, https:\/\/www.salonfurniture88.com\/wp-content\/uploads\/2025\/04\/\u56fe\u72471-768x1464.png 768w, https:\/\/www.salonfurniture88.com\/wp-content\/uploads\/2025\/04\/\u56fe\u72471-806x1536.png 806w, https:\/\/www.salonfurniture88.com\/wp-content\/uploads\/2025\/04\/\u56fe\u72471-1074x2048.png 1074w, https:\/\/www.salonfurniture88.com\/wp-content\/uploads\/2025\/04\/\u56fe\u72471-6x12.png 6w, https:\/\/www.salonfurniture88.com\/wp-content\/uploads\/2025\/04\/\u56fe\u72471-600x1144.png 600w, https:\/\/www.salonfurniture88.com\/wp-content\/uploads\/2025\/04\/\u56fe\u72471-scaled.png 1343w\" sizes=\"auto, (max-width: 157px) 100vw, 157px\" \/><figcaption id=\"caption-attachment-585\" class=\"wp-caption-text\">Farbe<\/figcaption><\/figure>\n<h2 data-start=\"2718\" data-end=\"2752\"><strong>Warum sollten Sie den Leadir BLE004 w\u00e4hlen?<\/strong><\/h2>\n<blockquote data-start=\"2754\" data-end=\"3011\">\n<p data-start=\"2756\" data-end=\"3011\">Wir stellen den BLE004 Modern Barber Chair in elegantem Wei\u00df vor - ein Muss f\u00fcr gehobene Salons, die einen bleibenden Eindruck hinterlassen wollen. Mit seiner perfekten Mischung aus Komfort und modernem Stil wurde der BLE004 f\u00fcr Friseure entwickelt, die ihren Salon aufwerten m\u00f6chten. Ganz gleich, ob Sie Ihren Salon renovieren oder ein neues Gesch\u00e4ft er\u00f6ffnen wollen, dieser Stuhl ist die ideale Wahl. Sein schickes Design und die gem\u00fctlichen Sitzgelegenheiten sorgen daf\u00fcr, dass Ihre Kunden immer wieder kommen. R\u00fcsten Sie Ihren Salon noch heute mit dem BLE004 auf!<\/p>\n<\/blockquote>\n<\/div>\n<h2 data-start=\"2756\" data-end=\"3011\"><strong>H\u00e4ufig gestellte Fragen (FAQ)<\/strong><\/h2>\n<p>1. <strong data-start=\"438\" data-end=\"483\">F\u00fcr welche Behandlungen kann dieser Stuhl verwendet werden?<\/strong><\/p>\n<p data-start=\"484\" data-end=\"565\">Der BLE004 wurde f\u00fcr eine breite Palette von Sch\u00f6nheits- und Wellness-Dienstleistungen entwickelt, darunter:<\/p>\n<ul data-start=\"566\" data-end=\"725\">\n<li data-start=\"566\" data-end=\"575\">\n<p data-start=\"568\" data-end=\"575\">Gesichtsbehandlungen<\/p>\n<\/li>\n<li data-start=\"632\" data-end=\"652\">\n<p data-start=\"634\" data-end=\"652\">Anwendung von Make-up<\/p>\n<\/li>\n<li data-start=\"653\" data-end=\"677\">\n<p data-start=\"655\" data-end=\"677\">Behandlung von Kopfhaut und Kopf<\/p>\n<\/li>\n<li data-start=\"678\" data-end=\"725\">\n<p data-start=\"680\" data-end=\"725\">Haarstyling (kompatibel mit Saloneinstellungen)<\/p>\n<\/li>\n<\/ul>\n<hr data-start=\"727\" data-end=\"730\" \/>\n<p>2. <strong data-start=\"739\" data-end=\"792\">Ist die Polsterung des Stuhls leicht zu reinigen und zu pflegen?<\/strong><\/p>\n<p data-start=\"793\" data-end=\"994\">Unbedingt. Die Oberfl\u00e4che ist bedeckt mit <strong data-start=\"833\" data-end=\"878\">flammhemmendes und \u00f6lbest\u00e4ndiges Leder<\/strong>, die lautet <strong data-start=\"889\" data-end=\"924\">leicht abzuwischen und zu desinfizieren<\/strong>. Dies gew\u00e4hrleistet Hygiene und Haltbarkeit in stark frequentierten Salons und Spas.<\/p>\n<hr data-start=\"1463\" data-end=\"1466\" \/>\n<p>3. <strong data-start=\"1669\" data-end=\"1717\">Kann ich die Farbe oder das Finish des Leders individuell gestalten?<\/strong><\/p>\n<p data-start=\"1718\" data-end=\"1852\">Ja, wir bieten <strong data-start=\"1732\" data-end=\"1776\">Anpassbare Leder- und Stoffoberfl\u00e4chen<\/strong>. Bitte kontaktieren Sie uns, um die verf\u00fcgbaren Optionen zu besprechen und eine OEM\/ODM-Bestellung aufzugeben.<\/p>\n<hr data-start=\"1854\" data-end=\"1857\" \/>\n<p>4. <strong data-start=\"1866\" data-end=\"1912\">Wie lange ist die Lieferzeit und die Versandart?<\/strong><\/p>\n<p data-start=\"1913\" data-end=\"2109\">Die Produktionskapazit\u00e4t betr\u00e4gt <strong data-start=\"1936\" data-end=\"1962\">50.000 Einheiten pro Monat<\/strong>. Die Lieferzeit h\u00e4ngt von der Bestellmenge und der individuellen Gestaltung ab. Wir bieten internationalen Versand mit FOB-Preisen an - kontaktieren Sie uns f\u00fcr spezifische Fristen.<\/p>\n<hr data-start=\"2111\" data-end=\"2114\" \/>\n<p>5. <strong data-start=\"2123\" data-end=\"2147\">Gibt es eine Garantie?<\/strong><\/p>\n<p data-start=\"2148\" data-end=\"2299\">Ja, wir bieten eine <strong data-start=\"2164\" data-end=\"2192\">Standard 1 Jahr Garantie<\/strong> f\u00fcr die elektrischen Antriebe und die strukturellen Komponenten. Erweiterte Garantien sind auf Anfrage erh\u00e4ltlich.<\/p>\n<\/div>\n<\/div>\n<\/div>\n<\/div>","protected":false},"excerpt":{"rendered":"<p><em>FOB-Preis:<\/em>\u00a0<span class=\"item-val\">E-Mail, um den neuesten Preis zu erhalten<\/span><\/p>\n<p><em>MOQ:<\/em>\u00a0<span class=\"item-val\">E-Mail, um das neueste MOQ zu erhalten<\/span><\/p>\n<p><em>Produktionskapazit\u00e4t:<\/em>\u00a0<span class=\"item-val\">50000 St\u00fcck pro Monat<\/span><\/p>\n<p><em>ODM\/OEM:<\/em>\u00a0<span class=\"item-val\">Ja<\/span><\/p>\n<p><em>Zahlungsbedingungen:<\/em>\u00a0<span class=\"item-val\">P\/P, T\/T<\/span><\/p>","protected":false},"featured_media":806,"comment_status":"open","ping_status":"closed","template":"","meta":[],"product_brand":[],"product_cat":[18,60],"product_tag":[],"class_list":{"0":"post-775","1":"product","2":"type-product","3":"status-publish","4":"has-post-thumbnail","6":"product_cat-new-products","7":"product_cat-hair-styling-chair","9":"first","10":"instock","11":"shipping-taxable","12":"product-type-variable"},"_links":{"self":[{"href":"https:\/\/www.salonfurniture88.com\/de_de_formal\/wp-json\/wp\/v2\/product\/775","targetHints":{"allow":["GET"]}}],"collection":[{"href":"https:\/\/www.salonfurniture88.com\/de_de_formal\/wp-json\/wp\/v2\/product"}],"about":[{"href":"https:\/\/www.salonfurniture88.com\/de_de_formal\/wp-json\/wp\/v2\/types\/product"}],"replies":[{"embeddable":true,"href":"https:\/\/www.salonfurniture88.com\/de_de_formal\/wp-json\/wp\/v2\/comments?post=775"}],"wp:featuredmedia":[{"embeddable":true,"href":"https:\/\/www.salonfurniture88.com\/de_de_formal\/wp-json\/wp\/v2\/media\/806"}],"wp:attachment":[{"href":"https:\/\/www.salonfurniture88.com\/de_de_formal\/wp-json\/wp\/v2\/media?parent=775"}],"wp:term":[{"taxonomy":"product_brand","embeddable":true,"href":"https:\/\/www.salonfurniture88.com\/de_de_formal\/wp-json\/wp\/v2\/product_brand?post=775"},{"taxonomy":"product_cat","embeddable":true,"href":"https:\/\/www.salonfurniture88.com\/de_de_formal\/wp-json\/wp\/v2\/product_cat?post=775"},{"taxonomy":"product_tag","embeddable":true,"href":"https:\/\/www.salonfurniture88.com\/de_de_formal\/wp-json\/wp\/v2\/product_tag?post=775"}],"curies":[{"name":"wp","href":"https:\/\/api.w.org\/{rel}","templated":true}]}}