{"id":307,"date":"2025-04-17T00:27:24","date_gmt":"2025-04-17T00:27:24","guid":{"rendered":"http:\/\/www.leadirsalon.com\/?page_id=307"},"modified":"2025-07-11T01:09:46","modified_gmt":"2025-07-11T01:09:46","slug":"camas-con-champu","status":"publish","type":"page","link":"https:\/\/www.salonfurniture88.com\/es\/camas-con-champu\/","title":{"rendered":"Camas de champ\u00fa - Lavacabezas ergon\u00f3micos para peluquer\u00edas | OEM Direct Supply"},"content":{"rendered":"<div id=\"gap-1414174940\" class=\"gap-element clearfix\" style=\"display:block; height:auto;\">\n\t\t\n<style>\n#gap-1414174940 {\n  padding-top: 140px;\n}\n<\/style>\n\t<\/div>\n\t\n\n<div class=\"row row-full-width\"  id=\"row-841769181\">\n\n\n\t<div id=\"col-1658918560\" class=\"col medium-4 small-12 large-4 col-hover-focus\"  data-animate=\"bounceInUp\">\n\t\t\t\t<div class=\"col-inner\"  >\n\t\t\t\n\t\t\t\n\n\t<div id=\"text-595410426\" class=\"text\">\n\t\t\n\n<h2><strong>Producto<\/strong><\/h2>\n<p>\u00a0<\/p>\n<p>\u00a0<\/p>\n\t\t\n<style>\n#text-595410426 {\n  font-size: 1.5rem;\n  color: rgb(0,0,0);\n}\n#text-595410426 > * {\n  color: rgb(0,0,0);\n}\n<\/style>\n\t<\/div>\n\t\n\t<div id=\"gap-403852385\" class=\"gap-element clearfix\" style=\"display:block; height:auto;\">\n\t\t\n<style>\n#gap-403852385 {\n  padding-top: 50px;\n}\n<\/style>\n\t<\/div>\n\t\n\n<ul class=\"sidebar-wrapper ul-reset\"><aside id=\"woocommerce_product_search-2\" class=\"widget woocommerce widget_product_search\"><form role=\"search\" method=\"get\" class=\"searchform\" action=\"https:\/\/www.salonfurniture88.com\/es\/?page_id=81\" data-trp-original-action=\"https:\/\/www.salonfurniture88.com\/es\/\">\n\t<div class=\"flex-row relative\">\n\t\t\t\t\t\t<div class=\"flex-col flex-grow\">\n\t\t\t<label class=\"screen-reader-text\" for=\"woocommerce-product-search-field-0\" data-no-translation=\"\" data-trp-gettext=\"\">Buscar:<\/label>\n\t\t\t<input type=\"search\" id=\"woocommerce-product-search-field-0\" class=\"search-field mb-0\" placeholder=\"Buscar en\u2026\" value=\"\" name=\"s\" data-no-translation-placeholder=\"\" \/>\n\t\t\t<input type=\"hidden\" name=\"post_type\" value=\"product\" \/>\n\t\t\t\t\t<\/div>\n\t\t<div class=\"flex-col\">\n\t\t\t<button type=\"submit\" value=\"Buscar en\" class=\"ux-search-submit submit-button secondary button  icon mb-0\" aria-label=\"Submit\" data-no-translation-value=\"\">\n\t\t\t\t<i class=\"icon-search\" ><\/i>\t\t\t<\/button>\n\t\t<\/div>\n\t<\/div>\n\t<div class=\"live-search-results text-left z-top\"><\/div>\n<input type=\"hidden\" name=\"trp-form-language\" value=\"es\"\/><\/form>\n<\/aside><aside id=\"custom_html-2\" class=\"widget_text widget widget_custom_html\"><div class=\"textwidget custom-html-widget\"><style>\r\n  .menu {\r\n    width: 300px;\r\n    font-family: Arial, sans-serif;\r\n  }\r\n\r\n  .menu input {\r\n    display: none;\r\n  }\r\n\r\n  .menu label {\r\n    display: block;\r\n    font-size: 21px;\r\n    color: black;\r\n    line-height: 60px;\r\n    cursor: pointer;\r\n    text-align: left;\r\n    padding: 10px 0;\r\n  }\r\n\r\n  .menu label:hover {\r\n    color: red;\r\n  }\r\n\r\n  .menu input:checked + label {\r\n    color: red;\r\n  }\r\n\r\n  .submenu {\r\n    display: none;\r\n    margin-left: 2em;\r\n  }\r\n\r\n  .submenu div {\r\n    font-size: 16px;\r\n    color: black;\r\n    line-height: 23px;\r\n    cursor: pointer;\r\n    padding: 5px 0;\r\n  }\r\n\r\n  .submenu div:hover {\r\n    color: red;\r\n  }\r\n\r\n  .menu input:checked + label + .submenu {\r\n    display: block;\r\n  }\r\n<\/style>\r\n\r\n<div class=\"menu\">\r\n  <div>\r\n    <input type=\"radio\" name=\"menu\" id=\"menu1\">\r\n    <label for=\"menu1\">Equipos de tratamiento de belleza<\/label>\r\n    <div class=\"submenu\">\r\n      <div><a href=\"http:\/\/www.leadirsalon.com\/electric-beauty-beds\/\">Camas de belleza el\u00e9ctricas<\/a><\/div>\r\n    <\/div>\r\n  <\/div>\r\n\r\n  <div>\r\n    <input type=\"radio\" name=\"menu\" id=\"menu2\">\r\n    <label for=\"menu2\">Champ\u00fa y equipos de spa<\/label>\r\n    <div class=\"submenu\">\r\n      <div><a href=\"http:\/\/www.leadirsalon.com\/shampoo-beds\/\">Camas de champ\u00fa<\/a><\/div>\r\n      <div><a href=\"http:\/\/www.leadirsalon.com\/shampoo-pedicure-combo-beds\/\">Camas combinadas para champ\u00fa y pedicura<\/a><\/div>\r\n    <\/div>\r\n  <\/div>\r\n\r\n  <div>\r\n    <input type=\"radio\" name=\"menu\" id=\"menu3\">\r\n    <label for=\"menu3\">Muebles para salones de manicura<\/label>\r\n    <div class=\"submenu\">\r\n      <div><a href=\"http:\/\/www.leadirsalon.com\/nail-tables\/\">Mesas para u\u00f1as<\/a><\/div>\r\n    <\/div>\r\n  <\/div>\r\n\r\n  <div>\r\n    <input type=\"radio\" name=\"menu\" id=\"menu4\">\r\n    <label for=\"menu4\">Equipo de pedicura<\/label>\r\n    <div class=\"submenu\">\r\n      <div><a href=\"http:\/\/www.leadirsalon.com\/pedicure-chairs\/\">Sillones de pedicura<\/a><\/div>\r\n    <\/div>\r\n  <\/div>\r\n\r\n  <div>\r\n    <input type=\"radio\" name=\"menu\" id=\"menu5\">\r\n    <label for=\"menu5\">Equipos de peluquer\u00eda<\/label>\r\n    <div class=\"submenu\">\r\n      <div><a href=\"http:\/\/www.leadirsalon.com\/barber-chairs\/\">Sillones de peluquer\u00eda<\/a><\/div>\r\n    <\/div>\r\n  <\/div>\r\n\r\n  <div>\r\n    <input type=\"radio\" name=\"menu\" id=\"menu6\">\r\n    <label for=\"menu6\">Accesorios para salones<\/label>\r\n    <div class=\"submenu\">\r\n      <div><a href=\"http:\/\/www.leadirsalon.com\/salon-mirrors\/\">Espejos de sal\u00f3n<\/a><\/div>\r\n    <\/div>\r\n  <\/div>\r\n<\/div>\r\n\r\n<script>\r\n  \/\/ \u83b7\u53d6\u5f53\u524d\u7f51\u5740\r\n  const currentUrl = window.location.href;\r\n\r\n  \/\/ \u627e\u51fa\u6240\u6709\u5b50\u83dc\u5355\u7684\u94fe\u63a5\r\n  document.querySelectorAll('.menu a').forEach(link => {\r\n    if (currentUrl.includes(link.getAttribute('href'))) {\r\n      \/\/ \u627e\u5230a\u6807\u7b7e\u540e\uff0c\u5411\u4e0a\u67e5\u627einput\u7684id\r\n      const input = link.closest('.submenu').previousElementSibling.previousElementSibling;\r\n      if (input) {\r\n        input.checked = true; \/\/ \u9009\u4e2d\u5bf9\u5e94\u83dc\u5355\r\n      }\r\n    }\r\n  });\r\n<\/script>\r\n<\/div><\/aside>\t\t<aside id=\"flatsome_recent_posts-2\" class=\"widget flatsome_recent_posts\">\t\t<span class=\"widget-title shop-sidebar\">Entradas recientes<\/span><div class=\"is-divider small\"><\/div>\t\t<ul>\t\t\n\t\t\n\t\t<li class=\"recent-blog-posts-li\">\n\t\t\t<div class=\"flex-row recent-blog-posts align-top pt-half pb-half\">\n\t\t\t\t<div class=\"flex-col mr-half\">\n\t\t\t\t\t<div class=\"badge post-date badge-small badge-outline\">\n\t\t\t\t\t\t\t<div class=\"badge-inner bg-fill\" >\n                                \t\t\t\t\t\t\t\t<span class=\"post-date-day\">21<\/span><br>\n\t\t\t\t\t\t\t\t<span class=\"post-date-month is-xsmall\">Hace<\/span>\n                                \t\t\t\t\t\t\t<\/div>\n\t\t\t\t\t<\/div>\n\t\t\t\t<\/div>\n\t\t\t\t<div class=\"flex-col flex-grow\">\n\t\t\t\t\t  <a href=\"https:\/\/www.salonfurniture88.com\/es\/why-are-high-end-foot-spa-stores-willing-to-pay-for-smart-pedicure-chairs-a-cost-and-return-analysis\/\" title=\"Why Are High-End Foot Spa Stores Willing to Pay for &#8220;Smart Pedicure Chairs&#8221;? A Cost and Return Analysis\">\u00bfPor qu\u00e9 las tiendas de pedicura de gama alta est\u00e1n dispuestas a pagar por \"sillones de pedicura inteligentes\"? An\u00e1lisis de costes y beneficios<\/a>\n\t\t\t\t   \t  <span class=\"post_comments op-7 block is-xsmall\"><a href=\"https:\/\/www.salonfurniture88.com\/es\/why-are-high-end-foot-spa-stores-willing-to-pay-for-smart-pedicure-chairs-a-cost-and-return-analysis\/#respond\"><\/a><\/span>\n\t\t\t\t<\/div>\n\t\t\t<\/div>\n\t\t<\/li>\n\t\t\n\t\t\n\t\t<li class=\"recent-blog-posts-li\">\n\t\t\t<div class=\"flex-row recent-blog-posts align-top pt-half pb-half\">\n\t\t\t\t<div class=\"flex-col mr-half\">\n\t\t\t\t\t<div class=\"badge post-date badge-small badge-outline\">\n\t\t\t\t\t\t\t<div class=\"badge-inner bg-fill\" >\n                                \t\t\t\t\t\t\t\t<span class=\"post-date-day\">20<\/span><br>\n\t\t\t\t\t\t\t\t<span class=\"post-date-month is-xsmall\">Hace<\/span>\n                                \t\t\t\t\t\t\t<\/div>\n\t\t\t\t\t<\/div>\n\t\t\t\t<\/div>\n\t\t\t\t<div class=\"flex-col flex-grow\">\n\t\t\t\t\t  <a href=\"https:\/\/www.salonfurniture88.com\/es\/barber-chair-selection-standards-model-types-and-care-rules\/\" title=\"Silla de Barbero: Normas de selecci\u00f3n, tipos de modelos y reglas de cuidado\">Silla de Barbero: Normas de selecci\u00f3n, tipos de modelos y reglas de cuidado<\/a>\n\t\t\t\t   \t  <span class=\"post_comments op-7 block is-xsmall\"><a href=\"https:\/\/www.salonfurniture88.com\/es\/barber-chair-selection-standards-model-types-and-care-rules\/#respond\"><\/a><\/span>\n\t\t\t\t<\/div>\n\t\t\t<\/div>\n\t\t<\/li>\n\t\t\n\t\t\n\t\t<li class=\"recent-blog-posts-li\">\n\t\t\t<div class=\"flex-row recent-blog-posts align-top pt-half pb-half\">\n\t\t\t\t<div class=\"flex-col mr-half\">\n\t\t\t\t\t<div class=\"badge post-date badge-small badge-outline\">\n\t\t\t\t\t\t\t<div class=\"badge-inner bg-fill\" >\n                                \t\t\t\t\t\t\t\t<span class=\"post-date-day\">18<\/span><br>\n\t\t\t\t\t\t\t\t<span class=\"post-date-month is-xsmall\">Hace<\/span>\n                                \t\t\t\t\t\t\t<\/div>\n\t\t\t\t\t<\/div>\n\t\t\t\t<\/div>\n\t\t\t\t<div class=\"flex-col flex-grow\">\n\t\t\t\t\t  <a href=\"https:\/\/www.salonfurniture88.com\/es\/normas-de-seleccion-de-camas-para-champu-tipos-de-modelos-y-normas-de-cuidado\/\" title=\"Cama de champ\u00fa: normas de selecci\u00f3n, tipos de modelos y normas de cuidado\">Cama de champ\u00fa: normas de selecci\u00f3n, tipos de modelos y normas de cuidado<\/a>\n\t\t\t\t   \t  <span class=\"post_comments op-7 block is-xsmall\"><a href=\"https:\/\/www.salonfurniture88.com\/es\/normas-de-seleccion-de-camas-para-champu-tipos-de-modelos-y-normas-de-cuidado\/#respond\"><\/a><\/span>\n\t\t\t\t<\/div>\n\t\t\t<\/div>\n\t\t<\/li>\n\t\t\n\t\t\n\t\t<li class=\"recent-blog-posts-li\">\n\t\t\t<div class=\"flex-row recent-blog-posts align-top pt-half pb-half\">\n\t\t\t\t<div class=\"flex-col mr-half\">\n\t\t\t\t\t<div class=\"badge post-date badge-small badge-outline\">\n\t\t\t\t\t\t\t<div class=\"badge-inner bg-fill\" >\n                                \t\t\t\t\t\t\t\t<span class=\"post-date-day\">12<\/span><br>\n\t\t\t\t\t\t\t\t<span class=\"post-date-month is-xsmall\">Hace<\/span>\n                                \t\t\t\t\t\t\t<\/div>\n\t\t\t\t\t<\/div>\n\t\t\t\t<\/div>\n\t\t\t\t<div class=\"flex-col flex-grow\">\n\t\t\t\t\t  <a href=\"https:\/\/www.salonfurniture88.com\/es\/normas-de-seleccion-de-sillones-de-pedicura-tipos-de-modelos-y-consejos-de-cuidado\/\" title=\"Silla de pedicura: Normas de selecci\u00f3n, tipos de modelos y consejos de cuidado\">Silla de pedicura: Normas de selecci\u00f3n, tipos de modelos y consejos de cuidado<\/a>\n\t\t\t\t   \t  <span class=\"post_comments op-7 block is-xsmall\"><a href=\"https:\/\/www.salonfurniture88.com\/es\/normas-de-seleccion-de-sillones-de-pedicura-tipos-de-modelos-y-consejos-de-cuidado\/#respond\"><\/a><\/span>\n\t\t\t\t<\/div>\n\t\t\t<\/div>\n\t\t<\/li>\n\t\t\n\t\t\n\t\t<li class=\"recent-blog-posts-li\">\n\t\t\t<div class=\"flex-row recent-blog-posts align-top pt-half pb-half\">\n\t\t\t\t<div class=\"flex-col mr-half\">\n\t\t\t\t\t<div class=\"badge post-date badge-small badge-outline\">\n\t\t\t\t\t\t\t<div class=\"badge-inner bg-fill\" >\n                                \t\t\t\t\t\t\t\t<span class=\"post-date-day\">06<\/span><br>\n\t\t\t\t\t\t\t\t<span class=\"post-date-month is-xsmall\">Hace<\/span>\n                                \t\t\t\t\t\t\t<\/div>\n\t\t\t\t\t<\/div>\n\t\t\t\t<\/div>\n\t\t\t\t<div class=\"flex-col flex-grow\">\n\t\t\t\t\t  <a href=\"https:\/\/www.salonfurniture88.com\/es\/como-elegir-el-lecho-de-champu-adecuado-para-su-salon\/\" title=\"C\u00f3mo elegir el lecho de champ\u00fa adecuado para su sal\u00f3n\">C\u00f3mo elegir el lecho de champ\u00fa adecuado para su sal\u00f3n<\/a>\n\t\t\t\t   \t  <span class=\"post_comments op-7 block is-xsmall\"><a href=\"https:\/\/www.salonfurniture88.com\/es\/como-elegir-el-lecho-de-champu-adecuado-para-su-salon\/#respond\"><\/a><\/span>\n\t\t\t\t<\/div>\n\t\t\t<\/div>\n\t\t<\/li>\n\t\t\t\t<\/ul>\t\t<\/aside><\/ul>\n\n\t<div id=\"gap-1145489593\" class=\"gap-element clearfix\" style=\"display:block; height:auto;\">\n\t\t\n<style>\n#gap-1145489593 {\n  padding-top: 50px;\n}\n<\/style>\n\t<\/div>\n\t\n\n\n\t\t<\/div>\n\t\t\t\t\n<style>\n#col-1658918560 > .col-inner {\n  padding: 0px 50px 0px 50px;\n}\n<\/style>\n\t<\/div>\n\n\t\n\n\t<div id=\"col-1343749410\" class=\"col medium-8 small-12 large-8\"  data-animate=\"bounceInUp\">\n\t\t\t\t<div class=\"col-inner\"  >\n\t\t\t\n\t\t\t\n\n\t<div id=\"gap-324153477\" class=\"gap-element clearfix\" style=\"display:block; height:auto;\">\n\t\t\n<style>\n#gap-324153477 {\n  padding-top: 30px;\n}\n<\/style>\n\t<\/div>\n\t\n\n\t\n  \n    <div class=\"row large-columns-3 medium-columns- small-columns-2 row-large has-shadow row-box-shadow-1 row-box-shadow-5-hover\" >\n  \n\t     <div class=\"col\" data-animate=\"bounceInUp\">\n\t\t\t\t\t\t<div class=\"col-inner\">\n\t\t\t\t\t\t\n<div class=\"badge-container absolute left top z-1\">\n\n<\/div>\n\t\t\t\t\t\t<div class=\"product-small box has-hover box-normal box-text-bottom\">\n\t\t\t\t\t\t\t<div class=\"box-image\" >\n\t\t\t\t\t\t\t\t<div class=\"\" >\n\t\t\t\t\t\t\t\t\t<a href=\"https:\/\/www.salonfurniture88.com\/es\/producto\/leadir-h015-camilla-electrica-multifuncional-para-pedicura\/\" aria-label=\"Leadir H015 Cama el\u00e9ctrica multifuncional de belleza y pedicura\">\n\t\t\t\t\t\t\t\t\t\t<img loading=\"lazy\" decoding=\"async\" width=\"300\" height=\"300\" src=\"https:\/\/www.salonfurniture88.com\/wp-content\/uploads\/2025\/06\/02-300x300.webp\" class=\"show-on-hover absolute fill hide-for-small back-image\" alt=\"Sill\u00f3n de belleza y cama de masaje para pies - H015-02\" srcset=\"https:\/\/www.salonfurniture88.com\/wp-content\/uploads\/2025\/06\/02-300x300.webp 300w, https:\/\/www.salonfurniture88.com\/wp-content\/uploads\/2025\/06\/02-150x150.webp 150w, https:\/\/www.salonfurniture88.com\/wp-content\/uploads\/2025\/06\/02-100x100.webp 100w\" sizes=\"auto, (max-width: 300px) 100vw, 300px\" \/><img loading=\"lazy\" decoding=\"async\" width=\"300\" height=\"300\" src=\"https:\/\/www.salonfurniture88.com\/wp-content\/uploads\/2025\/06\/01-300x300.webp\" class=\"attachment-woocommerce_thumbnail size-woocommerce_thumbnail\" alt=\"Sill\u00f3n de belleza y cama de masaje para pies - H015-01\" srcset=\"https:\/\/www.salonfurniture88.com\/wp-content\/uploads\/2025\/06\/01-300x300.webp 300w, https:\/\/www.salonfurniture88.com\/wp-content\/uploads\/2025\/06\/01-150x150.webp 150w, https:\/\/www.salonfurniture88.com\/wp-content\/uploads\/2025\/06\/01-100x100.webp 100w\" sizes=\"auto, (max-width: 300px) 100vw, 300px\" \/>\t\t\t\t\t\t\t\t\t<\/a>\n\t\t\t\t\t\t\t\t\t\t\t\t\t\t\t\t\t\t \t\t\t\t\t\t\t\t<\/div>\n\t\t\t\t\t\t\t\t<div class=\"image-tools top right show-on-hover\">\n\t\t\t\t\t\t\t\t\t\t\t\t\t\t\t\t\t<\/div>\n\t\t\t\t\t\t\t\t\t\t\t\t\t\t\t\t\t<div class=\"image-tools grid-tools text-center hide-for-small bottom hover-slide-in show-on-hover\">\n\t\t\t\t\t\t\t\t\t\t  <a class=\"quick-view\" data-prod=\"272\" href=\"#quick-view\">Quick View<\/a>\t\t\t\t\t\t\t\t\t<\/div>\n\t\t\t\t\t\t\t\t\t\t\t\t\t\t\t\t\t\t\t\t\t\t\t<\/div>\n\n\t\t\t\t\t\t\t<div class=\"box-text text-left\" >\n\t\t\t\t\t\t\t\t<div class=\"title-wrapper\"><p class=\"name product-title woocommerce-loop-product__title\"><a href=\"https:\/\/www.salonfurniture88.com\/es\/producto\/leadir-h015-camilla-electrica-multifuncional-para-pedicura\/\" class=\"woocommerce-LoopProduct-link woocommerce-loop-product__link\">Leadir H015 Cama el\u00e9ctrica multifuncional de belleza y pedicura<\/a><\/p><\/div><div class=\"price-wrapper\"><\/div>\t\t\t\t\t\t\t<\/div>\n\t\t\t\t\t\t<\/div>\n\t\t\t\t\t\t<\/div>\n\t\t\t\t\t<\/div><div class=\"col\" data-animate=\"bounceInUp\">\n\t\t\t\t\t\t<div class=\"col-inner\">\n\t\t\t\t\t\t\n<div class=\"badge-container absolute left top z-1\">\n\n<\/div>\n\t\t\t\t\t\t<div class=\"product-small box has-hover box-normal box-text-bottom\">\n\t\t\t\t\t\t\t<div class=\"box-image\" >\n\t\t\t\t\t\t\t\t<div class=\"\" >\n\t\t\t\t\t\t\t\t\t<a href=\"https:\/\/www.salonfurniture88.com\/es\/producto\/eyelash-bed-mattress-memory-foam-curved-topper-lash-bed-mattress-%e5%a4%8d%e5%88%b6-2\/\" aria-label=\"SLE003 Cama de champ\u00fa el\u00e9ctrica multifuncional ajustable\">\n\t\t\t\t\t\t\t\t\t\t<img loading=\"lazy\" decoding=\"async\" width=\"300\" height=\"300\" src=\"https:\/\/www.salonfurniture88.com\/wp-content\/uploads\/2025\/04\/SLE003-Black-300x300.webp\" class=\"show-on-hover absolute fill hide-for-small back-image\" alt=\"\" srcset=\"https:\/\/www.salonfurniture88.com\/wp-content\/uploads\/2025\/04\/SLE003-Black-300x300.webp 300w, https:\/\/www.salonfurniture88.com\/wp-content\/uploads\/2025\/04\/SLE003-Black-150x150.webp 150w, https:\/\/www.salonfurniture88.com\/wp-content\/uploads\/2025\/04\/SLE003-Black-100x100.webp 100w\" sizes=\"auto, (max-width: 300px) 100vw, 300px\" \/><img loading=\"lazy\" decoding=\"async\" width=\"300\" height=\"300\" src=\"https:\/\/www.salonfurniture88.com\/wp-content\/uploads\/2025\/06\/06_41-300x300.webp\" class=\"attachment-woocommerce_thumbnail size-woocommerce_thumbnail\" alt=\"SLE003 Cama de champ\u00fa el\u00e9ctrica multifuncional ajustable\" srcset=\"https:\/\/www.salonfurniture88.com\/wp-content\/uploads\/2025\/06\/06_41-300x300.webp 300w, https:\/\/www.salonfurniture88.com\/wp-content\/uploads\/2025\/06\/06_41-150x150.webp 150w, https:\/\/www.salonfurniture88.com\/wp-content\/uploads\/2025\/06\/06_41-100x100.webp 100w\" sizes=\"auto, (max-width: 300px) 100vw, 300px\" \/>\t\t\t\t\t\t\t\t\t<\/a>\n\t\t\t\t\t\t\t\t\t\t\t\t\t\t\t\t\t\t \t\t\t\t\t\t\t\t<\/div>\n\t\t\t\t\t\t\t\t<div class=\"image-tools top right show-on-hover\">\n\t\t\t\t\t\t\t\t\t\t\t\t\t\t\t\t\t<\/div>\n\t\t\t\t\t\t\t\t\t\t\t\t\t\t\t\t\t<div class=\"image-tools grid-tools text-center hide-for-small bottom hover-slide-in show-on-hover\">\n\t\t\t\t\t\t\t\t\t\t  <a class=\"quick-view\" data-prod=\"177\" href=\"#quick-view\">Quick View<\/a>\t\t\t\t\t\t\t\t\t<\/div>\n\t\t\t\t\t\t\t\t\t\t\t\t\t\t\t\t\t\t\t\t\t\t\t<\/div>\n\n\t\t\t\t\t\t\t<div class=\"box-text text-left\" >\n\t\t\t\t\t\t\t\t<div class=\"title-wrapper\"><p class=\"name product-title woocommerce-loop-product__title\"><a href=\"https:\/\/www.salonfurniture88.com\/es\/producto\/eyelash-bed-mattress-memory-foam-curved-topper-lash-bed-mattress-%e5%a4%8d%e5%88%b6-2\/\" class=\"woocommerce-LoopProduct-link woocommerce-loop-product__link\">SLE003 Cama de champ\u00fa el\u00e9ctrica multifuncional ajustable<\/a><\/p><\/div><div class=\"price-wrapper\"><\/div>\t\t\t\t\t\t\t<\/div>\n\t\t\t\t\t\t<\/div>\n\t\t\t\t\t\t<\/div>\n\t\t\t\t\t<\/div><div class=\"col\" data-animate=\"bounceInUp\">\n\t\t\t\t\t\t<div class=\"col-inner\">\n\t\t\t\t\t\t\n<div class=\"badge-container absolute left top z-1\">\n\n<\/div>\n\t\t\t\t\t\t<div class=\"product-small box has-hover box-normal box-text-bottom\">\n\t\t\t\t\t\t\t<div class=\"box-image\" >\n\t\t\t\t\t\t\t\t<div class=\"\" >\n\t\t\t\t\t\t\t\t\t<a href=\"https:\/\/www.salonfurniture88.com\/es\/producto\/eyelash-bed-mattress-memory-foam-curved-topper-lash-bed-mattress\/\" aria-label=\"SLE002 Unidad de Silla de Champ\u00fa Todo en Uno|con Bol a Juego, Reposapi\u00e9s Retr\u00e1ctil\">\n\t\t\t\t\t\t\t\t\t\t<img loading=\"lazy\" decoding=\"async\" width=\"300\" height=\"300\" src=\"https:\/\/www.salonfurniture88.com\/wp-content\/uploads\/2025\/04\/\u573a\u666f-4_1-300x300.webp\" class=\"show-on-hover absolute fill hide-for-small back-image\" alt=\"\" srcset=\"https:\/\/www.salonfurniture88.com\/wp-content\/uploads\/2025\/04\/\u573a\u666f-4_1-300x300.webp 300w, https:\/\/www.salonfurniture88.com\/wp-content\/uploads\/2025\/04\/\u573a\u666f-4_1-150x150.webp 150w, https:\/\/www.salonfurniture88.com\/wp-content\/uploads\/2025\/04\/\u573a\u666f-4_1-100x100.webp 100w\" sizes=\"auto, (max-width: 300px) 100vw, 300px\" \/><img loading=\"lazy\" decoding=\"async\" width=\"300\" height=\"300\" src=\"https:\/\/www.salonfurniture88.com\/wp-content\/uploads\/2025\/04\/08_39-300x300.webp\" class=\"attachment-woocommerce_thumbnail size-woocommerce_thumbnail\" alt=\"SLE002 Unidad de Silla de Champ\u00fa Todo en Uno|con Bol a Juego, Reposapi\u00e9s Retr\u00e1ctil\" srcset=\"https:\/\/www.salonfurniture88.com\/wp-content\/uploads\/2025\/04\/08_39-300x300.webp 300w, https:\/\/www.salonfurniture88.com\/wp-content\/uploads\/2025\/04\/08_39-150x150.webp 150w, https:\/\/www.salonfurniture88.com\/wp-content\/uploads\/2025\/04\/08_39-100x100.webp 100w\" sizes=\"auto, (max-width: 300px) 100vw, 300px\" \/>\t\t\t\t\t\t\t\t\t<\/a>\n\t\t\t\t\t\t\t\t\t\t\t\t\t\t\t\t\t\t \t\t\t\t\t\t\t\t<\/div>\n\t\t\t\t\t\t\t\t<div class=\"image-tools top right show-on-hover\">\n\t\t\t\t\t\t\t\t\t\t\t\t\t\t\t\t\t<\/div>\n\t\t\t\t\t\t\t\t\t\t\t\t\t\t\t\t\t<div class=\"image-tools grid-tools text-center hide-for-small bottom hover-slide-in show-on-hover\">\n\t\t\t\t\t\t\t\t\t\t  <a class=\"quick-view\" data-prod=\"134\" href=\"#quick-view\">Quick View<\/a>\t\t\t\t\t\t\t\t\t<\/div>\n\t\t\t\t\t\t\t\t\t\t\t\t\t\t\t\t\t\t\t\t\t\t\t<\/div>\n\n\t\t\t\t\t\t\t<div class=\"box-text text-left\" >\n\t\t\t\t\t\t\t\t<div class=\"title-wrapper\"><p class=\"name product-title woocommerce-loop-product__title\"><a href=\"https:\/\/www.salonfurniture88.com\/es\/producto\/eyelash-bed-mattress-memory-foam-curved-topper-lash-bed-mattress\/\" class=\"woocommerce-LoopProduct-link woocommerce-loop-product__link\">SLE002 Unidad de Silla de Champ\u00fa Todo en Uno|con Bol a Juego, Reposapi\u00e9s Retr\u00e1ctil<\/a><\/p><\/div><div class=\"price-wrapper\"><\/div>\t\t\t\t\t\t\t<\/div>\n\t\t\t\t\t\t<\/div>\n\t\t\t\t\t\t<\/div>\n\t\t\t\t\t<\/div><\/div>\n\n\n\t\t<\/div>\n\t\t\t\t\n<style>\n#col-1343749410 > .col-inner {\n  padding: 0px 50px 0px 30px;\n}\n<\/style>\n\t<\/div>\n\n\t\n\n<\/div>","protected":false},"excerpt":{"rendered":"","protected":false},"author":1,"featured_media":0,"parent":0,"menu_order":0,"comment_status":"closed","ping_status":"closed","template":"page-blank.php","meta":{"footnotes":""},"class_list":["post-307","page","type-page","status-publish","hentry"],"_links":{"self":[{"href":"https:\/\/www.salonfurniture88.com\/es\/wp-json\/wp\/v2\/pages\/307","targetHints":{"allow":["GET"]}}],"collection":[{"href":"https:\/\/www.salonfurniture88.com\/es\/wp-json\/wp\/v2\/pages"}],"about":[{"href":"https:\/\/www.salonfurniture88.com\/es\/wp-json\/wp\/v2\/types\/page"}],"author":[{"embeddable":true,"href":"https:\/\/www.salonfurniture88.com\/es\/wp-json\/wp\/v2\/users\/1"}],"replies":[{"embeddable":true,"href":"https:\/\/www.salonfurniture88.com\/es\/wp-json\/wp\/v2\/comments?post=307"}],"version-history":[{"count":4,"href":"https:\/\/www.salonfurniture88.com\/es\/wp-json\/wp\/v2\/pages\/307\/revisions"}],"predecessor-version":[{"id":832,"href":"https:\/\/www.salonfurniture88.com\/es\/wp-json\/wp\/v2\/pages\/307\/revisions\/832"}],"wp:attachment":[{"href":"https:\/\/www.salonfurniture88.com\/es\/wp-json\/wp\/v2\/media?parent=307"}],"curies":[{"name":"wp","href":"https:\/\/api.w.org\/{rel}","templated":true}]}}