{"id":391,"date":"2025-04-21T09:10:37","date_gmt":"2025-04-21T09:10:37","guid":{"rendered":"http:\/\/www.leadirsalon.com\/?page_id=391"},"modified":"2025-07-21T07:22:56","modified_gmt":"2025-07-21T07:22:56","slug":"servicio-personalizado","status":"publish","type":"page","link":"https:\/\/www.salonfurniture88.com\/es\/servicio-personalizado\/","title":{"rendered":"Custom Service \u2013 OEM\/ODM Salon Furniture Tailored to Your Brand"},"content":{"rendered":"<div id=\"gap-618653507\" class=\"gap-element clearfix\" style=\"display:block; height:auto;\">\n\t\t\n<style>\n#gap-618653507 {\n  padding-top: 188px;\n}\n<\/style>\n\t<\/div>\n\t\n\n<div class=\"row row-full-width\"  id=\"row-1162711671\">\n\n\n\t<div id=\"col-1613095824\" class=\"col small-12 large-12\"  >\n\t\t\t\t<div class=\"col-inner\"  >\n\t\t\t\n\t\t\t\n\n\t<div id=\"text-4247493418\" class=\"text\">\n\t\t\n\n<h1 class=\"title\"><strong>Servicio a medida<\/strong><\/h1>\n\t\t\n<style>\n#text-4247493418 {\n  font-size: 1.5rem;\n  color: rgb(0,0,0);\n}\n#text-4247493418 > * {\n  color: rgb(0,0,0);\n}\n<\/style>\n\t<\/div>\n\t\n\n\t\t<\/div>\n\t\t\t\t\n<style>\n#col-1613095824 > .col-inner {\n  padding: 0px 0px 0px 50px;\n}\n<\/style>\n\t<\/div>\n\n\t\n\n<\/div>\n<div class=\"is-divider divider clearfix\" style=\"max-width:100%;height:1px;\"><\/div>\n\n\t<div id=\"gap-99080890\" class=\"gap-element clearfix\" style=\"display:block; height:auto;\">\n\t\t\n<style>\n#gap-99080890 {\n  padding-top: 90px;\n}\n<\/style>\n\t<\/div>\n\t\n\n<div class=\"row row-full-width align-middle\"  id=\"row-620266555\">\n\n\n\t<div id=\"col-1785282585\" class=\"col medium-4 small-12 large-4\"  >\n\t\t\t\t<div class=\"col-inner\"  >\n\t\t\t\n\t\t\t\n\n\t<div id=\"text-3275230739\" class=\"text\">\n\t\t\n\n<h2><strong>Introducci\u00f3n a nuestros servicios de mobiliario para salones OEM\/ODM<\/strong><\/h2>\n<div class=\"desc\">\n<p>\u00a0<\/p>\n<div>En el din\u00e1mico mundo de la belleza y el bienestar, es fundamental contar con un mobiliario de sal\u00f3n que refleje la identidad de su marca. Nuestros servicios de mobiliario de sal\u00f3n OEM\/ODM est\u00e1n dise\u00f1ados para ofrecer soluciones a medida que se adapten a su visi\u00f3n \u00fanica.<\/div>\n<\/div>\n\t\t\n<style>\n#text-3275230739 {\n  color: rgb(0,0,0);\n}\n#text-3275230739 > * {\n  color: rgb(0,0,0);\n}\n<\/style>\n\t<\/div>\n\t\n\n\t\t<\/div>\n\t\t\t\t\n<style>\n#col-1785282585 > .col-inner {\n  padding: 0px 0px 0px 50px;\n}\n<\/style>\n\t<\/div>\n\n\t\n\n\t<div id=\"col-690400698\" class=\"col medium-8 small-12 large-8\"  >\n\t\t\t\t<div class=\"col-inner\"  >\n\t\t\t\n\t\t\t\n\n\t<div class=\"img has-hover x md-x lg-x y md-y lg-y\" id=\"image_1004221121\">\n\t\t\t\t\t\t\t\t<div class=\"img-inner dark\" style=\"margin:0px 0px 0px 0px;\">\n\t\t\t<img loading=\"lazy\" decoding=\"async\" width=\"1020\" height=\"425\" src=\"https:\/\/www.salonfurniture88.com\/wp-content\/uploads\/2025\/07\/003-1024x427.webp\" class=\"attachment-large size-large\" alt=\"\" srcset=\"https:\/\/www.salonfurniture88.com\/wp-content\/uploads\/2025\/07\/003-1024x427.webp 1024w, https:\/\/www.salonfurniture88.com\/wp-content\/uploads\/2025\/07\/003-300x125.webp 300w, https:\/\/www.salonfurniture88.com\/wp-content\/uploads\/2025\/07\/003-768x320.webp 768w, https:\/\/www.salonfurniture88.com\/wp-content\/uploads\/2025\/07\/003-1536x640.webp 1536w, https:\/\/www.salonfurniture88.com\/wp-content\/uploads\/2025\/07\/003-18x8.webp 18w, https:\/\/www.salonfurniture88.com\/wp-content\/uploads\/2025\/07\/003-600x250.webp 600w, https:\/\/www.salonfurniture88.com\/wp-content\/uploads\/2025\/07\/003.webp 1920w\" sizes=\"auto, (max-width: 1020px) 100vw, 1020px\" \/>\t\t\t\t\t\t\n\t\t\t\t\t<\/div>\n\t\t\t\t\t\t\t\t\n<style>\n#image_1004221121 {\n  width: 100%;\n}\n<\/style>\n\t<\/div>\n\t\n\n\n\t\t<\/div>\n\t\t\t\t\t<\/div>\n\n\t\n\n<\/div>\n\t<div id=\"gap-795959702\" class=\"gap-element clearfix\" style=\"display:block; height:auto;\">\n\t\t\n<style>\n#gap-795959702 {\n  padding-top: 90px;\n}\n<\/style>\n\t<\/div>\n\t\n\n<div class=\"row row-full-width\"  id=\"row-398381292\">\n\n\n\t<div id=\"col-149597507\" class=\"col small-12 large-12\"  >\n\t\t\t\t<div class=\"col-inner\"  >\n\t\t\t\n\t\t\t\n\n\t<div id=\"text-2621289459\" class=\"text\">\n\t\t\n\n<h2 class=\"title\"><strong>Explicaci\u00f3n de nuestro proceso OEM\/ODM<\/strong><\/h2>\n\t\t\n<style>\n#text-2621289459 {\n  font-size: 1.5rem;\n  color: rgb(0,0,0);\n}\n#text-2621289459 > * {\n  color: rgb(0,0,0);\n}\n<\/style>\n\t<\/div>\n\t\n\n\t\t<\/div>\n\t\t\t\t\n<style>\n#col-149597507 > .col-inner {\n  padding: 0px 0px 0px 50px;\n}\n<\/style>\n\t<\/div>\n\n\t\n\n<\/div>\n<div class=\"is-divider divider clearfix\" style=\"max-width:100%;height:1px;\"><\/div>\n\n<div class=\"row row-full-width hide-for-small\"  id=\"row-249820923\">\n\n\n\t<div id=\"col-315900834\" class=\"col medium-4 small-12 large-4\"  >\n\t\t\t\t<div class=\"col-inner\"  >\n\t\t\t\n\t\t\t\n\n\t<div id=\"text-810784843\" class=\"text\">\n\t\t\n\n<h3><i>01<\/i> <strong data-start=\"1035\" data-end=\"1051\">Consulta<\/strong>:<\/h3>\n\t\t\n<style>\n#text-810784843 {\n  color: rgb(0,0,0);\n}\n#text-810784843 > * {\n  color: rgb(0,0,0);\n}\n<\/style>\n\t<\/div>\n\t\n\n\t\t<\/div>\n\t\t\t\t\n<style>\n#col-315900834 > .col-inner {\n  padding: 0px 0px 0px 50px;\n}\n<\/style>\n\t<\/div>\n\n\t\n\n\t<div id=\"col-727318927\" class=\"col medium-8 small-12 large-8\"  >\n\t\t\t\t<div class=\"col-inner\"  >\n\t\t\t\n\t\t\t\n\n\t<div id=\"text-859534149\" class=\"text\">\n\t\t\n\n<p>Comprender las necesidades y preferencias est\u00e9ticas de su marca.<\/p>\n\t\t\n<style>\n#text-859534149 {\n  color: rgb(0,0,0);\n}\n#text-859534149 > * {\n  color: rgb(0,0,0);\n}\n<\/style>\n\t<\/div>\n\t\n\n\t\t<\/div>\n\t\t\t\t\n<style>\n#col-727318927 > .col-inner {\n  padding: 0px 50px 0px 300px;\n}\n<\/style>\n\t<\/div>\n\n\t\n\n<\/div>\n<div class=\"row row-full-width show-for-small\"  id=\"row-18790866\">\n\n\n\t<div id=\"col-48237593\" class=\"col medium-4 small-12 large-4\"  >\n\t\t\t\t<div class=\"col-inner\"  >\n\t\t\t\n\t\t\t\n\n\t<div id=\"text-1112658744\" class=\"text\">\n\t\t\n\n<h3><i>01<\/i> <strong data-start=\"1035\" data-end=\"1051\">Consulta<\/strong><\/h3>\n\t\t\n<style>\n#text-1112658744 {\n  color: rgb(0,0,0);\n}\n#text-1112658744 > * {\n  color: rgb(0,0,0);\n}\n<\/style>\n\t<\/div>\n\t\n\n\t\t<\/div>\n\t\t\t\t\n<style>\n#col-48237593 > .col-inner {\n  padding: 0px 0px 0px 50px;\n}\n<\/style>\n\t<\/div>\n\n\t\n\n\t<div id=\"col-108693703\" class=\"col medium-8 small-12 large-8\"  >\n\t\t\t\t<div class=\"col-inner\"  >\n\t\t\t\n\t\t\t\n\n\t<div id=\"text-75711206\" class=\"text\">\n\t\t\n\n<p>Comprender las necesidades y preferencias est\u00e9ticas de su marca.<\/p>\n\t\t\n<style>\n#text-75711206 {\n  color: rgb(0,0,0);\n}\n#text-75711206 > * {\n  color: rgb(0,0,0);\n}\n<\/style>\n\t<\/div>\n\t\n\n\t\t<\/div>\n\t\t\t\t\n<style>\n#col-108693703 > .col-inner {\n  padding: 0px 0px 0px 0px;\n}\n<\/style>\n\t<\/div>\n\n\t\n\n<\/div>\n<div class=\"is-divider divider clearfix\" style=\"max-width:100%;height:1px;\"><\/div>\n\n<div class=\"row row-full-width hide-for-small\"  id=\"row-1079668607\">\n\n\n\t<div id=\"col-659291336\" class=\"col medium-4 small-12 large-4\"  >\n\t\t\t\t<div class=\"col-inner\"  >\n\t\t\t\n\t\t\t\n\n\t<div id=\"text-613700848\" class=\"text\">\n\t\t\n\n<h3><i>02<\/i>\u00a0Dise\u00f1o y creaci\u00f3n de prototipos<\/h3>\n\t\t\n<style>\n#text-613700848 {\n  color: rgb(0,0,0);\n}\n#text-613700848 > * {\n  color: rgb(0,0,0);\n}\n<\/style>\n\t<\/div>\n\t\n\n\t\t<\/div>\n\t\t\t\t\n<style>\n#col-659291336 > .col-inner {\n  padding: 0px 0px 0px 50px;\n}\n<\/style>\n\t<\/div>\n\n\t\n\n\t<div id=\"col-120285616\" class=\"col medium-8 small-12 large-8\"  >\n\t\t\t\t<div class=\"col-inner\"  >\n\t\t\t\n\t\t\t\n\n\t<div id=\"text-51836821\" class=\"text\">\n\t\t\n\n<p>Creaci\u00f3n de dise\u00f1os detallados y prototipos para su aprobaci\u00f3n.<\/p>\n\t\t\n<style>\n#text-51836821 {\n  color: rgb(0,0,0);\n}\n#text-51836821 > * {\n  color: rgb(0,0,0);\n}\n<\/style>\n\t<\/div>\n\t\n\n\t\t<\/div>\n\t\t\t\t\n<style>\n#col-120285616 > .col-inner {\n  padding: 0px 50px 0px 300px;\n}\n<\/style>\n\t<\/div>\n\n\t\n\n<\/div>\n<div class=\"row row-full-width show-for-small\"  id=\"row-1407025644\">\n\n\n\t<div id=\"col-491190637\" class=\"col medium-4 small-12 large-4\"  >\n\t\t\t\t<div class=\"col-inner\"  >\n\t\t\t\n\t\t\t\n\n\t<div id=\"text-3793499567\" class=\"text\">\n\t\t\n\n<h3><i>02<\/i> Dise\u00f1o y creaci\u00f3n de prototipos<\/h3>\n\t\t\n<style>\n#text-3793499567 {\n  color: rgb(0,0,0);\n}\n#text-3793499567 > * {\n  color: rgb(0,0,0);\n}\n<\/style>\n\t<\/div>\n\t\n\n\t\t<\/div>\n\t\t\t\t\n<style>\n#col-491190637 > .col-inner {\n  padding: 0px 0px 0px 50px;\n}\n<\/style>\n\t<\/div>\n\n\t\n\n\t<div id=\"col-633395207\" class=\"col medium-8 small-12 large-8\"  >\n\t\t\t\t<div class=\"col-inner\"  >\n\t\t\t\n\t\t\t\n\n\t<div id=\"text-1175813389\" class=\"text\">\n\t\t\n\n<p>Creaci\u00f3n de dise\u00f1os detallados y prototipos para su aprobaci\u00f3n.<\/p>\n\t\t\n<style>\n#text-1175813389 {\n  color: rgb(0,0,0);\n}\n#text-1175813389 > * {\n  color: rgb(0,0,0);\n}\n<\/style>\n\t<\/div>\n\t\n\n\t\t<\/div>\n\t\t\t\t\n<style>\n#col-633395207 > .col-inner {\n  padding: 0px 0px 0px 0px;\n}\n<\/style>\n\t<\/div>\n\n\t\n\n<\/div>\n<div class=\"is-divider divider clearfix\" style=\"max-width:100%;height:1px;\"><\/div>\n\n<div class=\"row row-full-width hide-for-small\"  id=\"row-167945686\">\n\n\n\t<div id=\"col-1690708349\" class=\"col medium-4 small-12 large-4\"  >\n\t\t\t\t<div class=\"col-inner\"  >\n\t\t\t\n\t\t\t\n\n\t<div id=\"text-3968490007\" class=\"text\">\n\t\t\n\n<h3><i>03<\/i> <strong>Fabricaci\u00f3n<\/strong><\/h3>\n\t\t\n<style>\n#text-3968490007 {\n  color: rgb(0,0,0);\n}\n#text-3968490007 > * {\n  color: rgb(0,0,0);\n}\n<\/style>\n\t<\/div>\n\t\n\n\t\t<\/div>\n\t\t\t\t\n<style>\n#col-1690708349 > .col-inner {\n  padding: 0px 0px 0px 50px;\n}\n<\/style>\n\t<\/div>\n\n\t\n\n\t<div id=\"col-1422039246\" class=\"col medium-8 small-12 large-8\"  >\n\t\t\t\t<div class=\"col-inner\"  >\n\t\t\t\n\t\t\t\n\n\t<div id=\"text-192714884\" class=\"text\">\n\t\t\n\n<p>Utilizamos maquinaria avanzada para producir muebles de sal\u00f3n de alta calidad.<\/p>\n\t\t\n<style>\n#text-192714884 {\n  color: rgb(0,0,0);\n}\n#text-192714884 > * {\n  color: rgb(0,0,0);\n}\n<\/style>\n\t<\/div>\n\t\n\n\t\t<\/div>\n\t\t\t\t\n<style>\n#col-1422039246 > .col-inner {\n  padding: 0px 50px 0px 300px;\n}\n<\/style>\n\t<\/div>\n\n\t\n\n<\/div>\n<div class=\"row row-full-width show-for-small\"  id=\"row-651323806\">\n\n\n\t<div id=\"col-1172875917\" class=\"col medium-4 small-12 large-4\"  >\n\t\t\t\t<div class=\"col-inner\"  >\n\t\t\t\n\t\t\t\n\n\t<div id=\"text-1882927630\" class=\"text\">\n\t\t\n\n<h3><i>03<\/i> Fabricaci\u00f3n<\/h3>\n\t\t\n<style>\n#text-1882927630 {\n  color: rgb(0,0,0);\n}\n#text-1882927630 > * {\n  color: rgb(0,0,0);\n}\n<\/style>\n\t<\/div>\n\t\n\n\t\t<\/div>\n\t\t\t\t\n<style>\n#col-1172875917 > .col-inner {\n  padding: 0px 0px 0px 50px;\n}\n<\/style>\n\t<\/div>\n\n\t\n\n\t<div id=\"col-240866697\" class=\"col medium-8 small-12 large-8\"  >\n\t\t\t\t<div class=\"col-inner\"  >\n\t\t\t\n\t\t\t\n\n\t<div id=\"text-919923441\" class=\"text\">\n\t\t\n\n<p>Utilizamos maquinaria avanzada para producir muebles de sal\u00f3n de alta calidad.<\/p>\n\t\t\n<style>\n#text-919923441 {\n  color: rgb(0,0,0);\n}\n#text-919923441 > * {\n  color: rgb(0,0,0);\n}\n<\/style>\n\t<\/div>\n\t\n\n\t\t<\/div>\n\t\t\t\t\n<style>\n#col-240866697 > .col-inner {\n  padding: 0px 0px 0px 0px;\n}\n<\/style>\n\t<\/div>\n\n\t\n\n<\/div>\n<div class=\"is-divider divider clearfix\" style=\"max-width:100%;height:1px;\"><\/div>\n\n<div class=\"row row-full-width hide-for-small\"  id=\"row-196774135\">\n\n\n\t<div id=\"col-770375977\" class=\"col medium-4 small-12 large-4\"  >\n\t\t\t\t<div class=\"col-inner\"  >\n\t\t\t\n\t\t\t\n\n\t<div id=\"text-1453924249\" class=\"text\">\n\t\t\n\n<h3><i>04<\/i> <strong data-start=\"1227\" data-end=\"1248\">Garant\u00eda de calidad<\/strong>:<\/h3>\n\t\t\n<style>\n#text-1453924249 {\n  color: rgb(0,0,0);\n}\n#text-1453924249 > * {\n  color: rgb(0,0,0);\n}\n<\/style>\n\t<\/div>\n\t\n\n\t\t<\/div>\n\t\t\t\t\n<style>\n#col-770375977 > .col-inner {\n  padding: 0px 0px 0px 50px;\n}\n<\/style>\n\t<\/div>\n\n\t\n\n\t<div id=\"col-1398631521\" class=\"col medium-8 small-12 large-8\"  >\n\t\t\t\t<div class=\"col-inner\"  >\n\t\t\t\n\t\t\t\n\n\t<div id=\"text-2676171516\" class=\"text\">\n\t\t\n\n<p>Aplicaci\u00f3n de estrictos controles de calidad para garantizar la excelencia de los productos.<\/p>\n\t\t\n<style>\n#text-2676171516 {\n  color: rgb(0,0,0);\n}\n#text-2676171516 > * {\n  color: rgb(0,0,0);\n}\n<\/style>\n\t<\/div>\n\t\n\n\t\t<\/div>\n\t\t\t\t\n<style>\n#col-1398631521 > .col-inner {\n  padding: 0px 50px 0px 300px;\n}\n<\/style>\n\t<\/div>\n\n\t\n\n<\/div>\n<div class=\"row row-full-width show-for-small\"  id=\"row-577324015\">\n\n\n\t<div id=\"col-471629205\" class=\"col medium-4 small-12 large-4\"  >\n\t\t\t\t<div class=\"col-inner\"  >\n\t\t\t\n\t\t\t\n\n\t<div id=\"text-3952116379\" class=\"text\">\n\t\t\n\n<h3><i>04<\/i> Garant\u00eda de calidad<\/h3>\n\t\t\n<style>\n#text-3952116379 {\n  color: rgb(0,0,0);\n}\n#text-3952116379 > * {\n  color: rgb(0,0,0);\n}\n<\/style>\n\t<\/div>\n\t\n\n\t\t<\/div>\n\t\t\t\t\n<style>\n#col-471629205 > .col-inner {\n  padding: 0px 0px 0px 50px;\n}\n<\/style>\n\t<\/div>\n\n\t\n\n\t<div id=\"col-869758670\" class=\"col medium-8 small-12 large-8\"  >\n\t\t\t\t<div class=\"col-inner\"  >\n\t\t\t\n\t\t\t\n\n\t<div id=\"text-342342253\" class=\"text\">\n\t\t\n\n<p>Aplicaci\u00f3n de estrictos controles de calidad para garantizar la excelencia de los productos.<\/p>\n\t\t\n<style>\n#text-342342253 {\n  color: rgb(0,0,0);\n}\n#text-342342253 > * {\n  color: rgb(0,0,0);\n}\n<\/style>\n\t<\/div>\n\t\n\n\t\t<\/div>\n\t\t\t\t\n<style>\n#col-869758670 > .col-inner {\n  padding: 0px 0px 0px 0px;\n}\n<\/style>\n\t<\/div>\n\n\t\n\n<\/div>\n<div class=\"is-divider divider clearfix\" style=\"max-width:100%;height:1px;\"><\/div>\n\n<div class=\"row row-full-width hide-for-small\"  id=\"row-1623334343\">\n\n\n\t<div id=\"col-467191736\" class=\"col medium-4 small-12 large-4\"  >\n\t\t\t\t<div class=\"col-inner\"  >\n\t\t\t\n\t\t\t\n\n\t<div id=\"text-2595626823\" class=\"text\">\n\t\t\n\n<h3><i>05<\/i> <strong data-start=\"1293\" data-end=\"1315\">Entrega y asistencia<\/strong>:<\/h3>\n\t\t\n<style>\n#text-2595626823 {\n  color: rgb(0,0,0);\n}\n#text-2595626823 > * {\n  color: rgb(0,0,0);\n}\n<\/style>\n\t<\/div>\n\t\n\n\t\t<\/div>\n\t\t\t\t\n<style>\n#col-467191736 > .col-inner {\n  padding: 0px 0px 0px 50px;\n}\n<\/style>\n\t<\/div>\n\n\t\n\n\t<div id=\"col-869264487\" class=\"col medium-8 small-12 large-8\"  >\n\t\t\t\t<div class=\"col-inner\"  >\n\t\t\t\n\t\t\t\n\n\t<div id=\"text-206759709\" class=\"text\">\n\t\t\n\n<p>Garantizar la entrega a tiempo y prestar asistencia posventa.<\/p>\n\t\t\n<style>\n#text-206759709 {\n  color: rgb(0,0,0);\n}\n#text-206759709 > * {\n  color: rgb(0,0,0);\n}\n<\/style>\n\t<\/div>\n\t\n\n\t\t<\/div>\n\t\t\t\t\n<style>\n#col-869264487 > .col-inner {\n  padding: 0px 50px 0px 300px;\n}\n<\/style>\n\t<\/div>\n\n\t\n\n<\/div>\n<div class=\"row row-full-width show-for-small\"  id=\"row-1019855281\">\n\n\n\t<div id=\"col-109736553\" class=\"col medium-4 small-12 large-4\"  >\n\t\t\t\t<div class=\"col-inner\"  >\n\t\t\t\n\t\t\t\n\n\t<div id=\"text-4046312057\" class=\"text\">\n\t\t\n\n<h3><i>05<\/i> Entrega y asistencia<\/h3>\n\t\t\n<style>\n#text-4046312057 {\n  color: rgb(0,0,0);\n}\n#text-4046312057 > * {\n  color: rgb(0,0,0);\n}\n<\/style>\n\t<\/div>\n\t\n\n\t\t<\/div>\n\t\t\t\t\n<style>\n#col-109736553 > .col-inner {\n  padding: 0px 0px 0px 50px;\n}\n<\/style>\n\t<\/div>\n\n\t\n\n\t<div id=\"col-1824806786\" class=\"col medium-8 small-12 large-8\"  >\n\t\t\t\t<div class=\"col-inner\"  >\n\t\t\t\n\t\t\t\n\n\t<div id=\"text-1812791593\" class=\"text\">\n\t\t\n\n<p>Garantizar la entrega a tiempo y prestar asistencia posventa.<\/p>\n\t\t\n<style>\n#text-1812791593 {\n  color: rgb(0,0,0);\n}\n#text-1812791593 > * {\n  color: rgb(0,0,0);\n}\n<\/style>\n\t<\/div>\n\t\n\n\t\t<\/div>\n\t\t\t\t\n<style>\n#col-1824806786 > .col-inner {\n  padding: 0px 0px 0px 0px;\n}\n<\/style>\n\t<\/div>\n\n\t\n\n<\/div>\n<div class=\"is-divider divider clearfix\" style=\"max-width:100%;height:1px;\"><\/div>\n\n<div class=\"row row-full-width hide-for-small\"  id=\"row-152526134\">\n\n\n\t<div id=\"col-1208045278\" class=\"col medium-4 small-12 large-4\"  >\n\t\t\t\t<div class=\"col-inner\"  >\n\t\t\t\n\t\t\t\n\n\t<div id=\"text-3764186330\" class=\"text\">\n\t\t\n\n\n\t\t\n<style>\n#text-3764186330 {\n  color: rgb(0,0,0);\n}\n#text-3764186330 > * {\n  color: rgb(0,0,0);\n}\n<\/style>\n\t<\/div>\n\t\n\n\t\t<\/div>\n\t\t\t\t\n<style>\n#col-1208045278 > .col-inner {\n  padding: 0px 0px 0px 50px;\n}\n<\/style>\n\t<\/div>\n\n\t\n\n\t<div id=\"col-1059232763\" class=\"col medium-8 small-12 large-8\"  >\n\t\t\t\t<div class=\"col-inner\"  >\n\t\t\t\n\t\t\t\n\n\t<div id=\"text-1906413513\" class=\"text\">\n\t\t\n\n\n\t\t\n<style>\n#text-1906413513 {\n  color: rgb(0,0,0);\n}\n#text-1906413513 > * {\n  color: rgb(0,0,0);\n}\n<\/style>\n\t<\/div>\n\t\n\n\t\t<\/div>\n\t\t\t\t\n<style>\n#col-1059232763 > .col-inner {\n  padding: 0px 50px 0px 300px;\n}\n<\/style>\n\t<\/div>\n\n\t\n\n<\/div>\n<div class=\"row row-full-width show-for-small\"  id=\"row-786315573\">\n\n\n\t<div id=\"col-364724163\" class=\"col medium-4 small-12 large-4\"  >\n\t\t\t\t<div class=\"col-inner\"  >\n\t\t\t\n\t\t\t\n\n\t<div id=\"text-2578162325\" class=\"text\">\n\t\t\n\n\n\t\t\n<style>\n#text-2578162325 {\n  color: rgb(0,0,0);\n}\n#text-2578162325 > * {\n  color: rgb(0,0,0);\n}\n<\/style>\n\t<\/div>\n\t\n\n\t\t<\/div>\n\t\t\t\t\n<style>\n#col-364724163 > .col-inner {\n  padding: 0px 0px 0px 50px;\n}\n<\/style>\n\t<\/div>\n\n\t\n\n\t<div id=\"col-166922373\" class=\"col medium-8 small-12 large-8\"  >\n\t\t\t\t<div class=\"col-inner\"  >\n\t\t\t\n\t\t\t\n\n\t<div id=\"text-182241051\" class=\"text\">\n\t\t\n\n\n\t\t\n<style>\n#text-182241051 {\n  color: rgb(0,0,0);\n}\n#text-182241051 > * {\n  color: rgb(0,0,0);\n}\n<\/style>\n\t<\/div>\n\t\n\n\t\t<\/div>\n\t\t\t\t\n<style>\n#col-166922373 > .col-inner {\n  padding: 0px 0px 0px 0px;\n}\n<\/style>\n\t<\/div>\n\n\t\n\n<\/div>\n<div class=\"is-divider divider clearfix\" style=\"max-width:100%;height:1px;\"><\/div>\n\n\t<div id=\"gap-1584475637\" class=\"gap-element clearfix\" style=\"display:block; height:auto;\">\n\t\t\n<style>\n#gap-1584475637 {\n  padding-top: 150px;\n}\n<\/style>\n\t<\/div>\n\t\n\n<div class=\"row row-full-width\"  id=\"row-769095662\">\n\n\n\t<div id=\"col-421468969\" class=\"col small-12 large-12\"  >\n\t\t\t\t<div class=\"col-inner\"  >\n\t\t\t\n\t\t\t\n\n\t<div id=\"text-1310158288\" class=\"text\">\n\t\t\n\n<h2><strong>Opciones de personalizaci\u00f3n disponibles<\/strong><\/h2>\n\t\t\n<style>\n#text-1310158288 {\n  font-size: 1.5rem;\n  color: rgb(0,0,0);\n}\n#text-1310158288 > * {\n  color: rgb(0,0,0);\n}\n<\/style>\n\t<\/div>\n\t\n\n\t\t<\/div>\n\t\t\t\t\n<style>\n#col-421468969 > .col-inner {\n  padding: 0px 0px 0px 50px;\n}\n<\/style>\n\t<\/div>\n\n\t\n\n<\/div>\n<div class=\"is-divider divider clearfix\" style=\"max-width:100%;height:1px;\"><\/div>\n\n<div class=\"row row-full-width\"  id=\"row-773657289\">\n\n\n\t<div id=\"col-364676483\" class=\"col small-12 large-12\"  >\n\t\t\t\t<div class=\"col-inner\"  >\n\t\t\t\n\t\t\t\n\n\t<div id=\"text-173902083\" class=\"text\">\n\t\t\n\n<h2><strong>\ud83d\udd34Da vida a tus personalizaciones con precisi\u00f3n<\/strong><\/h2>\n\t\t\n<style>\n#text-173902083 {\n  font-size: 0.75rem;\n  color: rgb(0,0,0);\n}\n#text-173902083 > * {\n  color: rgb(0,0,0);\n}\n<\/style>\n\t<\/div>\n\t\n\n\t\t<\/div>\n\t\t\t\t\n<style>\n#col-364676483 > .col-inner {\n  padding: 0px 0px 0px 50px;\n}\n<\/style>\n\t<\/div>\n\n\t\n\n<\/div>\n<div class=\"row row-full-width align-middle\"  id=\"row-1536838643\">\n\n\n\t<div id=\"col-1400410206\" class=\"col medium-6 small-12 large-6\"  >\n\t\t\t\t<div class=\"col-inner\"  >\n\t\t\t\n\t\t\t\n\n\t<div id=\"text-1941366697\" class=\"text hide-for-small\">\n\t\t\n\n<p class=\"\" data-start=\"1443\" data-end=\"1497\"><strong data-start=\"1443\" data-end=\"1456\">Materiales<\/strong>: <span class=\"relative -mx-px my-&#091;-0.2rem&#093; rounded px-px py-&#091;0.2rem&#093; transition-colors duration-100 ease-in-out\">Elija entre maderas, metales y tejidos de tapicer\u00eda de primera calidad.<\/span><\/p>\n<p class=\"\" data-start=\"1500\" data-end=\"1552\"><strong data-start=\"1500\" data-end=\"1511\">Dise\u00f1os<\/strong>: <span class=\"relative -mx-px my-&#091;-0.2rem&#093; rounded px-px py-&#091;0.2rem&#093; transition-colors duration-100 ease-in-out\">Dise\u00f1os a medida que se adaptan a la tem\u00e1tica de su sal\u00f3n.<\/span><\/p>\n<p class=\"\" data-start=\"1555\" data-end=\"1613\"><strong data-start=\"1555\" data-end=\"1572\">Funcionalidad<\/strong>: <span class=\"relative -mx-px my-&#091;-0.2rem&#093; rounded px-px py-&#091;0.2rem&#093; transition-colors duration-100 ease-in-out\">Opciones de funciones ajustables, soluciones de almacenamiento y mucho m\u00e1s.<\/span><\/p>\n<p class=\"\" data-start=\"1616\" data-end=\"1708\"><strong data-start=\"1616\" data-end=\"1628\">Marca<\/strong>: <span class=\"relative -mx-px my-&#091;-0.2rem&#093; rounded px-px py-&#091;0.2rem&#093; transition-colors duration-100 ease-in-out\">Incorpore su logotipo y los colores de su marca a la perfecci\u00f3n.<\/span><\/p>\n\t\t\n<style>\n#text-1941366697 {\n  color: rgb(0,0,0);\n}\n#text-1941366697 > * {\n  color: rgb(0,0,0);\n}\n<\/style>\n\t<\/div>\n\t\n\t<div id=\"text-2971619949\" class=\"text show-for-small\">\n\t\t\n\n<p class=\"\" style=\"text-align: left;\" data-start=\"1443\" data-end=\"1497\"><strong data-start=\"1443\" data-end=\"1456\">Materiales<\/strong>: <span class=\"relative -mx-px my-&#091;-0.2rem&#093; rounded px-px py-&#091;0.2rem&#093; transition-colors duration-100 ease-in-out\">Elija entre maderas, metales y tejidos de tapicer\u00eda de primera calidad.<\/span><\/p>\n<p class=\"\" style=\"text-align: left;\" data-start=\"1500\" data-end=\"1552\"><strong data-start=\"1500\" data-end=\"1511\">Dise\u00f1os<\/strong>: <span class=\"relative -mx-px my-&#091;-0.2rem&#093; rounded px-px py-&#091;0.2rem&#093; transition-colors duration-100 ease-in-out\">Dise\u00f1os a medida que se adaptan a la tem\u00e1tica de su sal\u00f3n.<\/span><\/p>\n<p class=\"\" style=\"text-align: left;\" data-start=\"1555\" data-end=\"1613\"><strong data-start=\"1555\" data-end=\"1572\">Funcionalidad<\/strong>: <span class=\"relative -mx-px my-&#091;-0.2rem&#093; rounded px-px py-&#091;0.2rem&#093; transition-colors duration-100 ease-in-out\">Opciones de funciones ajustables, soluciones de almacenamiento y mucho m\u00e1s.<\/span><\/p>\n<p class=\"\" style=\"text-align: left;\" data-start=\"1616\" data-end=\"1708\"><strong data-start=\"1616\" data-end=\"1628\">Marca<\/strong>: <span class=\"relative -mx-px my-&#091;-0.2rem&#093; rounded px-px py-&#091;0.2rem&#093; transition-colors duration-100 ease-in-out\">Incorpore su logotipo y los colores de su marca a la perfecci\u00f3n.<\/span><\/p>\n\t\t\n<style>\n#text-2971619949 {\n  color: rgb(0,0,0);\n}\n#text-2971619949 > * {\n  color: rgb(0,0,0);\n}\n<\/style>\n\t<\/div>\n\t\n\n\t\t<\/div>\n\t\t\t\t\n<style>\n#col-1400410206 > .col-inner {\n  padding: 0px 0px 0px 0px;\n}\n@media (min-width:550px) {\n  #col-1400410206 > .col-inner {\n    padding: 0px 80px 0px 50px;\n  }\n}\n<\/style>\n\t<\/div>\n\n\t\n\n\t<div id=\"col-1640911032\" class=\"col medium-6 small-12 large-6\"  >\n\t\t\t\t<div class=\"col-inner\"  >\n\t\t\t\n\t\t\t\n\n\t<div class=\"img has-hover x md-x lg-x y md-y lg-y\" id=\"image_403788884\">\n\t\t\t\t\t\t\t\t<div class=\"img-inner dark\" >\n\t\t\t<img loading=\"lazy\" decoding=\"async\" width=\"880\" height=\"600\" src=\"https:\/\/www.salonfurniture88.com\/wp-content\/uploads\/2025\/04\/2-194.webp\" class=\"attachment-large size-large\" alt=\"\" srcset=\"https:\/\/www.salonfurniture88.com\/wp-content\/uploads\/2025\/04\/2-194.webp 880w, https:\/\/www.salonfurniture88.com\/wp-content\/uploads\/2025\/04\/2-194-600x409.webp 600w, https:\/\/www.salonfurniture88.com\/wp-content\/uploads\/2025\/04\/2-194-300x205.webp 300w, https:\/\/www.salonfurniture88.com\/wp-content\/uploads\/2025\/04\/2-194-768x524.webp 768w\" sizes=\"auto, (max-width: 880px) 100vw, 880px\" \/>\t\t\t\t\t\t\n\t\t\t\t\t<\/div>\n\t\t\t\t\t\t\t\t\n<style>\n#image_403788884 {\n  width: 100%;\n}\n<\/style>\n\t<\/div>\n\t\n\n\n\t\t<\/div>\n\t\t\t\t\t<\/div>\n\n\t\n\n<\/div>","protected":false},"excerpt":{"rendered":"","protected":false},"author":1,"featured_media":0,"parent":0,"menu_order":0,"comment_status":"closed","ping_status":"closed","template":"page-blank.php","meta":{"footnotes":""},"class_list":["post-391","page","type-page","status-publish","hentry"],"_links":{"self":[{"href":"https:\/\/www.salonfurniture88.com\/es\/wp-json\/wp\/v2\/pages\/391","targetHints":{"allow":["GET"]}}],"collection":[{"href":"https:\/\/www.salonfurniture88.com\/es\/wp-json\/wp\/v2\/pages"}],"about":[{"href":"https:\/\/www.salonfurniture88.com\/es\/wp-json\/wp\/v2\/types\/page"}],"author":[{"embeddable":true,"href":"https:\/\/www.salonfurniture88.com\/es\/wp-json\/wp\/v2\/users\/1"}],"replies":[{"embeddable":true,"href":"https:\/\/www.salonfurniture88.com\/es\/wp-json\/wp\/v2\/comments?post=391"}],"version-history":[{"count":11,"href":"https:\/\/www.salonfurniture88.com\/es\/wp-json\/wp\/v2\/pages\/391\/revisions"}],"predecessor-version":[{"id":954,"href":"https:\/\/www.salonfurniture88.com\/es\/wp-json\/wp\/v2\/pages\/391\/revisions\/954"}],"wp:attachment":[{"href":"https:\/\/www.salonfurniture88.com\/es\/wp-json\/wp\/v2\/media?parent=391"}],"curies":[{"name":"wp","href":"https:\/\/api.w.org\/{rel}","templated":true}]}}