{"id":410,"date":"2025-04-22T01:06:51","date_gmt":"2025-04-22T01:06:51","guid":{"rendered":"http:\/\/www.leadirsalon.com\/?page_id=410"},"modified":"2025-05-04T10:01:10","modified_gmt":"2025-05-04T10:01:10","slug":"fqa","status":"publish","type":"page","link":"https:\/\/www.salonfurniture88.com\/es\/fqa\/","title":{"rendered":"FAQ - Respuestas a sus preguntas sobre mobiliario para salones | Env\u00edo, OEM, Garant\u00eda"},"content":{"rendered":"<div id=\"gap-1513447652\" class=\"gap-element clearfix\" style=\"display:block; height:auto;\">\n\t\t\n<style>\n#gap-1513447652 {\n  padding-top: 200px;\n}\n<\/style>\n\t<\/div>\n\t\n\n<div class=\"row row-full-width\"  id=\"row-1171406635\">\n\n\n\t<div id=\"col-1227036410\" class=\"col small-12 large-12\"  >\n\t\t\t\t<div class=\"col-inner\"  >\n\t\t\t\n\t\t\t\n\n\t<div id=\"text-2679373236\" class=\"text\">\n\t\t\n\n<h2 class=\"title\"><strong>PREGUNTAS FRECUENTES<\/strong><\/h2>\n\t\t\n<style>\n#text-2679373236 {\n  font-size: 1.5rem;\n  color: rgb(0,0,0);\n}\n#text-2679373236 > * {\n  color: rgb(0,0,0);\n}\n<\/style>\n\t<\/div>\n\t\n\n\t\t<\/div>\n\t\t\t\t\n<style>\n#col-1227036410 > .col-inner {\n  padding: 0px 0px 0px 50px;\n}\n<\/style>\n\t<\/div>\n\n\t\n\n<\/div>\n<div class=\"is-divider divider clearfix\" style=\"max-width:100%;\"><\/div>\n\n<div class=\"row row-full-width align-middle hide-for-small\"  id=\"row-1354365254\">\n\n\n\t<div id=\"col-2084705604\" class=\"col medium-4 small-12 large-4\"  >\n\t\t\t\t<div class=\"col-inner\"  >\n\t\t\t\n\t\t\t\n\n\t<div id=\"text-972180399\" class=\"text\">\n\t\t\n\n<h2><i><strong>\ud83d\udd34<\/strong><\/i><strong>Respuesta completa<\/strong><\/h2>\n\t\t\n<style>\n#text-972180399 {\n  font-size: 0.75rem;\n  color: rgb(0, 0, 0);\n}\n#text-972180399 > * {\n  color: rgb(0, 0, 0);\n}\n<\/style>\n\t<\/div>\n\t\n\n\t\t<\/div>\n\t\t\t\t\n<style>\n#col-2084705604 > .col-inner {\n  padding: 0px 0px 0px 50px;\n}\n<\/style>\n\t<\/div>\n\n\t\n\n\t<div id=\"col-928628663\" class=\"col medium-8 small-12 large-8\"  >\n\t\t\t\t<div class=\"col-inner\"  >\n\t\t\t\n\t\t\t\n\n\t<div id=\"text-1593632406\" class=\"text\">\n\t\t\n\n<p>Encuentre aqu\u00ed nuestras descripciones completas de productos, garant\u00edas de fabricaci\u00f3n, instrucciones de instalaci\u00f3n, as\u00ed como gu\u00edas de mantenimiento y cuidado.<\/p>\n\t\t\n<style>\n#text-1593632406 {\n  color: rgb(0,0,0);\n}\n#text-1593632406 > * {\n  color: rgb(0,0,0);\n}\n<\/style>\n\t<\/div>\n\t\n\n\t\t<\/div>\n\t\t\t\t\n<style>\n#col-928628663 > .col-inner {\n  padding: 0px 50px 0px 200px;\n}\n<\/style>\n\t<\/div>\n\n\t\n\n<\/div>\n<div class=\"row row-full-width align-middle show-for-small\"  id=\"row-73805678\">\n\n\n\t<div id=\"col-1089651715\" class=\"col medium-4 small-12 large-4\"  >\n\t\t\t\t<div class=\"col-inner\"  >\n\t\t\t\n\t\t\t\n\n\t<div id=\"text-2056201770\" class=\"text\">\n\t\t\n\n<h2><i><strong>\ud83d\udd34<\/strong><\/i><strong>Respuesta completa<\/strong><\/h2>\n\t\t\n<style>\n#text-2056201770 {\n  font-size: 0.75rem;\n  color: rgb(0, 0, 0);\n}\n#text-2056201770 > * {\n  color: rgb(0, 0, 0);\n}\n<\/style>\n\t<\/div>\n\t\n\n\t\t<\/div>\n\t\t\t\t\n<style>\n#col-1089651715 > .col-inner {\n  padding: 0px 0px 0px 0px;\n}\n<\/style>\n\t<\/div>\n\n\t\n\n\t<div id=\"col-962162082\" class=\"col medium-8 small-12 large-8\"  >\n\t\t\t\t<div class=\"col-inner\"  >\n\t\t\t\n\t\t\t\n\n\t<div id=\"text-2568041029\" class=\"text\">\n\t\t\n\n<p>Encuentre aqu\u00ed nuestras descripciones completas de productos, garant\u00edas de fabricaci\u00f3n, instrucciones de instalaci\u00f3n, as\u00ed como gu\u00edas de mantenimiento y cuidado.<\/p>\n\t\t\n<style>\n#text-2568041029 {\n  color: rgb(0,0,0);\n}\n#text-2568041029 > * {\n  color: rgb(0,0,0);\n}\n<\/style>\n\t<\/div>\n\t\n\n\t\t<\/div>\n\t\t\t\t\n<style>\n#col-962162082 > .col-inner {\n  padding: 0px 0px 0px 0px;\n}\n<\/style>\n\t<\/div>\n\n\t\n\n<\/div>\n\t<div id=\"gap-1902194843\" class=\"gap-element clearfix\" style=\"display:block; height:auto;\">\n\t\t\n<style>\n#gap-1902194843 {\n  padding-top: 100px;\n}\n<\/style>\n\t<\/div>\n\t\n\n<div class=\"accordion\">\n\n\t<div id=\"accordion-1489795493\" class=\"accordion-item\">\n\t\t<a id=\"accordion-1489795493-label\" class=\"accordion-title plain\" href=\"#accordion-item-do-you-offer-oem\/odm-salon-furniture-customization?\" aria-expanded=\"false\" aria-controls=\"accordion-1489795493-content\" >\n\t\t\t<button class=\"toggle\" aria-label=\"Toggle\"><i class=\"icon-angle-down\"><\/i><\/button>\n\t\t\t<span>\u00bfOfrecen personalizaci\u00f3n de mobiliario de sal\u00f3n OEM\/ODM?<\/span>\n\t\t<\/a>\n\t\t<div id=\"accordion-1489795493-content\" class=\"accordion-inner\" aria-labelledby=\"accordion-1489795493-label\" >\n\t\t\t\n\n<p>S\u00ed, estamos especializados en servicios OEM y ODM para mobiliario de salones de belleza, que incluyen personalizaci\u00f3n de marca, ajustes de dise\u00f1o y configuraciones funcionales para satisfacer sus necesidades de mercado.<\/p>\n\n\t\t<\/div>\n\t<\/div>\n\t\n\t<div id=\"accordion-4232368693\" class=\"accordion-item\">\n\t\t<a id=\"accordion-4232368693-label\" class=\"accordion-title plain\" href=\"#accordion-item-can-i-choose-the-color-and-material-for-the-shampoo-beds-or-pedicure-chairs?\" aria-expanded=\"false\" aria-controls=\"accordion-4232368693-content\" >\n\t\t\t<button class=\"toggle\" aria-label=\"Toggle\"><i class=\"icon-angle-down\"><\/i><\/button>\n\t\t\t<span>\u00bfPuedo elegir el color y el material de las camas de champ\u00fa o los sillones de pedicura?<\/span>\n\t\t<\/a>\n\t\t<div id=\"accordion-4232368693-content\" class=\"accordion-inner\" aria-labelledby=\"accordion-4232368693-label\" >\n\t\t\t\n\n<p>Absolutamente. Ofrecemos una amplia selecci\u00f3n de colores, texturas de cuero PU y acabados de estructura para garantizar que el mobiliario de su sal\u00f3n se adapte a la identidad de su marca.<\/p>\n\n\t\t<\/div>\n\t<\/div>\n\t\n\t<div id=\"accordion-638728177\" class=\"accordion-item\">\n\t\t<a id=\"accordion-638728177-label\" class=\"accordion-title plain\" href=\"#accordion-item-what-certificates-do-your-products-hold?\" aria-expanded=\"false\" aria-controls=\"accordion-638728177-content\" >\n\t\t\t<button class=\"toggle\" aria-label=\"Toggle\"><i class=\"icon-angle-down\"><\/i><\/button>\n\t\t\t<span>\u00bfQu\u00e9 certificados tienen sus productos?<\/span>\n\t\t<\/a>\n\t\t<div id=\"accordion-638728177-content\" class=\"accordion-inner\" aria-labelledby=\"accordion-638728177-label\" >\n\t\t\t\n\n<p>Nuestros productos cuentan con la certificaci\u00f3n CE y cumplen estrictas normas internacionales de seguridad y calidad, lo que los hace aptos para su distribuci\u00f3n mundial.<\/p>\n\n\t\t<\/div>\n\t<\/div>\n\t\n\t<div id=\"accordion-1192252073\" class=\"accordion-item\">\n\t\t<a id=\"accordion-1192252073-label\" class=\"accordion-title plain\" href=\"#accordion-item-how-long-does-it-take-to-manufacture-custom-salon-furniture?\" aria-expanded=\"false\" aria-controls=\"accordion-1192252073-content\" >\n\t\t\t<button class=\"toggle\" aria-label=\"Toggle\"><i class=\"icon-angle-down\"><\/i><\/button>\n\t\t\t<span>\u00bfCu\u00e1nto se tarda en fabricar muebles de sal\u00f3n a medida?<\/span>\n\t\t<\/a>\n\t\t<div id=\"accordion-1192252073-content\" class=\"accordion-inner\" aria-labelledby=\"accordion-1192252073-label\" >\n\t\t\t\n\n<p>La producci\u00f3n suele tardar entre 15 y 30 d\u00edas, dependiendo del tama\u00f1o del pedido y de los detalles de personalizaci\u00f3n. Siempre nos esforzamos por entregar a tiempo sin comprometer la calidad.<\/p>\n\n\t\t<\/div>\n\t<\/div>\n\t\n\t<div id=\"accordion-1391333148\" class=\"accordion-item\">\n\t\t<a id=\"accordion-1391333148-label\" class=\"accordion-title plain\" href=\"#accordion-item-do-your-electric-beauty-beds-use-certified-motors?\" aria-expanded=\"false\" aria-controls=\"accordion-1391333148-content\" >\n\t\t\t<button class=\"toggle\" aria-label=\"Toggle\"><i class=\"icon-angle-down\"><\/i><\/button>\n\t\t\t<span>\u00bfSus camas de belleza el\u00e9ctricas utilizan motores certificados?<\/span>\n\t\t<\/a>\n\t\t<div id=\"accordion-1391333148-content\" class=\"accordion-inner\" aria-labelledby=\"accordion-1391333148-label\" >\n\t\t\t\n\n<p>S\u00ed, utilizamos motores silenciosos con certificaci\u00f3n CE para garantizar la comodidad, durabilidad y seguridad para uso profesional en spas y cl\u00ednicas.<\/p>\n\n\t\t<\/div>\n\t<\/div>\n\t\n\t<div id=\"accordion-136908158\" class=\"accordion-item\">\n\t\t<a id=\"accordion-136908158-label\" class=\"accordion-title plain\" href=\"#accordion-item-can-you-send-product-samples-before-bulk-orders?\" aria-expanded=\"false\" aria-controls=\"accordion-136908158-content\" >\n\t\t\t<button class=\"toggle\" aria-label=\"Toggle\"><i class=\"icon-angle-down\"><\/i><\/button>\n\t\t\t<span>\u00bfPueden enviar muestras de productos antes de hacer pedidos al por mayor?<\/span>\n\t\t<\/a>\n\t\t<div id=\"accordion-136908158-content\" class=\"accordion-inner\" aria-labelledby=\"accordion-136908158-label\" >\n\t\t\t\n\n<p>S\u00ed, podemos proporcionar muestras previa solicitud. Los costes de las muestras se pueden descontar de su pedido a granel si se confirma.<\/p>\n\n\t\t<\/div>\n\t<\/div>\n\t\n\t<div id=\"accordion-1192101637\" class=\"accordion-item\">\n\t\t<a id=\"accordion-1192101637-label\" class=\"accordion-title plain\" href=\"#accordion-item-what-is-your-moq-(minimum-order-quantity)?\" aria-expanded=\"false\" aria-controls=\"accordion-1192101637-content\" >\n\t\t\t<button class=\"toggle\" aria-label=\"Toggle\"><i class=\"icon-angle-down\"><\/i><\/button>\n\t\t\t<span>\u00bfCu\u00e1l es su MOQ (cantidad m\u00ednima de pedido)?<\/span>\n\t\t<\/a>\n\t\t<div id=\"accordion-1192101637-content\" class=\"accordion-inner\" aria-labelledby=\"accordion-1192101637-label\" >\n\t\t\t\n\n<p>Nuestro MOQ est\u00e1ndar es de 5 piezas por modelo, pero ofrecemos flexibilidad para nuevos clientes o proyectos personalizados. P\u00f3ngase en contacto con nuestro equipo para obtener m\u00e1s informaci\u00f3n.<\/p>\n\n\t\t<\/div>\n\t<\/div>\n\t\n\t<div id=\"accordion-119099662\" class=\"accordion-item\">\n\t\t<a id=\"accordion-119099662-label\" class=\"accordion-title plain\" href=\"#accordion-item-do-you-provide-after-sales-support-or-spare-parts?\" aria-expanded=\"false\" aria-controls=\"accordion-119099662-content\" >\n\t\t\t<button class=\"toggle\" aria-label=\"Toggle\"><i class=\"icon-angle-down\"><\/i><\/button>\n\t\t\t<span>\u00bfOfrecen asistencia posventa o piezas de repuesto?<\/span>\n\t\t<\/a>\n\t\t<div id=\"accordion-119099662-content\" class=\"accordion-inner\" aria-labelledby=\"accordion-119099662-label\" >\n\t\t\t\n\n<p>S\u00ed, ofrecemos una garant\u00eda de 1 a\u00f1o y proporcionamos piezas de repuesto y asistencia t\u00e9cnica para garantizar que sus productos funcionen de forma fiable a lo largo del tiempo.<\/p>\n\n\t\t<\/div>\n\t<\/div>\n\t\n\t<div id=\"accordion-2206475492\" class=\"accordion-item\">\n\t\t<a id=\"accordion-2206475492-label\" class=\"accordion-title plain\" href=\"#accordion-item-how-can-i-download-product-catalogs-or-technical-sheets?\" aria-expanded=\"false\" aria-controls=\"accordion-2206475492-content\" >\n\t\t\t<button class=\"toggle\" aria-label=\"Toggle\"><i class=\"icon-angle-down\"><\/i><\/button>\n\t\t\t<span>\u00bfC\u00f3mo puedo descargar cat\u00e1logos de productos o fichas t\u00e9cnicas?<\/span>\n\t\t<\/a>\n\t\t<div id=\"accordion-2206475492-content\" class=\"accordion-inner\" aria-labelledby=\"accordion-2206475492-label\" >\n\t\t\t\n\n<p>Puede visitar nuestro <a href=\"http:\/\/www.leadirsalon.com\/download-area\/\">\u00c1rea de descargas<\/a> para acceder a folletos, manuales y cat\u00e1logos de productos actualizados en formato PDF.<\/p>\n\n\t\t<\/div>\n\t<\/div>\n\t\n\t<div id=\"accordion-913326064\" class=\"accordion-item\">\n\t\t<a id=\"accordion-913326064-label\" class=\"accordion-title plain\" href=\"#accordion-item-where-is-your-factory-located,-and-can-i-visit-it?\" aria-expanded=\"false\" aria-controls=\"accordion-913326064-content\" >\n\t\t\t<button class=\"toggle\" aria-label=\"Toggle\"><i class=\"icon-angle-down\"><\/i><\/button>\n\t\t\t<span>\u00bfD\u00f3nde se encuentra su f\u00e1brica y puedo visitarla?<\/span>\n\t\t<\/a>\n\t\t<div id=\"accordion-913326064-content\" class=\"accordion-inner\" aria-labelledby=\"accordion-913326064-label\" >\n\t\t\t\n\n<p>Nuestra f\u00e1brica se encuentra en China. Invitamos a los clientes internacionales a visitarnos. P\u00f3ngase en contacto con nuestro equipo de ventas para programar una visita a la f\u00e1brica.<\/p>\n\n\t\t<\/div>\n\t<\/div>\n\t\n\n<\/div>\n\t<div id=\"gap-386920967\" class=\"gap-element clearfix\" style=\"display:block; height:auto;\">\n\t\t\n<style>\n#gap-386920967 {\n  padding-top: 100px;\n}\n<\/style>\n\t<\/div>","protected":false},"excerpt":{"rendered":"","protected":false},"author":1,"featured_media":0,"parent":0,"menu_order":0,"comment_status":"closed","ping_status":"closed","template":"page-blank.php","meta":{"footnotes":""},"class_list":["post-410","page","type-page","status-publish","hentry"],"_links":{"self":[{"href":"https:\/\/www.salonfurniture88.com\/es\/wp-json\/wp\/v2\/pages\/410","targetHints":{"allow":["GET"]}}],"collection":[{"href":"https:\/\/www.salonfurniture88.com\/es\/wp-json\/wp\/v2\/pages"}],"about":[{"href":"https:\/\/www.salonfurniture88.com\/es\/wp-json\/wp\/v2\/types\/page"}],"author":[{"embeddable":true,"href":"https:\/\/www.salonfurniture88.com\/es\/wp-json\/wp\/v2\/users\/1"}],"replies":[{"embeddable":true,"href":"https:\/\/www.salonfurniture88.com\/es\/wp-json\/wp\/v2\/comments?post=410"}],"version-history":[{"count":8,"href":"https:\/\/www.salonfurniture88.com\/es\/wp-json\/wp\/v2\/pages\/410\/revisions"}],"predecessor-version":[{"id":569,"href":"https:\/\/www.salonfurniture88.com\/es\/wp-json\/wp\/v2\/pages\/410\/revisions\/569"}],"wp:attachment":[{"href":"https:\/\/www.salonfurniture88.com\/es\/wp-json\/wp\/v2\/media?parent=410"}],"curies":[{"name":"wp","href":"https:\/\/api.w.org\/{rel}","templated":true}]}}