{"id":522,"date":"2025-05-03T07:17:30","date_gmt":"2025-05-03T07:17:30","guid":{"rendered":"http:\/\/www.leadirsalon.com\/?page_id=522"},"modified":"2025-07-15T06:22:09","modified_gmt":"2025-07-15T06:22:09","slug":"champu-bedoem-odm","status":"publish","type":"page","link":"https:\/\/www.salonfurniture88.com\/es\/champu-bedoem-odm\/","title":{"rendered":"Cama de champ\u00fa OEM - Sillas de champ\u00fa para spa personalizadas con motores CE"},"content":{"rendered":"<div id=\"gap-1746146971\" class=\"gap-element clearfix\" style=\"display:block; height:auto;\">\n\t\t\n<style>\n#gap-1746146971 {\n  padding-top: 150px;\n}\n<\/style>\n\t<\/div>\n\t\n\n<div class=\"row row-large row-full-width\"  id=\"row-151787588\">\n\n\n\t<div id=\"col-1721354134\" class=\"col small-12 large-12\"  >\n\t\t\t\t<div class=\"col-inner\"  >\n\t\t\t\n\t\t\t\n\n\t<div id=\"text-2728209635\" class=\"text\">\n\t\t\n\n<h1><strong>OEM\/ODM<\/strong><\/h1>\n\n\t\t\n<style>\n#text-2728209635 {\n  font-size: 1.5rem;\n  color: rgb(0,0,0);\n}\n#text-2728209635 > * {\n  color: rgb(0,0,0);\n}\n<\/style>\n\t<\/div>\n\t\n\n\t\t<\/div>\n\t\t\t\t\n<style>\n#col-1721354134 > .col-inner {\n  padding: 0px 0px 0px 50px;\n}\n<\/style>\n\t<\/div>\n\n\t\n\n<\/div>\n<div class=\"is-divider divider clearfix\" style=\"margin-top:2px;margin-bottom:2px;max-width:100%;\"><\/div>\n\n\t<div id=\"gap-937832641\" class=\"gap-element clearfix\" style=\"display:block; height:auto;\">\n\t\t\n<style>\n#gap-937832641 {\n  padding-top: 50px;\n}\n<\/style>\n\t<\/div>\n\t\n\n<div class=\"row row-full-width align-middle\"  id=\"row-1835088117\">\n\n\n\t<div id=\"col-1044767711\" class=\"col hide-for-small medium-5 small-12 large-5\"  >\n\t\t\t\t<div class=\"col-inner\"  >\n\t\t\t\n\t\t\t\n\n\t<div id=\"text-1210918619\" class=\"text\">\n\t\t\n\n<h2>Artesan\u00eda experta<\/h2>\n<div class=\"desc\">\n<div>Con m\u00e1s de 15 a\u00f1os en el sector, estamos especializados en el dise\u00f1o y la fabricaci\u00f3n de mobiliario de sal\u00f3n de alta calidad.<\/div>\n<div>\u00a0<\/div>\n<\/div>\n\t\t\n<style>\n#text-1210918619 {\n  color: rgb(0,0,0);\n}\n#text-1210918619 > * {\n  color: rgb(0,0,0);\n}\n<\/style>\n\t<\/div>\n\t\n<a class=\"button alert is-outline is-larger\"  style=\"border-radius:99px;\">\n\t\t<span>Inf\u00f3rmese aqu\u00ed<\/span>\n\t<i class=\"icon-angle-right\" aria-hidden=\"true\" ><\/i><\/a>\n\n\n\n\t\t<\/div>\n\t\t\t\t\n<style>\n#col-1044767711 > .col-inner {\n  padding: 0px 0px 0px 50px;\n}\n<\/style>\n\t<\/div>\n\n\t\n\n\t<div id=\"col-1184605731\" class=\"col show-for-small medium-5 small-12 large-5\"  >\n\t\t\t\t<div class=\"col-inner\"  >\n\t\t\t\n\t\t\t\n\n\t<div id=\"text-3283963280\" class=\"text\">\n\t\t\n\n<h2>Artesan\u00eda experta<\/h2>\n<div class=\"desc\">\n<div>Con m\u00e1s de 15 a\u00f1os en el sector, estamos especializados en el dise\u00f1o y la fabricaci\u00f3n de mobiliario de sal\u00f3n de alta calidad.<\/div>\n<div>\u00a0<\/div>\n<\/div>\n\t\t\n<style>\n#text-3283963280 {\n  color: rgb(0,0,0);\n}\n#text-3283963280 > * {\n  color: rgb(0,0,0);\n}\n<\/style>\n\t<\/div>\n\t\n<a class=\"button alert is-outline is-larger\"  style=\"border-radius:99px;\">\n\t\t<span>Inf\u00f3rmese aqu\u00ed<\/span>\n\t<i class=\"icon-angle-right\" aria-hidden=\"true\" ><\/i><\/a>\n\n\n\n\t\t<\/div>\n\t\t\t\t\n<style>\n#col-1184605731 > .col-inner {\n  padding: 0px 0px 0px 0px;\n}\n@media (min-width:550px) {\n  #col-1184605731 > .col-inner {\n    padding: 0px 0px 0px 50px;\n  }\n}\n<\/style>\n\t<\/div>\n\n\t\n\n\t<div id=\"col-320688999\" class=\"col medium-7 small-12 large-7\"  >\n\t\t\t\t<div class=\"col-inner\"  >\n\t\t\t\n\t\t\t\n\n\n  <div class=\"banner has-hover bg-zoom-long\" id=\"banner-135236339\">\n          <div class=\"banner-inner fill\">\n        <div class=\"banner-bg fill\" >\n            <img loading=\"lazy\" decoding=\"async\" width=\"1020\" height=\"574\" src=\"https:\/\/www.salonfurniture88.com\/wp-content\/uploads\/2025\/07\/\u5fae\u4fe1\u56fe\u7247_20250715141542-1024x576.png\" class=\"bg attachment-large size-large\" alt=\"\" \/>                                    \n                    <\/div>\n\t\t\n        <div class=\"banner-layers container\">\n            <div class=\"fill banner-link\"><\/div>            \n\n   <div id=\"text-box-2107833052\" class=\"text-box banner-layer x50 md-x50 lg-x50 y50 md-y50 lg-y50 res-text\">\n                                <div class=\"text-box-content text dark\">\n              \n              <div class=\"text-inner text-center\">\n                  \n\n\n              <\/div>\n           <\/div>\n                            \n<style>\n#text-box-2107833052 {\n  width: 60%;\n}\n#text-box-2107833052 .text-box-content {\n  font-size: 100%;\n}\n@media (min-width:550px) {\n  #text-box-2107833052 {\n    width: 60%;\n  }\n}\n<\/style>\n    <\/div>\n \n\n        <\/div>\n      <\/div>\n\n            \n<style>\n#banner-135236339 {\n  padding-top: 500px;\n}\n<\/style>\n  <\/div>\n\n\n\n\t\t<\/div>\n\t\t\t\t\t<\/div>\n\n\t\n\n<\/div>\n<div class=\"is-divider divider clearfix\" style=\"margin-top:2px;margin-bottom:2px;max-width:100%;\"><\/div>\n\n\t<div id=\"gap-115806194\" class=\"gap-element clearfix\" style=\"display:block; height:auto;\">\n\t\t\n<style>\n#gap-115806194 {\n  padding-top: 50px;\n}\n<\/style>\n\t<\/div>\n\t\n\n<div class=\"row row-full-width align-middle\"  id=\"row-505375551\">\n\n\n\t<div id=\"col-16660209\" class=\"col hide-for-small medium-5 small-12 large-5\"  >\n\t\t\t\t<div class=\"col-inner\"  >\n\t\t\t\n\t\t\t\n\n\t<div id=\"text-3561878288\" class=\"text\">\n\t\t\n\n<h2>Motores con certificaci\u00f3n CE<\/h2>\n<div class=\"desc\">\n<div>Nuestras sillas est\u00e1n equipadas con motores con certificaci\u00f3n CE, lo que garantiza su seguridad y fiabilidad.<\/div>\n<div>\u00a0<\/div>\n<\/div>\n\t\t\n<style>\n#text-3561878288 {\n  color: rgb(0,0,0);\n}\n#text-3561878288 > * {\n  color: rgb(0,0,0);\n}\n<\/style>\n\t<\/div>\n\t\n<a class=\"button alert is-outline is-larger\"  style=\"border-radius:99px;\">\n\t\t<span>Inf\u00f3rmese aqu\u00ed<\/span>\n\t<i class=\"icon-angle-right\" aria-hidden=\"true\" ><\/i><\/a>\n\n\n\n\t\t<\/div>\n\t\t\t\t\n<style>\n#col-16660209 > .col-inner {\n  padding: 0px 0px 0px 50px;\n}\n<\/style>\n\t<\/div>\n\n\t\n\n\t<div id=\"col-2125698837\" class=\"col show-for-small medium-5 small-12 large-5\"  >\n\t\t\t\t<div class=\"col-inner\"  >\n\t\t\t\n\t\t\t\n\n\t<div id=\"text-3282245493\" class=\"text\">\n\t\t\n\n<h2>Motores con certificaci\u00f3n CE<\/h2>\n<div class=\"desc\">\n<div>Nuestras sillas est\u00e1n equipadas con motores con certificaci\u00f3n CE, lo que garantiza su seguridad y fiabilidad.<\/div>\n<div>\u00a0<\/div>\n<\/div>\n\t\t\n<style>\n#text-3282245493 {\n  color: rgb(0,0,0);\n}\n#text-3282245493 > * {\n  color: rgb(0,0,0);\n}\n<\/style>\n\t<\/div>\n\t\n<a class=\"button alert is-outline is-larger\"  style=\"border-radius:99px;\">\n\t\t<span>Inf\u00f3rmese aqu\u00ed<\/span>\n\t<i class=\"icon-angle-right\" aria-hidden=\"true\" ><\/i><\/a>\n\n\n\n\t\t<\/div>\n\t\t\t\t\n<style>\n#col-2125698837 > .col-inner {\n  padding: 0px 0px 0px 0px;\n}\n@media (min-width:550px) {\n  #col-2125698837 > .col-inner {\n    padding: 0px 0px 0px 50px;\n  }\n}\n<\/style>\n\t<\/div>\n\n\t\n\n\t<div id=\"col-331620360\" class=\"col medium-7 small-12 large-7\"  >\n\t\t\t\t<div class=\"col-inner\"  >\n\t\t\t\n\t\t\t\n\n\n  <div class=\"banner has-hover bg-zoom-long\" id=\"banner-1899335610\">\n          <div class=\"banner-inner fill\">\n        <div class=\"banner-bg fill\" >\n            <img loading=\"lazy\" decoding=\"async\" width=\"800\" height=\"450\" src=\"https:\/\/www.salonfurniture88.com\/wp-content\/uploads\/2025\/07\/Se3550e26331948229eeb22f94f7e4c13e.png\" class=\"bg attachment-large size-large\" alt=\"\" \/>                                    \n                    <\/div>\n\t\t\n        <div class=\"banner-layers container\">\n            <div class=\"fill banner-link\"><\/div>            \n\n   <div id=\"text-box-1747513169\" class=\"text-box banner-layer x50 md-x50 lg-x50 y50 md-y50 lg-y50 res-text\">\n                                <div class=\"text-box-content text dark\">\n              \n              <div class=\"text-inner text-center\">\n                  \n\n\n              <\/div>\n           <\/div>\n                            \n<style>\n#text-box-1747513169 {\n  width: 60%;\n}\n#text-box-1747513169 .text-box-content {\n  font-size: 100%;\n}\n@media (min-width:550px) {\n  #text-box-1747513169 {\n    width: 60%;\n  }\n}\n<\/style>\n    <\/div>\n \n\n        <\/div>\n      <\/div>\n\n            \n<style>\n#banner-1899335610 {\n  padding-top: 500px;\n}\n<\/style>\n  <\/div>\n\n\n\n\t\t<\/div>\n\t\t\t\t\t<\/div>\n\n\t\n\n<\/div>\n<div class=\"is-divider divider clearfix\" style=\"margin-top:2px;margin-bottom:2px;max-width:100%;\"><\/div>\n\n\t<div id=\"gap-203329608\" class=\"gap-element clearfix\" style=\"display:block; height:auto;\">\n\t\t\n<style>\n#gap-203329608 {\n  padding-top: 50px;\n}\n<\/style>\n\t<\/div>\n\t\n\n<div class=\"row row-full-width align-middle\"  id=\"row-1569751801\">\n\n\n\t<div id=\"col-1541259918\" class=\"col hide-for-small medium-5 small-12 large-5\"  >\n\t\t\t\t<div class=\"col-inner\"  >\n\t\t\t\n\t\t\t\n\n\t<div id=\"text-3740446258\" class=\"text\">\n\t\t\n\n<h2>Dise\u00f1o ergon\u00f3mico<\/h2>\n<div class=\"desc\">\n<div>Dise\u00f1ados pensando tanto en el cliente como en el estilista, nuestros sillones ofrecen un confort y una funcionalidad \u00f3ptimos.<\/div>\n<div>\u00a0<\/div>\n<\/div>\n\t\t\n<style>\n#text-3740446258 {\n  color: rgb(0,0,0);\n}\n#text-3740446258 > * {\n  color: rgb(0,0,0);\n}\n<\/style>\n\t<\/div>\n\t\n<a class=\"button alert is-outline is-larger\"  style=\"border-radius:99px;\">\n\t\t<span>Inf\u00f3rmese aqu\u00ed<\/span>\n\t<i class=\"icon-angle-right\" aria-hidden=\"true\" ><\/i><\/a>\n\n\n\n\t\t<\/div>\n\t\t\t\t\n<style>\n#col-1541259918 > .col-inner {\n  padding: 0px 0px 0px 50px;\n}\n<\/style>\n\t<\/div>\n\n\t\n\n\t<div id=\"col-398734870\" class=\"col show-for-small medium-5 small-12 large-5\"  >\n\t\t\t\t<div class=\"col-inner\"  >\n\t\t\t\n\t\t\t\n\n\t<div id=\"text-335825701\" class=\"text\">\n\t\t\n\n<h2>Dise\u00f1o ergon\u00f3mico<\/h2>\n<div class=\"desc\">\n<div>Dise\u00f1ados pensando tanto en el cliente como en el estilista, nuestros sillones ofrecen un confort y una funcionalidad \u00f3ptimos.<\/div>\n<div>\u00a0<\/div>\n<\/div>\n\t\t\n<style>\n#text-335825701 {\n  color: rgb(0,0,0);\n}\n#text-335825701 > * {\n  color: rgb(0,0,0);\n}\n<\/style>\n\t<\/div>\n\t\n<a class=\"button alert is-outline is-larger\"  style=\"border-radius:99px;\">\n\t\t<span>Inf\u00f3rmese aqu\u00ed<\/span>\n\t<i class=\"icon-angle-right\" aria-hidden=\"true\" ><\/i><\/a>\n\n\n\n\t\t<\/div>\n\t\t\t\t\n<style>\n#col-398734870 > .col-inner {\n  padding: 0px 0px 0px 0px;\n}\n@media (min-width:550px) {\n  #col-398734870 > .col-inner {\n    padding: 0px 0px 0px 50px;\n  }\n}\n<\/style>\n\t<\/div>\n\n\t\n\n\t<div id=\"col-2021162910\" class=\"col medium-7 small-12 large-7\"  >\n\t\t\t\t<div class=\"col-inner\"  >\n\t\t\t\n\t\t\t\n\n\n  <div class=\"banner has-hover bg-zoom-long\" id=\"banner-1793106683\">\n          <div class=\"banner-inner fill\">\n        <div class=\"banner-bg fill\" >\n            <img loading=\"lazy\" decoding=\"async\" width=\"1020\" height=\"574\" src=\"https:\/\/www.salonfurniture88.com\/wp-content\/uploads\/2025\/07\/\u5fae\u4fe1\u56fe\u7247_20250715142039-1024x576.png\" class=\"bg attachment-large size-large\" alt=\"\" \/>                                    \n                    <\/div>\n\t\t\n        <div class=\"banner-layers container\">\n            <div class=\"fill banner-link\"><\/div>            \n\n   <div id=\"text-box-1376209755\" class=\"text-box banner-layer x50 md-x50 lg-x50 y50 md-y50 lg-y50 res-text\">\n                                <div class=\"text-box-content text dark\">\n              \n              <div class=\"text-inner text-center\">\n                  \n\n\n              <\/div>\n           <\/div>\n                            \n<style>\n#text-box-1376209755 {\n  width: 60%;\n}\n#text-box-1376209755 .text-box-content {\n  font-size: 100%;\n}\n@media (min-width:550px) {\n  #text-box-1376209755 {\n    width: 60%;\n  }\n}\n<\/style>\n    <\/div>\n \n\n        <\/div>\n      <\/div>\n\n            \n<style>\n#banner-1793106683 {\n  padding-top: 500px;\n}\n<\/style>\n  <\/div>\n\n\n\n\t\t<\/div>\n\t\t\t\t\t<\/div>\n\n\t\n\n<\/div>\n<div class=\"is-divider divider clearfix\" style=\"margin-top:2px;margin-bottom:2px;max-width:100%;\"><\/div>\n\n\t<div id=\"gap-1507743620\" class=\"gap-element clearfix\" style=\"display:block; height:auto;\">\n\t\t\n<style>\n#gap-1507743620 {\n  padding-top: 100px;\n}\n<\/style>\n\t<\/div>\n\t\n\n<div class=\"row row-full-width\"  id=\"row-113016856\">\n\n\n\t<div id=\"col-709858188\" class=\"col small-12 large-12\"  >\n\t\t\t\t<div class=\"col-inner\"  >\n\t\t\t\n\t\t\t\n\n\t<div id=\"text-3758743766\" class=\"text\">\n\t\t\n\n<h2 class=\"title\"><strong>Tal vez quiera saber<\/strong><\/h2>\n\t\t\n<style>\n#text-3758743766 {\n  font-size: 1.5rem;\n  color: rgb(0,0,0);\n}\n#text-3758743766 > * {\n  color: rgb(0,0,0);\n}\n<\/style>\n\t<\/div>\n\t\n\n\t\t<\/div>\n\t\t\t\t\n<style>\n#col-709858188 > .col-inner {\n  padding: 0px 0px 0px 50px;\n}\n<\/style>\n\t<\/div>\n\n\t\n\n\t<div id=\"col-122071879\" class=\"col small-12 large-12\"  >\n\t\t\t\t<div class=\"col-inner\"  >\n\t\t\t\n\t\t\t\n\n<div class=\"accordion\">\n\n\t<div id=\"accordion-1355842975\" class=\"accordion-item\">\n\t\t<a id=\"accordion-1355842975-label\" class=\"accordion-title plain\" href=\"#accordion-item-what-is-the-lead-time-for-custom-shampoo-bed-orders?\" aria-expanded=\"false\" aria-controls=\"accordion-1355842975-content\" >\n\t\t\t<button class=\"toggle\" aria-label=\"Toggle\"><i class=\"icon-angle-down\"><\/i><\/button>\n\t\t\t<span>\u00bfCu\u00e1l es el plazo de entrega de los pedidos de lechos de champ\u00fa personalizados?<\/span>\n\t\t<\/a>\n\t\t<div id=\"accordion-1355842975-content\" class=\"accordion-inner\" aria-labelledby=\"accordion-1355842975-label\" >\n\t\t\t\n\n<p>Normalmente, nuestro plazo de entrega oscila entre 5 y 10 d\u00edas, dependiendo de la cantidad del pedido y de los requisitos de personalizaci\u00f3n.<\/p>\n\n\t\t<\/div>\n\t<\/div>\n\t\n\t<div id=\"accordion-2880716477\" class=\"accordion-item\">\n\t\t<a id=\"accordion-2880716477-label\" class=\"accordion-title plain\" href=\"#accordion-item-do-you-offer-international-shipping?\" aria-expanded=\"false\" aria-controls=\"accordion-2880716477-content\" >\n\t\t\t<button class=\"toggle\" aria-label=\"Toggle\"><i class=\"icon-angle-down\"><\/i><\/button>\n\t\t\t<span>\u00bfOfrecen env\u00edos internacionales?<\/span>\n\t\t<\/a>\n\t\t<div id=\"accordion-2880716477-content\" class=\"accordion-inner\" aria-labelledby=\"accordion-2880716477-label\" >\n\t\t\t\n\n<p>S\u00ed, realizamos env\u00edos a todo el mundo, con varios m\u00e9todos de env\u00edo disponibles para adaptarnos a sus necesidades.<\/p>\n\n\t\t<\/div>\n\t<\/div>\n\t\n\t<div id=\"accordion-753651186\" class=\"accordion-item\">\n\t\t<a id=\"accordion-753651186-label\" class=\"accordion-title plain\" href=\"#accordion-item-can-i-request-a-sample-before-placing-a-bulk-order?\" aria-expanded=\"false\" aria-controls=\"accordion-753651186-content\" >\n\t\t\t<button class=\"toggle\" aria-label=\"Toggle\"><i class=\"icon-angle-down\"><\/i><\/button>\n\t\t\t<span>\u00bfPuedo solicitar una muestra antes de hacer un pedido al por mayor?<\/span>\n\t\t<\/a>\n\t\t<div id=\"accordion-753651186-content\" class=\"accordion-inner\" aria-labelledby=\"accordion-753651186-label\" >\n\t\t\t\n\n<p>Por supuesto, podemos proporcionarle muestras para garantizar que nuestros productos cumplen sus expectativas.<\/p>\n\n\t\t<\/div>\n\t<\/div>\n\t\n\t<div id=\"accordion-26008775\" class=\"accordion-item\">\n\t\t<a id=\"accordion-26008775-label\" class=\"accordion-title plain\" href=\"#accordion-item-what-warranty-do-you-offer-on-your-shampoo-beds?\" aria-expanded=\"false\" aria-controls=\"accordion-26008775-content\" >\n\t\t\t<button class=\"toggle\" aria-label=\"Toggle\"><i class=\"icon-angle-down\"><\/i><\/button>\n\t\t\t<span>\u00bfQu\u00e9 garant\u00eda ofrecen en sus camas de champ\u00fa?<\/span>\n\t\t<\/a>\n\t\t<div id=\"accordion-26008775-content\" class=\"accordion-inner\" aria-labelledby=\"accordion-26008775-label\" >\n\t\t\t\n\n<p>Ofrecemos una garant\u00eda de 1 a\u00f1o que cubre los defectos de fabricaci\u00f3n y el funcionamiento del motor.<\/p>\n\n\t\t<\/div>\n\t<\/div>\n\t\n\t<div id=\"accordion-2852266489\" class=\"accordion-item\">\n\t\t<a id=\"accordion-2852266489-label\" class=\"accordion-title plain\" href=\"#accordion-item-are-there-options-for-branding-on-the-shampoo-beds?\" aria-expanded=\"false\" aria-controls=\"accordion-2852266489-content\" >\n\t\t\t<button class=\"toggle\" aria-label=\"Toggle\"><i class=\"icon-angle-down\"><\/i><\/button>\n\t\t\t<span>\u00bfExisten opciones para colocar la marca en las camas de champ\u00fa?<\/span>\n\t\t<\/a>\n\t\t<div id=\"accordion-2852266489-content\" class=\"accordion-inner\" aria-labelledby=\"accordion-2852266489-label\" >\n\t\t\t\n\n<p>S\u00ed, ofrecemos opciones de personalizaci\u00f3n, incluida la colocaci\u00f3n del logotipo y combinaciones de colores que se adapten a la identidad de su marca.<\/p>\n\n\t\t<\/div>\n\t<\/div>\n\t\n\n<\/div>\n\n\t\t<\/div>\n\t\t\t\t\t<\/div>\n\n\t\n\n<\/div>","protected":false},"excerpt":{"rendered":"","protected":false},"author":1,"featured_media":0,"parent":0,"menu_order":0,"comment_status":"closed","ping_status":"closed","template":"page-blank.php","meta":{"footnotes":""},"class_list":["post-522","page","type-page","status-publish","hentry"],"_links":{"self":[{"href":"https:\/\/www.salonfurniture88.com\/es\/wp-json\/wp\/v2\/pages\/522","targetHints":{"allow":["GET"]}}],"collection":[{"href":"https:\/\/www.salonfurniture88.com\/es\/wp-json\/wp\/v2\/pages"}],"about":[{"href":"https:\/\/www.salonfurniture88.com\/es\/wp-json\/wp\/v2\/types\/page"}],"author":[{"embeddable":true,"href":"https:\/\/www.salonfurniture88.com\/es\/wp-json\/wp\/v2\/users\/1"}],"replies":[{"embeddable":true,"href":"https:\/\/www.salonfurniture88.com\/es\/wp-json\/wp\/v2\/comments?post=522"}],"version-history":[{"count":5,"href":"https:\/\/www.salonfurniture88.com\/es\/wp-json\/wp\/v2\/pages\/522\/revisions"}],"predecessor-version":[{"id":857,"href":"https:\/\/www.salonfurniture88.com\/es\/wp-json\/wp\/v2\/pages\/522\/revisions\/857"}],"wp:attachment":[{"href":"https:\/\/www.salonfurniture88.com\/es\/wp-json\/wp\/v2\/media?parent=522"}],"curies":[{"name":"wp","href":"https:\/\/api.w.org\/{rel}","templated":true}]}}