{"id":158,"date":"2025-04-16T00:51:49","date_gmt":"2025-04-16T00:51:49","guid":{"rendered":"http:\/\/www.leadirsalon.com\/?post_type=product&#038;p=158"},"modified":"2025-07-10T08:19:08","modified_gmt":"2025-07-10T08:19:08","slug":"eyelash-bed-mattress-memory-foam-curved-topper-lash-bed-mattress-%e5%a4%8d%e5%88%b6","status":"publish","type":"product","link":"https:\/\/www.salonfurniture88.com\/es\/producto\/eyelash-bed-mattress-memory-foam-curved-topper-lash-bed-mattress-%e5%a4%8d%e5%88%b6\/","title":{"rendered":"MLE001 Cama de Belleza El\u00e9ctrica Moderna con Control de Pie"},"content":{"rendered":"<div class=\"desc aos-init aos-animate\" data-aos=\"fadeInUp\" data-aos-duration=\"2000\">\n<h2 data-start=\"679\" data-end=\"698\"><strong>Caracter\u00edsticas principales<\/strong><\/h2>\n<h3 data-start=\"700\" data-end=\"755\">\u00a0Sistema de ajuste h\u00edbrido (hidr\u00e1ulico + manual)<\/h3>\n<p data-start=\"756\" data-end=\"977\">En <strong data-start=\"760\" data-end=\"781\">MLE001 facial bed<\/strong> presenta una <strong data-start=\"793\" data-end=\"811\">bomba hidr\u00e1ulica<\/strong> para ajustar la altura sin esfuerzo y <strong data-start=\"850\" data-end=\"869\">controles manuales<\/strong> para la <strong data-start=\"878\" data-end=\"926\">respaldo, reposapiernas, reposacabezas y \u00e1ngulo de inclinaci\u00f3n<\/strong>que permite un posicionamiento preciso para cada tratamiento.<\/p>\n<h3 data-start=\"979\" data-end=\"1013\">\u00a0Funci\u00f3n de reinicio con una pulsaci\u00f3n<\/h3>\n<p data-start=\"1014\" data-end=\"1187\">Despu\u00e9s de la sesi\u00f3n, vuelva a colocar r\u00e1pidamente la cama a su altura m\u00e1s baja con un <strong data-start=\"1084\" data-end=\"1110\">bot\u00f3n de reinicio de una pulsaci\u00f3n<\/strong>, haci\u00e9ndola m\u00e1s accesible para los clientes y ahorrando tiempo entre citas.<\/p>\n<h3 data-start=\"1189\" data-end=\"1234\">\u00a0Reposacabezas con orificio facial para mayor comodidad<\/h3>\n<p data-start=\"1235\" data-end=\"1403\">En <strong data-start=\"1239\" data-end=\"1262\">reposacabezas desmontable<\/strong> presenta una <strong data-start=\"1274\" data-end=\"1296\">agujero frontal integrado<\/strong>que permiten una comodidad \u00f3ptima y una respiraci\u00f3n adecuada durante <strong data-start=\"1355\" data-end=\"1402\">tratamientos faciales o masajes prono-positivos<\/strong>.<\/p>\n<h3 data-start=\"1405\" data-end=\"1453\">\u00a0Tapicer\u00eda personalizable y f\u00e1cil de limpiar<\/h3>\n<p data-start=\"1454\" data-end=\"1673\">El colch\u00f3n est\u00e1 cubierto con <strong data-start=\"1483\" data-end=\"1526\">piel sint\u00e9tica duradera y personalizable<\/strong>disponible en varios colores y texturas para adaptarse a la est\u00e9tica de su marca o estudio. Es <strong data-start=\"1616\" data-end=\"1650\">resistente al agua y al aceite<\/strong>y f\u00e1cil de mantener.<\/p>\n<h3 data-start=\"1675\" data-end=\"1710\">\u00a0Estructura s\u00f3lida y elegante<\/h3>\n<p data-start=\"1711\" data-end=\"1982\">El fuerte <strong data-start=\"1722\" data-end=\"1757\">armaz\u00f3n de acero y madera multicapa<\/strong> garantiza una <strong data-start=\"1768\" data-end=\"1790\">gran capacidad de carga<\/strong> mientras que el <strong data-start=\"1801\" data-end=\"1839\">base de acero inoxidable galvanizado<\/strong> a\u00f1ade resistencia a la corrosi\u00f3n y un acabado moderno y elegante. El <strong data-start=\"1897\" data-end=\"1910\">Cubierta ABS<\/strong> oculta perfectamente todos los componentes el\u00e9ctricos para ofrecer un aspecto limpio y minimalista.<\/p>\n<\/div>\n<h2 data-start=\"1989\" data-end=\"2006\"><strong>Ideal para:<\/strong><\/h2>\n<ul data-start=\"2008\" data-end=\"2147\">\n<li data-start=\"2008\" data-end=\"2039\">\n<p data-start=\"2010\" data-end=\"2039\">Cl\u00ednicas faciales profesionales<\/p>\n<\/li>\n<li data-start=\"2040\" data-end=\"2066\">\n<p data-start=\"2042\" data-end=\"2066\">Centros m\u00e9dicos de belleza<\/p>\n<\/li>\n<li data-start=\"2067\" data-end=\"2099\">\n<p data-start=\"2069\" data-end=\"2099\">Spas de d\u00eda y retiros de bienestar<\/p>\n<\/li>\n<li data-start=\"2100\" data-end=\"2121\">\n<p data-start=\"2102\" data-end=\"2121\">Estudios de Est\u00e9tica<\/p>\n<\/li>\n<li data-start=\"2122\" data-end=\"2147\">\n<p data-start=\"2124\" data-end=\"2147\">Salas de masajes terap\u00e9uticos<\/p>\n<\/li>\n<\/ul>\n<p data-start=\"2149\" data-end=\"2341\">Tanto si ofrece tratamientos faciales de limpieza profunda como tratamientos de spa relajantes, el <strong data-start=\"2228\" data-end=\"2249\">MLE001 beauty bed<\/strong> es una soluci\u00f3n multifuncional para ofrecer comodidad, precisi\u00f3n y un cuidado elevado al cliente.<\/p>\n<h2 data-start=\"2348\" data-end=\"2377\"><strong>Especificaciones del producto<\/strong><\/h2>\n<div class=\"_tableContainer_16hzy_1\">\n<div class=\"_tableWrapper_16hzy_14 group flex w-fit flex-col-reverse\" tabindex=\"-1\">\n<table class=\"w-fit min-w-(--thread-content-width)\" data-start=\"2379\" data-end=\"2896\">\n<thead data-start=\"2379\" data-end=\"2402\">\n<tr data-start=\"2379\" data-end=\"2402\">\n<th data-start=\"2379\" data-end=\"2391\" data-col-size=\"sm\">Atributo<\/th>\n<th data-start=\"2391\" data-end=\"2402\" data-col-size=\"md\">Detalles<\/th>\n<\/tr>\n<\/thead>\n<tbody data-start=\"2426\" data-end=\"2896\">\n<tr data-start=\"2426\" data-end=\"2448\">\n<td data-start=\"2426\" data-end=\"2438\" data-col-size=\"sm\"><strong data-start=\"2428\" data-end=\"2437\">Modelo<\/strong><\/td>\n<td data-start=\"2438\" data-end=\"2448\" data-col-size=\"md\">MLE001<\/td>\n<\/tr>\n<tr data-start=\"2449\" data-end=\"2472\">\n<td data-start=\"2449\" data-end=\"2462\" data-col-size=\"sm\"><strong data-start=\"2451\" data-end=\"2461\">Longitud<\/strong><\/td>\n<td data-col-size=\"md\" data-start=\"2462\" data-end=\"2472\">192 cm<\/td>\n<\/tr>\n<tr data-start=\"2473\" data-end=\"2494\">\n<td data-start=\"2473\" data-end=\"2485\" data-col-size=\"sm\"><strong data-start=\"2475\" data-end=\"2484\">Anchura<\/strong><\/td>\n<td data-col-size=\"md\" data-start=\"2485\" data-end=\"2494\">72 cm<\/td>\n<\/tr>\n<tr data-start=\"2495\" data-end=\"2528\">\n<td data-start=\"2495\" data-end=\"2514\" data-col-size=\"sm\"><strong data-start=\"2497\" data-end=\"2513\">Altura<\/strong><\/td>\n<td data-col-size=\"md\" data-start=\"2514\" data-end=\"2528\">62 - 82 cm<\/td>\n<\/tr>\n<tr data-start=\"2529\" data-end=\"2560\">\n<td data-start=\"2529\" data-end=\"2545\" data-col-size=\"sm\"><strong data-start=\"2531\" data-end=\"2544\">Tama\u00f1o de la base<\/strong><\/td>\n<td data-col-size=\"md\" data-start=\"2545\" data-end=\"2560\">137 \u00d7 64 cm<\/td>\n<\/tr>\n<tr data-start=\"2561\" data-end=\"2632\">\n<td data-start=\"2561\" data-end=\"2576\" data-col-size=\"sm\"><strong data-start=\"2563\" data-end=\"2575\">Material<\/strong><\/td>\n<td data-col-size=\"md\" data-start=\"2576\" data-end=\"2632\">Acero inoxidable, piel sint\u00e9tica, madera multicapa<\/td>\n<\/tr>\n<tr data-start=\"2633\" data-end=\"2708\">\n<td data-start=\"2633\" data-end=\"2650\" data-col-size=\"sm\"><strong data-start=\"2635\" data-end=\"2649\">Tapicer\u00eda<\/strong><\/td>\n<td data-col-size=\"md\" data-start=\"2650\" data-end=\"2708\">Piel\/tejido impermeable, resistente al aceite y personalizable<\/td>\n<\/tr>\n<tr data-start=\"2709\" data-end=\"2781\">\n<td data-start=\"2709\" data-end=\"2727\" data-col-size=\"sm\"><strong data-start=\"2711\" data-end=\"2726\">Ajustes<\/strong><\/td>\n<td data-col-size=\"md\" data-start=\"2727\" data-end=\"2781\">Hidr\u00e1ulico (altura) + Manual (respaldo, piernas, reposacabezas)<\/td>\n<\/tr>\n<tr data-start=\"2782\" data-end=\"2825\">\n<td data-start=\"2782\" data-end=\"2804\" data-col-size=\"sm\"><strong data-start=\"2784\" data-end=\"2803\">Capacidad de peso<\/strong><\/td>\n<td data-col-size=\"md\" data-start=\"2804\" data-end=\"2825\">Gran capacidad de carga<\/td>\n<\/tr>\n<tr data-start=\"2826\" data-end=\"2847\">\n<td data-start=\"2826\" data-end=\"2840\" data-col-size=\"sm\"><strong data-start=\"2828\" data-end=\"2839\">OEM\/ODM<\/strong><\/td>\n<td data-col-size=\"md\" data-start=\"2840\" data-end=\"2847\">S\u00ed<\/td>\n<\/tr>\n<tr data-start=\"2848\" data-end=\"2896\">\n<td data-start=\"2848\" data-end=\"2874\" data-col-size=\"sm\"><strong data-start=\"2850\" data-end=\"2873\">Capacidad de producci\u00f3n<\/strong><\/td>\n<td data-col-size=\"md\" data-start=\"2874\" data-end=\"2896\">50.000 unidades\/mes<\/td>\n<\/tr>\n<\/tbody>\n<\/table>\n<h3 data-start=\"2903\" data-end=\"2956\"><strong>Why Choose the MLE001 Electric Cosmetic Chair?<\/strong><\/h3>\n<blockquote data-start=\"2958\" data-end=\"3209\">\n<p data-start=\"2960\" data-end=\"3209\">The MLE001 is more than a <strong data-start=\"2986\" data-end=\"3010\">camilla de tratamiento facial<\/strong>-es un <strong data-start=\"3018\" data-end=\"3039\">espacio terap\u00e9utico<\/strong>. Dise\u00f1ado para mejorar tanto el flujo de trabajo del terapeuta como la relajaci\u00f3n del cliente, ofrece una armoniosa mezcla de <strong data-start=\"3140\" data-end=\"3208\">dise\u00f1o industrial, funcionalidad cl\u00ednica y confort de lujo<\/strong>.<\/p>\n<\/blockquote>\n<p data-start=\"3211\" data-end=\"3296\"><a href=\"http:\/\/www.leadirsalon.com\/contact-us\/\"><strong data-start=\"3214\" data-end=\"3228\">P\u00f3ngase en contacto con nosotros<\/strong> para solicitar los \u00faltimos precios FOB, muestrarios de colores y detalles de MOQ.<\/a><\/p>\n<\/div>\n<h2 data-start=\"3211\" data-end=\"3296\"><strong>Preguntas m\u00e1s frecuentes (FAQ)<\/strong><\/h2>\n<p data-start=\"178\" data-end=\"242\">Q1: What treatments is the MLE001 facial bed suitable for?<\/p>\n<p><strong data-start=\"243\" data-end=\"249\">A:<\/strong> The MLE001 is ideal for a wide range of professional treatments, including facials, cosmetic procedures, massages, waxing, and body therapies. Its adjustable features support both prone and seated positions, making it extremely versatile.<\/p>\n<hr data-start=\"490\" data-end=\"493\" \/>\n<p data-start=\"495\" data-end=\"541\">P2: \u00bfSe puede regular la altura de la cama?<\/p>\n<p data-start=\"542\" data-end=\"733\"><strong data-start=\"542\" data-end=\"548\">A:<\/strong> Yes. The height of the MLE001 facial bed is easily adjustable using a <strong data-start=\"619\" data-end=\"637\">bomba hidr\u00e1ulica<\/strong>La cama se puede subir o bajar suavemente en funci\u00f3n del tratamiento y de la comodidad del cliente.<\/p>\n<hr data-start=\"735\" data-end=\"738\" \/>\n<p data-start=\"740\" data-end=\"814\">P3: \u00bfSe pueden ajustar por separado el respaldo, el reposapiernas y el reposacabezas?<\/p>\n<p data-start=\"815\" data-end=\"1000\"><strong data-start=\"815\" data-end=\"821\">A:<\/strong> Absolutamente. El <strong data-start=\"838\" data-end=\"886\">respaldo, reposapiernas, \u00e1ngulo de inclinaci\u00f3n y reposacabezas<\/strong> son todos <strong data-start=\"895\" data-end=\"918\">ajustable manualmente<\/strong>El sistema de control de la postura permite personalizar la configuraci\u00f3n en funci\u00f3n del tratamiento y la postura corporal de cada cliente.<\/p>\n<hr data-start=\"1002\" data-end=\"1005\" \/>\n<p data-start=\"1007\" data-end=\"1077\">P4: \u00bfDe qu\u00e9 material es la tapicer\u00eda? \u00bfEs f\u00e1cil de limpiar?<\/p>\n<p data-start=\"1078\" data-end=\"1247\"><strong data-start=\"1078\" data-end=\"1084\">A:<\/strong> La cama est\u00e1 tapizada con <strong data-start=\"1113\" data-end=\"1147\">piel sint\u00e9tica personalizable<\/strong>que es <strong data-start=\"1158\" data-end=\"1187\">impermeable, resistente al aceite<\/strong>y f\u00e1cil de desinfectar, ideal para cl\u00ednicas de belleza y spas.<\/p>\n<hr data-start=\"1249\" data-end=\"1252\" \/>\n<p data-start=\"1254\" data-end=\"1310\">P5: \u00bfIncluye la cama un orificio facial para masajes?<\/p>\n<p data-start=\"1311\" data-end=\"1480\"><strong data-start=\"1311\" data-end=\"1317\">A:<\/strong> S\u00ed. El reposacabezas incluye un <strong data-start=\"1347\" data-end=\"1360\">agujero frontal<\/strong>, lo que la hace adecuada para tratamientos en posici\u00f3n prona, como masajes o terapia facial, proporcionando el m\u00e1ximo confort al cliente.<\/p>\n<hr data-start=\"1482\" data-end=\"1485\" \/>\n<p data-start=\"1487\" data-end=\"1547\">P6: \u00bfPuedo personalizar el color o los materiales de la cama?<\/p>\n<p data-start=\"1548\" data-end=\"1721\"><strong data-start=\"1548\" data-end=\"1554\">A:<\/strong> S\u00ed, ofrecemos <strong data-start=\"1569\" data-end=\"1589\">Servicios OEM\/ODM<\/strong> y apoyo <strong data-start=\"1602\" data-end=\"1648\">personalizaci\u00f3n del acabado del cuero\/tejido<\/strong>El color y algunos elementos de dise\u00f1o se adaptan a la marca de su sal\u00f3n o cl\u00ednica.<\/p>\n<hr data-start=\"1723\" data-end=\"1726\" \/>\n<p data-start=\"1728\" data-end=\"1778\">P7: \u00bfC\u00f3mo se embala y env\u00eda el producto?<\/p>\n<p data-start=\"1779\" data-end=\"1991\"><strong data-start=\"1779\" data-end=\"1785\">A:<\/strong> Each MLE001 bed is securely packaged with <strong data-start=\"1828\" data-end=\"1863\">materiales de protecci\u00f3n reforzados<\/strong>. Las dimensiones de env\u00edo son <strong data-start=\"1893\" data-end=\"1913\">210 \u00d7 90 \u00d7 75 cm<\/strong>con un volumen de embalaje de <strong data-start=\"1940\" data-end=\"1958\">aprox. 1,2 m\u00b3<\/strong> y un peso total de <strong data-start=\"1981\" data-end=\"1990\">95 kg<\/strong>.<\/p>\n<hr data-start=\"1993\" data-end=\"1996\" \/>\n<p data-start=\"1998\" data-end=\"2053\">P8: \u00bfCu\u00e1l es la capacidad de producci\u00f3n y el plazo de entrega?<\/p>\n<p data-start=\"2054\" data-end=\"2244\"><strong data-start=\"2054\" data-end=\"2060\">A:<\/strong> Tenemos un <strong data-start=\"2071\" data-end=\"2118\">capacidad de producci\u00f3n mensual de 50.000 unidades<\/strong>. Para pedidos al por mayor, p\u00f3ngase en contacto con nosotros para conocer los plazos de entrega estimados, ya que pueden variar en funci\u00f3n del tama\u00f1o del pedido y la personalizaci\u00f3n.<\/p>\n<\/div>","protected":false},"excerpt":{"rendered":"<p><em>Precio FOB:<\/em>\u00a0<span class=\"item-val\">Email para obtener el \u00faltimo precio<\/span><\/p>\n<p><em>MOQ:<\/em>\u00a0<span class=\"item-val\">Email para obtener la \u00faltima MOQ<\/span><\/p>\n<p><em>Capacidad de producci\u00f3n:<\/em>\u00a0<span class=\"item-val\">50000 piezas al mes<\/span><\/p>\n<p><em>ODM\/OEM:<\/em>\u00a0<span class=\"item-val\">S\u00ed<\/span><\/p>\n<p><em>Condiciones de pago:<\/em>\u00a0<span class=\"item-val\">P\/P, T\/T<\/span><\/p>","protected":false},"featured_media":816,"comment_status":"open","ping_status":"closed","template":"","meta":[],"product_brand":[],"product_cat":[18,57],"product_tag":[],"class_list":{"0":"post-158","1":"product","2":"type-product","3":"status-publish","4":"has-post-thumbnail","6":"product_cat-new-products","7":"product_cat-electric-beauty-beds","9":"first","10":"instock","11":"shipping-taxable","12":"product-type-variable"},"_links":{"self":[{"href":"https:\/\/www.salonfurniture88.com\/es\/wp-json\/wp\/v2\/product\/158","targetHints":{"allow":["GET"]}}],"collection":[{"href":"https:\/\/www.salonfurniture88.com\/es\/wp-json\/wp\/v2\/product"}],"about":[{"href":"https:\/\/www.salonfurniture88.com\/es\/wp-json\/wp\/v2\/types\/product"}],"replies":[{"embeddable":true,"href":"https:\/\/www.salonfurniture88.com\/es\/wp-json\/wp\/v2\/comments?post=158"}],"wp:featuredmedia":[{"embeddable":true,"href":"https:\/\/www.salonfurniture88.com\/es\/wp-json\/wp\/v2\/media\/816"}],"wp:attachment":[{"href":"https:\/\/www.salonfurniture88.com\/es\/wp-json\/wp\/v2\/media?parent=158"}],"wp:term":[{"taxonomy":"product_brand","embeddable":true,"href":"https:\/\/www.salonfurniture88.com\/es\/wp-json\/wp\/v2\/product_brand?post=158"},{"taxonomy":"product_cat","embeddable":true,"href":"https:\/\/www.salonfurniture88.com\/es\/wp-json\/wp\/v2\/product_cat?post=158"},{"taxonomy":"product_tag","embeddable":true,"href":"https:\/\/www.salonfurniture88.com\/es\/wp-json\/wp\/v2\/product_tag?post=158"}],"curies":[{"name":"wp","href":"https:\/\/api.w.org\/{rel}","templated":true}]}}