{"id":177,"date":"2025-04-16T00:52:10","date_gmt":"2025-04-16T00:52:10","guid":{"rendered":"http:\/\/www.leadirsalon.com\/?post_type=product&#038;p=177"},"modified":"2025-07-10T07:51:26","modified_gmt":"2025-07-10T07:51:26","slug":"eyelash-bed-mattress-memory-foam-curved-topper-lash-bed-mattress-%e5%a4%8d%e5%88%b6-2","status":"publish","type":"product","link":"https:\/\/www.salonfurniture88.com\/es\/producto\/eyelash-bed-mattress-memory-foam-curved-topper-lash-bed-mattress-%e5%a4%8d%e5%88%b6-2\/","title":{"rendered":"SLE003 Cama de champ\u00fa el\u00e9ctrica multifuncional ajustable"},"content":{"rendered":"<div class=\"desc aos-init aos-animate\" data-aos=\"fadeInUp\" data-aos-duration=\"2000\">\n<div class=\"desc aos-init aos-animate\" data-aos=\"fadeInUp\" data-aos-duration=\"2000\">\n<div class=\"desc aos-init aos-animate\" data-aos=\"fadeInUp\" data-aos-duration=\"2000\">\n<div class=\"desc aos-init aos-animate\" data-aos=\"fadeInUp\" data-aos-duration=\"2000\">\n<h2 data-start=\"628\" data-end=\"650\"><strong data-start=\"634\" data-end=\"650\">Caracter\u00edsticas principales<\/strong><\/h2>\n<ul data-start=\"652\" data-end=\"2011\">\n<li data-start=\"652\" data-end=\"889\">\n<p data-start=\"654\" data-end=\"889\">Full-body multifunctional bed, equipped with one motors for facial, body massage, manicure, pedicure, reflexology, hair washing, and treatment.<\/p>\n<\/li>\n<li data-start=\"891\" data-end=\"1157\">\n<p data-start=\"893\" data-end=\"1157\"><strong data-start=\"893\" data-end=\"923\"> Electric height adjustment ranging from a minimum of 67 cm to a maximum of 79 cm.<\/strong><\/p>\n<\/li>\n<li data-start=\"1159\" data-end=\"1363\">\n<p data-start=\"1161\" data-end=\"1363\">Equipped with a remote-controlled motorized system, this chair allows for effortless adjustments. ensuring optimal comfort and accessibility for various salon services.<\/p>\n<\/li>\n<li data-start=\"1365\" data-end=\"1580\">\n<p data-start=\"1367\" data-end=\"1580\"><strong data-start=\"1367\" data-end=\"1409\"> Electric leg rest adjustment. Integrated hidden spa and color therapy pedicure treatment bowl with RGB LED lighting.<\/strong><\/p>\n<\/li>\n<li data-start=\"1582\" data-end=\"1794\">\n<p data-start=\"1584\" data-end=\"1794\"><strong data-start=\"1584\" data-end=\"1609\"> Includes an integrated drip-free mixer and chromotherapy function hair washing basin also equipped with RGB LED lights.<\/strong><\/p>\n<\/li>\n<\/ul>\n<h2 data-start=\"2018\" data-end=\"2043\"><strong data-start=\"2025\" data-end=\"2043\">Especificaciones<\/strong><\/h2>\n<div class=\"_tableContainer_16hzy_1\">\n<div class=\"_tableWrapper_16hzy_14 group flex w-fit flex-col-reverse\" tabindex=\"-1\">\n<table class=\"w-fit min-w-(--thread-content-width)\" data-start=\"2044\" data-end=\"2489\">\n<thead data-start=\"2044\" data-end=\"2062\">\n<tr data-start=\"2044\" data-end=\"2062\">\n<th data-start=\"2044\" data-end=\"2051\" data-col-size=\"sm\">Art\u00edculo<\/th>\n<th data-start=\"2051\" data-end=\"2062\" data-col-size=\"sm\">Detalles<\/th>\n<\/tr>\n<\/thead>\n<tbody data-start=\"2082\" data-end=\"2489\">\n<tr data-start=\"2082\" data-end=\"2102\">\n<td data-start=\"2082\" data-end=\"2094\" data-col-size=\"sm\"><strong data-start=\"2084\" data-end=\"2093\">Modelo<\/strong><\/td>\n<td data-col-size=\"sm\" data-start=\"2094\" data-end=\"2102\">SLE003<\/td>\n<\/tr>\n<tr data-start=\"2103\" data-end=\"2143\">\n<td data-start=\"2103\" data-end=\"2120\" data-col-size=\"sm\"><strong data-start=\"2105\" data-end=\"2119\">Dimensiones<\/strong><\/td>\n<td data-col-size=\"sm\" data-start=\"2120\" data-end=\"2143\">L200*W81*H69\uff08cm\uff09<\/td>\n<\/tr>\n<tr data-start=\"2144\" data-end=\"2175\">\n<td data-start=\"2144\" data-end=\"2166\" data-col-size=\"sm\"><strong data-start=\"2146\" data-end=\"2165\">Capacidad de peso<\/strong><\/td>\n<td data-col-size=\"sm\" data-start=\"2166\" data-end=\"2175\">160kg<\/td>\n<\/tr>\n<tr data-start=\"2176\" data-end=\"2202\">\n<td data-start=\"2176\" data-end=\"2193\" data-col-size=\"sm\"><strong data-start=\"2178\" data-end=\"2192\">Peso neto<\/strong><\/td>\n<td data-col-size=\"sm\" data-start=\"2193\" data-end=\"2202\">60kg<\/td>\n<\/tr>\n<tr data-start=\"2203\" data-end=\"2262\">\n<td data-start=\"2203\" data-end=\"2220\" data-col-size=\"sm\"><strong data-start=\"2205\" data-end=\"2219\">Tapicer\u00eda<\/strong><\/td>\n<td data-col-size=\"sm\" data-start=\"2220\" data-end=\"2262\">Piel ign\u00edfuga y resistente al aceite<\/td>\n<\/tr>\n<tr data-start=\"2263\" data-end=\"2316\">\n<td data-start=\"2263\" data-end=\"2283\" data-col-size=\"sm\"><strong data-start=\"2265\" data-end=\"2282\">Material de base<\/strong><\/td>\n<td data-col-size=\"sm\" data-start=\"2283\" data-end=\"2316\">Acero inoxidable galvanizado<\/td>\n<\/tr>\n<tr data-start=\"2317\" data-end=\"2362\">\n<td data-start=\"2317\" data-end=\"2329\" data-col-size=\"sm\"><strong data-start=\"2319\" data-end=\"2328\">Marco<\/strong><\/td>\n<td data-col-size=\"sm\" data-start=\"2329\" data-end=\"2362\">Acero + madera maciza multicapa<\/td>\n<\/tr>\n<tr data-start=\"2363\" data-end=\"2410\">\n<td data-start=\"2363\" data-end=\"2374\" data-col-size=\"sm\"><strong data-start=\"2365\" data-end=\"2373\">Espuma<\/strong><\/td>\n<td data-start=\"2374\" data-end=\"2410\" data-col-size=\"sm\">Espuma de alta densidad de recuperaci\u00f3n r\u00e1pida<\/td>\n<\/tr>\n<tr data-start=\"2411\" data-end=\"2440\">\n<td data-start=\"2411\" data-end=\"2427\" data-col-size=\"sm\"><strong data-start=\"2413\" data-end=\"2426\">OEM \/ ODM<\/strong><\/td>\n<td data-col-size=\"sm\" data-start=\"2427\" data-end=\"2440\">Disponible<\/td>\n<\/tr>\n<tr data-start=\"2441\" data-end=\"2489\">\n<td data-start=\"2441\" data-end=\"2467\" data-col-size=\"sm\"><strong data-start=\"2443\" data-end=\"2466\">Capacidad de producci\u00f3n<\/strong><\/td>\n<td data-col-size=\"sm\" data-start=\"2467\" data-end=\"2489\">50.000 unidades\/mes<\/td>\n<\/tr>\n<\/tbody>\n<\/table>\n<p>&nbsp;<\/p>\n<\/div>\n<h3 data-start=\"2496\" data-end=\"2531\"><strong data-start=\"2503\" data-end=\"2531\">Pedidos y personalizaci\u00f3n<\/strong><\/h3>\n<ul data-start=\"2533\" data-end=\"2711\">\n<li data-start=\"2533\" data-end=\"2578\">\n<p data-start=\"2535\" data-end=\"2578\"><strong data-start=\"2535\" data-end=\"2542\">MOQ<\/strong>: Por favor, env\u00edenos un correo electr\u00f3nico para la \u00faltima MOQ<\/p>\n<\/li>\n<li data-start=\"2579\" data-end=\"2622\">\n<p data-start=\"2581\" data-end=\"2622\"><strong data-start=\"2581\" data-end=\"2594\">Precio FOB<\/strong>: Contacte para obtener el mejor presupuesto<\/p>\n<\/li>\n<li data-start=\"2623\" data-end=\"2681\">\n<p data-start=\"2625\" data-end=\"2681\"><strong data-start=\"2625\" data-end=\"2643\">Color y acabado<\/strong>: Disponible en piel y tela<\/p>\n<\/li>\n<li data-start=\"2682\" data-end=\"2711\">\n<p data-start=\"2684\" data-end=\"2711\"><strong data-start=\"2684\" data-end=\"2701\">Condiciones de pago<\/strong>: P\/P, T\/T<\/p>\n<\/li>\n<\/ul>\n<figure id=\"attachment_585\" aria-describedby=\"caption-attachment-585\" style=\"width: 157px\" class=\"wp-caption alignnone\"><img loading=\"lazy\" decoding=\"async\" class=\"size-medium wp-image-585\" src=\"http:\/\/www.leadirsalon.com\/wp-content\/uploads\/2025\/04\/\u56fe\u72471-157x300.png\" alt=\"Color\" width=\"157\" height=\"300\" srcset=\"https:\/\/www.salonfurniture88.com\/wp-content\/uploads\/2025\/04\/\u56fe\u72471-157x300.png 157w, https:\/\/www.salonfurniture88.com\/wp-content\/uploads\/2025\/04\/\u56fe\u72471-537x1024.png 537w, https:\/\/www.salonfurniture88.com\/wp-content\/uploads\/2025\/04\/\u56fe\u72471-768x1464.png 768w, https:\/\/www.salonfurniture88.com\/wp-content\/uploads\/2025\/04\/\u56fe\u72471-806x1536.png 806w, https:\/\/www.salonfurniture88.com\/wp-content\/uploads\/2025\/04\/\u56fe\u72471-1074x2048.png 1074w, https:\/\/www.salonfurniture88.com\/wp-content\/uploads\/2025\/04\/\u56fe\u72471-6x12.png 6w, https:\/\/www.salonfurniture88.com\/wp-content\/uploads\/2025\/04\/\u56fe\u72471-600x1144.png 600w, https:\/\/www.salonfurniture88.com\/wp-content\/uploads\/2025\/04\/\u56fe\u72471-scaled.png 1343w\" sizes=\"auto, (max-width: 157px) 100vw, 157px\" \/><figcaption id=\"caption-attachment-585\" class=\"wp-caption-text\">Color<\/figcaption><\/figure>\n<h2 data-start=\"2718\" data-end=\"2752\"><strong>Why Choose the Leadir SLE003?<\/strong><\/h2>\n<blockquote data-start=\"2754\" data-end=\"3011\">\n<p data-start=\"2756\" data-end=\"3011\">SLE003 is dedicated to providing comprehensive care including facial, body, manicure, and pedicure services, creating a high-end and sought-after environment. Each treatment room is adorned with exquisite materials and opulent decor, reflecting unparalleled craftsmanship. SLE003 is the perfect choice for complete beauty services, specifically designed for clients seeking exclusive and holistic services.<\/p>\n<\/blockquote>\n<\/div>\n<h2 data-start=\"2756\" data-end=\"3011\"><strong>Preguntas m\u00e1s frecuentes (FAQ)<\/strong><\/h2>\n<p>1. <strong data-start=\"140\" data-end=\"182\">Is the Leadir SLE003 bed fully electric?<\/strong><\/p>\n<p data-start=\"183\" data-end=\"424\">Yes, the SLE003 is equipped with <strong data-start=\"214\" data-end=\"242\">one electric actuators<\/strong> que controlan el<strong data-start=\"260\" data-end=\"296\"> \u00e1ngulo del respaldo<\/strong>. Todos los ajustes se realizan mediante un mando a distancia de f\u00e1cil uso, lo que facilita a los profesionales la colocaci\u00f3n c\u00f3moda de los clientes.<\/p>\n<hr data-start=\"426\" data-end=\"429\" \/>\n<p>2. <strong data-start=\"438\" data-end=\"483\">\u00bfPara qu\u00e9 tratamientos puede utilizarse esta cama?<\/strong><\/p>\n<p data-start=\"484\" data-end=\"565\">The SLE003 is designed for a wide range of beauty and wellness services, including:<\/p>\n<ul data-start=\"566\" data-end=\"725\">\n<li data-start=\"566\" data-end=\"575\">\n<p data-start=\"568\" data-end=\"575\">Tratamientos faciales<\/p>\n<\/li>\n<li data-start=\"576\" data-end=\"601\">\n<p data-start=\"578\" data-end=\"601\">Pedicura y cuidado de los pies<\/p>\n<\/li>\n<li data-start=\"602\" data-end=\"631\">\n<p data-start=\"604\" data-end=\"631\">Tratamientos corporales y masajes<\/p>\n<\/li>\n<li data-start=\"632\" data-end=\"652\">\n<p data-start=\"634\" data-end=\"652\">Aplicaci\u00f3n del maquillaje<\/p>\n<\/li>\n<li data-start=\"653\" data-end=\"677\">\n<p data-start=\"655\" data-end=\"677\">Terapia para el cuero cabelludo y la cabeza<\/p>\n<\/li>\n<li data-start=\"678\" data-end=\"725\">\n<p data-start=\"680\" data-end=\"725\">Peinado del cabello (compatible con la configuraci\u00f3n del sal\u00f3n)<\/p>\n<\/li>\n<\/ul>\n<hr data-start=\"727\" data-end=\"730\" \/>\n<p>3. <strong data-start=\"739\" data-end=\"792\">\u00bfLa tapicer\u00eda de la cama es f\u00e1cil de limpiar y mantener?<\/strong><\/p>\n<p data-start=\"793\" data-end=\"994\">Absolutamente. La superficie est\u00e1 cubierta de <strong data-start=\"833\" data-end=\"878\">cuero ign\u00edfugo y resistente al aceite<\/strong>que es <strong data-start=\"889\" data-end=\"924\">f\u00e1cil de limpiar y desinfectar<\/strong>. Esto garantiza la higiene y la durabilidad en salones y spas de alto tr\u00e1fico.<\/p>\n<hr data-start=\"1218\" data-end=\"1221\" \/>\n<p>4. <strong data-start=\"1230\" data-end=\"1289\">\u00bfIncluye la cama un orificio facial para la colocaci\u00f3n en dec\u00fabito prono?<\/strong><\/p>\n<p data-start=\"1290\" data-end=\"1461\">S\u00ed, el <strong data-start=\"1299\" data-end=\"1338\">el respaldo incluye una abertura facial<\/strong> (orificio facial), lo que la hace adecuada para tratamientos que requieren que el cliente est\u00e9 tumbado boca abajo, como tratamientos faciales o masajes corporales.<\/p>\n<hr data-start=\"1463\" data-end=\"1466\" \/>\n<p>5. <strong data-start=\"1669\" data-end=\"1717\">\u00bfPuedo personalizar el color o el acabado de la piel?<\/strong><\/p>\n<p data-start=\"1718\" data-end=\"1852\">S\u00ed, ofrecemos <strong data-start=\"1732\" data-end=\"1776\">acabados de cuero y tela personalizables<\/strong>. P\u00f3ngase en contacto con nosotros para estudiar las opciones disponibles y realizar un pedido OEM\/ODM.<\/p>\n<hr data-start=\"1854\" data-end=\"1857\" \/>\n<p>6. <strong data-start=\"1866\" data-end=\"1912\">\u00bfCu\u00e1l es el plazo de entrega y el m\u00e9todo de env\u00edo?<\/strong><\/p>\n<p data-start=\"1913\" data-end=\"2109\">La capacidad de producci\u00f3n es <strong data-start=\"1936\" data-end=\"1962\">50.000 unidades al mes<\/strong>. El plazo de entrega var\u00eda en funci\u00f3n de la cantidad del pedido y la personalizaci\u00f3n. Ofrecemos env\u00edo internacional con precios FOB - p\u00f3ngase en contacto con nosotros para plazos espec\u00edficos.<\/p>\n<hr data-start=\"2111\" data-end=\"2114\" \/>\n<p>7. <strong data-start=\"2123\" data-end=\"2147\">\u00bfHay garant\u00eda?<\/strong><\/p>\n<p data-start=\"2148\" data-end=\"2299\">S\u00ed, ofrecemos un <strong data-start=\"2164\" data-end=\"2192\">garant\u00eda est\u00e1ndar de 1 a\u00f1o<\/strong> que cubre los actuadores el\u00e9ctricos y los componentes estructurales. Las garant\u00edas ampliadas est\u00e1n disponibles bajo petici\u00f3n.<\/p>\n<\/div>\n<\/div>\n<\/div>\n<\/div>","protected":false},"excerpt":{"rendered":"<p>SLE003 is dedicated to providing comprehensive care including facial, body, manicure, and pedicure services, creating a high-end and sought-after environment. Each treatment room is adorned with exquisite materials and opulent decor, reflecting unparalleled craftsmanship. SLE003 is the perfect choice for complete beauty services, specifically designed for clients seeking exclusive and holistic services.<\/p>","protected":false},"featured_media":692,"comment_status":"open","ping_status":"closed","template":"","meta":[],"product_brand":[],"product_cat":[18,55],"product_tag":[],"class_list":{"0":"post-177","1":"product","2":"type-product","3":"status-publish","4":"has-post-thumbnail","6":"product_cat-new-products","7":"product_cat-shampoo-beds","9":"first","10":"instock","11":"shipping-taxable","12":"product-type-variable"},"_links":{"self":[{"href":"https:\/\/www.salonfurniture88.com\/es\/wp-json\/wp\/v2\/product\/177","targetHints":{"allow":["GET"]}}],"collection":[{"href":"https:\/\/www.salonfurniture88.com\/es\/wp-json\/wp\/v2\/product"}],"about":[{"href":"https:\/\/www.salonfurniture88.com\/es\/wp-json\/wp\/v2\/types\/product"}],"replies":[{"embeddable":true,"href":"https:\/\/www.salonfurniture88.com\/es\/wp-json\/wp\/v2\/comments?post=177"}],"wp:featuredmedia":[{"embeddable":true,"href":"https:\/\/www.salonfurniture88.com\/es\/wp-json\/wp\/v2\/media\/692"}],"wp:attachment":[{"href":"https:\/\/www.salonfurniture88.com\/es\/wp-json\/wp\/v2\/media?parent=177"}],"wp:term":[{"taxonomy":"product_brand","embeddable":true,"href":"https:\/\/www.salonfurniture88.com\/es\/wp-json\/wp\/v2\/product_brand?post=177"},{"taxonomy":"product_cat","embeddable":true,"href":"https:\/\/www.salonfurniture88.com\/es\/wp-json\/wp\/v2\/product_cat?post=177"},{"taxonomy":"product_tag","embeddable":true,"href":"https:\/\/www.salonfurniture88.com\/es\/wp-json\/wp\/v2\/product_tag?post=177"}],"curies":[{"name":"wp","href":"https:\/\/api.w.org\/{rel}","templated":true}]}}