{"id":234,"date":"2025-04-16T00:53:05","date_gmt":"2025-04-16T00:53:05","guid":{"rendered":"http:\/\/www.leadirsalon.com\/?post_type=product&#038;p=234"},"modified":"2025-07-10T07:50:49","modified_gmt":"2025-07-10T07:50:49","slug":"camilla-electrica-b133-camilla-de-masaje-con-almacen-3-motores-regulable","status":"publish","type":"product","link":"https:\/\/www.salonfurniture88.com\/es\/producto\/camilla-electrica-b133-camilla-de-masaje-con-almacen-3-motores-regulable\/","title":{"rendered":"Camilla Electrica B133 | Camilla de Masaje y Belleza con Almacenamiento | 3 Motores Ajustable"},"content":{"rendered":"<div class=\"desc aos-init aos-animate\" data-aos=\"fadeInUp\" data-aos-duration=\"2000\">\n<div class=\"desc aos-init aos-animate\" data-aos=\"fadeInUp\" data-aos-duration=\"2000\">\n<h2 data-start=\"616\" data-end=\"635\"><strong>Caracter\u00edsticas principales<\/strong><\/h2>\n<h3 data-start=\"637\" data-end=\"684\">3 motores el\u00e9ctricos para un ajuste completo<\/h3>\n<p data-start=\"685\" data-end=\"988\">En <strong data-start=\"689\" data-end=\"720\">Camilla el\u00e9ctrica B133<\/strong> funciona con <strong data-start=\"735\" data-end=\"772\">tres motores el\u00e9ctricos ultrasilenciosos<\/strong>permitiendo un ajuste perfecto del <strong data-start=\"810\" data-end=\"820\">altura<\/strong>, <strong data-start=\"822\" data-end=\"840\">\u00e1ngulo del respaldo<\/strong>y <strong data-start=\"846\" data-end=\"859\">inclinaci\u00f3n del asiento<\/strong>. Los profesionales pueden ajustar la posici\u00f3n de la cama para adaptarla a cualquier tratamiento, garantizando tanto la comodidad del cliente como una postura de trabajo ergon\u00f3mica.<\/p>\n<h3 data-start=\"990\" data-end=\"1024\">Funci\u00f3n de reinicio con una pulsaci\u00f3n<\/h3>\n<p data-start=\"1025\" data-end=\"1180\">Despu\u00e9s de cada sesi\u00f3n, se <strong data-start=\"1047\" data-end=\"1063\">bot\u00f3n de reinicio<\/strong> baja la cama a su altura m\u00ednima con un solo toque, facilitando que los clientes se bajen con seguridad y comodidad.<\/p>\n<h3 data-start=\"1182\" data-end=\"1228\">\u00a0Sistema HBS con orificio facial y reposabrazos<\/h3>\n<p data-start=\"1229\" data-end=\"1457\">Este <strong data-start=\"1234\" data-end=\"1245\">cama balneario<\/strong> incluye el innovador <strong data-start=\"1270\" data-end=\"1284\">Sistema HBS<\/strong>, integrando <strong data-start=\"1298\" data-end=\"1321\">reposabrazos ajustables<\/strong> y un <strong data-start=\"1328\" data-end=\"1355\">reposacabezas con orificio facial<\/strong>ideal para <strong data-start=\"1367\" data-end=\"1420\">tratamientos faciales, masajes y terapias de bienestar<\/strong> cuando se requiera la colocaci\u00f3n en dec\u00fabito prono.<\/p>\n<h3 data-start=\"1459\" data-end=\"1502\">\u00a0Colch\u00f3n extra ancho y confortable<\/h3>\n<p data-start=\"1503\" data-end=\"1758\">Medici\u00f3n <strong data-start=\"1513\" data-end=\"1527\">77 cm de ancho<\/strong> y <strong data-start=\"1532\" data-end=\"1547\">15 cm de grosor<\/strong>el colch\u00f3n de espuma de alta densidad est\u00e1 envuelto en <strong data-start=\"1594\" data-end=\"1623\">cuero sint\u00e9tico duradero<\/strong>La superficie de la colchoneta est\u00e1 fabricada con un material de alta calidad, que proporciona un confort excepcional y un f\u00e1cil mantenimiento. Es la superficie perfecta para tratamientos prolongados sin comprometer el apoyo.<\/p>\n<h3 data-start=\"1760\" data-end=\"1798\">\u00a0Base de almacenamiento de madera incorporada<\/h3>\n<p data-start=\"1799\" data-end=\"2043\">A diferencia de la mayor\u00eda de las camas el\u00e9ctricas, la <strong data-start=\"1830\" data-end=\"1878\">B133 presenta una elegante base con estructura de madera<\/strong> con <strong data-start=\"1884\" data-end=\"1910\">dos cajones integrados<\/strong> para guardar c\u00f3modamente herramientas, toallas y accesorios. Una soluci\u00f3n inteligente para ahorrar espacio y organizar salones o spas muy concurridos.<\/p>\n<h3 data-start=\"2045\" data-end=\"2082\">\u00a0Silenciosa, estable y elegante<\/h3>\n<p data-start=\"2083\" data-end=\"2304\">El s\u00f3lido <strong data-start=\"2093\" data-end=\"2122\">construcci\u00f3n de metal y madera<\/strong> proporciona un excelente soporte de carga y longevidad. Su sistema de motor silencioso y su dise\u00f1o limpio lo hacen ideal para <strong data-start=\"2229\" data-end=\"2303\">lujosas cl\u00ednicas de bienestar, centros de est\u00e9tica y salones de belleza boutique<\/strong>.<\/p>\n<\/div>\n<\/div>\n<h2 data-start=\"2311\" data-end=\"2340\"><strong>Especificaciones del producto<\/strong><\/h2>\n<div class=\"_tableContainer_16hzy_1\">\n<div class=\"_tableWrapper_16hzy_14 group flex w-fit flex-col-reverse\" tabindex=\"-1\">\n<table class=\"w-fit min-w-(--thread-content-width)\" data-start=\"2342\" data-end=\"2898\">\n<thead data-start=\"2342\" data-end=\"2364\">\n<tr data-start=\"2342\" data-end=\"2364\">\n<th data-start=\"2342\" data-end=\"2354\" data-col-size=\"sm\">Atributo<\/th>\n<th data-start=\"2354\" data-end=\"2364\" data-col-size=\"md\">Detalle<\/th>\n<\/tr>\n<\/thead>\n<tbody data-start=\"2387\" data-end=\"2898\">\n<tr data-start=\"2387\" data-end=\"2407\">\n<td data-start=\"2387\" data-end=\"2399\" data-col-size=\"sm\"><strong data-start=\"2389\" data-end=\"2398\">Modelo<\/strong><\/td>\n<td data-col-size=\"md\" data-start=\"2399\" data-end=\"2407\">B133<\/td>\n<\/tr>\n<tr data-start=\"2408\" data-end=\"2431\">\n<td data-start=\"2408\" data-end=\"2421\" data-col-size=\"sm\"><strong data-start=\"2410\" data-end=\"2420\">Longitud<\/strong><\/td>\n<td data-col-size=\"md\" data-start=\"2421\" data-end=\"2431\">198 cm<\/td>\n<\/tr>\n<tr data-start=\"2432\" data-end=\"2453\">\n<td data-start=\"2432\" data-end=\"2444\" data-col-size=\"sm\"><strong data-start=\"2434\" data-end=\"2443\">Anchura<\/strong><\/td>\n<td data-col-size=\"md\" data-start=\"2444\" data-end=\"2453\">77 cm<\/td>\n<\/tr>\n<tr data-start=\"2454\" data-end=\"2487\">\n<td data-start=\"2454\" data-end=\"2473\" data-col-size=\"sm\"><strong data-start=\"2456\" data-end=\"2472\">Altura<\/strong><\/td>\n<td data-col-size=\"md\" data-start=\"2473\" data-end=\"2487\">63 - 76 cm<\/td>\n<\/tr>\n<tr data-start=\"2488\" data-end=\"2522\">\n<td data-start=\"2488\" data-end=\"2513\" data-col-size=\"sm\"><strong data-start=\"2490\" data-end=\"2512\">Grosor del colch\u00f3n<\/strong><\/td>\n<td data-col-size=\"md\" data-start=\"2513\" data-end=\"2522\">15 cm<\/td>\n<\/tr>\n<tr data-start=\"2523\" data-end=\"2549\">\n<td data-start=\"2523\" data-end=\"2540\" data-col-size=\"sm\"><strong data-start=\"2525\" data-end=\"2539\">Altura de la pierna<\/strong><\/td>\n<td data-col-size=\"md\" data-start=\"2540\" data-end=\"2549\">60 cm<\/td>\n<\/tr>\n<tr data-start=\"2550\" data-end=\"2610\">\n<td data-start=\"2550\" data-end=\"2565\" data-col-size=\"sm\"><strong data-start=\"2552\" data-end=\"2564\">Material<\/strong><\/td>\n<td data-col-size=\"md\" data-start=\"2565\" data-end=\"2610\">Estructura de metal, base de madera, cuero sint\u00e9tico<\/td>\n<\/tr>\n<tr data-start=\"2611\" data-end=\"2662\">\n<td data-start=\"2611\" data-end=\"2626\" data-col-size=\"sm\"><strong data-start=\"2613\" data-end=\"2625\">Controla<\/strong><\/td>\n<td data-col-size=\"md\" data-start=\"2626\" data-end=\"2662\">El\u00e9ctrico (mando a distancia + bot\u00f3n de reinicio)<\/td>\n<\/tr>\n<tr data-start=\"2663\" data-end=\"2727\">\n<td data-start=\"2663\" data-end=\"2680\" data-col-size=\"sm\"><strong data-start=\"2665\" data-end=\"2679\">Tapicer\u00eda<\/strong><\/td>\n<td data-col-size=\"md\" data-start=\"2680\" data-end=\"2727\">Piel sint\u00e9tica impermeable y f\u00e1cil de limpiar<\/td>\n<\/tr>\n<tr data-start=\"2728\" data-end=\"2767\">\n<td data-start=\"2728\" data-end=\"2747\" data-col-size=\"sm\"><strong data-start=\"2730\" data-end=\"2746\">Tama\u00f1o del paquete<\/strong><\/td>\n<td data-col-size=\"md\" data-start=\"2747\" data-end=\"2767\">210 \u00d7 90 \u00d7 75 cm<\/td>\n<\/tr>\n<tr data-start=\"2768\" data-end=\"2800\">\n<td data-start=\"2768\" data-end=\"2790\" data-col-size=\"sm\"><strong data-start=\"2770\" data-end=\"2789\">Volumen de env\u00edo<\/strong><\/td>\n<td data-col-size=\"md\" data-start=\"2790\" data-end=\"2800\">1.2 m\u00b3<\/td>\n<\/tr>\n<tr data-start=\"2801\" data-end=\"2823\">\n<td data-start=\"2801\" data-end=\"2814\" data-col-size=\"sm\"><strong data-start=\"2803\" data-end=\"2813\">Peso<\/strong><\/td>\n<td data-col-size=\"md\" data-start=\"2814\" data-end=\"2823\">95 kg<\/td>\n<\/tr>\n<tr data-start=\"2824\" data-end=\"2851\">\n<td data-start=\"2824\" data-end=\"2838\" data-col-size=\"sm\"><strong data-start=\"2826\" data-end=\"2837\">OEM\/ODM<\/strong><\/td>\n<td data-col-size=\"md\" data-start=\"2838\" data-end=\"2851\">Soporte<\/td>\n<\/tr>\n<tr data-start=\"2852\" data-end=\"2898\">\n<td data-start=\"2852\" data-end=\"2878\" data-col-size=\"sm\"><strong data-start=\"2854\" data-end=\"2877\">Capacidad de producci\u00f3n<\/strong><\/td>\n<td data-col-size=\"md\" data-start=\"2878\" data-end=\"2898\">50.000 unidades\/mes<\/td>\n<\/tr>\n<\/tbody>\n<\/table>\n<\/div>\n<\/div>\n<h3 data-start=\"2905\" data-end=\"2962\">\u00bfPor qu\u00e9 elegir la camilla el\u00e9ctrica Leadir B133?<\/h3>\n<blockquote data-start=\"2964\" data-end=\"3241\">\n<p data-start=\"2966\" data-end=\"3241\">Tanto si se trata de modernizar un spa de alta gama como de poner en marcha un estudio facial boutique, el <strong data-start=\"3049\" data-end=\"3064\">Leadir B133<\/strong> ofrece una mezcla perfecta de <strong data-start=\"3089\" data-end=\"3132\">lujo, adaptabilidad y practicidad<\/strong>. Desde los controles el\u00e9ctricos de confort hasta el almacenamiento integrado, est\u00e1 fabricado para impresionar tanto a profesionales como a clientes.<\/p>\n<\/blockquote>\n<p data-start=\"3243\" data-end=\"3318\"><a href=\"http:\/\/www.leadirsalon.com\/contact-us\/\"><strong data-start=\"3246\" data-end=\"3260\">P\u00f3ngase en contacto con nosotros<\/strong> para conocer los \u00faltimos precios FOB y opciones de personalizaci\u00f3n.<\/a><\/p>\n<h3 data-start=\"3243\" data-end=\"3318\">Preguntas m\u00e1s frecuentes (FAQ)<\/h3>\n<p data-start=\"507\" data-end=\"801\"><strong data-start=\"507\" data-end=\"586\">P1: \u00bfEn qu\u00e9 se diferencia la camilla el\u00e9ctrica B133 de otros modelos?<\/strong><br data-start=\"586\" data-end=\"589\" \/>A1: El B133 cuenta con un <strong data-start=\"613\" data-end=\"658\">base de madera con dos compartimentos<\/strong>, lo que permite a los profesionales guardar c\u00f3modamente las herramientas. Tambi\u00e9n incluye <strong data-start=\"729\" data-end=\"754\">tres motores el\u00e9ctricos<\/strong> para ajustar la altura, el respaldo y la inclinaci\u00f3n del asiento.<\/p>\n<p data-start=\"803\" data-end=\"1026\"><strong data-start=\"803\" data-end=\"834\">P2: \u00bfQu\u00e9 es el sistema HBS?<\/strong><br data-start=\"834\" data-end=\"837\" \/>A2: El <strong data-start=\"845\" data-end=\"859\">Sistema HBS<\/strong> incluye <strong data-start=\"869\" data-end=\"924\">reposabrazos regulables y reposacabezas con orificio facial<\/strong>El sistema de almohadillado, que proporciona una sujeci\u00f3n y un confort superiores, resulta especialmente \u00fatil para tratamientos faciales y sesiones de masaje.<\/p>\n<p data-start=\"1028\" data-end=\"1248\"><strong data-start=\"1028\" data-end=\"1062\">P3: \u00bfEs f\u00e1cil ajustar la cama?<\/strong><br data-start=\"1062\" data-end=\"1065\" \/>A3: S\u00ed. Con <strong data-start=\"1079\" data-end=\"1104\">tres motores el\u00e9ctricos<\/strong> y un <strong data-start=\"1111\" data-end=\"1139\">funci\u00f3n de reinicio con una pulsaci\u00f3n<\/strong>La cama se puede bajar r\u00e1pidamente a su altura m\u00ednima, lo que la hace m\u00e1s accesible para los clientes despu\u00e9s del tratamiento.<\/p>\n<p data-start=\"1250\" data-end=\"1464\"><strong data-start=\"1250\" data-end=\"1295\">P4: \u00bfCu\u00e1les son las especificaciones del colch\u00f3n?<\/strong><br data-start=\"1295\" data-end=\"1298\" \/>A4: El colch\u00f3n es <strong data-start=\"1318\" data-end=\"1332\">77 cm de ancho<\/strong> y <strong data-start=\"1337\" data-end=\"1352\">15 cm de grosor<\/strong>relleno de esponja de alta calidad y recubierto de <strong data-start=\"1401\" data-end=\"1422\">cuero sint\u00e9tico<\/strong>que garantiza tanto la comodidad como la facilidad de limpieza.<\/p>\n<p data-start=\"1466\" data-end=\"1625\"><strong data-start=\"1466\" data-end=\"1501\">P5: \u00bfSe puede personalizar la B133?<\/strong><br data-start=\"1501\" data-end=\"1504\" \/>A5: S\u00ed, <strong data-start=\"1513\" data-end=\"1537\">Servicios OEM y ODM<\/strong> incluyendo colores y materiales de cuero personalizados para adaptarse al estilo de su spa.<\/p>\n<p data-start=\"1627\" data-end=\"1802\"><strong data-start=\"1627\" data-end=\"1670\">P6: \u00bfCu\u00e1nto espacio ocupa la cama?<\/strong><br data-start=\"1670\" data-end=\"1673\" \/>A6: El paquete de env\u00edo mide <strong data-start=\"1707\" data-end=\"1722\">210\u00d790\u00d775cm<\/strong> con un volumen total de <strong data-start=\"1746\" data-end=\"1756\">1.2 m\u00b3<\/strong>por lo que se adapta a la mayor\u00eda de las salas de tratamiento.<\/p>\n<p data-start=\"1804\" data-end=\"1965\"><strong data-start=\"1804\" data-end=\"1838\">P7: \u00bfDe qu\u00e9 material es el marco?<\/strong><br data-start=\"1838\" data-end=\"1841\" \/>A7: El marco combina <strong data-start=\"1864\" data-end=\"1873\">metal<\/strong> y un <strong data-start=\"1880\" data-end=\"1901\">base de madera natural<\/strong>, equilibrando <strong data-start=\"1913\" data-end=\"1927\">durabilidad<\/strong> con un <strong data-start=\"1935\" data-end=\"1964\">aspecto moderno y apto para balnearios<\/strong>.<\/p>","protected":false},"excerpt":{"rendered":"<p>Mejore su spa o cl\u00ednica de bienestar con el <strong data-start=\"296\" data-end=\"334\">Camilla de tratamiento el\u00e9ctrica Leadir B133<\/strong>-una calidad superior <strong data-start=\"351\" data-end=\"366\">cama de masaje<\/strong> y <strong data-start=\"371\" data-end=\"385\">cama de belleza<\/strong> Concebido para profesionales que valoran el confort, la eficacia y la elegancia. Este <strong data-start=\"463\" data-end=\"483\">cama spa el\u00e9ctrica<\/strong> equilibrio perfecto entre funcionalidad y est\u00e9tica, lo que la convierte en la mejor opci\u00f3n para <strong data-start=\"560\" data-end=\"608\">tratamientos faciales y corporales, masajes y mucho m\u00e1s<\/strong>.<\/p>","protected":false},"featured_media":612,"comment_status":"open","ping_status":"closed","template":"","meta":[],"product_brand":[],"product_cat":[18,57],"product_tag":[],"class_list":{"0":"post-234","1":"product","2":"type-product","3":"status-publish","4":"has-post-thumbnail","6":"product_cat-new-products","7":"product_cat-electric-beauty-beds","9":"first","10":"instock","11":"shipping-taxable","12":"product-type-variable"},"_links":{"self":[{"href":"https:\/\/www.salonfurniture88.com\/es\/wp-json\/wp\/v2\/product\/234","targetHints":{"allow":["GET"]}}],"collection":[{"href":"https:\/\/www.salonfurniture88.com\/es\/wp-json\/wp\/v2\/product"}],"about":[{"href":"https:\/\/www.salonfurniture88.com\/es\/wp-json\/wp\/v2\/types\/product"}],"replies":[{"embeddable":true,"href":"https:\/\/www.salonfurniture88.com\/es\/wp-json\/wp\/v2\/comments?post=234"}],"wp:featuredmedia":[{"embeddable":true,"href":"https:\/\/www.salonfurniture88.com\/es\/wp-json\/wp\/v2\/media\/612"}],"wp:attachment":[{"href":"https:\/\/www.salonfurniture88.com\/es\/wp-json\/wp\/v2\/media?parent=234"}],"wp:term":[{"taxonomy":"product_brand","embeddable":true,"href":"https:\/\/www.salonfurniture88.com\/es\/wp-json\/wp\/v2\/product_brand?post=234"},{"taxonomy":"product_cat","embeddable":true,"href":"https:\/\/www.salonfurniture88.com\/es\/wp-json\/wp\/v2\/product_cat?post=234"},{"taxonomy":"product_tag","embeddable":true,"href":"https:\/\/www.salonfurniture88.com\/es\/wp-json\/wp\/v2\/product_tag?post=234"}],"curies":[{"name":"wp","href":"https:\/\/api.w.org\/{rel}","templated":true}]}}