{"id":234,"date":"2025-04-16T00:53:05","date_gmt":"2025-04-16T00:53:05","guid":{"rendered":"http:\/\/www.leadirsalon.com\/?post_type=product&#038;p=234"},"modified":"2025-07-10T07:50:49","modified_gmt":"2025-07-10T07:50:49","slug":"elektrisch-behandelbed-b133-massage-schoonheidsbed-met-opbergruimte-3-motorisch-verstelbaar","status":"publish","type":"product","link":"https:\/\/www.salonfurniture88.com\/nl\/product\/elektrisch-behandelbed-b133-massage-schoonheidsbed-met-opbergruimte-3-motorisch-verstelbaar\/","title":{"rendered":"Elektrisch Behandelbed B133 | Massage &amp; Schoonheidsbed met Opbergvak | 3 Motor Verstelbaar"},"content":{"rendered":"<div class=\"desc aos-init aos-animate\" data-aos=\"fadeInUp\" data-aos-duration=\"2000\">\n<div class=\"desc aos-init aos-animate\" data-aos=\"fadeInUp\" data-aos-duration=\"2000\">\n<h2 data-start=\"616\" data-end=\"635\"><strong>Belangrijkste kenmerken<\/strong><\/h2>\n<h3 data-start=\"637\" data-end=\"684\">3 elektromotoren voor volledige aanpassing<\/h3>\n<p data-start=\"685\" data-end=\"988\">De <strong data-start=\"689\" data-end=\"720\">B133 elektrisch behandelbed<\/strong> wordt aangedreven door <strong data-start=\"735\" data-end=\"772\">drie ultrastille elektromotoren<\/strong>waardoor de <strong data-start=\"810\" data-end=\"820\">hoogte<\/strong>, <strong data-start=\"822\" data-end=\"840\">hoek rugleuning<\/strong>en <strong data-start=\"846\" data-end=\"859\">zitkanteling<\/strong>. Professionals kunnen de positie van het bed afstemmen op elke behandeling, zodat zowel het comfort voor de cli\u00ebnt als de ergonomische werkhouding gewaarborgd zijn.<\/p>\n<h3 data-start=\"990\" data-end=\"1024\">Reset-functie met \u00e9\u00e9n druk op de knop<\/h3>\n<p data-start=\"1025\" data-end=\"1180\">Na elke sessie wordt een <strong data-start=\"1047\" data-end=\"1063\">resetknop<\/strong> Verlaagt het bed met \u00e9\u00e9n druk op de knop tot de minimale hoogte, waardoor het voor cli\u00ebnten gemakkelijker wordt om veilig en comfortabel uit te stappen.<\/p>\n<h3 data-start=\"1182\" data-end=\"1228\">\u00a0HBS-systeem met gezichtsgat en armleuningen<\/h3>\n<p data-start=\"1229\" data-end=\"1457\">Deze <strong data-start=\"1234\" data-end=\"1245\">spabed<\/strong> omvat de innovatieve <strong data-start=\"1270\" data-end=\"1284\">HBS-systeem<\/strong>integreren <strong data-start=\"1298\" data-end=\"1321\">verstelbare armleuningen<\/strong> en een <strong data-start=\"1328\" data-end=\"1355\">hoofdsteun met gezichtsgat<\/strong>ideaal voor <strong data-start=\"1367\" data-end=\"1420\">gezichtsbehandelingen, massages en wellness-therapie<\/strong> waar buikligging vereist is.<\/p>\n<h3 data-start=\"1459\" data-end=\"1502\">\u00a0Extra breed en comfortabel matras<\/h3>\n<p data-start=\"1503\" data-end=\"1758\">Meten <strong data-start=\"1513\" data-end=\"1527\">77 cm breed<\/strong> en <strong data-start=\"1532\" data-end=\"1547\">15 cm dik<\/strong>De matras van schuim met hoge dichtheid is gewikkeld in <strong data-start=\"1594\" data-end=\"1623\">duurzaam synthetisch leer<\/strong>Het biedt uitzonderlijk comfort en eenvoudig onderhoud. Het is het perfecte oppervlak voor langdurige behandelingen zonder in te leveren op ondersteuning.<\/p>\n<h3 data-start=\"1760\" data-end=\"1798\">\u00a0Ingebouwde houten opslagbasis<\/h3>\n<p data-start=\"1799\" data-end=\"2043\">In tegenstelling tot de meeste elektrische bedden, is de <strong data-start=\"1830\" data-end=\"1878\">B133 heeft een stijlvolle basis met houtstructuur<\/strong> met <strong data-start=\"1884\" data-end=\"1910\">twee ge\u00efntegreerde laden<\/strong> Voor het handig opbergen van gereedschap, handdoeken en accessoires. Een slimme oplossing voor ruimtebesparing en organisatie in drukke salons of spa's.<\/p>\n<h3 data-start=\"2045\" data-end=\"2082\">\u00a0Stil, stabiel en stijlvol<\/h3>\n<p data-start=\"2083\" data-end=\"2304\">De vaste <strong data-start=\"2093\" data-end=\"2122\">metaal + houten constructie<\/strong> biedt uitstekende ondersteuning en een lange levensduur. Het stille motorsysteem en het strakke ontwerp maken hem ideaal voor <strong data-start=\"2229\" data-end=\"2303\">luxe wellnessklinieken, esthetische centra en schoonheidssalons<\/strong>.<\/p>\n<\/div>\n<\/div>\n<h2 data-start=\"2311\" data-end=\"2340\"><strong>Productspecificaties<\/strong><\/h2>\n<div class=\"_tableContainer_16hzy_1\">\n<div class=\"_tableWrapper_16hzy_14 group flex w-fit flex-col-reverse\" tabindex=\"-1\">\n<table class=\"w-fit min-w-(--thread-content-width)\" data-start=\"2342\" data-end=\"2898\">\n<thead data-start=\"2342\" data-end=\"2364\">\n<tr data-start=\"2342\" data-end=\"2364\">\n<th data-start=\"2342\" data-end=\"2354\" data-col-size=\"sm\">Attribuut<\/th>\n<th data-start=\"2354\" data-end=\"2364\" data-col-size=\"md\">Detail<\/th>\n<\/tr>\n<\/thead>\n<tbody data-start=\"2387\" data-end=\"2898\">\n<tr data-start=\"2387\" data-end=\"2407\">\n<td data-start=\"2387\" data-end=\"2399\" data-col-size=\"sm\"><strong data-start=\"2389\" data-end=\"2398\">Model<\/strong><\/td>\n<td data-col-size=\"md\" data-start=\"2399\" data-end=\"2407\">B133<\/td>\n<\/tr>\n<tr data-start=\"2408\" data-end=\"2431\">\n<td data-start=\"2408\" data-end=\"2421\" data-col-size=\"sm\"><strong data-start=\"2410\" data-end=\"2420\">Lengte<\/strong><\/td>\n<td data-col-size=\"md\" data-start=\"2421\" data-end=\"2431\">198 cm<\/td>\n<\/tr>\n<tr data-start=\"2432\" data-end=\"2453\">\n<td data-start=\"2432\" data-end=\"2444\" data-col-size=\"sm\"><strong data-start=\"2434\" data-end=\"2443\">Breedte<\/strong><\/td>\n<td data-col-size=\"md\" data-start=\"2444\" data-end=\"2453\">77 cm<\/td>\n<\/tr>\n<tr data-start=\"2454\" data-end=\"2487\">\n<td data-start=\"2454\" data-end=\"2473\" data-col-size=\"sm\"><strong data-start=\"2456\" data-end=\"2472\">Hoogtebereik<\/strong><\/td>\n<td data-col-size=\"md\" data-start=\"2473\" data-end=\"2487\">63 - 76 cm<\/td>\n<\/tr>\n<tr data-start=\"2488\" data-end=\"2522\">\n<td data-start=\"2488\" data-end=\"2513\" data-col-size=\"sm\"><strong data-start=\"2490\" data-end=\"2512\">Dikte matras<\/strong><\/td>\n<td data-col-size=\"md\" data-start=\"2513\" data-end=\"2522\">15 cm<\/td>\n<\/tr>\n<tr data-start=\"2523\" data-end=\"2549\">\n<td data-start=\"2523\" data-end=\"2540\" data-col-size=\"sm\"><strong data-start=\"2525\" data-end=\"2539\">Beenhoogte<\/strong><\/td>\n<td data-col-size=\"md\" data-start=\"2540\" data-end=\"2549\">60 cm<\/td>\n<\/tr>\n<tr data-start=\"2550\" data-end=\"2610\">\n<td data-start=\"2550\" data-end=\"2565\" data-col-size=\"sm\"><strong data-start=\"2552\" data-end=\"2564\">Materiaal<\/strong><\/td>\n<td data-col-size=\"md\" data-start=\"2565\" data-end=\"2610\">Metalen frame, houten basis, synthetisch leer<\/td>\n<\/tr>\n<tr data-start=\"2611\" data-end=\"2662\">\n<td data-start=\"2611\" data-end=\"2626\" data-col-size=\"sm\"><strong data-start=\"2613\" data-end=\"2625\">Besturingselementen<\/strong><\/td>\n<td data-col-size=\"md\" data-start=\"2626\" data-end=\"2662\">Elektrisch (afstandsbediening + resetknop)<\/td>\n<\/tr>\n<tr data-start=\"2663\" data-end=\"2727\">\n<td data-start=\"2663\" data-end=\"2680\" data-col-size=\"sm\"><strong data-start=\"2665\" data-end=\"2679\">Bekleding<\/strong><\/td>\n<td data-col-size=\"md\" data-start=\"2680\" data-end=\"2727\">Waterdicht, gemakkelijk schoon te maken synthetisch leer<\/td>\n<\/tr>\n<tr data-start=\"2728\" data-end=\"2767\">\n<td data-start=\"2728\" data-end=\"2747\" data-col-size=\"sm\"><strong data-start=\"2730\" data-end=\"2746\">Verpakkingsgrootte<\/strong><\/td>\n<td data-col-size=\"md\" data-start=\"2747\" data-end=\"2767\">210 \u00d7 90 \u00d7 75 cm<\/td>\n<\/tr>\n<tr data-start=\"2768\" data-end=\"2800\">\n<td data-start=\"2768\" data-end=\"2790\" data-col-size=\"sm\"><strong data-start=\"2770\" data-end=\"2789\">Verzendvolume<\/strong><\/td>\n<td data-col-size=\"md\" data-start=\"2790\" data-end=\"2800\">1.2 m\u00b3<\/td>\n<\/tr>\n<tr data-start=\"2801\" data-end=\"2823\">\n<td data-start=\"2801\" data-end=\"2814\" data-col-size=\"sm\"><strong data-start=\"2803\" data-end=\"2813\">Gewicht<\/strong><\/td>\n<td data-col-size=\"md\" data-start=\"2814\" data-end=\"2823\">95 kg<\/td>\n<\/tr>\n<tr data-start=\"2824\" data-end=\"2851\">\n<td data-start=\"2824\" data-end=\"2838\" data-col-size=\"sm\"><strong data-start=\"2826\" data-end=\"2837\">OEM\/ODM<\/strong><\/td>\n<td data-col-size=\"md\" data-start=\"2838\" data-end=\"2851\">Ondersteund<\/td>\n<\/tr>\n<tr data-start=\"2852\" data-end=\"2898\">\n<td data-start=\"2852\" data-end=\"2878\" data-col-size=\"sm\"><strong data-start=\"2854\" data-end=\"2877\">Productiecapaciteit<\/strong><\/td>\n<td data-col-size=\"md\" data-start=\"2878\" data-end=\"2898\">50.000 stuks\/maand<\/td>\n<\/tr>\n<\/tbody>\n<\/table>\n<\/div>\n<\/div>\n<h3 data-start=\"2905\" data-end=\"2962\">Waarom kiezen voor het Leadir B133 elektrisch behandelbed?<\/h3>\n<blockquote data-start=\"2964\" data-end=\"3241\">\n<p data-start=\"2966\" data-end=\"3241\">Of je nu een luxe spa wilt upgraden of een gezichtsbehandelingstudio wilt beginnen, de <strong data-start=\"3049\" data-end=\"3064\">Loodir B133<\/strong> biedt een perfecte mix van <strong data-start=\"3089\" data-end=\"3132\">luxe, verstelbaarheid en functionaliteit<\/strong>. Van elektrische comfortbediening tot ge\u00efntegreerde opbergruimte, het is gemaakt om indruk te maken op zowel professionals als klanten.<\/p>\n<\/blockquote>\n<p data-start=\"3243\" data-end=\"3318\"><a href=\"http:\/\/www.leadirsalon.com\/contact-us\/\"><strong data-start=\"3246\" data-end=\"3260\">Neem contact met ons op<\/strong> nu voor de nieuwste FOB-prijzen en aanpassingsopties!<\/a><\/p>\n<h3 data-start=\"3243\" data-end=\"3318\">Veelgestelde vragen (FAQ)<\/h3>\n<p data-start=\"507\" data-end=\"801\"><strong data-start=\"507\" data-end=\"586\">V1: Waarin verschilt het elektrische behandelbed B133 van andere modellen?<\/strong><br data-start=\"586\" data-end=\"589\" \/>A1: De B133 heeft een <strong data-start=\"613\" data-end=\"658\">houten basis met twee opbergvakken<\/strong>Zo kunnen professionals gereedschap handig opbergen. Het bevat ook <strong data-start=\"729\" data-end=\"754\">drie elektromotoren<\/strong> om de hoogte, rugleuning en zitneiging aan te passen.<\/p>\n<p data-start=\"803\" data-end=\"1026\"><strong data-start=\"803\" data-end=\"834\">V2: Wat is het HBS-systeem?<\/strong><br data-start=\"834\" data-end=\"837\" \/>A2: De <strong data-start=\"845\" data-end=\"859\">HBS-systeem<\/strong> omvat <strong data-start=\"869\" data-end=\"924\">verstelbare armleuningen en een hoofdsteun met gezichtsgat<\/strong>biedt superieure ondersteuning en comfort, vooral handig voor gezichtsbehandelingen en massagesessies.<\/p>\n<p data-start=\"1028\" data-end=\"1248\"><strong data-start=\"1028\" data-end=\"1062\">V3: Is het bed gemakkelijk te verstellen?<\/strong><br data-start=\"1062\" data-end=\"1065\" \/>A3: Ja. Met <strong data-start=\"1079\" data-end=\"1104\">drie elektromotoren<\/strong> en een <strong data-start=\"1111\" data-end=\"1139\">one-touch reset-functie<\/strong>kun je het bed snel laten zakken tot de minimale hoogte, waardoor het na de behandeling beter toegankelijk is voor cli\u00ebnten.<\/p>\n<p data-start=\"1250\" data-end=\"1464\"><strong data-start=\"1250\" data-end=\"1295\">V4: Wat zijn de matrasspecificaties?<\/strong><br data-start=\"1295\" data-end=\"1298\" \/>A4: De matras is <strong data-start=\"1318\" data-end=\"1332\">77 cm breed<\/strong> en <strong data-start=\"1337\" data-end=\"1352\">15 cm dik<\/strong>gevuld met spons van hoge kwaliteit en bedekt met <strong data-start=\"1401\" data-end=\"1422\">synthetisch leer<\/strong>voor comfort en eenvoudig schoonmaken.<\/p>\n<p data-start=\"1466\" data-end=\"1625\"><strong data-start=\"1466\" data-end=\"1501\">V5: Kan de B133 worden aangepast?<\/strong><br data-start=\"1501\" data-end=\"1504\" \/>A5: Ja, <strong data-start=\"1513\" data-end=\"1537\">OEM en ODM diensten<\/strong> zijn beschikbaar, inclusief aangepaste lederkleuren en materialen die passen bij de stijl van uw spa.<\/p>\n<p data-start=\"1627\" data-end=\"1802\"><strong data-start=\"1627\" data-end=\"1670\">V6: Hoeveel ruimte neemt het bed in beslag?<\/strong><br data-start=\"1670\" data-end=\"1673\" \/>A6: De verzendverpakking meet <strong data-start=\"1707\" data-end=\"1722\">210\u00d790\u00d775cm<\/strong> met een totaal volume van <strong data-start=\"1746\" data-end=\"1756\">1.2 m\u00b3<\/strong>waardoor hij geschikt is voor de meeste behandelkamers.<\/p>\n<p data-start=\"1804\" data-end=\"1965\"><strong data-start=\"1804\" data-end=\"1838\">V7: Wat is het materiaal van het frame?<\/strong><br data-start=\"1838\" data-end=\"1841\" \/>A7: Het frame combineert <strong data-start=\"1864\" data-end=\"1873\">metaal<\/strong> en een <strong data-start=\"1880\" data-end=\"1901\">natuurlijke houten basis<\/strong>balanceren <strong data-start=\"1913\" data-end=\"1927\">duurzaamheid<\/strong> met een <strong data-start=\"1935\" data-end=\"1964\">moderne, spa-vriendelijke look<\/strong>.<\/p>","protected":false},"excerpt":{"rendered":"<p>Verbeter je spa of wellnesskliniek met de <strong data-start=\"296\" data-end=\"334\">Leadir B133 Elektrisch Behandelbed<\/strong>-een eersteklas <strong data-start=\"351\" data-end=\"366\">massagebed<\/strong> en <strong data-start=\"371\" data-end=\"385\">schoonheidsbed<\/strong> ontworpen voor professionals die waarde hechten aan comfort, effici\u00ebntie en elegantie. Deze <strong data-start=\"463\" data-end=\"483\">elektrisch spabed<\/strong> functionaliteit en esthetiek perfect in balans, waardoor het een topkeuze is voor <strong data-start=\"560\" data-end=\"608\">gezichtsbehandelingen, lichaamsbehandelingen, massages en meer<\/strong>.<\/p>","protected":false},"featured_media":612,"comment_status":"open","ping_status":"closed","template":"","meta":[],"product_brand":[],"product_cat":[18,57],"product_tag":[],"class_list":{"0":"post-234","1":"product","2":"type-product","3":"status-publish","4":"has-post-thumbnail","6":"product_cat-new-products","7":"product_cat-electric-beauty-beds","9":"first","10":"instock","11":"shipping-taxable","12":"product-type-variable"},"_links":{"self":[{"href":"https:\/\/www.salonfurniture88.com\/nl\/wp-json\/wp\/v2\/product\/234","targetHints":{"allow":["GET"]}}],"collection":[{"href":"https:\/\/www.salonfurniture88.com\/nl\/wp-json\/wp\/v2\/product"}],"about":[{"href":"https:\/\/www.salonfurniture88.com\/nl\/wp-json\/wp\/v2\/types\/product"}],"replies":[{"embeddable":true,"href":"https:\/\/www.salonfurniture88.com\/nl\/wp-json\/wp\/v2\/comments?post=234"}],"wp:featuredmedia":[{"embeddable":true,"href":"https:\/\/www.salonfurniture88.com\/nl\/wp-json\/wp\/v2\/media\/612"}],"wp:attachment":[{"href":"https:\/\/www.salonfurniture88.com\/nl\/wp-json\/wp\/v2\/media?parent=234"}],"wp:term":[{"taxonomy":"product_brand","embeddable":true,"href":"https:\/\/www.salonfurniture88.com\/nl\/wp-json\/wp\/v2\/product_brand?post=234"},{"taxonomy":"product_cat","embeddable":true,"href":"https:\/\/www.salonfurniture88.com\/nl\/wp-json\/wp\/v2\/product_cat?post=234"},{"taxonomy":"product_tag","embeddable":true,"href":"https:\/\/www.salonfurniture88.com\/nl\/wp-json\/wp\/v2\/product_tag?post=234"}],"curies":[{"name":"wp","href":"https:\/\/api.w.org\/{rel}","templated":true}]}}